{"id":10245,"date":"2025-02-24T14:15:15","date_gmt":"2025-02-24T13:15:15","guid":{"rendered":"https:\/\/www.joebike.fr\/?page_id=10245"},"modified":"2025-02-24T14:15:15","modified_gmt":"2025-02-24T13:15:15","slug":"location-longue-duree","status":"publish","type":"page","link":"https:\/\/www.joebike.fr\/en\/our-services\/location-longue-duree\/","title":{"rendered":"LOCATION LONGUE DUR\u00c9E"},"content":{"rendered":"<div data-elementor-type=\"wp-page\" data-elementor-id=\"10245\" class=\"elementor elementor-10245\" data-elementor-post-type=\"page\">\n\t\t\t\t<div class=\"elementor-element elementor-element-1ac22e9 e-flex e-con-boxed e-con e-parent\" data-id=\"1ac22e9\" data-element_type=\"container\" data-e-type=\"container\" id=\"jb-page-header\" data-settings=\"{&quot;background_background&quot;:&quot;classic&quot;}\">\n\t\t\t\t\t<div class=\"e-con-inner\">\n\t\t\t\t<div class=\"elementor-element elementor-element-d9f3b26 elementor-widget elementor-widget-heading\" data-id=\"d9f3b26\" data-element_type=\"widget\" data-e-type=\"widget\" data-widget_type=\"heading.default\">\n\t\t\t\t<div class=\"elementor-widget-container\">\n\t\t\t\t\t<h1 class=\"elementor-heading-title elementor-size-default\">Location longue dur\u00e9e de v\u00e9los <\/h1>\t\t\t\t<\/div>\n\t\t\t\t<\/div>\n\t\t\t\t<div class=\"elementor-element elementor-element-30f7312 elementor-widget elementor-widget-text-editor\" data-id=\"30f7312\" data-element_type=\"widget\" data-e-type=\"widget\" id=\"header-description\" data-widget_type=\"text-editor.default\">\n\t\t\t\t<div class=\"elementor-widget-container\">\n\t\t\t\t\t\t\t\t\t<p>Profitez de la location longue dur\u00e9e pour vous d\u00e9placer facilement et sans contraintes, avec un v\u00e9lo toujours disponible et entretenu. Vous \u00eates un particulier ou une entreprise cherchant \u00e0 \u00e9quiper vos salari\u00e9s, Joe Bike vous propose des solutions sur-mesure pour tous vos besoins en mobilit\u00e9 douce.\u00a0<\/p>\t\t\t\t\t\t\t\t<\/div>\n\t\t\t\t<\/div>\n\t\t\t\t<div class=\"elementor-element elementor-element-88c76a9 elementor-widget elementor-widget-button\" data-id=\"88c76a9\" data-element_type=\"widget\" data-e-type=\"widget\" data-widget_type=\"button.default\">\n\t\t\t\t<div class=\"elementor-widget-container\">\n\t\t\t\t\t\t\t\t\t<div class=\"elementor-button-wrapper translation-block\">Book your<\/br> bike online<\/div>\n\t\t\t\t\t\t\t\t<\/div>\n\t\t\t\t<\/div>\n\t\t\t\t\t<\/div>\n\t\t\t\t<\/div>\n\t\t<div class=\"elementor-element elementor-element-162a34f e-flex e-con-boxed e-con e-parent\" data-id=\"162a34f\" data-element_type=\"container\" data-e-type=\"container\">\n\t\t\t\t\t<div class=\"e-con-inner\">\n\t\t\t\t<div class=\"elementor-element elementor-element-a6ffa94 elementor-widget elementor-widget-heading\" data-id=\"a6ffa94\" data-element_type=\"widget\" data-e-type=\"widget\" data-widget_type=\"heading.default\">\n\t\t\t\t<div class=\"elementor-widget-container\">\n\t\t\t\t\t<h2 class=\"elementor-heading-title elementor-size-default\">Choisir la Location Longue Dur\u00e9e chez Joe Bike <\/h2>\t\t\t\t<\/div>\n\t\t\t\t<\/div>\n\t\t\t\t<div class=\"elementor-element elementor-element-91bfcf4 elementor-widget__width-initial elementor-widget elementor-widget-text-editor\" data-id=\"91bfcf4\" data-element_type=\"widget\" data-e-type=\"widget\" data-widget_type=\"text-editor.default\">\n\t\t\t\t<div class=\"elementor-widget-container\">\n\t\t\t\t\t\t\t\t\t<p>La location longue dur\u00e9e est une solution id\u00e9ale pour b\u00e9n\u00e9ficier d\u2019un v\u00e9lo de qualit\u00e9 au quotidien sans les contraintes d\u2019achat et d\u2019entretien. Profitez de v\u00e9los entretenus et pr\u00eats \u00e0 l\u2019usage, que ce soit pour vos trajets urbains, vos sorties sportives, ou vos d\u00e9placements professionnels.<\/p>\t\t\t\t\t\t\t\t<\/div>\n\t\t\t\t<\/div>\n\t\t\t\t\t<\/div>\n\t\t\t\t<\/div>\n\t\t<div class=\"elementor-element elementor-element-9c14b6c e-flex e-con-boxed e-con e-parent\" data-id=\"9c14b6c\" data-element_type=\"container\" data-e-type=\"container\" data-settings=\"{&quot;background_background&quot;:&quot;classic&quot;}\">\n\t\t\t\t\t<div class=\"e-con-inner\">\n\t\t<div class=\"elementor-element elementor-element-3007b27 e-con-full e-flex e-con e-child\" data-id=\"3007b27\" data-element_type=\"container\" data-e-type=\"container\">\n\t\t\t\t<div class=\"elementor-element elementor-element-1ba3078 elementor-widget elementor-widget-heading\" data-id=\"1ba3078\" data-element_type=\"widget\" data-e-type=\"widget\" data-widget_type=\"heading.default\">\n\t\t\t\t<div class=\"elementor-widget-container\">\n\t\t\t\t\t<h3 class=\"elementor-heading-title elementor-size-default\">Nos options de v\u00e9los en location longue dur\u00e9e <\/h3>\t\t\t\t<\/div>\n\t\t\t\t<\/div>\n\t\t\t\t<div class=\"elementor-element elementor-element-67e30d7 elementor-widget elementor-widget-heading\" data-id=\"67e30d7\" data-element_type=\"widget\" data-e-type=\"widget\" data-widget_type=\"heading.default\">\n\t\t\t\t<div class=\"elementor-widget-container\">\n\t\t\t\t\t<h4 class=\"elementor-heading-title elementor-size-default\">ELECTRIC BICYCLES<\/h4>\t\t\t\t<\/div>\n\t\t\t\t<\/div>\n\t\t\t\t<div class=\"elementor-element elementor-element-c936711 elementor-widget elementor-widget-text-editor\" data-id=\"c936711\" data-element_type=\"widget\" data-e-type=\"widget\" data-widget_type=\"text-editor.default\">\n\t\t\t\t<div class=\"elementor-widget-container\">\n\t\t\t\t\t\t\t\t\t<p>Un choix id\u00e9al pour les trajets quotidiens, avec une assistance pour r\u00e9duire les efforts, particuli\u00e8rement appr\u00e9ci\u00e9 pour se d\u00e9placer efficacement. En location longue dur\u00e9e, vous avez l\u2019assurance d\u2019un v\u00e9lo \u00e9lectrique toujours bien entretenu et performant.<\/p><p>\u00a0<\/p>\t\t\t\t\t\t\t\t<\/div>\n\t\t\t\t<\/div>\n\t\t\t\t<div class=\"elementor-element elementor-element-b707c04 elementor-widget elementor-widget-heading\" data-id=\"b707c04\" data-element_type=\"widget\" data-e-type=\"widget\" data-widget_type=\"heading.default\">\n\t\t\t\t<div class=\"elementor-widget-container\">\n\t\t\t\t\t<h4 class=\"elementor-heading-title elementor-size-default\">MUSCLE BICYCLES<\/h4>\t\t\t\t<\/div>\n\t\t\t\t<\/div>\n\t\t\t\t<div class=\"elementor-element elementor-element-c9f6044 elementor-widget elementor-widget-text-editor\" data-id=\"c9f6044\" data-element_type=\"widget\" data-e-type=\"widget\" data-widget_type=\"text-editor.default\">\n\t\t\t\t<div class=\"elementor-widget-container\">\n\t\t\t\t\t\t\t\t\t<p><strong>VTC, VTT, v\u00e9lo de route, gravel &#8230;<br \/><\/strong>Ces v\u00e9los sont parfaits pour les amateurs de nature et de balades en pleine nature. La location longue dur\u00e9e de nos v\u00e9los musculaires incluent un suivi et un entretien r\u00e9gulier, pour garantir votre s\u00e9curit\u00e9 et le plaisir de rouler.<strong><br \/><\/strong><\/p>\t\t\t\t\t\t\t\t<\/div>\n\t\t\t\t<\/div>\n\t\t\t\t<\/div>\n\t\t<div class=\"elementor-element elementor-element-8fc5bab e-con-full e-flex e-con e-child\" data-id=\"8fc5bab\" data-element_type=\"container\" data-e-type=\"container\">\n\t\t\t\t<div class=\"elementor-element elementor-element-2fa3136 elementor-widget elementor-widget-image\" data-id=\"2fa3136\" data-element_type=\"widget\" data-e-type=\"widget\" data-widget_type=\"image.default\">\n\t\t\t\t<div class=\"elementor-widget-container\">\n\t\t\t\t\t\t\t\t\t\t\t\t\t\t\t<img fetchpriority=\"high\" decoding=\"async\" width=\"800\" height=\"805\" src=\"https:\/\/www.joebike.fr\/wp-content\/uploads\/2024\/03\/Location-velo-cargo-1018x1024.jpeg\" class=\"attachment-large size-large wp-image-8568\" alt=\"\" srcset=\"https:\/\/www.joebike.fr\/wp-content\/uploads\/2024\/03\/Location-velo-cargo-1018x1024.jpeg 1018w, https:\/\/www.joebike.fr\/wp-content\/uploads\/2024\/03\/Location-velo-cargo-100x100.jpeg 100w, https:\/\/www.joebike.fr\/wp-content\/uploads\/2024\/03\/Location-velo-cargo-600x604.jpeg 600w, https:\/\/www.joebike.fr\/wp-content\/uploads\/2024\/03\/Location-velo-cargo-298x300.jpeg 298w, https:\/\/www.joebike.fr\/wp-content\/uploads\/2024\/03\/Location-velo-cargo-150x150.jpeg 150w, https:\/\/www.joebike.fr\/wp-content\/uploads\/2024\/03\/Location-velo-cargo-768x773.jpeg 768w, https:\/\/www.joebike.fr\/wp-content\/uploads\/2024\/03\/Location-velo-cargo-12x12.jpeg 12w, https:\/\/www.joebike.fr\/wp-content\/uploads\/2024\/03\/Location-velo-cargo.jpeg 1440w\" sizes=\"(max-width: 800px) 100vw, 800px\" \/>\t\t\t\t\t\t\t\t\t\t\t\t\t\t\t<\/div>\n\t\t\t\t<\/div>\n\t\t\t\t<\/div>\n\t\t\t\t\t<\/div>\n\t\t\t\t<\/div>\n\t\t<div class=\"elementor-element elementor-element-99c22ff e-flex e-con-boxed e-con e-parent\" data-id=\"99c22ff\" data-element_type=\"container\" data-e-type=\"container\" data-settings=\"{&quot;background_background&quot;:&quot;classic&quot;}\">\n\t\t\t\t\t<div class=\"e-con-inner\">\n\t\t<div class=\"elementor-element elementor-element-2ad1e03 e-con-full e-flex e-con e-child\" data-id=\"2ad1e03\" data-element_type=\"container\" data-e-type=\"container\">\n\t\t\t\t<div class=\"elementor-element elementor-element-a194f27 elementor-widget elementor-widget-image\" data-id=\"a194f27\" data-element_type=\"widget\" data-e-type=\"widget\" data-widget_type=\"image.default\">\n\t\t\t\t<div class=\"elementor-widget-container\">\n\t\t\t\t\t\t\t\t\t\t\t\t\t\t\t<img decoding=\"async\" width=\"800\" height=\"600\" src=\"https:\/\/www.joebike.fr\/wp-content\/uploads\/2024\/11\/Services-Joe-Bike--1024x768.png\" class=\"attachment-large size-large wp-image-10198\" alt=\"\" srcset=\"https:\/\/www.joebike.fr\/wp-content\/uploads\/2024\/11\/Services-Joe-Bike--1024x768.png 1024w, https:\/\/www.joebike.fr\/wp-content\/uploads\/2024\/11\/Services-Joe-Bike--300x225.png 300w, https:\/\/www.joebike.fr\/wp-content\/uploads\/2024\/11\/Services-Joe-Bike--768x576.png 768w, https:\/\/www.joebike.fr\/wp-content\/uploads\/2024\/11\/Services-Joe-Bike--1536x1152.png 1536w, https:\/\/www.joebike.fr\/wp-content\/uploads\/2024\/11\/Services-Joe-Bike--2048x1536.png 2048w, https:\/\/www.joebike.fr\/wp-content\/uploads\/2024\/11\/Services-Joe-Bike--16x12.png 16w, https:\/\/www.joebike.fr\/wp-content\/uploads\/2024\/11\/Services-Joe-Bike--400x300.png 400w, https:\/\/www.joebike.fr\/wp-content\/uploads\/2024\/11\/Services-Joe-Bike--600x450.png 600w, https:\/\/www.joebike.fr\/wp-content\/uploads\/2024\/11\/elementor\/thumbs\/Services-Joe-Bike--reum661srzreg3fmf56xwsp40bbkkpejywtg09pkz4.png 800w\" sizes=\"(max-width: 800px) 100vw, 800px\" \/>\t\t\t\t\t\t\t\t\t\t\t\t\t\t\t<\/div>\n\t\t\t\t<\/div>\n\t\t\t\t<\/div>\n\t\t<div class=\"elementor-element elementor-element-5ba06d6 e-con-full e-flex e-con e-child\" data-id=\"5ba06d6\" data-element_type=\"container\" data-e-type=\"container\">\n\t\t\t\t<div class=\"elementor-element elementor-element-873a0a8 elementor-widget elementor-widget-heading\" data-id=\"873a0a8\" data-element_type=\"widget\" data-e-type=\"widget\" data-widget_type=\"heading.default\">\n\t\t\t\t<div class=\"elementor-widget-container\">\n\t\t\t\t\t<h3 class=\"elementor-heading-title elementor-size-default\">Offres longue dur\u00e9e pour entreprises<\/h3>\t\t\t\t<\/div>\n\t\t\t\t<\/div>\n\t\t\t\t<div class=\"elementor-element elementor-element-b1ca82d elementor-widget elementor-widget-text-editor\" data-id=\"b1ca82d\" data-element_type=\"widget\" data-e-type=\"widget\" data-widget_type=\"text-editor.default\">\n\t\t\t\t<div class=\"elementor-widget-container\">\n\t\t\t\t\t\t\t\t\t<p>Joe Bike propose des offres personnalis\u00e9es de location longue dur\u00e9e pour les entreprises, permettant de fournir des v\u00e9los aux salari\u00e9s pour leurs trajets domicile-travail ou leurs d\u00e9placements professionnels. Ces services incluent un entretien complet pour chaque v\u00e9lo, assurant la fiabilit\u00e9 et la s\u00e9curit\u00e9.<\/p>\t\t\t\t\t\t\t\t<\/div>\n\t\t\t\t<\/div>\n\t\t\t\t<\/div>\n\t\t\t\t\t<\/div>\n\t\t\t\t<\/div>\n\t\t<div class=\"elementor-element elementor-element-d373a51 e-flex e-con-boxed e-con e-parent\" data-id=\"d373a51\" data-element_type=\"container\" data-e-type=\"container\">\n\t\t\t\t\t<div class=\"e-con-inner\">\n\t\t\t\t<div class=\"elementor-element elementor-element-ba8163c elementor-widget elementor-widget-heading\" data-id=\"ba8163c\" data-element_type=\"widget\" data-e-type=\"widget\" data-widget_type=\"heading.default\">\n\t\t\t\t<div class=\"elementor-widget-container\">\n\t\t\t\t\t<h2 class=\"elementor-heading-title elementor-size-default\">ENVIE D'OPTER POUR UNE LOCATION LONGUE DUR\u00c9E ?<\/h2>\t\t\t\t<\/div>\n\t\t\t\t<\/div>\n\t\t\t\t<div class=\"elementor-element elementor-element-70a4b63 elementor-widget__width-initial elementor-widget elementor-widget-text-editor\" data-id=\"70a4b63\" data-element_type=\"widget\" data-e-type=\"widget\" data-widget_type=\"text-editor.default\">\n\t\t\t\t<div class=\"elementor-widget-container\">\n\t\t\t\t\t\t\t\t\t<p>Pour obtenir un devis ou plus d&rsquo;informations, <strong>contactez-nous directement<\/strong> afin de recevoir une offre adapt\u00e9e \u00e0 vos besoins ou ceux de votre entreprise.<\/p>\t\t\t\t\t\t\t\t<\/div>\n\t\t\t\t<\/div>\n\t\t\t\t\t<\/div>\n\t\t\t\t<\/div>\n\t\t<div class=\"elementor-element elementor-element-879b37b e-flex e-con-boxed e-con e-parent\" data-id=\"879b37b\" data-element_type=\"container\" data-e-type=\"container\">\n\t\t\t\t\t<div class=\"e-con-inner\">\n\t\t\t\t<div class=\"elementor-element elementor-element-809d471 elementor-align-center elementor-widget elementor-widget-button\" data-id=\"809d471\" data-element_type=\"widget\" data-e-type=\"widget\" data-widget_type=\"button.default\">\n\t\t\t\t<div class=\"elementor-widget-container\">\n\t\t\t\t\t\t\t\t\t<div class=\"elementor-button-wrapper\">\n\t\t\t\t\t<a class=\"elementor-button elementor-button-link elementor-size-sm\" href=\"mailto:contact@joebike.fr\" target=\"_blank\">\n\t\t\t\t\t\t<span class=\"elementor-button-content-wrapper\">\n\t\t\t\t\t\t\t\t\t<span class=\"elementor-button-text\">Contact us<\/span>\n\t\t\t\t\t<\/span>\n\t\t\t\t\t<\/a>\n\t\t\t\t<\/div>\n\t\t\t\t\t\t\t\t<\/div>\n\t\t\t\t<\/div>\n\t\t\t\t\t<\/div>\n\t\t\t\t<\/div>\n\t\t\t\t<\/div>","protected":false},"excerpt":{"rendered":"<p>Location longue dur\u00e9e de v\u00e9los Profitez de la location longue dur\u00e9e pour vous d\u00e9placer facilement et sans contraintes, avec un v\u00e9lo toujours disponible et entretenu. Vous \u00eates un particulier ou une entreprise cherchant \u00e0 \u00e9quiper vos salari\u00e9s, Joe Bike vous propose des solutions sur-mesure pour tous vos besoins en mobilit\u00e9 douce.\u00a0 R\u00e9servez votre v\u00e9lo en [&hellip;]<\/p>\n","protected":false},"author":1,"featured_media":10161,"parent":60,"menu_order":0,"comment_status":"closed","ping_status":"closed","template":"elementor_header_footer","meta":{"_acf_changed":false,"footnotes":""},"class_list":["post-10245","page","type-page","status-publish","has-post-thumbnail","hentry"],"acf":[],"yoast_head":"<!-- This site is optimized with the Yoast SEO Premium plugin v26.6 (Yoast SEO v27.3) - https:\/\/yoast.com\/product\/yoast-seo-premium-wordpress\/ -->\n<title>Joe Bike | Service de location longue dur\u00e9e de v\u00e9los<\/title>\n<meta name=\"description\" content=\"Vous \u00eates un particulier ou une entreprise cherchant \u00e0 \u00e9quiper vos salari\u00e9s ? On vous propose des solutions sur-mesure pour vos besoins.\" \/>\n<meta name=\"robots\" content=\"index, follow, max-snippet:-1, max-image-preview:large, max-video-preview:-1\" \/>\n<link rel=\"canonical\" href=\"https:\/\/www.joebike.fr\/en\/our-services\/location-longue-duree\/\" \/>\n<meta property=\"og:locale\" content=\"en_GB\" \/>\n<meta property=\"og:type\" content=\"article\" \/>\n<meta property=\"og:title\" content=\"LOCATION LONGUE DUR\u00c9E\" \/>\n<meta property=\"og:description\" content=\"Vous \u00eates un particulier ou une entreprise cherchant \u00e0 \u00e9quiper vos salari\u00e9s ? On vous propose des solutions sur-mesure pour vos besoins.\" \/>\n<meta property=\"og:url\" content=\"https:\/\/www.joebike.fr\/en\/our-services\/location-longue-duree\/\" \/>\n<meta property=\"og:site_name\" content=\"Joe Bike\" \/>\n<meta property=\"article:publisher\" content=\"https:\/\/www.facebook.com\/joebikefrance\" \/>\n<meta property=\"og:image\" content=\"https:\/\/www.joebike.fr\/wp-content\/uploads\/2024\/11\/Entretien-velo-Joe-Bike.png\" \/>\n\t<meta property=\"og:image:width\" content=\"1920\" \/>\n\t<meta property=\"og:image:height\" content=\"1280\" \/>\n\t<meta property=\"og:image:type\" content=\"image\/png\" \/>\n<meta name=\"twitter:card\" content=\"summary_large_image\" \/>\n<script type=\"application\/ld+json\" class=\"yoast-schema-graph\">{\"@context\":\"https:\\\/\\\/schema.org\",\"@graph\":[{\"@type\":\"WebPage\",\"@id\":\"https:\\\/\\\/www.joebike.fr\\\/nos-services\\\/location-longue-duree\\\/\",\"url\":\"https:\\\/\\\/www.joebike.fr\\\/nos-services\\\/location-longue-duree\\\/\",\"name\":\"Joe Bike | Service de location longue dur\u00e9e de v\u00e9los\",\"isPartOf\":{\"@id\":\"https:\\\/\\\/www.joebike.fr\\\/#website\"},\"primaryImageOfPage\":{\"@id\":\"https:\\\/\\\/www.joebike.fr\\\/nos-services\\\/location-longue-duree\\\/#primaryimage\"},\"image\":{\"@id\":\"https:\\\/\\\/www.joebike.fr\\\/nos-services\\\/location-longue-duree\\\/#primaryimage\"},\"thumbnailUrl\":\"https:\\\/\\\/www.joebike.fr\\\/wp-content\\\/uploads\\\/2024\\\/11\\\/Entretien-velo-Joe-Bike.png\",\"datePublished\":\"2025-02-24T13:15:15+00:00\",\"description\":\"Vous \u00eates un particulier ou une entreprise cherchant \u00e0 \u00e9quiper vos salari\u00e9s ? On vous propose des solutions sur-mesure pour vos besoins.\",\"breadcrumb\":{\"@id\":\"https:\\\/\\\/www.joebike.fr\\\/nos-services\\\/location-longue-duree\\\/#breadcrumb\"},\"inLanguage\":\"en-GB\",\"potentialAction\":[{\"@type\":\"ReadAction\",\"target\":[\"https:\\\/\\\/www.joebike.fr\\\/nos-services\\\/location-longue-duree\\\/\"]}]},{\"@type\":\"ImageObject\",\"inLanguage\":\"en-GB\",\"@id\":\"https:\\\/\\\/www.joebike.fr\\\/nos-services\\\/location-longue-duree\\\/#primaryimage\",\"url\":\"https:\\\/\\\/www.joebike.fr\\\/wp-content\\\/uploads\\\/2024\\\/11\\\/Entretien-velo-Joe-Bike.png\",\"contentUrl\":\"https:\\\/\\\/www.joebike.fr\\\/wp-content\\\/uploads\\\/2024\\\/11\\\/Entretien-velo-Joe-Bike.png\",\"width\":1920,\"height\":1280},{\"@type\":\"BreadcrumbList\",\"@id\":\"https:\\\/\\\/www.joebike.fr\\\/nos-services\\\/location-longue-duree\\\/#breadcrumb\",\"itemListElement\":[{\"@type\":\"ListItem\",\"position\":1,\"name\":\"Accueil\",\"item\":\"https:\\\/\\\/www.joebike.fr\\\/\"},{\"@type\":\"ListItem\",\"position\":2,\"name\":\"NOS SERVICES\",\"item\":\"https:\\\/\\\/www.joebike.fr\\\/nos-services\\\/\"},{\"@type\":\"ListItem\",\"position\":3,\"name\":\"LOCATION LONGUE DUR\u00c9E\"}]},{\"@type\":\"WebSite\",\"@id\":\"https:\\\/\\\/www.joebike.fr\\\/#website\",\"url\":\"https:\\\/\\\/www.joebike.fr\\\/\",\"name\":\"Joe Bike\",\"description\":\"Location de v\u00e9lo dans les Landes, le Pays Basque et les Pyr\u00e9n\u00e9es\",\"publisher\":{\"@id\":\"https:\\\/\\\/www.joebike.fr\\\/#organization\"},\"potentialAction\":[{\"@type\":\"SearchAction\",\"target\":{\"@type\":\"EntryPoint\",\"urlTemplate\":\"https:\\\/\\\/www.joebike.fr\\\/?s={search_term_string}\"},\"query-input\":{\"@type\":\"PropertyValueSpecification\",\"valueRequired\":true,\"valueName\":\"search_term_string\"}}],\"inLanguage\":\"en-GB\"},{\"@type\":\"Organization\",\"@id\":\"https:\\\/\\\/www.joebike.fr\\\/#organization\",\"name\":\"Joe Bike, sp\u00e9cialiste en location v\u00e9lo\",\"url\":\"https:\\\/\\\/www.joebike.fr\\\/\",\"logo\":{\"@type\":\"ImageObject\",\"inLanguage\":\"en-GB\",\"@id\":\"https:\\\/\\\/www.joebike.fr\\\/#\\\/schema\\\/logo\\\/image\\\/\",\"url\":\"https:\\\/\\\/www.joebike.fr\\\/wp-content\\\/uploads\\\/2022\\\/04\\\/LOGO-JB-22_PNG.png\",\"contentUrl\":\"https:\\\/\\\/www.joebike.fr\\\/wp-content\\\/uploads\\\/2022\\\/04\\\/LOGO-JB-22_PNG.png\",\"width\":473,\"height\":473,\"caption\":\"Joe Bike, sp\u00e9cialiste en location v\u00e9lo\"},\"image\":{\"@id\":\"https:\\\/\\\/www.joebike.fr\\\/#\\\/schema\\\/logo\\\/image\\\/\"},\"sameAs\":[\"https:\\\/\\\/www.facebook.com\\\/joebikefrance\",\"https:\\\/\\\/www.instagram.com\\\/joebikefrance\"]}]}<\/script>\n<!-- \/ Yoast SEO Premium plugin. -->","yoast_head_json":{"title":"Joe Bike | Service de location longue dur\u00e9e de v\u00e9los","description":"Vous \u00eates un particulier ou une entreprise cherchant \u00e0 \u00e9quiper vos salari\u00e9s ? On vous propose des solutions sur-mesure pour vos besoins.","robots":{"index":"index","follow":"follow","max-snippet":"max-snippet:-1","max-image-preview":"max-image-preview:large","max-video-preview":"max-video-preview:-1"},"canonical":"https:\/\/www.joebike.fr\/en\/our-services\/location-longue-duree\/","og_locale":"en_GB","og_type":"article","og_title":"LOCATION LONGUE DUR\u00c9E","og_description":"Vous \u00eates un particulier ou une entreprise cherchant \u00e0 \u00e9quiper vos salari\u00e9s ? On vous propose des solutions sur-mesure pour vos besoins.","og_url":"https:\/\/www.joebike.fr\/en\/our-services\/location-longue-duree\/","og_site_name":"Joe Bike","article_publisher":"https:\/\/www.facebook.com\/joebikefrance","og_image":[{"width":1920,"height":1280,"url":"https:\/\/www.joebike.fr\/wp-content\/uploads\/2024\/11\/Entretien-velo-Joe-Bike.png","type":"image\/png"}],"twitter_card":"summary_large_image","schema":{"@context":"https:\/\/schema.org","@graph":[{"@type":"WebPage","@id":"https:\/\/www.joebike.fr\/nos-services\/location-longue-duree\/","url":"https:\/\/www.joebike.fr\/nos-services\/location-longue-duree\/","name":"Joe Bike | Service de location longue dur\u00e9e de v\u00e9los","isPartOf":{"@id":"https:\/\/www.joebike.fr\/#website"},"primaryImageOfPage":{"@id":"https:\/\/www.joebike.fr\/nos-services\/location-longue-duree\/#primaryimage"},"image":{"@id":"https:\/\/www.joebike.fr\/nos-services\/location-longue-duree\/#primaryimage"},"thumbnailUrl":"https:\/\/www.joebike.fr\/wp-content\/uploads\/2024\/11\/Entretien-velo-Joe-Bike.png","datePublished":"2025-02-24T13:15:15+00:00","description":"Vous \u00eates un particulier ou une entreprise cherchant \u00e0 \u00e9quiper vos salari\u00e9s ? On vous propose des solutions sur-mesure pour vos besoins.","breadcrumb":{"@id":"https:\/\/www.joebike.fr\/nos-services\/location-longue-duree\/#breadcrumb"},"inLanguage":"en-GB","potentialAction":[{"@type":"ReadAction","target":["https:\/\/www.joebike.fr\/nos-services\/location-longue-duree\/"]}]},{"@type":"ImageObject","inLanguage":"en-GB","@id":"https:\/\/www.joebike.fr\/nos-services\/location-longue-duree\/#primaryimage","url":"https:\/\/www.joebike.fr\/wp-content\/uploads\/2024\/11\/Entretien-velo-Joe-Bike.png","contentUrl":"https:\/\/www.joebike.fr\/wp-content\/uploads\/2024\/11\/Entretien-velo-Joe-Bike.png","width":1920,"height":1280},{"@type":"BreadcrumbList","@id":"https:\/\/www.joebike.fr\/nos-services\/location-longue-duree\/#breadcrumb","itemListElement":[{"@type":"ListItem","position":1,"name":"Accueil","item":"https:\/\/www.joebike.fr\/"},{"@type":"ListItem","position":2,"name":"NOS SERVICES","item":"https:\/\/www.joebike.fr\/nos-services\/"},{"@type":"ListItem","position":3,"name":"LOCATION LONGUE DUR\u00c9E"}]},{"@type":"WebSite","@id":"https:\/\/www.joebike.fr\/#website","url":"https:\/\/www.joebike.fr\/","name":"Joe Bike","description":"Bike hire in the Landes, the Basque Country and the Pyrenees","publisher":{"@id":"https:\/\/www.joebike.fr\/#organization"},"potentialAction":[{"@type":"SearchAction","target":{"@type":"EntryPoint","urlTemplate":"https:\/\/www.joebike.fr\/?s={search_term_string}"},"query-input":{"@type":"PropertyValueSpecification","valueRequired":true,"valueName":"search_term_string"}}],"inLanguage":"en-GB"},{"@type":"Organization","@id":"https:\/\/www.joebike.fr\/#organization","name":"Joe Bike, specialist in bike hire","url":"https:\/\/www.joebike.fr\/","logo":{"@type":"ImageObject","inLanguage":"en-GB","@id":"https:\/\/www.joebike.fr\/#\/schema\/logo\/image\/","url":"https:\/\/www.joebike.fr\/wp-content\/uploads\/2022\/04\/LOGO-JB-22_PNG.png","contentUrl":"https:\/\/www.joebike.fr\/wp-content\/uploads\/2022\/04\/LOGO-JB-22_PNG.png","width":473,"height":473,"caption":"Joe Bike, sp\u00e9cialiste en location v\u00e9lo"},"image":{"@id":"https:\/\/www.joebike.fr\/#\/schema\/logo\/image\/"},"sameAs":["https:\/\/www.facebook.com\/joebikefrance","https:\/\/www.instagram.com\/joebikefrance"]}]}},"_links":{"self":[{"href":"https:\/\/www.joebike.fr\/en\/wp-json\/wp\/v2\/pages\/10245","targetHints":{"allow":["GET"]}}],"collection":[{"href":"https:\/\/www.joebike.fr\/en\/wp-json\/wp\/v2\/pages"}],"about":[{"href":"https:\/\/www.joebike.fr\/en\/wp-json\/wp\/v2\/types\/page"}],"author":[{"embeddable":true,"href":"https:\/\/www.joebike.fr\/en\/wp-json\/wp\/v2\/users\/1"}],"replies":[{"embeddable":true,"href":"https:\/\/www.joebike.fr\/en\/wp-json\/wp\/v2\/comments?post=10245"}],"version-history":[{"count":1,"href":"https:\/\/www.joebike.fr\/en\/wp-json\/wp\/v2\/pages\/10245\/revisions"}],"predecessor-version":[{"id":11682,"href":"https:\/\/www.joebike.fr\/en\/wp-json\/wp\/v2\/pages\/10245\/revisions\/11682"}],"up":[{"embeddable":true,"href":"https:\/\/www.joebike.fr\/en\/wp-json\/wp\/v2\/pages\/60"}],"wp:featuredmedia":[{"embeddable":true,"href":"https:\/\/www.joebike.fr\/en\/wp-json\/wp\/v2\/media\/10161"}],"wp:attachment":[{"href":"https:\/\/www.joebike.fr\/en\/wp-json\/wp\/v2\/media?parent=10245"}],"curies":[{"name":"wp","href":"https:\/\/api.w.org\/{rel}","templated":true}]}}