{"id":493,"date":"2022-06-05T09:32:24","date_gmt":"2022-06-05T07:32:24","guid":{"rendered":"https:\/\/www.joebike.fr\/?page_id=493"},"modified":"2023-07-17T10:02:26","modified_gmt":"2023-07-17T08:02:26","slug":"joe-bike","status":"publish","type":"page","link":"https:\/\/www.joebike.fr\/en\/joe-bike\/","title":{"rendered":"Discover Joe Bike"},"content":{"rendered":"<div data-elementor-type=\"wp-page\" data-elementor-id=\"493\" class=\"elementor elementor-493\" data-elementor-post-type=\"page\">\n\t\t\t\t<div class=\"elementor-element elementor-element-af6101b e-flex e-con-boxed e-con e-parent\" data-id=\"af6101b\" data-element_type=\"container\" data-e-type=\"container\" id=\"jb-page-header\" data-settings=\"{&quot;background_background&quot;:&quot;classic&quot;}\">\n\t\t\t\t\t<div class=\"e-con-inner\">\n\t\t\t\t<div class=\"elementor-element elementor-element-44ccbb86 elementor-widget elementor-widget-heading\" data-id=\"44ccbb86\" data-element_type=\"widget\" data-e-type=\"widget\" data-widget_type=\"heading.default\">\n\t\t\t\t<div class=\"elementor-widget-container\">\n\t\t\t\t\t<h1 class=\"elementor-heading-title elementor-size-default\">Who\u2019s Joe ?<\/h1>\t\t\t\t<\/div>\n\t\t\t\t<\/div>\n\t\t\t\t<div class=\"elementor-element elementor-element-6725dd99 elementor-widget__width-initial elementor-widget elementor-widget-text-editor\" data-id=\"6725dd99\" data-element_type=\"widget\" data-e-type=\"widget\" id=\"header-description\" data-widget_type=\"text-editor.default\">\n\t\t\t\t<div class=\"elementor-widget-container\">\n\t\t\t\t\t\t\t\t\t<p class=\"translation-block\">At Joe Bike, we\u2019re there with you to make your cycling holiday a success. The Joe Bike network combines the advantages of a network with the benefits of our Ocean and Pyrenees branches. Joe Bike is also a <strong>state of mind<\/strong> and <strong>the values<\/strong> carried by a <strong>team of cycling enthusiasts<\/strong>. Yes, but <strong>who is Joe<\/strong>? Please explain!<\/p>\t\t\t\t\t\t\t\t<\/div>\n\t\t\t\t<\/div>\n\t\t\t\t\t<\/div>\n\t\t\t\t<\/div>\n\t\t<div class=\"elementor-element elementor-element-9e957a9 e-flex e-con-boxed e-con e-parent\" data-id=\"9e957a9\" data-element_type=\"container\" data-e-type=\"container\" data-settings=\"{&quot;background_background&quot;:&quot;classic&quot;}\">\n\t\t\t\t\t<div class=\"e-con-inner\">\n\t\t<div class=\"elementor-element elementor-element-6c76227 e-con-full e-flex e-con e-parent\" data-id=\"6c76227\" data-element_type=\"container\" data-e-type=\"container\">\n\t\t\t\t<div class=\"elementor-element elementor-element-d80de63 elementor-widget elementor-widget-heading\" data-id=\"d80de63\" data-element_type=\"widget\" data-e-type=\"widget\" data-widget_type=\"heading.default\">\n\t\t\t\t<div class=\"elementor-widget-container\">\n\t\t\t\t\t<h2 class=\"elementor-heading-title elementor-size-large\">Joe Bike, bike-rental specialists since 1989!<\/h2>\t\t\t\t<\/div>\n\t\t\t\t<\/div>\n\t\t\t\t<div class=\"elementor-element elementor-element-e83afd3 elementor-widget elementor-widget-text-editor\" data-id=\"e83afd3\" data-element_type=\"widget\" data-e-type=\"widget\" data-widget_type=\"text-editor.default\">\n\t\t\t\t<div class=\"elementor-widget-container\">\n\t\t\t\t\t\t\t\t\t<p class=\"translation-block\">At the beginning, an MTB enthusiast and visionary, at the time when mountain biking was American and a practice still unknown in France in the 80s. The company VTT LOISIRS was then created to offer mountain bikes for rent to holidaymakers on the beaches of the Landes region, in Hossegor and Capbreton.<br>\nOver the years, cycling has become hugely popular in the Landes and throughout France. VTT LOISIRS was developed with the idea of making mountain biking accessible to as many people as possible.<br>\nWith experience, the company has quickly become a leader in bike rental throughout France among professionals and sporting events.<\/p>\t\t\t\t\t\t\t\t<\/div>\n\t\t\t\t<\/div>\n\t\t\t\t<\/div>\n\t\t\t\t<div class=\"elementor-element elementor-element-1963f4c elementor-widget__width-initial elementor-widget elementor-widget-image\" data-id=\"1963f4c\" data-element_type=\"widget\" data-e-type=\"widget\" data-widget_type=\"image.default\">\n\t\t\t\t<div class=\"elementor-widget-container\">\n\t\t\t\t\t\t\t\t\t\t\t\t\t\t\t<img fetchpriority=\"high\" decoding=\"async\" width=\"700\" height=\"457\" src=\"https:\/\/www.joebike.fr\/wp-content\/uploads\/2022\/06\/location-vente-de-ve\u0301los.jpg\" class=\"attachment-full size-full wp-image-497\" alt=\"Yellow bike\" srcset=\"https:\/\/www.joebike.fr\/wp-content\/uploads\/2022\/06\/location-vente-de-ve\u0301los.jpg 700w, https:\/\/www.joebike.fr\/wp-content\/uploads\/2022\/06\/location-vente-de-ve\u0301los-600x392.jpg 600w, https:\/\/www.joebike.fr\/wp-content\/uploads\/2022\/06\/location-vente-de-ve\u0301los-300x196.jpg 300w\" sizes=\"(max-width: 700px) 100vw, 700px\" \/>\t\t\t\t\t\t\t\t\t\t\t\t\t\t\t<\/div>\n\t\t\t\t<\/div>\n\t\t\t\t\t<\/div>\n\t\t\t\t<\/div>\n\t\t<div class=\"elementor-element elementor-element-76b1cb6 e-flex e-con-boxed e-con e-parent\" data-id=\"76b1cb6\" data-element_type=\"container\" data-e-type=\"container\" data-settings=\"{&quot;background_background&quot;:&quot;classic&quot;}\">\n\t\t\t\t\t<div class=\"e-con-inner\">\n\t\t\t\t<div class=\"elementor-element elementor-element-ab3927e elementor-widget__width-initial elementor-widget elementor-widget-image\" data-id=\"ab3927e\" data-element_type=\"widget\" data-e-type=\"widget\" data-widget_type=\"image.default\">\n\t\t\t\t<div class=\"elementor-widget-container\">\n\t\t\t\t\t\t\t\t\t\t\t\t\t\t\t<img decoding=\"async\" width=\"700\" height=\"447\" src=\"https:\/\/www.joebike.fr\/wp-content\/uploads\/2022\/06\/montagnejobike-low.jpg\" class=\"attachment-full size-full wp-image-927\" alt=\"Mountain bike hire Joe Bike Pyr\u00e9n\u00e9es\" srcset=\"https:\/\/www.joebike.fr\/wp-content\/uploads\/2022\/06\/montagnejobike-low.jpg 700w, https:\/\/www.joebike.fr\/wp-content\/uploads\/2022\/06\/montagnejobike-low-600x383.jpg 600w, https:\/\/www.joebike.fr\/wp-content\/uploads\/2022\/06\/montagnejobike-low-300x192.jpg 300w\" sizes=\"(max-width: 700px) 100vw, 700px\" \/>\t\t\t\t\t\t\t\t\t\t\t\t\t\t\t<\/div>\n\t\t\t\t<\/div>\n\t\t<div class=\"elementor-element elementor-element-719261a e-flex e-con-boxed e-con e-parent\" data-id=\"719261a\" data-element_type=\"container\" data-e-type=\"container\">\n\t\t\t\t\t<div class=\"e-con-inner\">\n\t\t\t\t<div class=\"elementor-element elementor-element-4f02a3d elementor-widget elementor-widget-heading\" data-id=\"4f02a3d\" data-element_type=\"widget\" data-e-type=\"widget\" data-widget_type=\"heading.default\">\n\t\t\t\t<div class=\"elementor-widget-container\">\n\t\t\t\t\t<h2 class=\"elementor-heading-title elementor-size-large\">Joe Bike, quality of service as a growth driver<\/h2>\t\t\t\t<\/div>\n\t\t\t\t<\/div>\n\t\t\t\t<div class=\"elementor-element elementor-element-2cff294 elementor-widget elementor-widget-text-editor\" data-id=\"2cff294\" data-element_type=\"widget\" data-e-type=\"widget\" data-widget_type=\"text-editor.default\">\n\t\t\t\t<div class=\"elementor-widget-container\">\n\t\t\t\t\t\t\t\t\t<p>With a strong attachment to his local area, the manager has also developed a network of bike hire shops for holidaymakers, offering the same quality of service as that offered to the professionals for whom he is renowned.<br \/>Transferred in 2016 to an entrepreneur and cycling enthusiast from the Pyrenees, the company has grown around the idea that cycling brings people together and makes for great encounters. Today, four companies from the South-West of France - Vtt Loisirs, Cyclo Landes, Les Roues de Lilou and Joe Bike - have joined forces to develop their passion for cycling, their region and the quality of their service around the same values. These four major players in the cycling industry are joining forces to continue developing their services under a single name: JOE BIKE.<\/p>\t\t\t\t\t\t\t\t<\/div>\n\t\t\t\t<\/div>\n\t\t\t\t\t<\/div>\n\t\t\t\t<\/div>\n\t\t\t\t\t<\/div>\n\t\t\t\t<\/div>\n\t\t<div class=\"elementor-element elementor-element-8938be5 e-flex e-con-boxed e-con e-parent\" data-id=\"8938be5\" data-element_type=\"container\" data-e-type=\"container\" data-settings=\"{&quot;background_background&quot;:&quot;classic&quot;}\">\n\t\t\t\t\t<div class=\"e-con-inner\">\n\t\t\t\t<div class=\"elementor-element elementor-element-e71ad02 elementor-widget elementor-widget-image\" data-id=\"e71ad02\" data-element_type=\"widget\" data-e-type=\"widget\" data-widget_type=\"image.default\">\n\t\t\t\t<div class=\"elementor-widget-container\">\n\t\t\t\t\t\t\t\t\t\t\t\t\t\t\t<img decoding=\"async\" width=\"473\" height=\"473\" src=\"https:\/\/www.joebike.fr\/wp-content\/uploads\/2022\/04\/LOGO-JB-22_PNG.png\" class=\"attachment-full size-full wp-image-5\" alt=\"JOE BIKE\" srcset=\"https:\/\/www.joebike.fr\/wp-content\/uploads\/2022\/04\/LOGO-JB-22_PNG.png 473w, https:\/\/www.joebike.fr\/wp-content\/uploads\/2022\/04\/LOGO-JB-22_PNG-100x100.png 100w, https:\/\/www.joebike.fr\/wp-content\/uploads\/2022\/04\/LOGO-JB-22_PNG-300x300.png 300w, https:\/\/www.joebike.fr\/wp-content\/uploads\/2022\/04\/LOGO-JB-22_PNG-150x150.png 150w\" sizes=\"(max-width: 473px) 100vw, 473px\" \/>\t\t\t\t\t\t\t\t\t\t\t\t\t\t\t<\/div>\n\t\t\t\t<\/div>\n\t\t\t\t<div class=\"elementor-element elementor-element-51bf7dc elementor-widget elementor-widget-heading\" data-id=\"51bf7dc\" data-element_type=\"widget\" data-e-type=\"widget\" data-widget_type=\"heading.default\">\n\t\t\t\t<div class=\"elementor-widget-container\">\n\t\t\t\t\t<h2 class=\"elementor-heading-title elementor-size-large\">Who is JOE?<\/h2>\t\t\t\t<\/div>\n\t\t\t\t<\/div>\n\t\t\t\t<div class=\"elementor-element elementor-element-a016605 elementor-widget elementor-widget-text-editor\" data-id=\"a016605\" data-element_type=\"widget\" data-e-type=\"widget\" data-widget_type=\"text-editor.default\">\n\t\t\t\t<div class=\"elementor-widget-container\">\n\t\t\t\t\t\t\t\t\t<p>If you ask our employees or customers: \u201cWho is Joe Bike?\u201d you\u2019ll get several versions! From the friend who is always willing to ride with you to the instructor at the Pyrenees MTB school to the meticulous mechanic who has pampered your bike.... Everyone is \u201cJoe\u201d! As you can see, Joe Bike is above all a collaboration of several actors in the cycle and rental business and, above all, a state of mind!<\/p>\t\t\t\t\t\t\t\t<\/div>\n\t\t\t\t<\/div>\n\t\t\t\t\t<\/div>\n\t\t\t\t<\/div>\n\t\t<div class=\"elementor-element elementor-element-4930a93 e-flex e-con-boxed e-con e-parent\" data-id=\"4930a93\" data-element_type=\"container\" data-e-type=\"container\" data-settings=\"{&quot;background_background&quot;:&quot;classic&quot;}\">\n\t\t\t\t\t<div class=\"e-con-inner\">\n\t\t<div class=\"elementor-element elementor-element-f0c91f1 e-flex e-con-boxed e-con e-parent\" data-id=\"f0c91f1\" data-element_type=\"container\" data-e-type=\"container\">\n\t\t\t\t\t<div class=\"e-con-inner\">\n\t\t\t\t<div class=\"elementor-element elementor-element-b7528ac elementor-widget elementor-widget-heading\" data-id=\"b7528ac\" data-element_type=\"widget\" data-e-type=\"widget\" data-widget_type=\"heading.default\">\n\t\t\t\t<div class=\"elementor-widget-container\">\n\t\t\t\t\t<h2 class=\"elementor-heading-title elementor-size-default\">Joe Bike: a network plus services<\/h2>\t\t\t\t<\/div>\n\t\t\t\t<\/div>\n\t\t\t\t<div class=\"elementor-element elementor-element-4f0ffe0 elementor-widget elementor-widget-text-editor\" data-id=\"4f0ffe0\" data-element_type=\"widget\" data-e-type=\"widget\" data-widget_type=\"text-editor.default\">\n\t\t\t\t<div class=\"elementor-widget-container\">\n\t\t\t\t\t\t\t\t\t<div class=\"page\" title=\"Page 1\"><div class=\"section\"><div class=\"layoutArea\"><div class=\"column\"><p>At Joe Bike, our priority is to give you the best possible service and customer experience, no matter which Joe Bike shop you visit, anywhere in the Southwest.<\/p><p>It also means ensuring quality and safety for each of our cycling friends, with strong commitments both in terms of equipment and human resources, which is at the heart of our business.<\/p><\/div><\/div><\/div><\/div>\t\t\t\t\t\t\t\t<\/div>\n\t\t\t\t<\/div>\n\t\t\t\t<div class=\"elementor-element elementor-element-30868f6 elementor-widget elementor-widget-button\" data-id=\"30868f6\" data-element_type=\"widget\" data-e-type=\"widget\" data-widget_type=\"button.default\">\n\t\t\t\t<div class=\"elementor-widget-container\">\n\t\t\t\t\t\t\t\t\t<div class=\"elementor-button-wrapper\">\n\t\t\t\t\t<a class=\"elementor-button elementor-button-link elementor-size-sm\" href=\"https:\/\/www.joebike.fr\/en\/joe-bike-network\/\">\n\t\t\t\t\t\t<span class=\"elementor-button-content-wrapper\">\n\t\t\t\t\t\t\t\t\t<span class=\"elementor-button-text\">JOIN THE JOE BIKE NETWORK<\/span>\n\t\t\t\t\t<\/span>\n\t\t\t\t\t<\/a>\n\t\t\t\t<\/div>\n\t\t\t\t\t\t\t\t<\/div>\n\t\t\t\t<\/div>\n\t\t\t\t\t<\/div>\n\t\t\t\t<\/div>\n\t\t\t\t<div class=\"elementor-element elementor-element-1a8d4a4 elementor-widget__width-initial elementor-widget elementor-widget-image\" data-id=\"1a8d4a4\" data-element_type=\"widget\" data-e-type=\"widget\" data-widget_type=\"image.default\">\n\t\t\t\t<div class=\"elementor-widget-container\">\n\t\t\t\t\t\t\t\t\t\t\t\t\t\t\t<img loading=\"lazy\" decoding=\"async\" width=\"700\" height=\"455\" src=\"https:\/\/www.joebike.fr\/wp-content\/uploads\/2022\/06\/location-ve\u0301los-landes.jpg\" class=\"attachment-full size-full wp-image-517\" alt=\"Cyclists on the beach\" srcset=\"https:\/\/www.joebike.fr\/wp-content\/uploads\/2022\/06\/location-ve\u0301los-landes.jpg 700w, https:\/\/www.joebike.fr\/wp-content\/uploads\/2022\/06\/location-ve\u0301los-landes-600x390.jpg 600w, https:\/\/www.joebike.fr\/wp-content\/uploads\/2022\/06\/location-ve\u0301los-landes-300x195.jpg 300w\" sizes=\"(max-width: 700px) 100vw, 700px\" \/>\t\t\t\t\t\t\t\t\t\t\t\t\t\t\t<\/div>\n\t\t\t\t<\/div>\n\t\t\t\t\t<\/div>\n\t\t\t\t<\/div>\n\t\t<div class=\"elementor-element elementor-element-891a8f9 e-flex e-con-boxed e-con e-parent\" data-id=\"891a8f9\" data-element_type=\"container\" data-e-type=\"container\" data-settings=\"{&quot;background_background&quot;:&quot;classic&quot;}\">\n\t\t\t\t\t<div class=\"e-con-inner\">\n\t\t\t\t<div class=\"elementor-element elementor-element-7942a12 elementor-widget elementor-widget-image\" data-id=\"7942a12\" data-element_type=\"widget\" data-e-type=\"widget\" data-widget_type=\"image.default\">\n\t\t\t\t<div class=\"elementor-widget-container\">\n\t\t\t\t\t\t\t\t\t\t\t\t\t\t\t<img loading=\"lazy\" decoding=\"async\" width=\"310\" height=\"352\" src=\"https:\/\/www.joebike.fr\/wp-content\/uploads\/2022\/05\/achat.png\" class=\"attachment-full size-full wp-image-85\" alt=\"Bike purchase\" srcset=\"https:\/\/www.joebike.fr\/wp-content\/uploads\/2022\/05\/achat.png 310w, https:\/\/www.joebike.fr\/wp-content\/uploads\/2022\/05\/achat-264x300.png 264w\" sizes=\"(max-width: 310px) 100vw, 310px\" \/>\t\t\t\t\t\t\t\t\t\t\t\t\t\t\t<\/div>\n\t\t\t\t<\/div>\n\t\t\t\t<div class=\"elementor-element elementor-element-349605c5 elementor-widget elementor-widget-heading\" data-id=\"349605c5\" data-element_type=\"widget\" data-e-type=\"widget\" data-widget_type=\"heading.default\">\n\t\t\t\t<div class=\"elementor-widget-container\">\n\t\t\t\t\t<h2 class=\"elementor-heading-title elementor-size-large\">Rent a Joe Bike cycle: our branches<\/h2>\t\t\t\t<\/div>\n\t\t\t\t<\/div>\n\t\t\t\t<div class=\"elementor-element elementor-element-4db6ab6b elementor-widget elementor-widget-text-editor\" data-id=\"4db6ab6b\" data-element_type=\"widget\" data-e-type=\"widget\" data-widget_type=\"text-editor.default\">\n\t\t\t\t<div class=\"elementor-widget-container\">\n\t\t\t\t\t\t\t\t\t<p>Professional advice, fine-tuned bikes, route suggestions, and great touring deals\u2015the Joe Bike staff bring together experts and cycling enthusiasts. You\u2019ll find a professional and friendly team, with all the cycling spirit necessary to accompany you in your rental and make your cycling holiday a success.<\/p>\t\t\t\t\t\t\t\t<\/div>\n\t\t\t\t<\/div>\n\t\t\t\t<div class=\"elementor-element elementor-element-67cf75a1 elementor-align-center elementor-mobile-align-center elementor-widget elementor-widget-button\" data-id=\"67cf75a1\" data-element_type=\"widget\" data-e-type=\"widget\" data-widget_type=\"button.default\">\n\t\t\t\t<div class=\"elementor-widget-container\">\n\t\t\t\t\t\t\t\t\t<div class=\"elementor-button-wrapper\">\n\t\t\t\t\t<a class=\"elementor-button elementor-button-link elementor-size-sm\" href=\"#elementor-action%3Aaction%3Dpopup%3Aopen%26settings%3DeyJpZCI6IjI1OTIiLCJ0b2dnbGUiOmZhbHNlfQ%3D%3D\">\n\t\t\t\t\t\t<span class=\"elementor-button-content-wrapper\">\n\t\t\t\t\t\t\t\t\t<span class=\"elementor-button-text\">Book my bike<\/span>\n\t\t\t\t\t<\/span>\n\t\t\t\t\t<\/a>\n\t\t\t\t<\/div>\n\t\t\t\t\t\t\t\t<\/div>\n\t\t\t\t<\/div>\n\t\t\t\t\t<\/div>\n\t\t\t\t<\/div>\n\t\t\t\t<\/div>","protected":false},"excerpt":{"rendered":"<p>Qui est Joe ? Chez JOE BIKE, on vous accompagne pour r\u00e9ussir vos vacances \u00e0 v\u00e9lo. Le r\u00e9seau JOE BIKE associe les avantages d\u2019un r\u00e9seau, aux atouts de nos agences Oc\u00e9an et Pyr\u00e9n\u00e9es pr\u00e9sentes sur le territoire. JOE BIKE, c\u2019est aussi un \u00e9tat d\u2019esprit et des valeurs port\u00e9s par une \u00e9quipe de passionn\u00e9s de v\u00e9lo. [&hellip;]<\/p>\n","protected":false},"author":1,"featured_media":495,"parent":0,"menu_order":0,"comment_status":"closed","ping_status":"closed","template":"elementor_header_footer","meta":{"_acf_changed":false,"footnotes":""},"class_list":["post-493","page","type-page","status-publish","has-post-thumbnail","hentry"],"acf":[],"yoast_head":"<!-- This site is optimized with the Yoast SEO Premium plugin v26.6 (Yoast SEO v27.3) - https:\/\/yoast.com\/product\/yoast-seo-premium-wordpress\/ -->\n<title>Joe Bike, sp\u00e9cialiste en location v\u00e9lo | Joe Bike<\/title>\n<meta name=\"description\" content=\"Joe Bike, c&#039;est une \u00e9quipe d&#039;experts et passionn\u00e9s de v\u00e9lo sp\u00e9cialistes de la location de v\u00e9lo depuis 1989 !\" \/>\n<meta name=\"robots\" content=\"index, follow, max-snippet:-1, max-image-preview:large, max-video-preview:-1\" \/>\n<link rel=\"canonical\" href=\"https:\/\/www.joebike.fr\/en\/joe-bike\/\" \/>\n<meta property=\"og:locale\" content=\"en_GB\" \/>\n<meta property=\"og:type\" content=\"article\" \/>\n<meta property=\"og:title\" content=\"D\u00e9couvrir Joe Bike\" \/>\n<meta property=\"og:description\" content=\"Joe Bike, c&#039;est une \u00e9quipe d&#039;experts et passionn\u00e9s de v\u00e9lo sp\u00e9cialistes de la location de v\u00e9lo depuis 1989 !\" \/>\n<meta property=\"og:url\" content=\"https:\/\/www.joebike.fr\/en\/joe-bike\/\" \/>\n<meta property=\"og:site_name\" content=\"Joe Bike\" \/>\n<meta property=\"article:publisher\" content=\"https:\/\/www.facebook.com\/joebikefrance\" \/>\n<meta property=\"article:modified_time\" content=\"2023-07-17T08:02:26+00:00\" \/>\n<meta property=\"og:image\" content=\"https:\/\/www.joebike.fr\/wp-content\/uploads\/2022\/06\/JoeBike-low.jpg\" \/>\n\t<meta property=\"og:image:width\" content=\"1400\" \/>\n\t<meta property=\"og:image:height\" content=\"723\" \/>\n\t<meta property=\"og:image:type\" content=\"image\/jpeg\" \/>\n<meta name=\"twitter:card\" content=\"summary_large_image\" \/>\n<script type=\"application\/ld+json\" class=\"yoast-schema-graph\">{\"@context\":\"https:\\\/\\\/schema.org\",\"@graph\":[{\"@type\":\"WebPage\",\"@id\":\"https:\\\/\\\/www.joebike.fr\\\/joe-bike\\\/\",\"url\":\"https:\\\/\\\/www.joebike.fr\\\/joe-bike\\\/\",\"name\":\"Joe Bike, sp\u00e9cialiste en location v\u00e9lo | Joe Bike\",\"isPartOf\":{\"@id\":\"https:\\\/\\\/www.joebike.fr\\\/#website\"},\"primaryImageOfPage\":{\"@id\":\"https:\\\/\\\/www.joebike.fr\\\/joe-bike\\\/#primaryimage\"},\"image\":{\"@id\":\"https:\\\/\\\/www.joebike.fr\\\/joe-bike\\\/#primaryimage\"},\"thumbnailUrl\":\"https:\\\/\\\/www.joebike.fr\\\/wp-content\\\/uploads\\\/2022\\\/06\\\/JoeBike-low.jpg\",\"datePublished\":\"2022-06-05T07:32:24+00:00\",\"dateModified\":\"2023-07-17T08:02:26+00:00\",\"description\":\"Joe Bike, c'est une \u00e9quipe d'experts et passionn\u00e9s de v\u00e9lo sp\u00e9cialistes de la location de v\u00e9lo depuis 1989 !\",\"breadcrumb\":{\"@id\":\"https:\\\/\\\/www.joebike.fr\\\/joe-bike\\\/#breadcrumb\"},\"inLanguage\":\"en-GB\",\"potentialAction\":[{\"@type\":\"ReadAction\",\"target\":[\"https:\\\/\\\/www.joebike.fr\\\/joe-bike\\\/\"]}]},{\"@type\":\"ImageObject\",\"inLanguage\":\"en-GB\",\"@id\":\"https:\\\/\\\/www.joebike.fr\\\/joe-bike\\\/#primaryimage\",\"url\":\"https:\\\/\\\/www.joebike.fr\\\/wp-content\\\/uploads\\\/2022\\\/06\\\/JoeBike-low.jpg\",\"contentUrl\":\"https:\\\/\\\/www.joebike.fr\\\/wp-content\\\/uploads\\\/2022\\\/06\\\/JoeBike-low.jpg\",\"width\":1400,\"height\":723,\"caption\":\"V\u00e9lo de ville\"},{\"@type\":\"BreadcrumbList\",\"@id\":\"https:\\\/\\\/www.joebike.fr\\\/joe-bike\\\/#breadcrumb\",\"itemListElement\":[{\"@type\":\"ListItem\",\"position\":1,\"name\":\"Accueil\",\"item\":\"https:\\\/\\\/www.joebike.fr\\\/\"},{\"@type\":\"ListItem\",\"position\":2,\"name\":\"D\u00e9couvrir Joe Bike\"}]},{\"@type\":\"WebSite\",\"@id\":\"https:\\\/\\\/www.joebike.fr\\\/#website\",\"url\":\"https:\\\/\\\/www.joebike.fr\\\/\",\"name\":\"Joe Bike\",\"description\":\"Location de v\u00e9lo dans les Landes, le Pays Basque et les Pyr\u00e9n\u00e9es\",\"publisher\":{\"@id\":\"https:\\\/\\\/www.joebike.fr\\\/#organization\"},\"potentialAction\":[{\"@type\":\"SearchAction\",\"target\":{\"@type\":\"EntryPoint\",\"urlTemplate\":\"https:\\\/\\\/www.joebike.fr\\\/?s={search_term_string}\"},\"query-input\":{\"@type\":\"PropertyValueSpecification\",\"valueRequired\":true,\"valueName\":\"search_term_string\"}}],\"inLanguage\":\"en-GB\"},{\"@type\":\"Organization\",\"@id\":\"https:\\\/\\\/www.joebike.fr\\\/#organization\",\"name\":\"Joe Bike, sp\u00e9cialiste en location v\u00e9lo\",\"url\":\"https:\\\/\\\/www.joebike.fr\\\/\",\"logo\":{\"@type\":\"ImageObject\",\"inLanguage\":\"en-GB\",\"@id\":\"https:\\\/\\\/www.joebike.fr\\\/#\\\/schema\\\/logo\\\/image\\\/\",\"url\":\"https:\\\/\\\/www.joebike.fr\\\/wp-content\\\/uploads\\\/2022\\\/04\\\/LOGO-JB-22_PNG.png\",\"contentUrl\":\"https:\\\/\\\/www.joebike.fr\\\/wp-content\\\/uploads\\\/2022\\\/04\\\/LOGO-JB-22_PNG.png\",\"width\":473,\"height\":473,\"caption\":\"Joe Bike, sp\u00e9cialiste en location v\u00e9lo\"},\"image\":{\"@id\":\"https:\\\/\\\/www.joebike.fr\\\/#\\\/schema\\\/logo\\\/image\\\/\"},\"sameAs\":[\"https:\\\/\\\/www.facebook.com\\\/joebikefrance\",\"https:\\\/\\\/www.instagram.com\\\/joebikefrance\"]}]}<\/script>\n<!-- \/ Yoast SEO Premium plugin. -->","yoast_head_json":{"title":"Joe Bike, Bike Rental Specialist | Joe Bike","description":"Joe Bike is a team of experts and bike enthusiasts specialising in bike rentals since 1989!","robots":{"index":"index","follow":"follow","max-snippet":"max-snippet:-1","max-image-preview":"max-image-preview:large","max-video-preview":"max-video-preview:-1"},"canonical":"https:\/\/www.joebike.fr\/en\/joe-bike\/","og_locale":"en_GB","og_type":"article","og_title":"D\u00e9couvrir Joe Bike","og_description":"Joe Bike, c'est une \u00e9quipe d'experts et passionn\u00e9s de v\u00e9lo sp\u00e9cialistes de la location de v\u00e9lo depuis 1989 !","og_url":"https:\/\/www.joebike.fr\/en\/joe-bike\/","og_site_name":"Joe Bike","article_publisher":"https:\/\/www.facebook.com\/joebikefrance","article_modified_time":"2023-07-17T08:02:26+00:00","og_image":[{"width":1400,"height":723,"url":"https:\/\/www.joebike.fr\/wp-content\/uploads\/2022\/06\/JoeBike-low.jpg","type":"image\/jpeg"}],"twitter_card":"summary_large_image","schema":{"@context":"https:\/\/schema.org","@graph":[{"@type":"WebPage","@id":"https:\/\/www.joebike.fr\/joe-bike\/","url":"https:\/\/www.joebike.fr\/joe-bike\/","name":"Joe Bike, Bike Rental Specialist | Joe Bike","isPartOf":{"@id":"https:\/\/www.joebike.fr\/#website"},"primaryImageOfPage":{"@id":"https:\/\/www.joebike.fr\/joe-bike\/#primaryimage"},"image":{"@id":"https:\/\/www.joebike.fr\/joe-bike\/#primaryimage"},"thumbnailUrl":"https:\/\/www.joebike.fr\/wp-content\/uploads\/2022\/06\/JoeBike-low.jpg","datePublished":"2022-06-05T07:32:24+00:00","dateModified":"2023-07-17T08:02:26+00:00","description":"Joe Bike is a team of experts and bike enthusiasts specialising in bike rentals since 1989!","breadcrumb":{"@id":"https:\/\/www.joebike.fr\/joe-bike\/#breadcrumb"},"inLanguage":"en-GB","potentialAction":[{"@type":"ReadAction","target":["https:\/\/www.joebike.fr\/joe-bike\/"]}]},{"@type":"ImageObject","inLanguage":"en-GB","@id":"https:\/\/www.joebike.fr\/joe-bike\/#primaryimage","url":"https:\/\/www.joebike.fr\/wp-content\/uploads\/2022\/06\/JoeBike-low.jpg","contentUrl":"https:\/\/www.joebike.fr\/wp-content\/uploads\/2022\/06\/JoeBike-low.jpg","width":1400,"height":723,"caption":"V\u00e9lo de ville"},{"@type":"BreadcrumbList","@id":"https:\/\/www.joebike.fr\/joe-bike\/#breadcrumb","itemListElement":[{"@type":"ListItem","position":1,"name":"Accueil","item":"https:\/\/www.joebike.fr\/"},{"@type":"ListItem","position":2,"name":"D\u00e9couvrir Joe Bike"}]},{"@type":"WebSite","@id":"https:\/\/www.joebike.fr\/#website","url":"https:\/\/www.joebike.fr\/","name":"Joe Bike","description":"Bike hire in the Landes, the Basque Country and the Pyrenees","publisher":{"@id":"https:\/\/www.joebike.fr\/#organization"},"potentialAction":[{"@type":"SearchAction","target":{"@type":"EntryPoint","urlTemplate":"https:\/\/www.joebike.fr\/?s={search_term_string}"},"query-input":{"@type":"PropertyValueSpecification","valueRequired":true,"valueName":"search_term_string"}}],"inLanguage":"en-GB"},{"@type":"Organization","@id":"https:\/\/www.joebike.fr\/#organization","name":"Joe Bike, specialist in bike hire","url":"https:\/\/www.joebike.fr\/","logo":{"@type":"ImageObject","inLanguage":"en-GB","@id":"https:\/\/www.joebike.fr\/#\/schema\/logo\/image\/","url":"https:\/\/www.joebike.fr\/wp-content\/uploads\/2022\/04\/LOGO-JB-22_PNG.png","contentUrl":"https:\/\/www.joebike.fr\/wp-content\/uploads\/2022\/04\/LOGO-JB-22_PNG.png","width":473,"height":473,"caption":"Joe Bike, sp\u00e9cialiste en location v\u00e9lo"},"image":{"@id":"https:\/\/www.joebike.fr\/#\/schema\/logo\/image\/"},"sameAs":["https:\/\/www.facebook.com\/joebikefrance","https:\/\/www.instagram.com\/joebikefrance"]}]}},"_links":{"self":[{"href":"https:\/\/www.joebike.fr\/en\/wp-json\/wp\/v2\/pages\/493","targetHints":{"allow":["GET"]}}],"collection":[{"href":"https:\/\/www.joebike.fr\/en\/wp-json\/wp\/v2\/pages"}],"about":[{"href":"https:\/\/www.joebike.fr\/en\/wp-json\/wp\/v2\/types\/page"}],"author":[{"embeddable":true,"href":"https:\/\/www.joebike.fr\/en\/wp-json\/wp\/v2\/users\/1"}],"replies":[{"embeddable":true,"href":"https:\/\/www.joebike.fr\/en\/wp-json\/wp\/v2\/comments?post=493"}],"version-history":[{"count":0,"href":"https:\/\/www.joebike.fr\/en\/wp-json\/wp\/v2\/pages\/493\/revisions"}],"wp:featuredmedia":[{"embeddable":true,"href":"https:\/\/www.joebike.fr\/en\/wp-json\/wp\/v2\/media\/495"}],"wp:attachment":[{"href":"https:\/\/www.joebike.fr\/en\/wp-json\/wp\/v2\/media?parent=493"}],"curies":[{"name":"wp","href":"https:\/\/api.w.org\/{rel}","templated":true}]}}