{"id":7888,"date":"2024-03-25T06:52:18","date_gmt":"2024-03-25T05:52:18","guid":{"rendered":"https:\/\/www.joebike.fr\/?page_id=7888"},"modified":"2026-02-17T15:34:44","modified_gmt":"2026-02-17T14:34:44","slug":"e-performance-2","status":"publish","type":"page","link":"https:\/\/www.joebike.fr\/en\/les-velos-a-louer\/e-performance-2\/","title":{"rendered":"Performance electric bike"},"content":{"rendered":"<div data-elementor-type=\"wp-page\" data-elementor-id=\"7888\" class=\"elementor elementor-7888\" data-elementor-post-type=\"page\">\n\t\t\t\t<div class=\"elementor-element elementor-element-71e6280b e-flex e-con-boxed e-con e-parent\" data-id=\"71e6280b\" data-element_type=\"container\" data-e-type=\"container\" id=\"jb-page-header\" data-settings=\"{&quot;background_background&quot;:&quot;classic&quot;}\">\n\t\t\t\t\t<div class=\"e-con-inner\">\n\t\t\t\t<div class=\"elementor-element elementor-element-2c18a965 elementor-widget elementor-widget-heading\" data-id=\"2c18a965\" data-element_type=\"widget\" data-e-type=\"widget\" id=\"header-title\" data-widget_type=\"heading.default\">\n\t\t\t\t<div class=\"elementor-widget-container\">\n\t\t\t\t\t<h1 class=\"elementor-heading-title elementor-size-default\"><small>ELECTRIC BIKES<\/small> <\/br>premium BIKES<\/h1>\t\t\t\t<\/div>\n\t\t\t\t<\/div>\n\t\t\t\t\t<\/div>\n\t\t\t\t<\/div>\n\t\t<div class=\"elementor-element elementor-element-897733d e-flex e-con-boxed e-con e-parent\" data-id=\"897733d\" data-element_type=\"container\" data-e-type=\"container\">\n\t\t\t\t\t<div class=\"e-con-inner\">\n\t\t<div class=\"elementor-element elementor-element-90e7ede e-con-full e-flex e-con e-child\" data-id=\"90e7ede\" data-element_type=\"container\" data-e-type=\"container\">\n\t\t\t\t<div class=\"elementor-element elementor-element-b61f332 elementor-arrows-position-inside elementor-pagination-position-outside elementor-widget elementor-widget-image-carousel\" data-id=\"b61f332\" data-element_type=\"widget\" data-e-type=\"widget\" data-settings=\"{&quot;slides_to_show&quot;:&quot;1&quot;,&quot;navigation&quot;:&quot;both&quot;,&quot;autoplay&quot;:&quot;yes&quot;,&quot;pause_on_hover&quot;:&quot;yes&quot;,&quot;pause_on_interaction&quot;:&quot;yes&quot;,&quot;autoplay_speed&quot;:5000,&quot;infinite&quot;:&quot;yes&quot;,&quot;effect&quot;:&quot;slide&quot;,&quot;speed&quot;:500}\" data-widget_type=\"image-carousel.default\">\n\t\t\t\t<div class=\"elementor-widget-container\">\n\t\t\t\t\t\t\t<div class=\"elementor-image-carousel-wrapper swiper\" role=\"region\" aria-roledescription=\"carousel\" aria-label=\"Image carousel\" dir=\"ltr\">\n\t\t\t<div class=\"elementor-image-carousel swiper-wrapper\" aria-live=\"off\">\n\t\t\t\t\t\t\t\t<div class=\"swiper-slide\" role=\"group\" aria-roledescription=\"slide\" aria-label=\"1 out of 3\"><figure class=\"swiper-slide-inner\"><img decoding=\"async\" class=\"swiper-slide-image\" src=\"https:\/\/www.joebike.fr\/wp-content\/uploads\/2022\/06\/Moustache-2021-Samedi-27-Xroad-1-Open-E-VTC-PREMIUM.jpg\" alt=\"Bike\" \/><figcaption class=\"elementor-image-carousel-caption\">E-VTC MOUSTACHE SATURDAY 27 XROAD 1<\/figcaption><\/figure><\/div><div class=\"swiper-slide\" role=\"group\" aria-roledescription=\"slide\" aria-label=\"2 sur 3\"><figure class=\"swiper-slide-inner\"><img decoding=\"async\" class=\"swiper-slide-image\" src=\"https:\/\/www.joebike.fr\/wp-content\/uploads\/2022\/06\/SUNN-URB-E-VTC-PREMIUM.jpg\" alt=\"Bike\" \/><figcaption class=\"elementor-image-carousel-caption\">E-VTC SUNN URB<\/figcaption><\/figure><\/div><div class=\"swiper-slide\" role=\"group\" aria-roledescription=\"slide\" aria-label=\"3 sur 3\"><figure class=\"swiper-slide-inner\"><img decoding=\"async\" class=\"swiper-slide-image\" src=\"https:\/\/www.joebike.fr\/wp-content\/uploads\/2022\/06\/ARCADE-VITALITY-E-EVTC-PREMIUM.jpg\" alt=\"Bike\" \/><figcaption class=\"elementor-image-carousel-caption\">E-VTC ARCADE VITALITY<\/figcaption><\/figure><\/div>\t\t\t<\/div>\n\t\t\t\t\t\t\t\t\t\t\t\t<div class=\"elementor-swiper-button elementor-swiper-button-prev\" role=\"button\" tabindex=\"0\">\n\t\t\t\t\t\t<svg aria-hidden=\"true\" class=\"e-font-icon-svg e-eicon-chevron-left\" viewbox=\"0 0 1000 1000\" xmlns=\"http:\/\/www.w3.org\/2000\/svg\"><path d=\"M646 125C629 125 613 133 604 142L308 442C296 454 292 471 292 487 292 504 296 521 308 533L604 854C617 867 629 875 646 875 663 875 679 871 692 858 704 846 713 829 713 812 713 796 708 779 692 767L438 487 692 225C700 217 708 204 708 187 708 171 704 154 692 142 675 129 663 125 646 125Z\"><\/path><\/svg>\t\t\t\t\t<\/div>\n\t\t\t\t\t<div class=\"elementor-swiper-button elementor-swiper-button-next\" role=\"button\" tabindex=\"0\">\n\t\t\t\t\t\t<svg aria-hidden=\"true\" class=\"e-font-icon-svg e-eicon-chevron-right\" viewbox=\"0 0 1000 1000\" xmlns=\"http:\/\/www.w3.org\/2000\/svg\"><path d=\"M696 533C708 521 713 504 713 487 713 471 708 454 696 446L400 146C388 133 375 125 354 125 338 125 325 129 313 142 300 154 292 171 292 187 292 204 296 221 308 233L563 492 304 771C292 783 288 800 288 817 288 833 296 850 308 863 321 871 338 875 354 875 371 875 388 867 400 854L696 533Z\"><\/path><\/svg>\t\t\t\t\t<\/div>\n\t\t\t\t\n\t\t\t\t\t\t\t\t\t<div class=\"swiper-pagination\"><\/div>\n\t\t\t\t\t\t\t\t\t<\/div>\n\t\t\t\t\t\t<\/div>\n\t\t\t\t<\/div>\n\t\t\t\t<div class=\"elementor-element elementor-element-519db90 elementor-widget elementor-widget-text-editor\" data-id=\"519db90\" data-element_type=\"widget\" data-e-type=\"widget\" data-widget_type=\"text-editor.default\">\n\t\t\t\t<div class=\"elementor-widget-container\">\n\t\t\t\t\t\t\t\t\t<p><em><strong>*non-contractual photos \/ or equivalent model<\/strong><\/em><\/p>\t\t\t\t\t\t\t\t<\/div>\n\t\t\t\t<\/div>\n\t\t\t\t<\/div>\n\t\t<div class=\"elementor-element elementor-element-a12e194 e-con-full e-flex e-con e-child\" data-id=\"a12e194\" data-element_type=\"container\" data-e-type=\"container\">\n\t\t\t\t<div class=\"elementor-element elementor-element-d91db3d elementor-widget elementor-widget-heading\" data-id=\"d91db3d\" data-element_type=\"widget\" data-e-type=\"widget\" data-widget_type=\"heading.default\">\n\t\t\t\t<div class=\"elementor-widget-container\">\n\t\t\t\t\t<h3 class=\"elementor-heading-title elementor-size-default\">premium ELECTRIC BIKES<\/h3>\t\t\t\t<\/div>\n\t\t\t\t<\/div>\n\t\t\t\t<div class=\"elementor-element elementor-element-6d8e6a9 elementor-widget elementor-widget-text-editor\" data-id=\"6d8e6a9\" data-element_type=\"widget\" data-e-type=\"widget\" data-widget_type=\"text-editor.default\">\n\t\t\t\t<div class=\"elementor-widget-container\">\n\t\t\t\t\t\t\t\t\t<p>An electric bike that will seduce you with its ease and power!<\/p><ul><li>Equipped with electric assistance to help you get around<\/li><li>Central engine, for riding comfort<\/li><li>Super panier pour faire les courses<\/li><li>Night light<\/li><li>Des vitesses pour franchir les c\u00f4tes ais\u00e9ment<\/li><li>Un porte bagage pour installer un si\u00e8ge b\u00e9b\u00e9 ou des sacoches<\/li><li>Equipped with kickstand and padlock included in the rental<\/li><\/ul><p><b>Bikes \u00ab Made in France \u00bb<\/b><\/p>\t\t\t\t\t\t\t\t<\/div>\n\t\t\t\t<\/div>\n\t\t\t\t<div class=\"elementor-element elementor-element-9e82176 elementor-widget elementor-widget-spacer\" data-id=\"9e82176\" data-element_type=\"widget\" data-e-type=\"widget\" data-widget_type=\"spacer.default\">\n\t\t\t\t<div class=\"elementor-widget-container\">\n\t\t\t\t\t\t\t<div class=\"elementor-spacer\">\n\t\t\t<div class=\"elementor-spacer-inner\"><\/div>\n\t\t<\/div>\n\t\t\t\t\t\t<\/div>\n\t\t\t\t<\/div>\n\t\t\t\t<div class=\"elementor-element elementor-element-37a7546 elementor-widget elementor-widget-button\" data-id=\"37a7546\" data-element_type=\"widget\" data-e-type=\"widget\" data-widget_type=\"button.default\">\n\t\t\t\t<div class=\"elementor-widget-container\">\n\t\t\t\t\t\t\t\t\t<div class=\"elementor-button-wrapper\">\n\t\t\t\t\t<a class=\"elementor-button elementor-button-link elementor-size-sm\" href=\"https:\/\/bike-rent.skilouresa.com\/joebikelandes\/\" target=\"_blank\" rel=\"nofollow\">\n\t\t\t\t\t\t<span class=\"elementor-button-content-wrapper\">\n\t\t\t\t\t\t\t\t\t<span class=\"elementor-button-text\">Book your bike in the Landes<\/span>\n\t\t\t\t\t<\/span>\n\t\t\t\t\t<\/a>\n\t\t\t\t<\/div>\n\t\t\t\t\t\t\t\t<\/div>\n\t\t\t\t<\/div>\n\t\t\t\t<div class=\"elementor-element elementor-element-a06aa17 elementor-widget elementor-widget-button\" data-id=\"a06aa17\" data-element_type=\"widget\" data-e-type=\"widget\" data-widget_type=\"button.default\">\n\t\t\t\t<div class=\"elementor-widget-container\">\n\t\t\t\t\t\t\t\t\t<div class=\"elementor-button-wrapper\">\n\t\t\t\t\t<a class=\"elementor-button elementor-button-link elementor-size-sm\" href=\"https:\/\/location-velo.veloresa1.com\/joebikepaysbasque\/\" target=\"_blank\" rel=\"nofollow\">\n\t\t\t\t\t\t<span class=\"elementor-button-content-wrapper\">\n\t\t\t\t\t\t\t\t\t<span class=\"elementor-button-text\">Book your bike in the Basque Country<\/span>\n\t\t\t\t\t<\/span>\n\t\t\t\t\t<\/a>\n\t\t\t\t<\/div>\n\t\t\t\t\t\t\t\t<\/div>\n\t\t\t\t<\/div>\n\t\t\t\t<\/div>\n\t\t\t\t\t<\/div>\n\t\t\t\t<\/div>\n\t\t<div class=\"elementor-element elementor-element-ee86994 e-flex e-con-boxed e-con e-parent\" data-id=\"ee86994\" data-element_type=\"container\" data-e-type=\"container\" data-settings=\"{&quot;background_background&quot;:&quot;classic&quot;}\">\n\t\t\t\t\t<div class=\"e-con-inner\">\n\t\t\t\t<div class=\"elementor-element elementor-element-71523c2 elementor-widget elementor-widget-heading\" data-id=\"71523c2\" data-element_type=\"widget\" data-e-type=\"widget\" data-widget_type=\"heading.default\">\n\t\t\t\t<div class=\"elementor-widget-container\">\n\t\t\t\t\t<h3 class=\"elementor-heading-title elementor-size-default\">POUR QUI ? <\/h3>\t\t\t\t<\/div>\n\t\t\t\t<\/div>\n\t\t\t\t<div class=\"elementor-element elementor-element-dd1c1a8 elementor-widget elementor-widget-text-editor\" data-id=\"dd1c1a8\" data-element_type=\"widget\" data-e-type=\"widget\" data-widget_type=\"text-editor.default\">\n\t\t\t\t<div class=\"elementor-widget-container\">\n\t\t\t\t\t\t\t\t\t<p>Le v\u00e9lo \u00e9lectrique Performance est parfait pour les cyclistes qui veulent rouler plus loin et plus facilement. Gr\u00e2ce \u00e0 l\u2019assistance \u00e9lectrique puissante, ce v\u00e9lo vous aide \u00e0 franchir les c\u00f4tes, explorer la c\u00f4te ou les paysages vallonn\u00e9s sans effort excessif, tout en restant accessible \u00e0 ceux qui n\u2019ont pas l\u2019habitude de faire de longues sorties \u00e0 v\u00e9lo.<br \/>Con\u00e7u pour la ville, les longues balades et les trajets quotidiens, il convient aussi tr\u00e8s bien aux excursions sur routes, pistes cyclables ou chemins faciles. Son moteur central et ses \u00e9quipements pratiques (panier, \u00e9clairage, porte-bagages) facilitent le transport de vos affaires, vos courses ou votre pique-nique.<br \/>Ce v\u00e9lo s\u2019adresse \u00e0 ceux qui veulent profiter du v\u00e9lo sans se limiter par la distance ou le d\u00e9nivel\u00e9, en famille ou entre amis, tout en gardant du confort et de la libert\u00e9 sur des terrains vari\u00e9s.<\/p>\t\t\t\t\t\t\t\t<\/div>\n\t\t\t\t<\/div>\n\t\t\t\t\t<\/div>\n\t\t\t\t<\/div>\n\t\t\t\t<\/div>","protected":false},"excerpt":{"rendered":"<p>V\u00c9LO \u00c9LECTRIQUES V\u00c9LOS premium E-VTC MOUSTACHE SAMEDI 27 XROAD 1 E-VTC SUNN URB E-VTC ARCADE VITALITY *photos non contractuelles \/ ou mod\u00e8le \u00e9quivalent V\u00c9LOS \u00c9LECTRIQUES premium Un v\u00e9lo \u00e9lectrique qui vous s\u00e9duira par son aisance et sa puissance\u00a0! Equip\u00e9 d\u2019une assistance \u00e9lectrique pour vous aider dans vos d\u00e9placements Moteur central, pour un confort de pilotage [&hellip;]<\/p>\n","protected":false},"author":1,"featured_media":6875,"parent":14958,"menu_order":0,"comment_status":"closed","ping_status":"closed","template":"elementor_header_footer","meta":{"_acf_changed":false,"footnotes":""},"class_list":["post-7888","page","type-page","status-publish","has-post-thumbnail","hentry"],"acf":[],"yoast_head":"<!-- This site is optimized with the Yoast SEO Premium plugin v26.6 (Yoast SEO v27.3) - https:\/\/yoast.com\/product\/yoast-seo-premium-wordpress\/ -->\n<title>Location v\u00e9lo \u00e9lectrique Premium avec Joe Bike<\/title>\n<meta name=\"description\" content=\"Un v\u00e9lo \u00e9lectrique qui vous s\u00e9duira par son aisance et sa puissance. Equip\u00e9 d\u2019une assistance \u00e9lectrique pour vous aider dans vos d\u00e9placements\" \/>\n<meta name=\"robots\" content=\"index, follow, max-snippet:-1, max-image-preview:large, max-video-preview:-1\" \/>\n<link rel=\"canonical\" href=\"https:\/\/www.joebike.fr\/en\/les-velos-a-louer\/e-performance-2\/\" \/>\n<meta property=\"og:locale\" content=\"en_GB\" \/>\n<meta property=\"og:type\" content=\"article\" \/>\n<meta property=\"og:title\" content=\"V\u00e9lo \u00e9lectrique performance\" \/>\n<meta property=\"og:description\" content=\"Un v\u00e9lo \u00e9lectrique qui vous s\u00e9duira par son aisance et sa puissance. Equip\u00e9 d\u2019une assistance \u00e9lectrique pour vous aider dans vos d\u00e9placements\" \/>\n<meta property=\"og:url\" content=\"https:\/\/www.joebike.fr\/en\/les-velos-a-louer\/e-performance-2\/\" \/>\n<meta property=\"og:site_name\" content=\"Joe Bike\" \/>\n<meta property=\"article:publisher\" content=\"https:\/\/www.facebook.com\/joebikefrance\" \/>\n<meta property=\"article:modified_time\" content=\"2026-02-17T14:34:44+00:00\" \/>\n<meta property=\"og:image\" content=\"https:\/\/www.joebike.fr\/wp-content\/uploads\/2024\/03\/Louer-velo-Anglet.png\" \/>\n\t<meta property=\"og:image:width\" content=\"800\" \/>\n\t<meta property=\"og:image:height\" content=\"1200\" \/>\n\t<meta property=\"og:image:type\" content=\"image\/png\" \/>\n<meta name=\"twitter:card\" content=\"summary_large_image\" \/>\n<script type=\"application\/ld+json\" class=\"yoast-schema-graph\">{\"@context\":\"https:\\\/\\\/schema.org\",\"@graph\":[{\"@type\":\"WebPage\",\"@id\":\"https:\\\/\\\/www.joebike.fr\\\/les-velos-a-louer\\\/e-performance\\\/\",\"url\":\"https:\\\/\\\/www.joebike.fr\\\/les-velos-a-louer\\\/e-performance\\\/\",\"name\":\"Location v\u00e9lo \u00e9lectrique Premium avec Joe Bike\",\"isPartOf\":{\"@id\":\"https:\\\/\\\/www.joebike.fr\\\/#website\"},\"primaryImageOfPage\":{\"@id\":\"https:\\\/\\\/www.joebike.fr\\\/les-velos-a-louer\\\/e-performance\\\/#primaryimage\"},\"image\":{\"@id\":\"https:\\\/\\\/www.joebike.fr\\\/les-velos-a-louer\\\/e-performance\\\/#primaryimage\"},\"thumbnailUrl\":\"https:\\\/\\\/www.joebike.fr\\\/wp-content\\\/uploads\\\/2024\\\/03\\\/Louer-velo-Anglet.png\",\"datePublished\":\"2024-03-25T05:52:18+00:00\",\"dateModified\":\"2026-02-17T14:34:44+00:00\",\"description\":\"Un v\u00e9lo \u00e9lectrique qui vous s\u00e9duira par son aisance et sa puissance. Equip\u00e9 d\u2019une assistance \u00e9lectrique pour vous aider dans vos d\u00e9placements\",\"breadcrumb\":{\"@id\":\"https:\\\/\\\/www.joebike.fr\\\/les-velos-a-louer\\\/e-performance\\\/#breadcrumb\"},\"inLanguage\":\"en-GB\",\"potentialAction\":[{\"@type\":\"ReadAction\",\"target\":[\"https:\\\/\\\/www.joebike.fr\\\/les-velos-a-louer\\\/e-performance\\\/\"]}]},{\"@type\":\"ImageObject\",\"inLanguage\":\"en-GB\",\"@id\":\"https:\\\/\\\/www.joebike.fr\\\/les-velos-a-louer\\\/e-performance\\\/#primaryimage\",\"url\":\"https:\\\/\\\/www.joebike.fr\\\/wp-content\\\/uploads\\\/2024\\\/03\\\/Louer-velo-Anglet.png\",\"contentUrl\":\"https:\\\/\\\/www.joebike.fr\\\/wp-content\\\/uploads\\\/2024\\\/03\\\/Louer-velo-Anglet.png\",\"width\":800,\"height\":1200},{\"@type\":\"BreadcrumbList\",\"@id\":\"https:\\\/\\\/www.joebike.fr\\\/les-velos-a-louer\\\/e-performance\\\/#breadcrumb\",\"itemListElement\":[{\"@type\":\"ListItem\",\"position\":1,\"name\":\"Accueil\",\"item\":\"https:\\\/\\\/www.joebike.fr\\\/\"},{\"@type\":\"ListItem\",\"position\":2,\"name\":\"LOCATION V\u00c9LOS G\u00c9N\u00c9RIQUE ( 2026)\",\"item\":\"https:\\\/\\\/www.joebike.fr\\\/les-velos-a-louer\\\/\"},{\"@type\":\"ListItem\",\"position\":3,\"name\":\"V\u00e9lo \u00e9lectrique performance\"}]},{\"@type\":\"WebSite\",\"@id\":\"https:\\\/\\\/www.joebike.fr\\\/#website\",\"url\":\"https:\\\/\\\/www.joebike.fr\\\/\",\"name\":\"Joe Bike\",\"description\":\"Location de v\u00e9lo dans les Landes, le Pays Basque et les Pyr\u00e9n\u00e9es\",\"publisher\":{\"@id\":\"https:\\\/\\\/www.joebike.fr\\\/#organization\"},\"potentialAction\":[{\"@type\":\"SearchAction\",\"target\":{\"@type\":\"EntryPoint\",\"urlTemplate\":\"https:\\\/\\\/www.joebike.fr\\\/?s={search_term_string}\"},\"query-input\":{\"@type\":\"PropertyValueSpecification\",\"valueRequired\":true,\"valueName\":\"search_term_string\"}}],\"inLanguage\":\"en-GB\"},{\"@type\":\"Organization\",\"@id\":\"https:\\\/\\\/www.joebike.fr\\\/#organization\",\"name\":\"Joe Bike, sp\u00e9cialiste en location v\u00e9lo\",\"url\":\"https:\\\/\\\/www.joebike.fr\\\/\",\"logo\":{\"@type\":\"ImageObject\",\"inLanguage\":\"en-GB\",\"@id\":\"https:\\\/\\\/www.joebike.fr\\\/#\\\/schema\\\/logo\\\/image\\\/\",\"url\":\"https:\\\/\\\/www.joebike.fr\\\/wp-content\\\/uploads\\\/2022\\\/04\\\/LOGO-JB-22_PNG.png\",\"contentUrl\":\"https:\\\/\\\/www.joebike.fr\\\/wp-content\\\/uploads\\\/2022\\\/04\\\/LOGO-JB-22_PNG.png\",\"width\":473,\"height\":473,\"caption\":\"Joe Bike, sp\u00e9cialiste en location v\u00e9lo\"},\"image\":{\"@id\":\"https:\\\/\\\/www.joebike.fr\\\/#\\\/schema\\\/logo\\\/image\\\/\"},\"sameAs\":[\"https:\\\/\\\/www.facebook.com\\\/joebikefrance\",\"https:\\\/\\\/www.instagram.com\\\/joebikefrance\"]}]}<\/script>\n<!-- \/ Yoast SEO Premium plugin. -->","yoast_head_json":{"title":"Premium electric bike hire with Joe Bike","description":"This electric bike will win you over with its ease and power. Equipped with electric assistance to help you get around.","robots":{"index":"index","follow":"follow","max-snippet":"max-snippet:-1","max-image-preview":"max-image-preview:large","max-video-preview":"max-video-preview:-1"},"canonical":"https:\/\/www.joebike.fr\/en\/les-velos-a-louer\/e-performance-2\/","og_locale":"en_GB","og_type":"article","og_title":"V\u00e9lo \u00e9lectrique performance","og_description":"Un v\u00e9lo \u00e9lectrique qui vous s\u00e9duira par son aisance et sa puissance. Equip\u00e9 d\u2019une assistance \u00e9lectrique pour vous aider dans vos d\u00e9placements","og_url":"https:\/\/www.joebike.fr\/en\/les-velos-a-louer\/e-performance-2\/","og_site_name":"Joe Bike","article_publisher":"https:\/\/www.facebook.com\/joebikefrance","article_modified_time":"2026-02-17T14:34:44+00:00","og_image":[{"width":800,"height":1200,"url":"https:\/\/www.joebike.fr\/wp-content\/uploads\/2024\/03\/Louer-velo-Anglet.png","type":"image\/png"}],"twitter_card":"summary_large_image","schema":{"@context":"https:\/\/schema.org","@graph":[{"@type":"WebPage","@id":"https:\/\/www.joebike.fr\/les-velos-a-louer\/e-performance\/","url":"https:\/\/www.joebike.fr\/les-velos-a-louer\/e-performance\/","name":"Premium electric bike hire with Joe Bike","isPartOf":{"@id":"https:\/\/www.joebike.fr\/#website"},"primaryImageOfPage":{"@id":"https:\/\/www.joebike.fr\/les-velos-a-louer\/e-performance\/#primaryimage"},"image":{"@id":"https:\/\/www.joebike.fr\/les-velos-a-louer\/e-performance\/#primaryimage"},"thumbnailUrl":"https:\/\/www.joebike.fr\/wp-content\/uploads\/2024\/03\/Louer-velo-Anglet.png","datePublished":"2024-03-25T05:52:18+00:00","dateModified":"2026-02-17T14:34:44+00:00","description":"This electric bike will win you over with its ease and power. Equipped with electric assistance to help you get around.","breadcrumb":{"@id":"https:\/\/www.joebike.fr\/les-velos-a-louer\/e-performance\/#breadcrumb"},"inLanguage":"en-GB","potentialAction":[{"@type":"ReadAction","target":["https:\/\/www.joebike.fr\/les-velos-a-louer\/e-performance\/"]}]},{"@type":"ImageObject","inLanguage":"en-GB","@id":"https:\/\/www.joebike.fr\/les-velos-a-louer\/e-performance\/#primaryimage","url":"https:\/\/www.joebike.fr\/wp-content\/uploads\/2024\/03\/Louer-velo-Anglet.png","contentUrl":"https:\/\/www.joebike.fr\/wp-content\/uploads\/2024\/03\/Louer-velo-Anglet.png","width":800,"height":1200},{"@type":"BreadcrumbList","@id":"https:\/\/www.joebike.fr\/les-velos-a-louer\/e-performance\/#breadcrumb","itemListElement":[{"@type":"ListItem","position":1,"name":"Accueil","item":"https:\/\/www.joebike.fr\/"},{"@type":"ListItem","position":2,"name":"LOCATION V\u00c9LOS G\u00c9N\u00c9RIQUE ( 2026)","item":"https:\/\/www.joebike.fr\/les-velos-a-louer\/"},{"@type":"ListItem","position":3,"name":"V\u00e9lo \u00e9lectrique performance"}]},{"@type":"WebSite","@id":"https:\/\/www.joebike.fr\/#website","url":"https:\/\/www.joebike.fr\/","name":"Joe Bike","description":"Bike hire in the Landes, the Basque Country and the Pyrenees","publisher":{"@id":"https:\/\/www.joebike.fr\/#organization"},"potentialAction":[{"@type":"SearchAction","target":{"@type":"EntryPoint","urlTemplate":"https:\/\/www.joebike.fr\/?s={search_term_string}"},"query-input":{"@type":"PropertyValueSpecification","valueRequired":true,"valueName":"search_term_string"}}],"inLanguage":"en-GB"},{"@type":"Organization","@id":"https:\/\/www.joebike.fr\/#organization","name":"Joe Bike, specialist in bike hire","url":"https:\/\/www.joebike.fr\/","logo":{"@type":"ImageObject","inLanguage":"en-GB","@id":"https:\/\/www.joebike.fr\/#\/schema\/logo\/image\/","url":"https:\/\/www.joebike.fr\/wp-content\/uploads\/2022\/04\/LOGO-JB-22_PNG.png","contentUrl":"https:\/\/www.joebike.fr\/wp-content\/uploads\/2022\/04\/LOGO-JB-22_PNG.png","width":473,"height":473,"caption":"Joe Bike, sp\u00e9cialiste en location v\u00e9lo"},"image":{"@id":"https:\/\/www.joebike.fr\/#\/schema\/logo\/image\/"},"sameAs":["https:\/\/www.facebook.com\/joebikefrance","https:\/\/www.instagram.com\/joebikefrance"]}]}},"_links":{"self":[{"href":"https:\/\/www.joebike.fr\/en\/wp-json\/wp\/v2\/pages\/7888","targetHints":{"allow":["GET"]}}],"collection":[{"href":"https:\/\/www.joebike.fr\/en\/wp-json\/wp\/v2\/pages"}],"about":[{"href":"https:\/\/www.joebike.fr\/en\/wp-json\/wp\/v2\/types\/page"}],"author":[{"embeddable":true,"href":"https:\/\/www.joebike.fr\/en\/wp-json\/wp\/v2\/users\/1"}],"replies":[{"embeddable":true,"href":"https:\/\/www.joebike.fr\/en\/wp-json\/wp\/v2\/comments?post=7888"}],"version-history":[{"count":0,"href":"https:\/\/www.joebike.fr\/en\/wp-json\/wp\/v2\/pages\/7888\/revisions"}],"up":[{"embeddable":true,"href":"https:\/\/www.joebike.fr\/en\/wp-json\/wp\/v2\/pages\/14958"}],"wp:featuredmedia":[{"embeddable":true,"href":"https:\/\/www.joebike.fr\/en\/wp-json\/wp\/v2\/media\/6875"}],"wp:attachment":[{"href":"https:\/\/www.joebike.fr\/en\/wp-json\/wp\/v2\/media?parent=7888"}],"curies":[{"name":"wp","href":"https:\/\/api.w.org\/{rel}","templated":true}]}}