{"id":8582,"date":"2024-03-29T16:37:01","date_gmt":"2024-03-29T15:37:01","guid":{"rendered":"https:\/\/www.joebike.fr\/?page_id=8582"},"modified":"2026-02-17T15:40:43","modified_gmt":"2026-02-17T14:40:43","slug":"velo-voyage","status":"publish","type":"page","link":"https:\/\/www.joebike.fr\/en\/les-velos-a-louer\/velo-voyage\/","title":{"rendered":"Bicycle travel"},"content":{"rendered":"<div data-elementor-type=\"wp-page\" data-elementor-id=\"8582\" class=\"elementor elementor-8582\" data-elementor-post-type=\"page\">\n\t\t\t\t<div class=\"elementor-element elementor-element-71e6280b e-flex e-con-boxed e-con e-parent\" data-id=\"71e6280b\" data-element_type=\"container\" data-e-type=\"container\" id=\"jb-page-header\" data-settings=\"{&quot;background_background&quot;:&quot;classic&quot;}\">\n\t\t\t\t\t<div class=\"e-con-inner\">\n\t\t\t\t<div class=\"elementor-element elementor-element-2c18a965 elementor-widget elementor-widget-heading\" data-id=\"2c18a965\" data-element_type=\"widget\" data-e-type=\"widget\" id=\"header-title\" data-widget_type=\"heading.default\">\n\t\t\t\t<div class=\"elementor-widget-container\">\n\t\t\t\t\t<h1 class=\"elementor-heading-title elementor-size-default\"><small>drive off the beaten track<\/small> <\/br>Travel bikes<\/h1>\t\t\t\t<\/div>\n\t\t\t\t<\/div>\n\t\t\t\t\t<\/div>\n\t\t\t\t<\/div>\n\t\t<div class=\"elementor-element elementor-element-897733d e-flex e-con-boxed e-con e-parent\" data-id=\"897733d\" data-element_type=\"container\" data-e-type=\"container\">\n\t\t\t\t\t<div class=\"e-con-inner\">\n\t\t<div class=\"elementor-element elementor-element-90e7ede e-con-full e-flex e-con e-child\" data-id=\"90e7ede\" data-element_type=\"container\" data-e-type=\"container\">\n\t\t\t\t<div class=\"elementor-element elementor-element-a70ad00 elementor-widget elementor-widget-image\" data-id=\"a70ad00\" data-element_type=\"widget\" data-e-type=\"widget\" data-widget_type=\"image.default\">\n\t\t\t\t<div class=\"elementor-widget-container\">\n\t\t\t\t\t\t\t\t\t\t\t\t<figure class=\"wp-caption\">\n\t\t\t\t\t\t\t\t\t\t<img fetchpriority=\"high\" decoding=\"async\" width=\"800\" height=\"518\" src=\"https:\/\/www.joebike.fr\/wp-content\/uploads\/2024\/03\/touring-1024x663.jpeg\" class=\"attachment-large size-large wp-image-8584\" alt=\"\" srcset=\"https:\/\/www.joebike.fr\/wp-content\/uploads\/2024\/03\/touring-1024x663.jpeg 1024w, https:\/\/www.joebike.fr\/wp-content\/uploads\/2024\/03\/touring-scaled-600x388.jpeg 600w, https:\/\/www.joebike.fr\/wp-content\/uploads\/2024\/03\/touring-300x194.jpeg 300w, https:\/\/www.joebike.fr\/wp-content\/uploads\/2024\/03\/touring-768x497.jpeg 768w, https:\/\/www.joebike.fr\/wp-content\/uploads\/2024\/03\/touring-1536x994.jpeg 1536w, https:\/\/www.joebike.fr\/wp-content\/uploads\/2024\/03\/touring-2048x1325.jpeg 2048w, https:\/\/www.joebike.fr\/wp-content\/uploads\/2024\/03\/touring-18x12.jpeg 18w\" sizes=\"(max-width: 800px) 100vw, 800px\" \/>\t\t\t\t\t\t\t\t\t\t\t<figcaption class=\"widget-image-caption wp-caption-text\">Cube touring bike<\/figcaption>\n\t\t\t\t\t\t\t\t\t\t<\/figure>\n\t\t\t\t\t\t\t\t\t<\/div>\n\t\t\t\t<\/div>\n\t\t\t\t<div class=\"elementor-element elementor-element-519db90 elementor-widget elementor-widget-text-editor\" data-id=\"519db90\" data-element_type=\"widget\" data-e-type=\"widget\" data-widget_type=\"text-editor.default\">\n\t\t\t\t<div class=\"elementor-widget-container\">\n\t\t\t\t\t\t\t\t\t<p><em><strong>*non-contractual photo \/ or equivalent model<\/strong><\/em><\/p>\t\t\t\t\t\t\t\t<\/div>\n\t\t\t\t<\/div>\n\t\t\t\t<\/div>\n\t\t<div class=\"elementor-element elementor-element-a12e194 e-con-full e-flex e-con e-child\" data-id=\"a12e194\" data-element_type=\"container\" data-e-type=\"container\">\n\t\t\t\t<div class=\"elementor-element elementor-element-d91db3d elementor-widget elementor-widget-heading\" data-id=\"d91db3d\" data-element_type=\"widget\" data-e-type=\"widget\" data-widget_type=\"heading.default\">\n\t\t\t\t<div class=\"elementor-widget-container\">\n\t\t\t\t\t<h3 class=\"elementor-heading-title elementor-size-default\">BIKE TRAVEL<\/h3>\t\t\t\t<\/div>\n\t\t\t\t<\/div>\n\t\t\t\t<div class=\"elementor-element elementor-element-6d8e6a9 elementor-widget elementor-widget-text-editor\" data-id=\"6d8e6a9\" data-element_type=\"widget\" data-e-type=\"widget\" data-widget_type=\"text-editor.default\">\n\t\t\t\t<div class=\"elementor-widget-container\">\n\t\t\t\t\t\t\t\t\t<p>Voyagez hors des sentiers battus aux guidons de nos v\u00e9los de Trekking. Leurs confort, tenue de route et technicit\u00e9, vous permettront de vous offrir le plus beaux des voyages \u00e0 v\u00e9lo. Gr\u00e2ce \u00e0 notre service de location de kit trekking (tarifs kit trekking parmi les accessoires), vous aurez tout ce dont vous avez besoin pour vous lancer dans cette formidable aventure en v\u00e9lo de trekking.<\/p>\t\t\t\t\t\t\t\t<\/div>\n\t\t\t\t<\/div>\n\t\t\t\t<div class=\"elementor-element elementor-element-42a5336 elementor-widget elementor-widget-button\" data-id=\"42a5336\" data-element_type=\"widget\" data-e-type=\"widget\" data-widget_type=\"button.default\">\n\t\t\t\t<div class=\"elementor-widget-container\">\n\t\t\t\t\t\t\t\t\t<div class=\"elementor-button-wrapper\">\n\t\t\t\t\t<a class=\"elementor-button elementor-button-link elementor-size-sm\" href=\"https:\/\/location-velo.veloresa1.com\/joebikepaysbasque\/\" target=\"_blank\" rel=\"nofollow\">\n\t\t\t\t\t\t<span class=\"elementor-button-content-wrapper\">\n\t\t\t\t\t\t\t\t\t<span class=\"elementor-button-text\">Book your bike trip<\/span>\n\t\t\t\t\t<\/span>\n\t\t\t\t\t<\/a>\n\t\t\t\t<\/div>\n\t\t\t\t\t\t\t\t<\/div>\n\t\t\t\t<\/div>\n\t\t\t\t<div class=\"elementor-element elementor-element-9e82176 elementor-widget elementor-widget-spacer\" data-id=\"9e82176\" data-element_type=\"widget\" data-e-type=\"widget\" data-widget_type=\"spacer.default\">\n\t\t\t\t<div class=\"elementor-widget-container\">\n\t\t\t\t\t\t\t<div class=\"elementor-spacer\">\n\t\t\t<div class=\"elementor-spacer-inner\"><\/div>\n\t\t<\/div>\n\t\t\t\t\t\t<\/div>\n\t\t\t\t<\/div>\n\t\t\t\t<\/div>\n\t\t\t\t\t<\/div>\n\t\t\t\t<\/div>\n\t\t<div class=\"elementor-element elementor-element-6355243 e-flex e-con-boxed e-con e-parent\" data-id=\"6355243\" data-element_type=\"container\" data-e-type=\"container\">\n\t\t\t\t\t<div class=\"e-con-inner\">\n\t\t<div class=\"elementor-element elementor-element-13fff5d e-con-full e-flex e-con e-child\" data-id=\"13fff5d\" data-element_type=\"container\" data-e-type=\"container\">\n\t\t\t\t<div class=\"elementor-element elementor-element-aff375b elementor-widget elementor-widget-heading\" data-id=\"aff375b\" data-element_type=\"widget\" data-e-type=\"widget\" data-widget_type=\"heading.default\">\n\t\t\t\t<div class=\"elementor-widget-container\">\n\t\t\t\t\t<h3 class=\"elementor-heading-title elementor-size-default\">Freedom and flexibility<\/h3>\t\t\t\t<\/div>\n\t\t\t\t<\/div>\n\t\t\t\t<div class=\"elementor-element elementor-element-d83278c elementor-widget elementor-widget-text-editor\" data-id=\"d83278c\" data-element_type=\"widget\" data-e-type=\"widget\" data-widget_type=\"text-editor.default\">\n\t\t\t\t<div class=\"elementor-widget-container\">\n\t\t\t\t\t\t\t\t\t<p>Cycle touring offers total freedom of movement and incomparable flexibility for exploring new places. Unlike travelling by car or public transport, cyclists can choose their own route, stopping whenever they like to admire the scenery, take photos or simply rest. This freedom allows travellers to fully immerse themselves in their environment and discover places off the beaten track.<\/p>\t\t\t\t\t\t\t\t<\/div>\n\t\t\t\t<\/div>\n\t\t\t\t<\/div>\n\t\t<div class=\"elementor-element elementor-element-e464ab2 e-con-full e-flex e-con e-child\" data-id=\"e464ab2\" data-element_type=\"container\" data-e-type=\"container\">\n\t\t\t\t<div class=\"elementor-element elementor-element-5e3fdcc elementor-widget elementor-widget-heading\" data-id=\"5e3fdcc\" data-element_type=\"widget\" data-e-type=\"widget\" data-widget_type=\"heading.default\">\n\t\t\t\t<div class=\"elementor-widget-container\">\n\t\t\t\t\t<h3 class=\"elementor-heading-title elementor-size-default\">Contact with nature and cultural immersion <\/h3>\t\t\t\t<\/div>\n\t\t\t\t<\/div>\n\t\t\t\t<div class=\"elementor-element elementor-element-75e32b9 elementor-widget elementor-widget-text-editor\" data-id=\"75e32b9\" data-element_type=\"widget\" data-e-type=\"widget\" data-widget_type=\"text-editor.default\">\n\t\t\t\t<div class=\"elementor-widget-container\">\n\t\t\t\t\t\t\t\t\t<p>Travelling by bike allows cyclists to connect directly with nature and local communities. Pedalling through varied landscapes, travellers can feel the subtle changes in the environment, smell the scents of nature and hear the sounds of wildlife. What's more, cycle touring encourages interaction with local people, offering authentic cultural immersion and enriching exchanges with the local populations encountered along the way.<\/p>\t\t\t\t\t\t\t\t<\/div>\n\t\t\t\t<\/div>\n\t\t\t\t<\/div>\n\t\t\t\t\t<\/div>\n\t\t\t\t<\/div>\n\t\t<div class=\"elementor-element elementor-element-489794a e-flex e-con-boxed e-con e-parent\" data-id=\"489794a\" data-element_type=\"container\" data-e-type=\"container\" data-settings=\"{&quot;background_background&quot;:&quot;classic&quot;}\">\n\t\t\t\t\t<div class=\"e-con-inner\">\n\t\t\t\t<div class=\"elementor-element elementor-element-c1c0d7b elementor-widget elementor-widget-heading\" data-id=\"c1c0d7b\" data-element_type=\"widget\" data-e-type=\"widget\" data-widget_type=\"heading.default\">\n\t\t\t\t<div class=\"elementor-widget-container\">\n\t\t\t\t\t<h3 class=\"elementor-heading-title elementor-size-default\">Explore the roads of the Basque coast on a touring bike<\/h3>\t\t\t\t<\/div>\n\t\t\t\t<\/div>\n\t\t\t\t<div class=\"elementor-element elementor-element-b1c3d87 elementor-widget elementor-widget-text-editor\" data-id=\"b1c3d87\" data-element_type=\"widget\" data-e-type=\"widget\" data-widget_type=\"text-editor.default\">\n\t\t\t\t<div class=\"elementor-widget-container\">\n\t\t\t\t\t\t\t\t\t<p>Looking for a hassle-free cycling holiday? Check out the many itineraries ideal for cycling holidays and discover the jewels of the Basque Country.<\/p>\t\t\t\t\t\t\t\t<\/div>\n\t\t\t\t<\/div>\n\t\t\t\t<div class=\"elementor-element elementor-element-0fce96f elementor-align-center elementor-widget elementor-widget-button\" data-id=\"0fce96f\" data-element_type=\"widget\" data-e-type=\"widget\" data-widget_type=\"button.default\">\n\t\t\t\t<div class=\"elementor-widget-container\">\n\t\t\t\t\t\t\t\t\t<div class=\"elementor-button-wrapper\">\n\t\t\t\t\t<a class=\"elementor-button elementor-button-link elementor-size-sm\" href=\"https:\/\/www.joebike.fr\/en\/our-cycling-routes\/basque-country-2\/\" target=\"_blank\" rel=\"nofollow\">\n\t\t\t\t\t\t<span class=\"elementor-button-content-wrapper\">\n\t\t\t\t\t\t\t\t\t<span class=\"elementor-button-text\">Our bike routes<\/span>\n\t\t\t\t\t<\/span>\n\t\t\t\t\t<\/a>\n\t\t\t\t<\/div>\n\t\t\t\t\t\t\t\t<\/div>\n\t\t\t\t<\/div>\n\t\t\t\t\t<\/div>\n\t\t\t\t<\/div>\n\t\t\t\t<\/div>","protected":false},"excerpt":{"rendered":"<p>roulez hors des sentiers battus V\u00e9los voyage V\u00e9lo touring Cube *photo non contractuelle \/ ou mod\u00e8le \u00e9quivalent V\u00c9LO VOYAGE Voyagez hors des sentiers battus aux guidons de nos v\u00e9los de Trekking. Leurs confort, tenue de route et technicit\u00e9, vous permettront de vous offrir le plus beaux des voyages \u00e0 v\u00e9lo. Gr\u00e2ce \u00e0 notre service de [&hellip;]<\/p>\n","protected":false},"author":1,"featured_media":8594,"parent":14958,"menu_order":0,"comment_status":"closed","ping_status":"closed","template":"elementor_header_footer","meta":{"_acf_changed":false,"footnotes":""},"class_list":["post-8582","page","type-page","status-publish","has-post-thumbnail","hentry"],"acf":[],"yoast_head":"<!-- This site is optimized with the Yoast SEO Premium plugin v26.6 (Yoast SEO v27.4) - https:\/\/yoast.com\/product\/yoast-seo-premium-wordpress\/ -->\n<title>Location v\u00e9lo voyage au Pays Basque avec Joe Bike<\/title>\n<meta name=\"description\" content=\"Voyagez hors des sentiers battus aux guidons de nos v\u00e9los voyage. Confort, tenue de route et technicit\u00e9, vous permettront profiter un maximum\" \/>\n<meta name=\"robots\" content=\"index, follow, max-snippet:-1, max-image-preview:large, max-video-preview:-1\" \/>\n<link rel=\"canonical\" href=\"https:\/\/www.joebike.fr\/en\/les-velos-a-louer\/velo-voyage\/\" \/>\n<meta property=\"og:locale\" content=\"en_GB\" \/>\n<meta property=\"og:type\" content=\"article\" \/>\n<meta property=\"og:title\" content=\"V\u00e9lo voyage\" \/>\n<meta property=\"og:description\" content=\"Voyagez hors des sentiers battus aux guidons de nos v\u00e9los voyage. Confort, tenue de route et technicit\u00e9, vous permettront profiter un maximum\" \/>\n<meta property=\"og:url\" content=\"https:\/\/www.joebike.fr\/en\/les-velos-a-louer\/velo-voyage\/\" \/>\n<meta property=\"og:site_name\" content=\"Joe Bike\" \/>\n<meta property=\"article:publisher\" content=\"https:\/\/www.facebook.com\/joebikefrance\" \/>\n<meta property=\"article:modified_time\" content=\"2026-02-17T14:40:43+00:00\" \/>\n<meta property=\"og:image\" content=\"https:\/\/www.joebike.fr\/wp-content\/uploads\/2024\/03\/Velo-voyage-Joe-Bike.png\" \/>\n\t<meta property=\"og:image:width\" content=\"600\" \/>\n\t<meta property=\"og:image:height\" content=\"500\" \/>\n\t<meta property=\"og:image:type\" content=\"image\/png\" \/>\n<meta name=\"twitter:card\" content=\"summary_large_image\" \/>\n<script type=\"application\/ld+json\" class=\"yoast-schema-graph\">{\"@context\":\"https:\\\/\\\/schema.org\",\"@graph\":[{\"@type\":\"WebPage\",\"@id\":\"https:\\\/\\\/www.joebike.fr\\\/les-velos-a-louer\\\/velo-voyage\\\/\",\"url\":\"https:\\\/\\\/www.joebike.fr\\\/les-velos-a-louer\\\/velo-voyage\\\/\",\"name\":\"Location v\u00e9lo voyage au Pays Basque avec Joe Bike\",\"isPartOf\":{\"@id\":\"https:\\\/\\\/www.joebike.fr\\\/#website\"},\"primaryImageOfPage\":{\"@id\":\"https:\\\/\\\/www.joebike.fr\\\/les-velos-a-louer\\\/velo-voyage\\\/#primaryimage\"},\"image\":{\"@id\":\"https:\\\/\\\/www.joebike.fr\\\/les-velos-a-louer\\\/velo-voyage\\\/#primaryimage\"},\"thumbnailUrl\":\"https:\\\/\\\/www.joebike.fr\\\/wp-content\\\/uploads\\\/2024\\\/03\\\/Velo-voyage-Joe-Bike.png\",\"datePublished\":\"2024-03-29T15:37:01+00:00\",\"dateModified\":\"2026-02-17T14:40:43+00:00\",\"description\":\"Voyagez hors des sentiers battus aux guidons de nos v\u00e9los voyage. Confort, tenue de route et technicit\u00e9, vous permettront profiter un maximum\",\"breadcrumb\":{\"@id\":\"https:\\\/\\\/www.joebike.fr\\\/les-velos-a-louer\\\/velo-voyage\\\/#breadcrumb\"},\"inLanguage\":\"en-GB\",\"potentialAction\":[{\"@type\":\"ReadAction\",\"target\":[\"https:\\\/\\\/www.joebike.fr\\\/les-velos-a-louer\\\/velo-voyage\\\/\"]}]},{\"@type\":\"ImageObject\",\"inLanguage\":\"en-GB\",\"@id\":\"https:\\\/\\\/www.joebike.fr\\\/les-velos-a-louer\\\/velo-voyage\\\/#primaryimage\",\"url\":\"https:\\\/\\\/www.joebike.fr\\\/wp-content\\\/uploads\\\/2024\\\/03\\\/Velo-voyage-Joe-Bike.png\",\"contentUrl\":\"https:\\\/\\\/www.joebike.fr\\\/wp-content\\\/uploads\\\/2024\\\/03\\\/Velo-voyage-Joe-Bike.png\",\"width\":600,\"height\":500},{\"@type\":\"BreadcrumbList\",\"@id\":\"https:\\\/\\\/www.joebike.fr\\\/les-velos-a-louer\\\/velo-voyage\\\/#breadcrumb\",\"itemListElement\":[{\"@type\":\"ListItem\",\"position\":1,\"name\":\"Accueil\",\"item\":\"https:\\\/\\\/www.joebike.fr\\\/\"},{\"@type\":\"ListItem\",\"position\":2,\"name\":\"LOCATION V\u00c9LOS G\u00c9N\u00c9RIQUE ( 2026)\",\"item\":\"https:\\\/\\\/www.joebike.fr\\\/les-velos-a-louer\\\/\"},{\"@type\":\"ListItem\",\"position\":3,\"name\":\"V\u00e9lo voyage\"}]},{\"@type\":\"WebSite\",\"@id\":\"https:\\\/\\\/www.joebike.fr\\\/#website\",\"url\":\"https:\\\/\\\/www.joebike.fr\\\/\",\"name\":\"Joe Bike\",\"description\":\"Location de v\u00e9lo dans les Landes, le Pays Basque et les Pyr\u00e9n\u00e9es\",\"publisher\":{\"@id\":\"https:\\\/\\\/www.joebike.fr\\\/#organization\"},\"potentialAction\":[{\"@type\":\"SearchAction\",\"target\":{\"@type\":\"EntryPoint\",\"urlTemplate\":\"https:\\\/\\\/www.joebike.fr\\\/?s={search_term_string}\"},\"query-input\":{\"@type\":\"PropertyValueSpecification\",\"valueRequired\":true,\"valueName\":\"search_term_string\"}}],\"inLanguage\":\"en-GB\"},{\"@type\":\"Organization\",\"@id\":\"https:\\\/\\\/www.joebike.fr\\\/#organization\",\"name\":\"Joe Bike, sp\u00e9cialiste en location v\u00e9lo\",\"url\":\"https:\\\/\\\/www.joebike.fr\\\/\",\"logo\":{\"@type\":\"ImageObject\",\"inLanguage\":\"en-GB\",\"@id\":\"https:\\\/\\\/www.joebike.fr\\\/#\\\/schema\\\/logo\\\/image\\\/\",\"url\":\"https:\\\/\\\/www.joebike.fr\\\/wp-content\\\/uploads\\\/2022\\\/04\\\/LOGO-JB-22_PNG.png\",\"contentUrl\":\"https:\\\/\\\/www.joebike.fr\\\/wp-content\\\/uploads\\\/2022\\\/04\\\/LOGO-JB-22_PNG.png\",\"width\":473,\"height\":473,\"caption\":\"Joe Bike, sp\u00e9cialiste en location v\u00e9lo\"},\"image\":{\"@id\":\"https:\\\/\\\/www.joebike.fr\\\/#\\\/schema\\\/logo\\\/image\\\/\"},\"sameAs\":[\"https:\\\/\\\/www.facebook.com\\\/joebikefrance\",\"https:\\\/\\\/www.instagram.com\\\/joebikefrance\"]}]}<\/script>\n<!-- \/ Yoast SEO Premium plugin. -->","yoast_head_json":{"title":"Bike hire and travel in the Basque Country with Joe Bike","description":"Travel off the beaten track with our travel bikes. Comfort, roadholding and technical features, so you can get the most out of your trip.","robots":{"index":"index","follow":"follow","max-snippet":"max-snippet:-1","max-image-preview":"max-image-preview:large","max-video-preview":"max-video-preview:-1"},"canonical":"https:\/\/www.joebike.fr\/en\/les-velos-a-louer\/velo-voyage\/","og_locale":"en_GB","og_type":"article","og_title":"V\u00e9lo voyage","og_description":"Voyagez hors des sentiers battus aux guidons de nos v\u00e9los voyage. Confort, tenue de route et technicit\u00e9, vous permettront profiter un maximum","og_url":"https:\/\/www.joebike.fr\/en\/les-velos-a-louer\/velo-voyage\/","og_site_name":"Joe Bike","article_publisher":"https:\/\/www.facebook.com\/joebikefrance","article_modified_time":"2026-02-17T14:40:43+00:00","og_image":[{"width":600,"height":500,"url":"https:\/\/www.joebike.fr\/wp-content\/uploads\/2024\/03\/Velo-voyage-Joe-Bike.png","type":"image\/png"}],"twitter_card":"summary_large_image","schema":{"@context":"https:\/\/schema.org","@graph":[{"@type":"WebPage","@id":"https:\/\/www.joebike.fr\/les-velos-a-louer\/velo-voyage\/","url":"https:\/\/www.joebike.fr\/les-velos-a-louer\/velo-voyage\/","name":"Bike hire and travel in the Basque Country with Joe Bike","isPartOf":{"@id":"https:\/\/www.joebike.fr\/#website"},"primaryImageOfPage":{"@id":"https:\/\/www.joebike.fr\/les-velos-a-louer\/velo-voyage\/#primaryimage"},"image":{"@id":"https:\/\/www.joebike.fr\/les-velos-a-louer\/velo-voyage\/#primaryimage"},"thumbnailUrl":"https:\/\/www.joebike.fr\/wp-content\/uploads\/2024\/03\/Velo-voyage-Joe-Bike.png","datePublished":"2024-03-29T15:37:01+00:00","dateModified":"2026-02-17T14:40:43+00:00","description":"Travel off the beaten track with our travel bikes. Comfort, roadholding and technical features, so you can get the most out of your trip.","breadcrumb":{"@id":"https:\/\/www.joebike.fr\/les-velos-a-louer\/velo-voyage\/#breadcrumb"},"inLanguage":"en-GB","potentialAction":[{"@type":"ReadAction","target":["https:\/\/www.joebike.fr\/les-velos-a-louer\/velo-voyage\/"]}]},{"@type":"ImageObject","inLanguage":"en-GB","@id":"https:\/\/www.joebike.fr\/les-velos-a-louer\/velo-voyage\/#primaryimage","url":"https:\/\/www.joebike.fr\/wp-content\/uploads\/2024\/03\/Velo-voyage-Joe-Bike.png","contentUrl":"https:\/\/www.joebike.fr\/wp-content\/uploads\/2024\/03\/Velo-voyage-Joe-Bike.png","width":600,"height":500},{"@type":"BreadcrumbList","@id":"https:\/\/www.joebike.fr\/les-velos-a-louer\/velo-voyage\/#breadcrumb","itemListElement":[{"@type":"ListItem","position":1,"name":"Accueil","item":"https:\/\/www.joebike.fr\/"},{"@type":"ListItem","position":2,"name":"LOCATION V\u00c9LOS G\u00c9N\u00c9RIQUE ( 2026)","item":"https:\/\/www.joebike.fr\/les-velos-a-louer\/"},{"@type":"ListItem","position":3,"name":"V\u00e9lo voyage"}]},{"@type":"WebSite","@id":"https:\/\/www.joebike.fr\/#website","url":"https:\/\/www.joebike.fr\/","name":"Joe Bike","description":"Bike hire in the Landes, the Basque Country and the Pyrenees","publisher":{"@id":"https:\/\/www.joebike.fr\/#organization"},"potentialAction":[{"@type":"SearchAction","target":{"@type":"EntryPoint","urlTemplate":"https:\/\/www.joebike.fr\/?s={search_term_string}"},"query-input":{"@type":"PropertyValueSpecification","valueRequired":true,"valueName":"search_term_string"}}],"inLanguage":"en-GB"},{"@type":"Organization","@id":"https:\/\/www.joebike.fr\/#organization","name":"Joe Bike, specialist in bike hire","url":"https:\/\/www.joebike.fr\/","logo":{"@type":"ImageObject","inLanguage":"en-GB","@id":"https:\/\/www.joebike.fr\/#\/schema\/logo\/image\/","url":"https:\/\/www.joebike.fr\/wp-content\/uploads\/2022\/04\/LOGO-JB-22_PNG.png","contentUrl":"https:\/\/www.joebike.fr\/wp-content\/uploads\/2022\/04\/LOGO-JB-22_PNG.png","width":473,"height":473,"caption":"Joe Bike, sp\u00e9cialiste en location v\u00e9lo"},"image":{"@id":"https:\/\/www.joebike.fr\/#\/schema\/logo\/image\/"},"sameAs":["https:\/\/www.facebook.com\/joebikefrance","https:\/\/www.instagram.com\/joebikefrance"]}]}},"_links":{"self":[{"href":"https:\/\/www.joebike.fr\/en\/wp-json\/wp\/v2\/pages\/8582","targetHints":{"allow":["GET"]}}],"collection":[{"href":"https:\/\/www.joebike.fr\/en\/wp-json\/wp\/v2\/pages"}],"about":[{"href":"https:\/\/www.joebike.fr\/en\/wp-json\/wp\/v2\/types\/page"}],"author":[{"embeddable":true,"href":"https:\/\/www.joebike.fr\/en\/wp-json\/wp\/v2\/users\/1"}],"replies":[{"embeddable":true,"href":"https:\/\/www.joebike.fr\/en\/wp-json\/wp\/v2\/comments?post=8582"}],"version-history":[{"count":0,"href":"https:\/\/www.joebike.fr\/en\/wp-json\/wp\/v2\/pages\/8582\/revisions"}],"up":[{"embeddable":true,"href":"https:\/\/www.joebike.fr\/en\/wp-json\/wp\/v2\/pages\/14958"}],"wp:featuredmedia":[{"embeddable":true,"href":"https:\/\/www.joebike.fr\/en\/wp-json\/wp\/v2\/media\/8594"}],"wp:attachment":[{"href":"https:\/\/www.joebike.fr\/en\/wp-json\/wp\/v2\/media?parent=8582"}],"curies":[{"name":"wp","href":"https:\/\/api.w.org\/{rel}","templated":true}]}}