{"id":10523,"date":"2024-11-20T16:10:06","date_gmt":"2024-11-20T15:10:06","guid":{"rendered":"https:\/\/www.joebike.fr\/?post_type=product&#038;p=10523"},"modified":"2025-08-12T17:12:18","modified_gmt":"2025-08-12T15:12:18","slug":"o2feel-iswan-explorer-power-10","status":"publish","type":"product","link":"https:\/\/www.joebike.fr\/en\/product-2\/o2feel-iswan-explorer-power-10\/","title":{"rendered":"O2Feel - iPeps"},"content":{"rendered":"","protected":false},"excerpt":{"rendered":"<p>For situations where space is at a premium, the iPeps is the ideal solution: a folding electric bike that's sure to add some pizzazz to your everyday life!<\/p>\n<p>Fitted with the new iPowerFit 400 battery, integrated into the seat tube and compatible with the iPowerFit duo option, it offers long range. Its Shimano E5000 motor adapts to your needs, while its 7-speed Nexus gearbox ensures a smooth, comfortable ride.<\/p>\n<p>Compact when folded, this practical bike combines manoeuvrability and performance, proving that it has all the makings of a great bike despite its reduced size.<\/p>","protected":false},"featured_media":10526,"template":"","meta":{"_acf_changed":false},"product_brand":[236],"product_cat":[132,164,163,131],"product_tag":[],"class_list":{"0":"post-10523","1":"product","2":"type-product","3":"status-publish","4":"has-post-thumbnail","6":"product_brand-o2feel","7":"product_cat-velos-electriques","8":"product_cat-velo-electrique-pliant","9":"product_cat-velos-electriques-urbains","10":"product_cat-velos-neufs","12":"first","13":"instock","14":"sale","15":"taxable","16":"shipping-taxable","17":"purchasable","18":"product-type-simple"},"acf":[],"yoast_head":"<!-- This site is optimized with the Yoast SEO Premium plugin v26.6 (Yoast SEO v27.4) - https:\/\/yoast.com\/product\/yoast-seo-premium-wordpress\/ -->\n<title>Joe Bike - Nos v\u00e9los neufs : O2Feel - iPeps<\/title>\n<meta name=\"description\" content=\"Pour les situations o\u00f9 l\u2019espace manque, le iPeps est la solution id\u00e9ale : un v\u00e9lo pliant et \u00e9lectrique qui ajoutera du &quot;peps&quot; \u00e0 votre quotidien !\" \/>\n<meta name=\"robots\" content=\"index, follow, max-snippet:-1, max-image-preview:large, max-video-preview:-1\" \/>\n<link rel=\"canonical\" href=\"https:\/\/www.joebike.fr\/en\/product-2\/o2feel-iswan-explorer-power-10\/\" \/>\n<meta property=\"og:locale\" content=\"en_GB\" \/>\n<meta property=\"og:type\" content=\"article\" \/>\n<meta property=\"og:title\" content=\"O2Feel - iPeps\" \/>\n<meta property=\"og:description\" content=\"Pour les situations o\u00f9 l\u2019espace manque, le iPeps est la solution id\u00e9ale : un v\u00e9lo pliant et \u00e9lectrique qui ajoutera du &quot;peps&quot; \u00e0 votre quotidien !\" \/>\n<meta property=\"og:url\" content=\"https:\/\/www.joebike.fr\/en\/product-2\/o2feel-iswan-explorer-power-10\/\" \/>\n<meta property=\"og:site_name\" content=\"Joe Bike\" \/>\n<meta property=\"article:publisher\" content=\"https:\/\/www.facebook.com\/joebikefrance\" \/>\n<meta property=\"article:modified_time\" content=\"2025-08-12T15:12:18+00:00\" \/>\n<meta property=\"og:image\" content=\"https:\/\/www.joebike.fr\/wp-content\/uploads\/2024\/11\/o2feel_ipeps_fold_up_5-1_blanc_lin.jpg\" \/>\n\t<meta property=\"og:image:width\" content=\"1200\" \/>\n\t<meta property=\"og:image:height\" content=\"1200\" \/>\n\t<meta property=\"og:image:type\" content=\"image\/jpeg\" \/>\n<meta name=\"twitter:card\" content=\"summary_large_image\" \/>\n<script type=\"application\/ld+json\" class=\"yoast-schema-graph\">{\"@context\":\"https:\\\/\\\/schema.org\",\"@graph\":[{\"@type\":\"WebPage\",\"@id\":\"https:\\\/\\\/www.joebike.fr\\\/produit\\\/o2feel-ipeps\\\/\",\"url\":\"https:\\\/\\\/www.joebike.fr\\\/produit\\\/o2feel-ipeps\\\/\",\"name\":\"Joe Bike - Nos v\u00e9los neufs : O2Feel - iPeps\",\"isPartOf\":{\"@id\":\"https:\\\/\\\/www.joebike.fr\\\/#website\"},\"primaryImageOfPage\":{\"@id\":\"https:\\\/\\\/www.joebike.fr\\\/produit\\\/o2feel-ipeps\\\/#primaryimage\"},\"image\":{\"@id\":\"https:\\\/\\\/www.joebike.fr\\\/produit\\\/o2feel-ipeps\\\/#primaryimage\"},\"thumbnailUrl\":\"https:\\\/\\\/www.joebike.fr\\\/wp-content\\\/uploads\\\/2024\\\/11\\\/o2feel_ipeps_fold_up_5-1_blanc_lin.jpg\",\"datePublished\":\"2024-11-20T15:10:06+00:00\",\"dateModified\":\"2025-08-12T15:12:18+00:00\",\"description\":\"Pour les situations o\u00f9 l\u2019espace manque, le iPeps est la solution id\u00e9ale : un v\u00e9lo pliant et \u00e9lectrique qui ajoutera du \\\"peps\\\" \u00e0 votre quotidien !\",\"breadcrumb\":{\"@id\":\"https:\\\/\\\/www.joebike.fr\\\/produit\\\/o2feel-ipeps\\\/#breadcrumb\"},\"inLanguage\":\"en-GB\",\"potentialAction\":[{\"@type\":\"ReadAction\",\"target\":[\"https:\\\/\\\/www.joebike.fr\\\/produit\\\/o2feel-ipeps\\\/\"]}]},{\"@type\":\"ImageObject\",\"inLanguage\":\"en-GB\",\"@id\":\"https:\\\/\\\/www.joebike.fr\\\/produit\\\/o2feel-ipeps\\\/#primaryimage\",\"url\":\"https:\\\/\\\/www.joebike.fr\\\/wp-content\\\/uploads\\\/2024\\\/11\\\/o2feel_ipeps_fold_up_5-1_blanc_lin.jpg\",\"contentUrl\":\"https:\\\/\\\/www.joebike.fr\\\/wp-content\\\/uploads\\\/2024\\\/11\\\/o2feel_ipeps_fold_up_5-1_blanc_lin.jpg\",\"width\":1200,\"height\":1200},{\"@type\":\"BreadcrumbList\",\"@id\":\"https:\\\/\\\/www.joebike.fr\\\/produit\\\/o2feel-ipeps\\\/#breadcrumb\",\"itemListElement\":[{\"@type\":\"ListItem\",\"position\":1,\"name\":\"Accueil\",\"item\":\"https:\\\/\\\/www.joebike.fr\\\/\"},{\"@type\":\"ListItem\",\"position\":2,\"name\":\"Shop\",\"item\":\"https:\\\/\\\/www.joebike.fr\\\/bike-shop\\\/\"},{\"@type\":\"ListItem\",\"position\":3,\"name\":\"O2Feel &#8211; iPeps\"}]},{\"@type\":\"WebSite\",\"@id\":\"https:\\\/\\\/www.joebike.fr\\\/#website\",\"url\":\"https:\\\/\\\/www.joebike.fr\\\/\",\"name\":\"Joe Bike\",\"description\":\"Location de v\u00e9lo dans les Landes, le Pays Basque et les Pyr\u00e9n\u00e9es\",\"publisher\":{\"@id\":\"https:\\\/\\\/www.joebike.fr\\\/#organization\"},\"potentialAction\":[{\"@type\":\"SearchAction\",\"target\":{\"@type\":\"EntryPoint\",\"urlTemplate\":\"https:\\\/\\\/www.joebike.fr\\\/?s={search_term_string}\"},\"query-input\":{\"@type\":\"PropertyValueSpecification\",\"valueRequired\":true,\"valueName\":\"search_term_string\"}}],\"inLanguage\":\"en-GB\"},{\"@type\":\"Organization\",\"@id\":\"https:\\\/\\\/www.joebike.fr\\\/#organization\",\"name\":\"Joe Bike, sp\u00e9cialiste en location v\u00e9lo\",\"url\":\"https:\\\/\\\/www.joebike.fr\\\/\",\"logo\":{\"@type\":\"ImageObject\",\"inLanguage\":\"en-GB\",\"@id\":\"https:\\\/\\\/www.joebike.fr\\\/#\\\/schema\\\/logo\\\/image\\\/\",\"url\":\"https:\\\/\\\/www.joebike.fr\\\/wp-content\\\/uploads\\\/2022\\\/04\\\/LOGO-JB-22_PNG.png\",\"contentUrl\":\"https:\\\/\\\/www.joebike.fr\\\/wp-content\\\/uploads\\\/2022\\\/04\\\/LOGO-JB-22_PNG.png\",\"width\":473,\"height\":473,\"caption\":\"Joe Bike, sp\u00e9cialiste en location v\u00e9lo\"},\"image\":{\"@id\":\"https:\\\/\\\/www.joebike.fr\\\/#\\\/schema\\\/logo\\\/image\\\/\"},\"sameAs\":[\"https:\\\/\\\/www.facebook.com\\\/joebikefrance\",\"https:\\\/\\\/www.instagram.com\\\/joebikefrance\"]}]}<\/script>\n<!-- \/ Yoast SEO Premium plugin. -->","yoast_head_json":{"title":"Joe Bike - Our new bikes: O2Feel - iPeps","description":"For situations where space is at a premium, the iPeps is the ideal solution: a folding electric bike that's sure to liven up your everyday life!","robots":{"index":"index","follow":"follow","max-snippet":"max-snippet:-1","max-image-preview":"max-image-preview:large","max-video-preview":"max-video-preview:-1"},"canonical":"https:\/\/www.joebike.fr\/en\/product-2\/o2feel-iswan-explorer-power-10\/","og_locale":"en_GB","og_type":"article","og_title":"O2Feel - iPeps","og_description":"Pour les situations o\u00f9 l\u2019espace manque, le iPeps est la solution id\u00e9ale : un v\u00e9lo pliant et \u00e9lectrique qui ajoutera du \"peps\" \u00e0 votre quotidien !","og_url":"https:\/\/www.joebike.fr\/en\/product-2\/o2feel-iswan-explorer-power-10\/","og_site_name":"Joe Bike","article_publisher":"https:\/\/www.facebook.com\/joebikefrance","article_modified_time":"2025-08-12T15:12:18+00:00","og_image":[{"width":1200,"height":1200,"url":"https:\/\/www.joebike.fr\/wp-content\/uploads\/2024\/11\/o2feel_ipeps_fold_up_5-1_blanc_lin.jpg","type":"image\/jpeg"}],"twitter_card":"summary_large_image","schema":{"@context":"https:\/\/schema.org","@graph":[{"@type":"WebPage","@id":"https:\/\/www.joebike.fr\/produit\/o2feel-ipeps\/","url":"https:\/\/www.joebike.fr\/produit\/o2feel-ipeps\/","name":"Joe Bike - Our new bikes: O2Feel - iPeps","isPartOf":{"@id":"https:\/\/www.joebike.fr\/#website"},"primaryImageOfPage":{"@id":"https:\/\/www.joebike.fr\/produit\/o2feel-ipeps\/#primaryimage"},"image":{"@id":"https:\/\/www.joebike.fr\/produit\/o2feel-ipeps\/#primaryimage"},"thumbnailUrl":"https:\/\/www.joebike.fr\/wp-content\/uploads\/2024\/11\/o2feel_ipeps_fold_up_5-1_blanc_lin.jpg","datePublished":"2024-11-20T15:10:06+00:00","dateModified":"2025-08-12T15:12:18+00:00","description":"For situations where space is at a premium, the iPeps is the ideal solution: a folding electric bike that's sure to liven up your everyday life!","breadcrumb":{"@id":"https:\/\/www.joebike.fr\/produit\/o2feel-ipeps\/#breadcrumb"},"inLanguage":"en-GB","potentialAction":[{"@type":"ReadAction","target":["https:\/\/www.joebike.fr\/produit\/o2feel-ipeps\/"]}]},{"@type":"ImageObject","inLanguage":"en-GB","@id":"https:\/\/www.joebike.fr\/produit\/o2feel-ipeps\/#primaryimage","url":"https:\/\/www.joebike.fr\/wp-content\/uploads\/2024\/11\/o2feel_ipeps_fold_up_5-1_blanc_lin.jpg","contentUrl":"https:\/\/www.joebike.fr\/wp-content\/uploads\/2024\/11\/o2feel_ipeps_fold_up_5-1_blanc_lin.jpg","width":1200,"height":1200},{"@type":"BreadcrumbList","@id":"https:\/\/www.joebike.fr\/produit\/o2feel-ipeps\/#breadcrumb","itemListElement":[{"@type":"ListItem","position":1,"name":"Accueil","item":"https:\/\/www.joebike.fr\/"},{"@type":"ListItem","position":2,"name":"Shop","item":"https:\/\/www.joebike.fr\/bike-shop\/"},{"@type":"ListItem","position":3,"name":"O2Feel &#8211; iPeps"}]},{"@type":"WebSite","@id":"https:\/\/www.joebike.fr\/#website","url":"https:\/\/www.joebike.fr\/","name":"Joe Bike","description":"Bike hire in the Landes, the Basque Country and the Pyrenees","publisher":{"@id":"https:\/\/www.joebike.fr\/#organization"},"potentialAction":[{"@type":"SearchAction","target":{"@type":"EntryPoint","urlTemplate":"https:\/\/www.joebike.fr\/?s={search_term_string}"},"query-input":{"@type":"PropertyValueSpecification","valueRequired":true,"valueName":"search_term_string"}}],"inLanguage":"en-GB"},{"@type":"Organization","@id":"https:\/\/www.joebike.fr\/#organization","name":"Joe Bike, specialist in bike hire","url":"https:\/\/www.joebike.fr\/","logo":{"@type":"ImageObject","inLanguage":"en-GB","@id":"https:\/\/www.joebike.fr\/#\/schema\/logo\/image\/","url":"https:\/\/www.joebike.fr\/wp-content\/uploads\/2022\/04\/LOGO-JB-22_PNG.png","contentUrl":"https:\/\/www.joebike.fr\/wp-content\/uploads\/2022\/04\/LOGO-JB-22_PNG.png","width":473,"height":473,"caption":"Joe Bike, sp\u00e9cialiste en location v\u00e9lo"},"image":{"@id":"https:\/\/www.joebike.fr\/#\/schema\/logo\/image\/"},"sameAs":["https:\/\/www.facebook.com\/joebikefrance","https:\/\/www.instagram.com\/joebikefrance"]}]}},"_links":{"self":[{"href":"https:\/\/www.joebike.fr\/en\/wp-json\/wp\/v2\/product\/10523","targetHints":{"allow":["GET"]}}],"collection":[{"href":"https:\/\/www.joebike.fr\/en\/wp-json\/wp\/v2\/product"}],"about":[{"href":"https:\/\/www.joebike.fr\/en\/wp-json\/wp\/v2\/types\/product"}],"version-history":[{"count":0,"href":"https:\/\/www.joebike.fr\/en\/wp-json\/wp\/v2\/product\/10523\/revisions"}],"wp:featuredmedia":[{"embeddable":true,"href":"https:\/\/www.joebike.fr\/en\/wp-json\/wp\/v2\/media\/10526"}],"wp:attachment":[{"href":"https:\/\/www.joebike.fr\/en\/wp-json\/wp\/v2\/media?parent=10523"}],"wp:term":[{"taxonomy":"product_brand","embeddable":true,"href":"https:\/\/www.joebike.fr\/en\/wp-json\/wp\/v2\/product_brand?post=10523"},{"taxonomy":"product_cat","embeddable":true,"href":"https:\/\/www.joebike.fr\/en\/wp-json\/wp\/v2\/product_cat?post=10523"},{"taxonomy":"product_tag","embeddable":true,"href":"https:\/\/www.joebike.fr\/en\/wp-json\/wp\/v2\/product_tag?post=10523"}],"curies":[{"name":"wp","href":"https:\/\/api.w.org\/{rel}","templated":true}]}}