{"id":10664,"date":"2024-11-22T13:52:18","date_gmt":"2024-11-22T12:52:18","guid":{"rendered":"https:\/\/www.joebike.fr\/?post_type=product&#038;p=10664"},"modified":"2025-08-12T17:11:41","modified_gmt":"2025-08-12T15:11:41","slug":"o2feel-iswan-explorer-power-12","status":"publish","type":"product","link":"https:\/\/www.joebike.fr\/en\/product-2\/o2feel-iswan-explorer-power-12\/","title":{"rendered":"Moustache - Saturday 27 Xroad 6"},"content":{"rendered":"","protected":false},"excerpt":{"rendered":"<p>The Xroad 6 combines power, endurance and comfort in a design perfectly suited to all your adventures.<\/p>\n<p>Its rigid frame incorporates a 625Wh Bosch PowerTube battery and the Bosch Performance Line CX Smart System, delivering top-level performance. With a high-performance fork and 75mm telescopic suspension seatpost, it offers a comfortable, responsive riding experience.<\/p>\n<p>Fully equipped, it features a QL3 and MIK-compatible luggage rack, powerful front and rear lighting, and the Bosch Kiox 300 speedometer, with its touchscreen, navigation system and Bluetooth compatibility, adding a touch of modernity and practicality. Perfect for both your daily commute and your escapades, the Xroad 6 is ready to take on any challenge.<\/p>","protected":false},"featured_media":10668,"template":"","meta":{"_acf_changed":false},"product_brand":[232],"product_cat":[132,163,131],"product_tag":[],"class_list":{"0":"post-10664","1":"product","2":"type-product","3":"status-publish","4":"has-post-thumbnail","6":"product_brand-moustache","7":"product_cat-velos-electriques","8":"product_cat-velos-electriques-urbains","9":"product_cat-velos-neufs","11":"first","12":"instock","13":"sale","14":"taxable","15":"shipping-taxable","16":"purchasable","17":"product-type-variable"},"acf":[],"yoast_head":"<!-- This site is optimized with the Yoast SEO Premium plugin v26.6 (Yoast SEO v27.5) - https:\/\/yoast.com\/product\/yoast-seo-premium-wordpress\/ -->\n<title>Joe Bike - Nos v\u00e9los neufs : Moustache - Samedi 27 Xroad 6<\/title>\n<meta name=\"description\" content=\"Le Samedi 27 Xroad 6 combine puissance, endurance et confort dans un design parfaitement adapt\u00e9 \u00e0 toutes vos aventures.\" \/>\n<meta name=\"robots\" content=\"index, follow, max-snippet:-1, max-image-preview:large, max-video-preview:-1\" \/>\n<link rel=\"canonical\" href=\"https:\/\/www.joebike.fr\/en\/product-2\/o2feel-iswan-explorer-power-12\/\" \/>\n<meta property=\"og:locale\" content=\"en_GB\" \/>\n<meta property=\"og:type\" content=\"article\" \/>\n<meta property=\"og:title\" content=\"Moustache - Samedi 27 Xroad 6\" \/>\n<meta property=\"og:description\" content=\"Le Samedi 27 Xroad 6 combine puissance, endurance et confort dans un design parfaitement adapt\u00e9 \u00e0 toutes vos aventures.\" \/>\n<meta property=\"og:url\" content=\"https:\/\/www.joebike.fr\/en\/product-2\/o2feel-iswan-explorer-power-12\/\" \/>\n<meta property=\"og:site_name\" content=\"Joe Bike\" \/>\n<meta property=\"article:publisher\" content=\"https:\/\/www.facebook.com\/joebikefrance\" \/>\n<meta property=\"article:modified_time\" content=\"2025-08-12T15:11:41+00:00\" \/>\n<meta property=\"og:image\" content=\"https:\/\/www.joebike.fr\/wp-content\/uploads\/2024\/11\/Moustache-Bikes-samedi-Xroad-6.png\" \/>\n\t<meta property=\"og:image:width\" content=\"400\" \/>\n\t<meta property=\"og:image:height\" content=\"300\" \/>\n\t<meta property=\"og:image:type\" content=\"image\/png\" \/>\n<meta name=\"twitter:card\" content=\"summary_large_image\" \/>\n<script type=\"application\/ld+json\" class=\"yoast-schema-graph\">{\"@context\":\"https:\\\/\\\/schema.org\",\"@graph\":[{\"@type\":\"WebPage\",\"@id\":\"https:\\\/\\\/www.joebike.fr\\\/produit\\\/moustache-samedi-27-xroad-6\\\/\",\"url\":\"https:\\\/\\\/www.joebike.fr\\\/produit\\\/moustache-samedi-27-xroad-6\\\/\",\"name\":\"Joe Bike - Nos v\u00e9los neufs : Moustache - Samedi 27 Xroad 6\",\"isPartOf\":{\"@id\":\"https:\\\/\\\/www.joebike.fr\\\/#website\"},\"primaryImageOfPage\":{\"@id\":\"https:\\\/\\\/www.joebike.fr\\\/produit\\\/moustache-samedi-27-xroad-6\\\/#primaryimage\"},\"image\":{\"@id\":\"https:\\\/\\\/www.joebike.fr\\\/produit\\\/moustache-samedi-27-xroad-6\\\/#primaryimage\"},\"thumbnailUrl\":\"https:\\\/\\\/www.joebike.fr\\\/wp-content\\\/uploads\\\/2024\\\/11\\\/Moustache-Bikes-samedi-Xroad-6.png\",\"datePublished\":\"2024-11-22T12:52:18+00:00\",\"dateModified\":\"2025-08-12T15:11:41+00:00\",\"description\":\"Le Samedi 27 Xroad 6 combine puissance, endurance et confort dans un design parfaitement adapt\u00e9 \u00e0 toutes vos aventures.\",\"breadcrumb\":{\"@id\":\"https:\\\/\\\/www.joebike.fr\\\/produit\\\/moustache-samedi-27-xroad-6\\\/#breadcrumb\"},\"inLanguage\":\"en-GB\",\"potentialAction\":[{\"@type\":\"ReadAction\",\"target\":[\"https:\\\/\\\/www.joebike.fr\\\/produit\\\/moustache-samedi-27-xroad-6\\\/\"]}]},{\"@type\":\"ImageObject\",\"inLanguage\":\"en-GB\",\"@id\":\"https:\\\/\\\/www.joebike.fr\\\/produit\\\/moustache-samedi-27-xroad-6\\\/#primaryimage\",\"url\":\"https:\\\/\\\/www.joebike.fr\\\/wp-content\\\/uploads\\\/2024\\\/11\\\/Moustache-Bikes-samedi-Xroad-6.png\",\"contentUrl\":\"https:\\\/\\\/www.joebike.fr\\\/wp-content\\\/uploads\\\/2024\\\/11\\\/Moustache-Bikes-samedi-Xroad-6.png\",\"width\":400,\"height\":300},{\"@type\":\"BreadcrumbList\",\"@id\":\"https:\\\/\\\/www.joebike.fr\\\/produit\\\/moustache-samedi-27-xroad-6\\\/#breadcrumb\",\"itemListElement\":[{\"@type\":\"ListItem\",\"position\":1,\"name\":\"Accueil\",\"item\":\"https:\\\/\\\/www.joebike.fr\\\/\"},{\"@type\":\"ListItem\",\"position\":2,\"name\":\"Shop\",\"item\":\"https:\\\/\\\/www.joebike.fr\\\/bike-shop\\\/\"},{\"@type\":\"ListItem\",\"position\":3,\"name\":\"Moustache &#8211; Samedi 27 Xroad 6\"}]},{\"@type\":\"WebSite\",\"@id\":\"https:\\\/\\\/www.joebike.fr\\\/#website\",\"url\":\"https:\\\/\\\/www.joebike.fr\\\/\",\"name\":\"Joe Bike\",\"description\":\"Location de v\u00e9lo dans les Landes, le Pays Basque et les Pyr\u00e9n\u00e9es\",\"publisher\":{\"@id\":\"https:\\\/\\\/www.joebike.fr\\\/#organization\"},\"potentialAction\":[{\"@type\":\"SearchAction\",\"target\":{\"@type\":\"EntryPoint\",\"urlTemplate\":\"https:\\\/\\\/www.joebike.fr\\\/?s={search_term_string}\"},\"query-input\":{\"@type\":\"PropertyValueSpecification\",\"valueRequired\":true,\"valueName\":\"search_term_string\"}}],\"inLanguage\":\"en-GB\"},{\"@type\":\"Organization\",\"@id\":\"https:\\\/\\\/www.joebike.fr\\\/#organization\",\"name\":\"Joe Bike, sp\u00e9cialiste en location v\u00e9lo\",\"url\":\"https:\\\/\\\/www.joebike.fr\\\/\",\"logo\":{\"@type\":\"ImageObject\",\"inLanguage\":\"en-GB\",\"@id\":\"https:\\\/\\\/www.joebike.fr\\\/#\\\/schema\\\/logo\\\/image\\\/\",\"url\":\"https:\\\/\\\/www.joebike.fr\\\/wp-content\\\/uploads\\\/2022\\\/04\\\/LOGO-JB-22_PNG.png\",\"contentUrl\":\"https:\\\/\\\/www.joebike.fr\\\/wp-content\\\/uploads\\\/2022\\\/04\\\/LOGO-JB-22_PNG.png\",\"width\":473,\"height\":473,\"caption\":\"Joe Bike, sp\u00e9cialiste en location v\u00e9lo\"},\"image\":{\"@id\":\"https:\\\/\\\/www.joebike.fr\\\/#\\\/schema\\\/logo\\\/image\\\/\"},\"sameAs\":[\"https:\\\/\\\/www.facebook.com\\\/joebikefrance\",\"https:\\\/\\\/www.instagram.com\\\/joebikefrance\"]}]}<\/script>\n<!-- \/ Yoast SEO Premium plugin. -->","yoast_head_json":{"title":"Joe Bike - Our new bikes : Moustache - Saturday 27 Xroad 6","description":"The Samedi 27 Xroad 6 combines power, endurance and comfort in a design perfectly suited to all your adventures.","robots":{"index":"index","follow":"follow","max-snippet":"max-snippet:-1","max-image-preview":"max-image-preview:large","max-video-preview":"max-video-preview:-1"},"canonical":"https:\/\/www.joebike.fr\/en\/product-2\/o2feel-iswan-explorer-power-12\/","og_locale":"en_GB","og_type":"article","og_title":"Moustache - Samedi 27 Xroad 6","og_description":"Le Samedi 27 Xroad 6 combine puissance, endurance et confort dans un design parfaitement adapt\u00e9 \u00e0 toutes vos aventures.","og_url":"https:\/\/www.joebike.fr\/en\/product-2\/o2feel-iswan-explorer-power-12\/","og_site_name":"Joe Bike","article_publisher":"https:\/\/www.facebook.com\/joebikefrance","article_modified_time":"2025-08-12T15:11:41+00:00","og_image":[{"width":400,"height":300,"url":"https:\/\/www.joebike.fr\/wp-content\/uploads\/2024\/11\/Moustache-Bikes-samedi-Xroad-6.png","type":"image\/png"}],"twitter_card":"summary_large_image","schema":{"@context":"https:\/\/schema.org","@graph":[{"@type":"WebPage","@id":"https:\/\/www.joebike.fr\/produit\/moustache-samedi-27-xroad-6\/","url":"https:\/\/www.joebike.fr\/produit\/moustache-samedi-27-xroad-6\/","name":"Joe Bike - Our new bikes : Moustache - Saturday 27 Xroad 6","isPartOf":{"@id":"https:\/\/www.joebike.fr\/#website"},"primaryImageOfPage":{"@id":"https:\/\/www.joebike.fr\/produit\/moustache-samedi-27-xroad-6\/#primaryimage"},"image":{"@id":"https:\/\/www.joebike.fr\/produit\/moustache-samedi-27-xroad-6\/#primaryimage"},"thumbnailUrl":"https:\/\/www.joebike.fr\/wp-content\/uploads\/2024\/11\/Moustache-Bikes-samedi-Xroad-6.png","datePublished":"2024-11-22T12:52:18+00:00","dateModified":"2025-08-12T15:11:41+00:00","description":"The Samedi 27 Xroad 6 combines power, endurance and comfort in a design perfectly suited to all your adventures.","breadcrumb":{"@id":"https:\/\/www.joebike.fr\/produit\/moustache-samedi-27-xroad-6\/#breadcrumb"},"inLanguage":"en-GB","potentialAction":[{"@type":"ReadAction","target":["https:\/\/www.joebike.fr\/produit\/moustache-samedi-27-xroad-6\/"]}]},{"@type":"ImageObject","inLanguage":"en-GB","@id":"https:\/\/www.joebike.fr\/produit\/moustache-samedi-27-xroad-6\/#primaryimage","url":"https:\/\/www.joebike.fr\/wp-content\/uploads\/2024\/11\/Moustache-Bikes-samedi-Xroad-6.png","contentUrl":"https:\/\/www.joebike.fr\/wp-content\/uploads\/2024\/11\/Moustache-Bikes-samedi-Xroad-6.png","width":400,"height":300},{"@type":"BreadcrumbList","@id":"https:\/\/www.joebike.fr\/produit\/moustache-samedi-27-xroad-6\/#breadcrumb","itemListElement":[{"@type":"ListItem","position":1,"name":"Accueil","item":"https:\/\/www.joebike.fr\/"},{"@type":"ListItem","position":2,"name":"Shop","item":"https:\/\/www.joebike.fr\/bike-shop\/"},{"@type":"ListItem","position":3,"name":"Moustache &#8211; Samedi 27 Xroad 6"}]},{"@type":"WebSite","@id":"https:\/\/www.joebike.fr\/#website","url":"https:\/\/www.joebike.fr\/","name":"Joe Bike","description":"Bike hire in the Landes, the Basque Country and the Pyrenees","publisher":{"@id":"https:\/\/www.joebike.fr\/#organization"},"potentialAction":[{"@type":"SearchAction","target":{"@type":"EntryPoint","urlTemplate":"https:\/\/www.joebike.fr\/?s={search_term_string}"},"query-input":{"@type":"PropertyValueSpecification","valueRequired":true,"valueName":"search_term_string"}}],"inLanguage":"en-GB"},{"@type":"Organization","@id":"https:\/\/www.joebike.fr\/#organization","name":"Joe Bike, specialist in bike hire","url":"https:\/\/www.joebike.fr\/","logo":{"@type":"ImageObject","inLanguage":"en-GB","@id":"https:\/\/www.joebike.fr\/#\/schema\/logo\/image\/","url":"https:\/\/www.joebike.fr\/wp-content\/uploads\/2022\/04\/LOGO-JB-22_PNG.png","contentUrl":"https:\/\/www.joebike.fr\/wp-content\/uploads\/2022\/04\/LOGO-JB-22_PNG.png","width":473,"height":473,"caption":"Joe Bike, sp\u00e9cialiste en location v\u00e9lo"},"image":{"@id":"https:\/\/www.joebike.fr\/#\/schema\/logo\/image\/"},"sameAs":["https:\/\/www.facebook.com\/joebikefrance","https:\/\/www.instagram.com\/joebikefrance"]}]}},"_links":{"self":[{"href":"https:\/\/www.joebike.fr\/en\/wp-json\/wp\/v2\/product\/10664","targetHints":{"allow":["GET"]}}],"collection":[{"href":"https:\/\/www.joebike.fr\/en\/wp-json\/wp\/v2\/product"}],"about":[{"href":"https:\/\/www.joebike.fr\/en\/wp-json\/wp\/v2\/types\/product"}],"version-history":[{"count":0,"href":"https:\/\/www.joebike.fr\/en\/wp-json\/wp\/v2\/product\/10664\/revisions"}],"wp:featuredmedia":[{"embeddable":true,"href":"https:\/\/www.joebike.fr\/en\/wp-json\/wp\/v2\/media\/10668"}],"wp:attachment":[{"href":"https:\/\/www.joebike.fr\/en\/wp-json\/wp\/v2\/media?parent=10664"}],"wp:term":[{"taxonomy":"product_brand","embeddable":true,"href":"https:\/\/www.joebike.fr\/en\/wp-json\/wp\/v2\/product_brand?post=10664"},{"taxonomy":"product_cat","embeddable":true,"href":"https:\/\/www.joebike.fr\/en\/wp-json\/wp\/v2\/product_cat?post=10664"},{"taxonomy":"product_tag","embeddable":true,"href":"https:\/\/www.joebike.fr\/en\/wp-json\/wp\/v2\/product_tag?post=10664"}],"curies":[{"name":"wp","href":"https:\/\/api.w.org\/{rel}","templated":true}]}}