{"id":10724,"date":"2024-11-25T08:20:10","date_gmt":"2024-11-25T07:20:10","guid":{"rendered":"https:\/\/www.joebike.fr\/?post_type=product&#038;p=10724"},"modified":"2025-08-12T17:10:39","modified_gmt":"2025-08-12T15:10:39","slug":"o2feel-iswan-explorer-power-20","status":"publish","type":"product","link":"https:\/\/www.joebike.fr\/en\/product-2\/o2feel-iswan-explorer-power-20\/","title":{"rendered":"Moustache - Saturday 28.2"},"content":{"rendered":"","protected":false},"excerpt":{"rendered":"<p>The Samedi 28.2 is the ideal partner for your daily commute and long rides on cycle paths. Its integrated battery-operated frame, with a wide opening, makes it easy to ride and combines style, comfort and practicality.<\/p>\n<p>Equipped with the Bosch Performance motor, this model offers powerful, smooth assistance, perfect for climbing the toughest slopes or kicking off at a green light, all in remarkable silence. Also available with a closed frame, it can be adapted to suit all your needs.<\/p>","protected":false},"featured_media":10707,"template":"","meta":{"_acf_changed":false},"product_brand":[232],"product_cat":[132,163,131],"product_tag":[],"class_list":{"0":"post-10724","1":"product","2":"type-product","3":"status-publish","4":"has-post-thumbnail","6":"product_brand-moustache","7":"product_cat-velos-electriques","8":"product_cat-velos-electriques-urbains","9":"product_cat-velos-neufs","11":"first","12":"instock","13":"taxable","14":"shipping-taxable","15":"purchasable","16":"product-type-variable"},"acf":[],"yoast_head":"<!-- This site is optimized with the Yoast SEO Premium plugin v26.6 (Yoast SEO v27.3) - https:\/\/yoast.com\/product\/yoast-seo-premium-wordpress\/ -->\n<title>Joe Bike - Nos v\u00e9los neufs : Moustache - Samedi 28.2<\/title>\n<meta name=\"description\" content=\"Le Samedi 28.2 de la marque Moustache est le partenaire id\u00e9al pour vos trajets quotidiens et vos longues balades sur pistes cyclables.\" \/>\n<meta name=\"robots\" content=\"index, follow, max-snippet:-1, max-image-preview:large, max-video-preview:-1\" \/>\n<link rel=\"canonical\" href=\"https:\/\/www.joebike.fr\/en\/product-2\/o2feel-iswan-explorer-power-20\/\" \/>\n<meta property=\"og:locale\" content=\"en_GB\" \/>\n<meta property=\"og:type\" content=\"article\" \/>\n<meta property=\"og:title\" content=\"Moustache - Samedi 28.2\" \/>\n<meta property=\"og:description\" content=\"Le Samedi 28.2 de la marque Moustache est le partenaire id\u00e9al pour vos trajets quotidiens et vos longues balades sur pistes cyclables.\" \/>\n<meta property=\"og:url\" content=\"https:\/\/www.joebike.fr\/en\/product-2\/o2feel-iswan-explorer-power-20\/\" \/>\n<meta property=\"og:site_name\" content=\"Joe Bike\" \/>\n<meta property=\"article:publisher\" content=\"https:\/\/www.facebook.com\/joebikefrance\" \/>\n<meta property=\"article:modified_time\" content=\"2025-08-12T15:10:39+00:00\" \/>\n<meta property=\"og:image\" content=\"https:\/\/www.joebike.fr\/wp-content\/uploads\/2024\/11\/Moustache-Samedi-28.3.png\" \/>\n\t<meta property=\"og:image:width\" content=\"700\" \/>\n\t<meta property=\"og:image:height\" content=\"525\" \/>\n\t<meta property=\"og:image:type\" content=\"image\/png\" \/>\n<meta name=\"twitter:card\" content=\"summary_large_image\" \/>\n<script type=\"application\/ld+json\" class=\"yoast-schema-graph\">{\"@context\":\"https:\\\/\\\/schema.org\",\"@graph\":[{\"@type\":\"WebPage\",\"@id\":\"https:\\\/\\\/www.joebike.fr\\\/produit\\\/moustache-samedi-28-2\\\/\",\"url\":\"https:\\\/\\\/www.joebike.fr\\\/produit\\\/moustache-samedi-28-2\\\/\",\"name\":\"Joe Bike - Nos v\u00e9los neufs : Moustache - Samedi 28.2\",\"isPartOf\":{\"@id\":\"https:\\\/\\\/www.joebike.fr\\\/#website\"},\"primaryImageOfPage\":{\"@id\":\"https:\\\/\\\/www.joebike.fr\\\/produit\\\/moustache-samedi-28-2\\\/#primaryimage\"},\"image\":{\"@id\":\"https:\\\/\\\/www.joebike.fr\\\/produit\\\/moustache-samedi-28-2\\\/#primaryimage\"},\"thumbnailUrl\":\"https:\\\/\\\/www.joebike.fr\\\/wp-content\\\/uploads\\\/2024\\\/11\\\/Moustache-Samedi-28.3.png\",\"datePublished\":\"2024-11-25T07:20:10+00:00\",\"dateModified\":\"2025-08-12T15:10:39+00:00\",\"description\":\"Le Samedi 28.2 de la marque Moustache est le partenaire id\u00e9al pour vos trajets quotidiens et vos longues balades sur pistes cyclables.\",\"breadcrumb\":{\"@id\":\"https:\\\/\\\/www.joebike.fr\\\/produit\\\/moustache-samedi-28-2\\\/#breadcrumb\"},\"inLanguage\":\"en-GB\",\"potentialAction\":[{\"@type\":\"ReadAction\",\"target\":[\"https:\\\/\\\/www.joebike.fr\\\/produit\\\/moustache-samedi-28-2\\\/\"]}]},{\"@type\":\"ImageObject\",\"inLanguage\":\"en-GB\",\"@id\":\"https:\\\/\\\/www.joebike.fr\\\/produit\\\/moustache-samedi-28-2\\\/#primaryimage\",\"url\":\"https:\\\/\\\/www.joebike.fr\\\/wp-content\\\/uploads\\\/2024\\\/11\\\/Moustache-Samedi-28.3.png\",\"contentUrl\":\"https:\\\/\\\/www.joebike.fr\\\/wp-content\\\/uploads\\\/2024\\\/11\\\/Moustache-Samedi-28.3.png\",\"width\":700,\"height\":525},{\"@type\":\"BreadcrumbList\",\"@id\":\"https:\\\/\\\/www.joebike.fr\\\/produit\\\/moustache-samedi-28-2\\\/#breadcrumb\",\"itemListElement\":[{\"@type\":\"ListItem\",\"position\":1,\"name\":\"Accueil\",\"item\":\"https:\\\/\\\/www.joebike.fr\\\/\"},{\"@type\":\"ListItem\",\"position\":2,\"name\":\"Shop\",\"item\":\"https:\\\/\\\/www.joebike.fr\\\/bike-shop\\\/\"},{\"@type\":\"ListItem\",\"position\":3,\"name\":\"Moustache &#8211; Samedi 28.2\"}]},{\"@type\":\"WebSite\",\"@id\":\"https:\\\/\\\/www.joebike.fr\\\/#website\",\"url\":\"https:\\\/\\\/www.joebike.fr\\\/\",\"name\":\"Joe Bike\",\"description\":\"Location de v\u00e9lo dans les Landes, le Pays Basque et les Pyr\u00e9n\u00e9es\",\"publisher\":{\"@id\":\"https:\\\/\\\/www.joebike.fr\\\/#organization\"},\"potentialAction\":[{\"@type\":\"SearchAction\",\"target\":{\"@type\":\"EntryPoint\",\"urlTemplate\":\"https:\\\/\\\/www.joebike.fr\\\/?s={search_term_string}\"},\"query-input\":{\"@type\":\"PropertyValueSpecification\",\"valueRequired\":true,\"valueName\":\"search_term_string\"}}],\"inLanguage\":\"en-GB\"},{\"@type\":\"Organization\",\"@id\":\"https:\\\/\\\/www.joebike.fr\\\/#organization\",\"name\":\"Joe Bike, sp\u00e9cialiste en location v\u00e9lo\",\"url\":\"https:\\\/\\\/www.joebike.fr\\\/\",\"logo\":{\"@type\":\"ImageObject\",\"inLanguage\":\"en-GB\",\"@id\":\"https:\\\/\\\/www.joebike.fr\\\/#\\\/schema\\\/logo\\\/image\\\/\",\"url\":\"https:\\\/\\\/www.joebike.fr\\\/wp-content\\\/uploads\\\/2022\\\/04\\\/LOGO-JB-22_PNG.png\",\"contentUrl\":\"https:\\\/\\\/www.joebike.fr\\\/wp-content\\\/uploads\\\/2022\\\/04\\\/LOGO-JB-22_PNG.png\",\"width\":473,\"height\":473,\"caption\":\"Joe Bike, sp\u00e9cialiste en location v\u00e9lo\"},\"image\":{\"@id\":\"https:\\\/\\\/www.joebike.fr\\\/#\\\/schema\\\/logo\\\/image\\\/\"},\"sameAs\":[\"https:\\\/\\\/www.facebook.com\\\/joebikefrance\",\"https:\\\/\\\/www.instagram.com\\\/joebikefrance\"]}]}<\/script>\n<!-- \/ Yoast SEO Premium plugin. -->","yoast_head_json":{"title":"Joe Bike - Our new bikes : Moustache - Saturday 28.2","description":"The Samedi 28.2 from Moustache is the ideal partner for your daily commute and long rides on cycle paths.","robots":{"index":"index","follow":"follow","max-snippet":"max-snippet:-1","max-image-preview":"max-image-preview:large","max-video-preview":"max-video-preview:-1"},"canonical":"https:\/\/www.joebike.fr\/en\/product-2\/o2feel-iswan-explorer-power-20\/","og_locale":"en_GB","og_type":"article","og_title":"Moustache - Samedi 28.2","og_description":"Le Samedi 28.2 de la marque Moustache est le partenaire id\u00e9al pour vos trajets quotidiens et vos longues balades sur pistes cyclables.","og_url":"https:\/\/www.joebike.fr\/en\/product-2\/o2feel-iswan-explorer-power-20\/","og_site_name":"Joe Bike","article_publisher":"https:\/\/www.facebook.com\/joebikefrance","article_modified_time":"2025-08-12T15:10:39+00:00","og_image":[{"width":700,"height":525,"url":"https:\/\/www.joebike.fr\/wp-content\/uploads\/2024\/11\/Moustache-Samedi-28.3.png","type":"image\/png"}],"twitter_card":"summary_large_image","schema":{"@context":"https:\/\/schema.org","@graph":[{"@type":"WebPage","@id":"https:\/\/www.joebike.fr\/produit\/moustache-samedi-28-2\/","url":"https:\/\/www.joebike.fr\/produit\/moustache-samedi-28-2\/","name":"Joe Bike - Our new bikes : Moustache - Saturday 28.2","isPartOf":{"@id":"https:\/\/www.joebike.fr\/#website"},"primaryImageOfPage":{"@id":"https:\/\/www.joebike.fr\/produit\/moustache-samedi-28-2\/#primaryimage"},"image":{"@id":"https:\/\/www.joebike.fr\/produit\/moustache-samedi-28-2\/#primaryimage"},"thumbnailUrl":"https:\/\/www.joebike.fr\/wp-content\/uploads\/2024\/11\/Moustache-Samedi-28.3.png","datePublished":"2024-11-25T07:20:10+00:00","dateModified":"2025-08-12T15:10:39+00:00","description":"The Samedi 28.2 from Moustache is the ideal partner for your daily commute and long rides on cycle paths.","breadcrumb":{"@id":"https:\/\/www.joebike.fr\/produit\/moustache-samedi-28-2\/#breadcrumb"},"inLanguage":"en-GB","potentialAction":[{"@type":"ReadAction","target":["https:\/\/www.joebike.fr\/produit\/moustache-samedi-28-2\/"]}]},{"@type":"ImageObject","inLanguage":"en-GB","@id":"https:\/\/www.joebike.fr\/produit\/moustache-samedi-28-2\/#primaryimage","url":"https:\/\/www.joebike.fr\/wp-content\/uploads\/2024\/11\/Moustache-Samedi-28.3.png","contentUrl":"https:\/\/www.joebike.fr\/wp-content\/uploads\/2024\/11\/Moustache-Samedi-28.3.png","width":700,"height":525},{"@type":"BreadcrumbList","@id":"https:\/\/www.joebike.fr\/produit\/moustache-samedi-28-2\/#breadcrumb","itemListElement":[{"@type":"ListItem","position":1,"name":"Accueil","item":"https:\/\/www.joebike.fr\/"},{"@type":"ListItem","position":2,"name":"Shop","item":"https:\/\/www.joebike.fr\/bike-shop\/"},{"@type":"ListItem","position":3,"name":"Moustache &#8211; Samedi 28.2"}]},{"@type":"WebSite","@id":"https:\/\/www.joebike.fr\/#website","url":"https:\/\/www.joebike.fr\/","name":"Joe Bike","description":"Bike hire in the Landes, the Basque Country and the Pyrenees","publisher":{"@id":"https:\/\/www.joebike.fr\/#organization"},"potentialAction":[{"@type":"SearchAction","target":{"@type":"EntryPoint","urlTemplate":"https:\/\/www.joebike.fr\/?s={search_term_string}"},"query-input":{"@type":"PropertyValueSpecification","valueRequired":true,"valueName":"search_term_string"}}],"inLanguage":"en-GB"},{"@type":"Organization","@id":"https:\/\/www.joebike.fr\/#organization","name":"Joe Bike, specialist in bike hire","url":"https:\/\/www.joebike.fr\/","logo":{"@type":"ImageObject","inLanguage":"en-GB","@id":"https:\/\/www.joebike.fr\/#\/schema\/logo\/image\/","url":"https:\/\/www.joebike.fr\/wp-content\/uploads\/2022\/04\/LOGO-JB-22_PNG.png","contentUrl":"https:\/\/www.joebike.fr\/wp-content\/uploads\/2022\/04\/LOGO-JB-22_PNG.png","width":473,"height":473,"caption":"Joe Bike, sp\u00e9cialiste en location v\u00e9lo"},"image":{"@id":"https:\/\/www.joebike.fr\/#\/schema\/logo\/image\/"},"sameAs":["https:\/\/www.facebook.com\/joebikefrance","https:\/\/www.instagram.com\/joebikefrance"]}]}},"_links":{"self":[{"href":"https:\/\/www.joebike.fr\/en\/wp-json\/wp\/v2\/product\/10724","targetHints":{"allow":["GET"]}}],"collection":[{"href":"https:\/\/www.joebike.fr\/en\/wp-json\/wp\/v2\/product"}],"about":[{"href":"https:\/\/www.joebike.fr\/en\/wp-json\/wp\/v2\/types\/product"}],"version-history":[{"count":1,"href":"https:\/\/www.joebike.fr\/en\/wp-json\/wp\/v2\/product\/10724\/revisions"}],"predecessor-version":[{"id":13567,"href":"https:\/\/www.joebike.fr\/en\/wp-json\/wp\/v2\/product\/10724\/revisions\/13567"}],"wp:featuredmedia":[{"embeddable":true,"href":"https:\/\/www.joebike.fr\/en\/wp-json\/wp\/v2\/media\/10707"}],"wp:attachment":[{"href":"https:\/\/www.joebike.fr\/en\/wp-json\/wp\/v2\/media?parent=10724"}],"wp:term":[{"taxonomy":"product_brand","embeddable":true,"href":"https:\/\/www.joebike.fr\/en\/wp-json\/wp\/v2\/product_brand?post=10724"},{"taxonomy":"product_cat","embeddable":true,"href":"https:\/\/www.joebike.fr\/en\/wp-json\/wp\/v2\/product_cat?post=10724"},{"taxonomy":"product_tag","embeddable":true,"href":"https:\/\/www.joebike.fr\/en\/wp-json\/wp\/v2\/product_tag?post=10724"}],"curies":[{"name":"wp","href":"https:\/\/api.w.org\/{rel}","templated":true}]}}