{"id":10786,"date":"2024-11-25T09:18:40","date_gmt":"2024-11-25T08:18:40","guid":{"rendered":"https:\/\/www.joebike.fr\/?post_type=product&#038;p=10786"},"modified":"2026-04-07T17:01:48","modified_gmt":"2026-04-07T15:01:48","slug":"o2feel-iswan-explorer-power-28","status":"publish","type":"product","link":"https:\/\/www.joebike.fr\/en\/product-2\/o2feel-iswan-explorer-power-28\/","title":{"rendered":"Orbea - Diem 30"},"content":{"rendered":"<table border=\"1\">\n<tbody>\n<tr>\n<td><strong>Frame<\/strong><\/td>\n<td>Aluminium : Orbea Diem Hydro High Polished 2024, Flex Tech, 9&#215;135 \/ 12&#215;142 mm, Headset Routing, Custom Kickstand, Orbea Urban Cockpit and equipment compatible, Tire Clearance: 50 mm.<\/td>\n<\/tr>\n<tr>\n<td><strong>Fork<\/strong><\/td>\n<td>Carbone : Orbea Diem carbon fork, full carbon, 1&Prime; 1\/8 &#8211; 1&Prime; 1\/5, thru axle 12&#215;1, post mount disc mount, Thru Axle 12&#215;100 mm, Long mudguards compatible.<\/td>\n<\/tr>\n<tr>\n<td><strong>Engine<\/strong><\/td>\n<td>Shimano EP600, 25 km\/h.<\/td>\n<\/tr>\n<tr>\n<td><strong>Battery<\/strong><\/td>\n<td>Orbea Internal, 540 Wh.<\/td>\n<\/tr>\n<tr>\n<td><strong>Commande<\/strong><\/td>\n<td>Shimano Steps EN600-L.<\/td>\n<\/tr>\n<tr>\n<td><strong>Manette de d\u00e9railleur<\/strong><\/td>\n<td>Shimano Cues SL-U4000, 1&#215;9-vitesses.<\/td>\n<\/tr>\n<tr>\n<td><strong>Rear derailleur<\/strong><\/td>\n<td>Shimano Cues RD-U4000, Shadow RD, 9-vitesses.<\/td>\n<\/tr>\n<tr>\n<td><strong>Cassette<\/strong><\/td>\n<td>Shimano CS-LG300, 11-46 Dents.<\/td>\n<\/tr>\n<tr>\n<td><strong>Channel<\/strong><\/td>\n<td>KMC eGlide.<\/td>\n<\/tr>\n<tr>\n<td><strong>Pedals<\/strong><\/td>\n<td>Alloy, w\/Chainguard, 40 Dents.<\/td>\n<\/tr>\n<tr>\n<td><strong>Brakes<\/strong><\/td>\n<td>Shimano MT200, Hydr. Disc Brake, Shimano MT201 Levers.<\/td>\n<\/tr>\n<tr>\n<td><strong>Wheels<\/strong><\/td>\n<td>Alloy, Tubeless, 25c, 32H, 700c.<\/td>\n<\/tr>\n<tr>\n<td><strong>Tyres<\/strong><\/td>\n<td>Vittoria e-Randonneur, Reflective band, 50-622, 700x48C.<\/td>\n<\/tr>\n<tr>\n<td><strong>Handlebars<\/strong><\/td>\n<td>Orbea Urban, Integrated Light, Rise 54 mm, Width 700 mm.<\/td>\n<\/tr>\n<tr>\n<td><strong>Steering set<\/strong><\/td>\n<td>FSA 1-1\/2&Prime; Integrated Aluminium Cup.<\/td>\n<\/tr>\n<tr>\n<td><strong>Pedals<\/strong><\/td>\n<td>VP-537 Black.<\/td>\n<\/tr>\n<tr>\n<td><strong>Saddle<\/strong><\/td>\n<td>Selle Royal Vivo Ergo.<\/td>\n<\/tr>\n<tr>\n<td><strong>Seat post<\/strong><\/td>\n<td>Alloy, 31.6&#215;300 mm, Setback 0 mm.<\/td>\n<\/tr>\n<tr>\n<td><strong>Accessories<\/strong><\/td>\n<td>Orbea RR-01 Alloy, w\/Mik &amp; Mik Side and Ortlieb QL3.1 system. Max. 20 kg Carrier \/ Curana Apollo Orbit 60 mm fenders \/ Orbea integrated, USB-C charging point Front Position Light \/ Supernova Starstream Pure, Low Beam Front Light \/ Orbea Fender integrated, with alert light Rear Light \/ Orbea Diem Integrated Kickstand \/ Knog OI Classic Bell.<\/td>\n<\/tr>\n<\/tbody>\n<\/table>","protected":false},"excerpt":{"rendered":"<p>Le <strong>Diem 30<\/strong> is a powerful urban e-bike designed to make your daily commute fun and enjoyable. Thanks to its lightweight, high-performance Shimano EP600 motor (85Nm), you'll be able to get around town or on the open road with ease. The Orbea 540Wh internal battery offers comfortable range, and you can opt for an additional 250Wh battery for even greater distance.<\/p>\n<p>Braking is provided by Shimano MT201 hydraulic brakes, offering reliable stopping power even in varied conditions. The Shimano CUES U400 9-speed rear derailleur ensures smooth, precise gear changes. Comfortable with its Royal Vivo Ergo saddle, the Diem 30 is also designed to absorb vibrations thanks to the frame's patented Diamond Glide, ensuring a balanced ride on uneven surfaces.<\/p>\n<p>Finally, integrated lighting at the front (Supernova StarStream Pure) and rear (Orbea) ensures visibility, for safe riding in all circumstances. A complete urban bike, designed to combine performance, comfort and safety!<\/p>","protected":false},"featured_media":10788,"template":"","meta":{"_acf_changed":false},"product_brand":[],"product_cat":[132,163,131],"product_tag":[167],"class_list":{"0":"post-10786","1":"product","2":"type-product","3":"status-publish","4":"has-post-thumbnail","6":"product_cat-velos-electriques","7":"product_cat-velos-electriques-urbains","8":"product_cat-velos-neufs","9":"product_tag-orbea","11":"first","12":"instock","13":"sale","14":"taxable","15":"shipping-taxable","16":"purchasable","17":"product-type-variable"},"acf":[],"yoast_head":"<!-- This site is optimized with the Yoast SEO Premium plugin v26.6 (Yoast SEO v27.3) - https:\/\/yoast.com\/product\/yoast-seo-premium-wordpress\/ -->\n<title>Joe Bike - Nos v\u00e9los neufs : Orbea - Diem 30<\/title>\n<meta name=\"description\" content=\"Le Diem 30 est l&#039;e-bike urbain puissant, con\u00e7u pour rendre vos d\u00e9placements quotidiens ludiques et agr\u00e9ables.\" \/>\n<meta name=\"robots\" content=\"index, follow, max-snippet:-1, max-image-preview:large, max-video-preview:-1\" \/>\n<link rel=\"canonical\" href=\"https:\/\/www.joebike.fr\/en\/product-2\/o2feel-iswan-explorer-power-28\/\" \/>\n<meta property=\"og:locale\" content=\"en_GB\" \/>\n<meta property=\"og:type\" content=\"article\" \/>\n<meta property=\"og:title\" content=\"Orbea - Diem 30\" \/>\n<meta property=\"og:description\" content=\"Le Diem 30 est l&#039;e-bike urbain puissant, con\u00e7u pour rendre vos d\u00e9placements quotidiens ludiques et agr\u00e9ables.\" \/>\n<meta property=\"og:url\" content=\"https:\/\/www.joebike.fr\/en\/product-2\/o2feel-iswan-explorer-power-28\/\" \/>\n<meta property=\"og:site_name\" content=\"Joe Bike\" \/>\n<meta property=\"article:publisher\" content=\"https:\/\/www.facebook.com\/joebikefrance\" \/>\n<meta property=\"article:modified_time\" content=\"2026-04-07T15:01:48+00:00\" \/>\n<meta property=\"og:image\" content=\"https:\/\/www.joebike.fr\/wp-content\/uploads\/2024\/11\/Orbea-Diem-30.png\" \/>\n\t<meta property=\"og:image:width\" content=\"800\" \/>\n\t<meta property=\"og:image:height\" content=\"600\" \/>\n\t<meta property=\"og:image:type\" content=\"image\/png\" \/>\n<meta name=\"twitter:card\" content=\"summary_large_image\" \/>\n<script type=\"application\/ld+json\" class=\"yoast-schema-graph\">{\"@context\":\"https:\\\/\\\/schema.org\",\"@graph\":[{\"@type\":\"WebPage\",\"@id\":\"https:\\\/\\\/www.joebike.fr\\\/produit\\\/orbea-diem-30\\\/\",\"url\":\"https:\\\/\\\/www.joebike.fr\\\/produit\\\/orbea-diem-30\\\/\",\"name\":\"Joe Bike - Nos v\u00e9los neufs : Orbea - Diem 30\",\"isPartOf\":{\"@id\":\"https:\\\/\\\/www.joebike.fr\\\/#website\"},\"primaryImageOfPage\":{\"@id\":\"https:\\\/\\\/www.joebike.fr\\\/produit\\\/orbea-diem-30\\\/#primaryimage\"},\"image\":{\"@id\":\"https:\\\/\\\/www.joebike.fr\\\/produit\\\/orbea-diem-30\\\/#primaryimage\"},\"thumbnailUrl\":\"https:\\\/\\\/www.joebike.fr\\\/wp-content\\\/uploads\\\/2024\\\/11\\\/Orbea-Diem-30.png\",\"datePublished\":\"2024-11-25T08:18:40+00:00\",\"dateModified\":\"2026-04-07T15:01:48+00:00\",\"description\":\"Le Diem 30 est l'e-bike urbain puissant, con\u00e7u pour rendre vos d\u00e9placements quotidiens ludiques et agr\u00e9ables.\",\"breadcrumb\":{\"@id\":\"https:\\\/\\\/www.joebike.fr\\\/produit\\\/orbea-diem-30\\\/#breadcrumb\"},\"inLanguage\":\"en-GB\",\"potentialAction\":[{\"@type\":\"ReadAction\",\"target\":[\"https:\\\/\\\/www.joebike.fr\\\/produit\\\/orbea-diem-30\\\/\"]}]},{\"@type\":\"ImageObject\",\"inLanguage\":\"en-GB\",\"@id\":\"https:\\\/\\\/www.joebike.fr\\\/produit\\\/orbea-diem-30\\\/#primaryimage\",\"url\":\"https:\\\/\\\/www.joebike.fr\\\/wp-content\\\/uploads\\\/2024\\\/11\\\/Orbea-Diem-30.png\",\"contentUrl\":\"https:\\\/\\\/www.joebike.fr\\\/wp-content\\\/uploads\\\/2024\\\/11\\\/Orbea-Diem-30.png\",\"width\":800,\"height\":600},{\"@type\":\"BreadcrumbList\",\"@id\":\"https:\\\/\\\/www.joebike.fr\\\/produit\\\/orbea-diem-30\\\/#breadcrumb\",\"itemListElement\":[{\"@type\":\"ListItem\",\"position\":1,\"name\":\"Accueil\",\"item\":\"https:\\\/\\\/www.joebike.fr\\\/\"},{\"@type\":\"ListItem\",\"position\":2,\"name\":\"Shop\",\"item\":\"https:\\\/\\\/www.joebike.fr\\\/bike-shop\\\/\"},{\"@type\":\"ListItem\",\"position\":3,\"name\":\"Orbea &#8211; Diem 30\"}]},{\"@type\":\"WebSite\",\"@id\":\"https:\\\/\\\/www.joebike.fr\\\/#website\",\"url\":\"https:\\\/\\\/www.joebike.fr\\\/\",\"name\":\"Joe Bike\",\"description\":\"Location de v\u00e9lo dans les Landes, le Pays Basque et les Pyr\u00e9n\u00e9es\",\"publisher\":{\"@id\":\"https:\\\/\\\/www.joebike.fr\\\/#organization\"},\"potentialAction\":[{\"@type\":\"SearchAction\",\"target\":{\"@type\":\"EntryPoint\",\"urlTemplate\":\"https:\\\/\\\/www.joebike.fr\\\/?s={search_term_string}\"},\"query-input\":{\"@type\":\"PropertyValueSpecification\",\"valueRequired\":true,\"valueName\":\"search_term_string\"}}],\"inLanguage\":\"en-GB\"},{\"@type\":\"Organization\",\"@id\":\"https:\\\/\\\/www.joebike.fr\\\/#organization\",\"name\":\"Joe Bike, sp\u00e9cialiste en location v\u00e9lo\",\"url\":\"https:\\\/\\\/www.joebike.fr\\\/\",\"logo\":{\"@type\":\"ImageObject\",\"inLanguage\":\"en-GB\",\"@id\":\"https:\\\/\\\/www.joebike.fr\\\/#\\\/schema\\\/logo\\\/image\\\/\",\"url\":\"https:\\\/\\\/www.joebike.fr\\\/wp-content\\\/uploads\\\/2022\\\/04\\\/LOGO-JB-22_PNG.png\",\"contentUrl\":\"https:\\\/\\\/www.joebike.fr\\\/wp-content\\\/uploads\\\/2022\\\/04\\\/LOGO-JB-22_PNG.png\",\"width\":473,\"height\":473,\"caption\":\"Joe Bike, sp\u00e9cialiste en location v\u00e9lo\"},\"image\":{\"@id\":\"https:\\\/\\\/www.joebike.fr\\\/#\\\/schema\\\/logo\\\/image\\\/\"},\"sameAs\":[\"https:\\\/\\\/www.facebook.com\\\/joebikefrance\",\"https:\\\/\\\/www.instagram.com\\\/joebikefrance\"]}]}<\/script>\n<!-- \/ Yoast SEO Premium plugin. -->","yoast_head_json":{"title":"Joe Bike - Our new bikes: Orbea - Diem 30","description":"The Diem 30 is a powerful urban e-bike, designed to make your daily commute fun and enjoyable.","robots":{"index":"index","follow":"follow","max-snippet":"max-snippet:-1","max-image-preview":"max-image-preview:large","max-video-preview":"max-video-preview:-1"},"canonical":"https:\/\/www.joebike.fr\/en\/product-2\/o2feel-iswan-explorer-power-28\/","og_locale":"en_GB","og_type":"article","og_title":"Orbea - Diem 30","og_description":"Le Diem 30 est l'e-bike urbain puissant, con\u00e7u pour rendre vos d\u00e9placements quotidiens ludiques et agr\u00e9ables.","og_url":"https:\/\/www.joebike.fr\/en\/product-2\/o2feel-iswan-explorer-power-28\/","og_site_name":"Joe Bike","article_publisher":"https:\/\/www.facebook.com\/joebikefrance","article_modified_time":"2026-04-07T15:01:48+00:00","og_image":[{"width":800,"height":600,"url":"https:\/\/www.joebike.fr\/wp-content\/uploads\/2024\/11\/Orbea-Diem-30.png","type":"image\/png"}],"twitter_card":"summary_large_image","schema":{"@context":"https:\/\/schema.org","@graph":[{"@type":"WebPage","@id":"https:\/\/www.joebike.fr\/produit\/orbea-diem-30\/","url":"https:\/\/www.joebike.fr\/produit\/orbea-diem-30\/","name":"Joe Bike - Our new bikes: Orbea - Diem 30","isPartOf":{"@id":"https:\/\/www.joebike.fr\/#website"},"primaryImageOfPage":{"@id":"https:\/\/www.joebike.fr\/produit\/orbea-diem-30\/#primaryimage"},"image":{"@id":"https:\/\/www.joebike.fr\/produit\/orbea-diem-30\/#primaryimage"},"thumbnailUrl":"https:\/\/www.joebike.fr\/wp-content\/uploads\/2024\/11\/Orbea-Diem-30.png","datePublished":"2024-11-25T08:18:40+00:00","dateModified":"2026-04-07T15:01:48+00:00","description":"The Diem 30 is a powerful urban e-bike, designed to make your daily commute fun and enjoyable.","breadcrumb":{"@id":"https:\/\/www.joebike.fr\/produit\/orbea-diem-30\/#breadcrumb"},"inLanguage":"en-GB","potentialAction":[{"@type":"ReadAction","target":["https:\/\/www.joebike.fr\/produit\/orbea-diem-30\/"]}]},{"@type":"ImageObject","inLanguage":"en-GB","@id":"https:\/\/www.joebike.fr\/produit\/orbea-diem-30\/#primaryimage","url":"https:\/\/www.joebike.fr\/wp-content\/uploads\/2024\/11\/Orbea-Diem-30.png","contentUrl":"https:\/\/www.joebike.fr\/wp-content\/uploads\/2024\/11\/Orbea-Diem-30.png","width":800,"height":600},{"@type":"BreadcrumbList","@id":"https:\/\/www.joebike.fr\/produit\/orbea-diem-30\/#breadcrumb","itemListElement":[{"@type":"ListItem","position":1,"name":"Accueil","item":"https:\/\/www.joebike.fr\/"},{"@type":"ListItem","position":2,"name":"Shop","item":"https:\/\/www.joebike.fr\/bike-shop\/"},{"@type":"ListItem","position":3,"name":"Orbea &#8211; Diem 30"}]},{"@type":"WebSite","@id":"https:\/\/www.joebike.fr\/#website","url":"https:\/\/www.joebike.fr\/","name":"Joe Bike","description":"Bike hire in the Landes, the Basque Country and the Pyrenees","publisher":{"@id":"https:\/\/www.joebike.fr\/#organization"},"potentialAction":[{"@type":"SearchAction","target":{"@type":"EntryPoint","urlTemplate":"https:\/\/www.joebike.fr\/?s={search_term_string}"},"query-input":{"@type":"PropertyValueSpecification","valueRequired":true,"valueName":"search_term_string"}}],"inLanguage":"en-GB"},{"@type":"Organization","@id":"https:\/\/www.joebike.fr\/#organization","name":"Joe Bike, specialist in bike hire","url":"https:\/\/www.joebike.fr\/","logo":{"@type":"ImageObject","inLanguage":"en-GB","@id":"https:\/\/www.joebike.fr\/#\/schema\/logo\/image\/","url":"https:\/\/www.joebike.fr\/wp-content\/uploads\/2022\/04\/LOGO-JB-22_PNG.png","contentUrl":"https:\/\/www.joebike.fr\/wp-content\/uploads\/2022\/04\/LOGO-JB-22_PNG.png","width":473,"height":473,"caption":"Joe Bike, sp\u00e9cialiste en location v\u00e9lo"},"image":{"@id":"https:\/\/www.joebike.fr\/#\/schema\/logo\/image\/"},"sameAs":["https:\/\/www.facebook.com\/joebikefrance","https:\/\/www.instagram.com\/joebikefrance"]}]}},"_links":{"self":[{"href":"https:\/\/www.joebike.fr\/en\/wp-json\/wp\/v2\/product\/10786","targetHints":{"allow":["GET"]}}],"collection":[{"href":"https:\/\/www.joebike.fr\/en\/wp-json\/wp\/v2\/product"}],"about":[{"href":"https:\/\/www.joebike.fr\/en\/wp-json\/wp\/v2\/types\/product"}],"version-history":[{"count":0,"href":"https:\/\/www.joebike.fr\/en\/wp-json\/wp\/v2\/product\/10786\/revisions"}],"wp:featuredmedia":[{"embeddable":true,"href":"https:\/\/www.joebike.fr\/en\/wp-json\/wp\/v2\/media\/10788"}],"wp:attachment":[{"href":"https:\/\/www.joebike.fr\/en\/wp-json\/wp\/v2\/media?parent=10786"}],"wp:term":[{"taxonomy":"product_brand","embeddable":true,"href":"https:\/\/www.joebike.fr\/en\/wp-json\/wp\/v2\/product_brand?post=10786"},{"taxonomy":"product_cat","embeddable":true,"href":"https:\/\/www.joebike.fr\/en\/wp-json\/wp\/v2\/product_cat?post=10786"},{"taxonomy":"product_tag","embeddable":true,"href":"https:\/\/www.joebike.fr\/en\/wp-json\/wp\/v2\/product_tag?post=10786"}],"curies":[{"name":"wp","href":"https:\/\/api.w.org\/{rel}","templated":true}]}}