{"id":11095,"date":"2024-11-27T15:04:27","date_gmt":"2024-11-27T14:04:27","guid":{"rendered":"https:\/\/www.joebike.fr\/?post_type=product&#038;p=11095"},"modified":"2025-12-30T18:34:37","modified_gmt":"2025-12-30T17:34:37","slug":"o2feel-iswan-explorer-power-48","status":"publish","type":"product","link":"https:\/\/www.joebike.fr\/en\/product-2\/o2feel-iswan-explorer-power-48\/","title":{"rendered":"Orbea &#8211; Orca M31e Team (2024)"},"content":{"rendered":"<table class=\"tableau-caracteristiques\" style=\"font-family: -apple-system, BlinkMacSystemFont, 'Segoe UI', Roboto, 'Helvetica Neue', Arial, 'Noto Sans', sans-serif, 'Apple Color Emoji', 'Segoe UI Emoji', 'Segoe UI Symbol', 'Noto Color Emoji';\">\n<tbody>\n<tr>\n<td class=\"icone-feature-cell\"><\/td>\n<td class=\"feature-name-cell\">FRAME<\/td>\n<td class=\"feature-descr-cell\">Orbea Orca carbon OMR 2024, monocoque construction, HS 1,5&Prime;, BB 386mm, powermeter compatible, Rear Thru Axle 12x142mm, thread M12x2 P1, internal cable routing.<\/td>\n<\/tr>\n<tr>\n<td class=\"icone-feature-cell\"><\/td>\n<td class=\"feature-name-cell\">FORK<\/td>\n<td class=\"feature-descr-cell\">Orbea Orca OMR ICR 2024, full carbon, 1-1\/8&Prime; &#8211; 1,5&Prime; tappered head tube compatible, Thru axle 12x100mm, thread M12x2 P1.<\/td>\n<\/tr>\n<tr>\n<td class=\"icone-feature-cell\"><\/td>\n<td class=\"feature-name-cell\">D.ARRI\u00c8RE<\/td>\n<td class=\"feature-descr-cell\">SRAM Rival eTAP AXS<\/td>\n<\/tr>\n<tr>\n<td class=\"icone-feature-cell\"><\/td>\n<td class=\"feature-name-cell\">MANETTE DROITE<\/td>\n<td class=\"feature-descr-cell\">SRAM Rival eTap AXS<\/td>\n<\/tr>\n<tr>\n<td class=\"icone-feature-cell\"><\/td>\n<td class=\"feature-name-cell\">MANETTE GAUCHE<\/td>\n<td class=\"feature-descr-cell\">SRAM Rival eTap AXS<\/td>\n<\/tr>\n<tr>\n<td class=\"icone-feature-cell\"><\/td>\n<td class=\"feature-name-cell\">CASSETTE<\/td>\n<td class=\"feature-descr-cell\">SRAM XG-1250 10-30t 12-Speed<\/td>\n<\/tr>\n<tr>\n<td class=\"icone-feature-cell\"><\/td>\n<td class=\"feature-name-cell\">CHAIN<\/td>\n<td class=\"feature-descr-cell\">SRAM Rival 12-Speed<\/td>\n<\/tr>\n<tr>\n<td class=\"icone-feature-cell\"><\/td>\n<td class=\"feature-name-cell\">PEDALS<\/td>\n<td class=\"feature-descr-cell\">SRAM Rival Dub 33x46t<\/td>\n<\/tr>\n<tr>\n<td class=\"icone-feature-cell\"><\/td>\n<td class=\"feature-name-cell\">BRAKES<\/td>\n<td class=\"feature-descr-cell\">SRAM Rival eTap AXS<\/td>\n<\/tr>\n<\/tbody>\n<\/table>","protected":false},"excerpt":{"rendered":"<p><strong>Garantie 6 mois pi\u00e8ces et main d\u2019oeuvre.<\/strong><\/p>\n<p>Ce v\u00e9lo est vendu avec antivol certifi\u00e9 ART ( indice de s\u00e9curit\u00e9 8\/10) et panier.<br \/>\n<em>Plus d&rsquo;informations par t\u00e9l\u00e9phone au 05 58 41 75 41.<\/em><\/p>","protected":false},"featured_media":11098,"template":"","meta":{"_acf_changed":false},"product_brand":[226],"product_cat":[134,142,136],"product_tag":[],"class_list":{"0":"post-11095","1":"product","2":"type-product","3":"status-publish","4":"has-post-thumbnail","6":"product_brand-orbea","7":"product_cat-velos-occasion","8":"product_cat-velo-de-route","9":"product_cat-velos-musculaires-velos-occasion","11":"first","12":"instock","13":"sale","14":"taxable","15":"shipping-taxable","16":"purchasable","17":"product-type-variable","18":"has-default-attributes"},"acf":[],"yoast_head":"<!-- This site is optimized with the Yoast SEO Premium plugin v26.6 (Yoast SEO v27.3) - https:\/\/yoast.com\/product\/yoast-seo-premium-wordpress\/ -->\n<title>Joe Bike - Nos v\u00e9los d&#039;occasion : Orbea - Orca M31e Team (2024)<\/title>\n<meta name=\"description\" content=\"Maniable et pr\u00e9cis, il offre une exp\u00e9rience de conduite exceptionnelle, o\u00f9 la rigidit\u00e9 et l\u2019efficacit\u00e9 se conjuguent parfaitement pour r\u00e9pondre aux attentes des cyclistes les plus exigeants.\" \/>\n<meta name=\"robots\" content=\"index, follow, max-snippet:-1, max-image-preview:large, max-video-preview:-1\" \/>\n<link rel=\"canonical\" href=\"https:\/\/www.joebike.fr\/en\/product-2\/o2feel-iswan-explorer-power-48\/\" \/>\n<meta property=\"og:locale\" content=\"en_GB\" \/>\n<meta property=\"og:type\" content=\"article\" \/>\n<meta property=\"og:title\" content=\"Orbea - Orca M31e Team (2024)\" \/>\n<meta property=\"og:description\" content=\"Maniable et pr\u00e9cis, il offre une exp\u00e9rience de conduite exceptionnelle, o\u00f9 la rigidit\u00e9 et l\u2019efficacit\u00e9 se conjuguent parfaitement pour r\u00e9pondre aux attentes des cyclistes les plus exigeants.\" \/>\n<meta property=\"og:url\" content=\"https:\/\/www.joebike.fr\/en\/product-2\/o2feel-iswan-explorer-power-48\/\" \/>\n<meta property=\"og:site_name\" content=\"Joe Bike\" \/>\n<meta property=\"article:publisher\" content=\"https:\/\/www.facebook.com\/joebikefrance\" \/>\n<meta property=\"article:modified_time\" content=\"2025-12-30T17:34:37+00:00\" \/>\n<meta property=\"og:image\" content=\"https:\/\/www.joebike.fr\/wp-content\/uploads\/2024\/11\/orbea-orca-eteam-.png\" \/>\n\t<meta property=\"og:image:width\" content=\"800\" \/>\n\t<meta property=\"og:image:height\" content=\"600\" \/>\n\t<meta property=\"og:image:type\" content=\"image\/png\" \/>\n<meta name=\"twitter:card\" content=\"summary_large_image\" \/>\n<script type=\"application\/ld+json\" class=\"yoast-schema-graph\">{\"@context\":\"https:\\\/\\\/schema.org\",\"@graph\":[{\"@type\":\"WebPage\",\"@id\":\"https:\\\/\\\/www.joebike.fr\\\/produit\\\/orbea-orca-m31e-team-2024\\\/\",\"url\":\"https:\\\/\\\/www.joebike.fr\\\/produit\\\/orbea-orca-m31e-team-2024\\\/\",\"name\":\"Joe Bike - Nos v\u00e9los d'occasion : Orbea - Orca M31e Team (2024)\",\"isPartOf\":{\"@id\":\"https:\\\/\\\/www.joebike.fr\\\/#website\"},\"primaryImageOfPage\":{\"@id\":\"https:\\\/\\\/www.joebike.fr\\\/produit\\\/orbea-orca-m31e-team-2024\\\/#primaryimage\"},\"image\":{\"@id\":\"https:\\\/\\\/www.joebike.fr\\\/produit\\\/orbea-orca-m31e-team-2024\\\/#primaryimage\"},\"thumbnailUrl\":\"https:\\\/\\\/www.joebike.fr\\\/wp-content\\\/uploads\\\/2024\\\/11\\\/orbea-orca-eteam-.png\",\"datePublished\":\"2024-11-27T14:04:27+00:00\",\"dateModified\":\"2025-12-30T17:34:37+00:00\",\"description\":\"Maniable et pr\u00e9cis, il offre une exp\u00e9rience de conduite exceptionnelle, o\u00f9 la rigidit\u00e9 et l\u2019efficacit\u00e9 se conjuguent parfaitement pour r\u00e9pondre aux attentes des cyclistes les plus exigeants.\",\"breadcrumb\":{\"@id\":\"https:\\\/\\\/www.joebike.fr\\\/produit\\\/orbea-orca-m31e-team-2024\\\/#breadcrumb\"},\"inLanguage\":\"en-GB\",\"potentialAction\":[{\"@type\":\"ReadAction\",\"target\":[\"https:\\\/\\\/www.joebike.fr\\\/produit\\\/orbea-orca-m31e-team-2024\\\/\"]}]},{\"@type\":\"ImageObject\",\"inLanguage\":\"en-GB\",\"@id\":\"https:\\\/\\\/www.joebike.fr\\\/produit\\\/orbea-orca-m31e-team-2024\\\/#primaryimage\",\"url\":\"https:\\\/\\\/www.joebike.fr\\\/wp-content\\\/uploads\\\/2024\\\/11\\\/orbea-orca-eteam-.png\",\"contentUrl\":\"https:\\\/\\\/www.joebike.fr\\\/wp-content\\\/uploads\\\/2024\\\/11\\\/orbea-orca-eteam-.png\",\"width\":800,\"height\":600},{\"@type\":\"BreadcrumbList\",\"@id\":\"https:\\\/\\\/www.joebike.fr\\\/produit\\\/orbea-orca-m31e-team-2024\\\/#breadcrumb\",\"itemListElement\":[{\"@type\":\"ListItem\",\"position\":1,\"name\":\"Accueil\",\"item\":\"https:\\\/\\\/www.joebike.fr\\\/\"},{\"@type\":\"ListItem\",\"position\":2,\"name\":\"Shop\",\"item\":\"https:\\\/\\\/www.joebike.fr\\\/bike-shop\\\/\"},{\"@type\":\"ListItem\",\"position\":3,\"name\":\"Orbea &#8211; Orca M31e Team (2024)\"}]},{\"@type\":\"WebSite\",\"@id\":\"https:\\\/\\\/www.joebike.fr\\\/#website\",\"url\":\"https:\\\/\\\/www.joebike.fr\\\/\",\"name\":\"Joe Bike\",\"description\":\"Location de v\u00e9lo dans les Landes, le Pays Basque et les Pyr\u00e9n\u00e9es\",\"publisher\":{\"@id\":\"https:\\\/\\\/www.joebike.fr\\\/#organization\"},\"potentialAction\":[{\"@type\":\"SearchAction\",\"target\":{\"@type\":\"EntryPoint\",\"urlTemplate\":\"https:\\\/\\\/www.joebike.fr\\\/?s={search_term_string}\"},\"query-input\":{\"@type\":\"PropertyValueSpecification\",\"valueRequired\":true,\"valueName\":\"search_term_string\"}}],\"inLanguage\":\"en-GB\"},{\"@type\":\"Organization\",\"@id\":\"https:\\\/\\\/www.joebike.fr\\\/#organization\",\"name\":\"Joe Bike, sp\u00e9cialiste en location v\u00e9lo\",\"url\":\"https:\\\/\\\/www.joebike.fr\\\/\",\"logo\":{\"@type\":\"ImageObject\",\"inLanguage\":\"en-GB\",\"@id\":\"https:\\\/\\\/www.joebike.fr\\\/#\\\/schema\\\/logo\\\/image\\\/\",\"url\":\"https:\\\/\\\/www.joebike.fr\\\/wp-content\\\/uploads\\\/2022\\\/04\\\/LOGO-JB-22_PNG.png\",\"contentUrl\":\"https:\\\/\\\/www.joebike.fr\\\/wp-content\\\/uploads\\\/2022\\\/04\\\/LOGO-JB-22_PNG.png\",\"width\":473,\"height\":473,\"caption\":\"Joe Bike, sp\u00e9cialiste en location v\u00e9lo\"},\"image\":{\"@id\":\"https:\\\/\\\/www.joebike.fr\\\/#\\\/schema\\\/logo\\\/image\\\/\"},\"sameAs\":[\"https:\\\/\\\/www.facebook.com\\\/joebikefrance\",\"https:\\\/\\\/www.instagram.com\\\/joebikefrance\"]}]}<\/script>\n<!-- \/ Yoast SEO Premium plugin. -->","yoast_head_json":{"title":"Joe Bike - Nos v\u00e9los d'occasion : Orbea - Orca M31e Team (2024)","description":"Manoeuvrable and precise, it offers an exceptional riding experience, where rigidity and efficiency combine perfectly to meet the expectations of the most demanding cyclists.","robots":{"index":"index","follow":"follow","max-snippet":"max-snippet:-1","max-image-preview":"max-image-preview:large","max-video-preview":"max-video-preview:-1"},"canonical":"https:\/\/www.joebike.fr\/en\/product-2\/o2feel-iswan-explorer-power-48\/","og_locale":"en_GB","og_type":"article","og_title":"Orbea - Orca M31e Team (2024)","og_description":"Maniable et pr\u00e9cis, il offre une exp\u00e9rience de conduite exceptionnelle, o\u00f9 la rigidit\u00e9 et l\u2019efficacit\u00e9 se conjuguent parfaitement pour r\u00e9pondre aux attentes des cyclistes les plus exigeants.","og_url":"https:\/\/www.joebike.fr\/en\/product-2\/o2feel-iswan-explorer-power-48\/","og_site_name":"Joe Bike","article_publisher":"https:\/\/www.facebook.com\/joebikefrance","article_modified_time":"2025-12-30T17:34:37+00:00","og_image":[{"width":800,"height":600,"url":"https:\/\/www.joebike.fr\/wp-content\/uploads\/2024\/11\/orbea-orca-eteam-.png","type":"image\/png"}],"twitter_card":"summary_large_image","schema":{"@context":"https:\/\/schema.org","@graph":[{"@type":"WebPage","@id":"https:\/\/www.joebike.fr\/produit\/orbea-orca-m31e-team-2024\/","url":"https:\/\/www.joebike.fr\/produit\/orbea-orca-m31e-team-2024\/","name":"Joe Bike - Nos v\u00e9los d'occasion : Orbea - Orca M31e Team (2024)","isPartOf":{"@id":"https:\/\/www.joebike.fr\/#website"},"primaryImageOfPage":{"@id":"https:\/\/www.joebike.fr\/produit\/orbea-orca-m31e-team-2024\/#primaryimage"},"image":{"@id":"https:\/\/www.joebike.fr\/produit\/orbea-orca-m31e-team-2024\/#primaryimage"},"thumbnailUrl":"https:\/\/www.joebike.fr\/wp-content\/uploads\/2024\/11\/orbea-orca-eteam-.png","datePublished":"2024-11-27T14:04:27+00:00","dateModified":"2025-12-30T17:34:37+00:00","description":"Manoeuvrable and precise, it offers an exceptional riding experience, where rigidity and efficiency combine perfectly to meet the expectations of the most demanding cyclists.","breadcrumb":{"@id":"https:\/\/www.joebike.fr\/produit\/orbea-orca-m31e-team-2024\/#breadcrumb"},"inLanguage":"en-GB","potentialAction":[{"@type":"ReadAction","target":["https:\/\/www.joebike.fr\/produit\/orbea-orca-m31e-team-2024\/"]}]},{"@type":"ImageObject","inLanguage":"en-GB","@id":"https:\/\/www.joebike.fr\/produit\/orbea-orca-m31e-team-2024\/#primaryimage","url":"https:\/\/www.joebike.fr\/wp-content\/uploads\/2024\/11\/orbea-orca-eteam-.png","contentUrl":"https:\/\/www.joebike.fr\/wp-content\/uploads\/2024\/11\/orbea-orca-eteam-.png","width":800,"height":600},{"@type":"BreadcrumbList","@id":"https:\/\/www.joebike.fr\/produit\/orbea-orca-m31e-team-2024\/#breadcrumb","itemListElement":[{"@type":"ListItem","position":1,"name":"Accueil","item":"https:\/\/www.joebike.fr\/"},{"@type":"ListItem","position":2,"name":"Shop","item":"https:\/\/www.joebike.fr\/bike-shop\/"},{"@type":"ListItem","position":3,"name":"Orbea &#8211; Orca M31e Team (2024)"}]},{"@type":"WebSite","@id":"https:\/\/www.joebike.fr\/#website","url":"https:\/\/www.joebike.fr\/","name":"Joe Bike","description":"Bike hire in the Landes, the Basque Country and the Pyrenees","publisher":{"@id":"https:\/\/www.joebike.fr\/#organization"},"potentialAction":[{"@type":"SearchAction","target":{"@type":"EntryPoint","urlTemplate":"https:\/\/www.joebike.fr\/?s={search_term_string}"},"query-input":{"@type":"PropertyValueSpecification","valueRequired":true,"valueName":"search_term_string"}}],"inLanguage":"en-GB"},{"@type":"Organization","@id":"https:\/\/www.joebike.fr\/#organization","name":"Joe Bike, specialist in bike hire","url":"https:\/\/www.joebike.fr\/","logo":{"@type":"ImageObject","inLanguage":"en-GB","@id":"https:\/\/www.joebike.fr\/#\/schema\/logo\/image\/","url":"https:\/\/www.joebike.fr\/wp-content\/uploads\/2022\/04\/LOGO-JB-22_PNG.png","contentUrl":"https:\/\/www.joebike.fr\/wp-content\/uploads\/2022\/04\/LOGO-JB-22_PNG.png","width":473,"height":473,"caption":"Joe Bike, sp\u00e9cialiste en location v\u00e9lo"},"image":{"@id":"https:\/\/www.joebike.fr\/#\/schema\/logo\/image\/"},"sameAs":["https:\/\/www.facebook.com\/joebikefrance","https:\/\/www.instagram.com\/joebikefrance"]}]}},"_links":{"self":[{"href":"https:\/\/www.joebike.fr\/en\/wp-json\/wp\/v2\/product\/11095","targetHints":{"allow":["GET"]}}],"collection":[{"href":"https:\/\/www.joebike.fr\/en\/wp-json\/wp\/v2\/product"}],"about":[{"href":"https:\/\/www.joebike.fr\/en\/wp-json\/wp\/v2\/types\/product"}],"version-history":[{"count":5,"href":"https:\/\/www.joebike.fr\/en\/wp-json\/wp\/v2\/product\/11095\/revisions"}],"predecessor-version":[{"id":14656,"href":"https:\/\/www.joebike.fr\/en\/wp-json\/wp\/v2\/product\/11095\/revisions\/14656"}],"wp:featuredmedia":[{"embeddable":true,"href":"https:\/\/www.joebike.fr\/en\/wp-json\/wp\/v2\/media\/11098"}],"wp:attachment":[{"href":"https:\/\/www.joebike.fr\/en\/wp-json\/wp\/v2\/media?parent=11095"}],"wp:term":[{"taxonomy":"product_brand","embeddable":true,"href":"https:\/\/www.joebike.fr\/en\/wp-json\/wp\/v2\/product_brand?post=11095"},{"taxonomy":"product_cat","embeddable":true,"href":"https:\/\/www.joebike.fr\/en\/wp-json\/wp\/v2\/product_cat?post=11095"},{"taxonomy":"product_tag","embeddable":true,"href":"https:\/\/www.joebike.fr\/en\/wp-json\/wp\/v2\/product_tag?post=11095"}],"curies":[{"name":"wp","href":"https:\/\/api.w.org\/{rel}","templated":true}]}}