{"id":11917,"date":"2025-03-25T11:44:36","date_gmt":"2025-03-25T10:44:36","guid":{"rendered":"https:\/\/www.joebike.fr\/?post_type=product&#038;p=11917"},"modified":"2025-08-12T17:08:03","modified_gmt":"2025-08-12T15:08:03","slug":"moustache-samedi-27-xroad-4","status":"publish","type":"product","link":"https:\/\/www.joebike.fr\/en\/product-2\/moustache-samedi-27-xroad-4\/","title":{"rendered":"Moustache &#8211; Samedi 27 Xroad 4"},"content":{"rendered":"<table>\n<thead>\n<tr>\n<th>Cat\u00e9gorie<\/th>\n<th>Sp\u00e9cifications<\/th>\n<\/tr>\n<\/thead>\n<tbody>\n<tr>\n<td>Frame<\/td>\n<td>Xroad, aluminium 6061 T4-T6, tubes hydroform\u00e9s \u00e0 \u00e9paisseur variable, int\u00e9gration exclusive pour batterie Bosch PowerTube (verticale), passage de gaines int\u00e9gr\u00e9.<\/td>\n<\/tr>\n<tr>\n<td>Fork<\/td>\n<td>SR Suntour, XCM32-ATB, NLO, r\u00e9glage de la pr\u00e9contrainte et fonction blocage, 100mm de d\u00e9battement.<\/td>\n<\/tr>\n<tr>\n<td>Engine<\/td>\n<td>Bosch, Performance Line, 250W, Smart System, 75Nm.<\/td>\n<\/tr>\n<tr>\n<td>Battery<\/td>\n<td>Bosch, PowerTube 500Wh, verticale, Smart System.<\/td>\n<\/tr>\n<tr>\n<td>Autonomie*<\/td>\n<td>125 km.<\/td>\n<\/tr>\n<tr>\n<td>Charger<\/td>\n<td>Bosch, 2Ah.<\/td>\n<\/tr>\n<tr>\n<td>Commande<\/td>\n<td>Bosch, Purion 200, Smart System, compact, \u00e9cran couleur, navigation, \u00ab\u00a0Walk assist\u00a0\u00bb.<\/td>\n<\/tr>\n<tr>\n<td>Transmission<\/td>\n<td>Shimano, CUES, RD-U6020, 10 vitesses.<\/td>\n<\/tr>\n<tr>\n<td>Joystick<\/td>\n<td>Shimano, CUES, SL-U6000-10R, 10 vitesses.<\/td>\n<\/tr>\n<tr>\n<td>Pedals<\/td>\n<td>Moustache, aluminium, 170mm moteur Gen3.<\/td>\n<\/tr>\n<tr>\n<td>Tray<\/td>\n<td>40 dents, Narrow Wide moteur Gen3.<\/td>\n<\/tr>\n<tr>\n<td>Cassette<\/td>\n<td>Shimano, CUES, CS-LG300, 10V, 11-39.<\/td>\n<\/tr>\n<tr>\n<td>Channel<\/td>\n<td>Shimano, CN-LG500, 120 maillons.<\/td>\n<\/tr>\n<tr>\n<td>Freins AV \/ AR<\/td>\n<td>Shimano, MT200 ou Alhonga HJ-472, frein \u00e0 disque hydraulique.<\/td>\n<\/tr>\n<tr>\n<td>Disques AV \/ AR<\/td>\n<td>Shimano, 180mm ou Alhonga, 180mm \/ Shimano, 160mm ou Alhonga, 160mm.<\/td>\n<\/tr>\n<tr>\n<td>Moyeu AV \/ AR<\/td>\n<td>Shimano, 32 trous, 9x100mm, serrage rapide \/ Shimano, 32 trous, 9x135mm, serrage rapide.<\/td>\n<\/tr>\n<tr>\n<td>Jantes AV \/ AR<\/td>\n<td>Moustache, asym\u00e9triques, aluminium 6061E, soud\u00e9es, 32 trous, 27.5&Prime;, largeur interne 23mm.<\/td>\n<\/tr>\n<tr>\n<td>Pneu AV<\/td>\n<td>Schwalbe, Smart Sam, 27.5&#215;2.25.<\/td>\n<\/tr>\n<tr>\n<td>Saddle<\/td>\n<td>Selle Royal, Essenza + moderate.<\/td>\n<\/tr>\n<tr>\n<td>Seat post<\/td>\n<td>Suspendue, aluminium, 31.6mm, 350mm, 40mm de d\u00e9battement.<\/td>\n<\/tr>\n<tr>\n<td>Handlebars<\/td>\n<td>Moustache, ergonomique, aluminium, 680mm, backsweep 25\u00b0.<\/td>\n<\/tr>\n<tr>\n<td>Stem<\/td>\n<td>Moustache, aluminium, r\u00e9glable, 90mm.<\/td>\n<\/tr>\n<tr>\n<td>Handles<\/td>\n<td>Ergonomiques, double densit\u00e9.<\/td>\n<\/tr>\n<tr>\n<td>\u00c9clairage AV \/ AR<\/td>\n<td>AXA, NXT, 30 lux, aliment\u00e9 par la batterie principale \/ Spanninga, Presto2Guard, aliment\u00e9 par la batterie principale.<\/td>\n<\/tr>\n<tr>\n<td>Anti-theft device<\/td>\n<td>AXA, Block XXL, cl\u00e9 identique pour le verrouillage de la batterie et de l&rsquo;antivol.<\/td>\n<\/tr>\n<tr>\n<td>Stand<\/td>\n<td>Moustache, r\u00e9glable.<\/td>\n<\/tr>\n<tr>\n<td>Mudguard<\/td>\n<td>Moustache, aluminium, tubulaires double paroi, ultra-stables.<\/td>\n<\/tr>\n<tr>\n<td>Luggage rack<\/td>\n<td>Moustache, aluminium, fixations lat\u00e9rales QL3 amovibles et plateforme MIK HD.<\/td>\n<\/tr>\n<tr>\n<td>Pedals<\/td>\n<td>Plateforme aluminium avec r\u00e9flecteurs.<\/td>\n<\/tr>\n<tr>\n<td>Size<\/td>\n<td>L.<\/td>\n<\/tr>\n<tr>\n<td>Colour<\/td>\n<td>Bleu p\u00e9trole brillant.<\/td>\n<\/tr>\n<tr>\n<td>Weight<\/td>\n<td>26.2 kg.<\/td>\n<\/tr>\n<tr>\n<td>GVW<\/td>\n<td>135 kg.<\/td>\n<\/tr>\n<tr>\n<td>Guarantee<\/td>\n<td>5 ans cadre et fourche Moustache Bikes &#8211; 2 ans moteur, batterie.<\/td>\n<\/tr>\n<\/tbody>\n<\/table>\n<p><strong>Les sp\u00e9cifications des produits peuvent changer sans pr\u00e9avis. Informations non contractuelles.<\/strong><\/p>","protected":false},"excerpt":{"rendered":"<p>Solidement \u00e9quip\u00e9, confortable et puissant gr\u00e2ce \u00e0 son moteur Bosch Performance, bien chauss\u00e9 de pneus Hutchinson offrant adh\u00e9rence et faible r\u00e9sistance au roulement, Samedi 27 Xroad 2 est aussi \u00e0 l&rsquo;aise sur les chemins de campagne qu&rsquo;au milieu de la jungle urbaine.<\/p>","protected":false},"featured_media":11921,"template":"","meta":{"_acf_changed":false},"product_brand":[232],"product_cat":[132,163,131,198],"product_tag":[],"class_list":{"0":"post-11917","1":"product","2":"type-product","3":"status-publish","4":"has-post-thumbnail","6":"product_brand-moustache","7":"product_cat-velos-electriques","8":"product_cat-velos-electriques-urbains","9":"product_cat-velos-neufs","10":"product_cat-velos-tout-chemin-electriques","12":"first","13":"instock","14":"taxable","15":"shipping-taxable","16":"purchasable","17":"product-type-variable"},"acf":[],"yoast_head":"<!-- This site is optimized with the Yoast SEO Premium plugin v26.6 (Yoast SEO v27.4) - https:\/\/yoast.com\/product\/yoast-seo-premium-wordpress\/ -->\n<title>Joe Bike - Nos v\u00e9los neufs : Moustache - Samedi 27 Xroad 4<\/title>\n<meta name=\"description\" content=\"Aussi \u00e0 l&#039;aise sur les chemins de campagne qu&#039;au milieu de la jungle urbaine, encore plus puissant et toujours aussi solidement \u00e9quip\u00e9.\" \/>\n<meta name=\"robots\" content=\"index, follow, max-snippet:-1, max-image-preview:large, max-video-preview:-1\" \/>\n<link rel=\"canonical\" href=\"https:\/\/www.joebike.fr\/en\/product-2\/moustache-samedi-27-xroad-4\/\" \/>\n<meta property=\"og:locale\" content=\"en_GB\" \/>\n<meta property=\"og:type\" content=\"article\" \/>\n<meta property=\"og:title\" content=\"Moustache - Samedi 27 Xroad 4\" \/>\n<meta property=\"og:description\" content=\"Aussi \u00e0 l&#039;aise sur les chemins de campagne qu&#039;au milieu de la jungle urbaine, encore plus puissant et toujours aussi solidement \u00e9quip\u00e9.\" \/>\n<meta property=\"og:url\" content=\"https:\/\/www.joebike.fr\/en\/product-2\/moustache-samedi-27-xroad-4\/\" \/>\n<meta property=\"og:site_name\" content=\"Joe Bike\" \/>\n<meta property=\"article:publisher\" content=\"https:\/\/www.facebook.com\/joebikefrance\" \/>\n<meta property=\"article:modified_time\" content=\"2025-08-12T15:08:03+00:00\" \/>\n<meta property=\"og:image\" content=\"https:\/\/www.joebike.fr\/wp-content\/uploads\/2025\/03\/Samedi-27-Xroad-4.png\" \/>\n\t<meta property=\"og:image:width\" content=\"1200\" \/>\n\t<meta property=\"og:image:height\" content=\"900\" \/>\n\t<meta property=\"og:image:type\" content=\"image\/png\" \/>\n<meta name=\"twitter:card\" content=\"summary_large_image\" \/>\n<script type=\"application\/ld+json\" class=\"yoast-schema-graph\">{\"@context\":\"https:\\\/\\\/schema.org\",\"@graph\":[{\"@type\":\"WebPage\",\"@id\":\"https:\\\/\\\/www.joebike.fr\\\/produit\\\/moustache-samedi-27-xroad-4\\\/\",\"url\":\"https:\\\/\\\/www.joebike.fr\\\/produit\\\/moustache-samedi-27-xroad-4\\\/\",\"name\":\"Joe Bike - Nos v\u00e9los neufs : Moustache - Samedi 27 Xroad 4\",\"isPartOf\":{\"@id\":\"https:\\\/\\\/www.joebike.fr\\\/#website\"},\"primaryImageOfPage\":{\"@id\":\"https:\\\/\\\/www.joebike.fr\\\/produit\\\/moustache-samedi-27-xroad-4\\\/#primaryimage\"},\"image\":{\"@id\":\"https:\\\/\\\/www.joebike.fr\\\/produit\\\/moustache-samedi-27-xroad-4\\\/#primaryimage\"},\"thumbnailUrl\":\"https:\\\/\\\/www.joebike.fr\\\/wp-content\\\/uploads\\\/2025\\\/03\\\/Samedi-27-Xroad-4.png\",\"datePublished\":\"2025-03-25T10:44:36+00:00\",\"dateModified\":\"2025-08-12T15:08:03+00:00\",\"description\":\"Aussi \u00e0 l'aise sur les chemins de campagne qu'au milieu de la jungle urbaine, encore plus puissant et toujours aussi solidement \u00e9quip\u00e9.\",\"breadcrumb\":{\"@id\":\"https:\\\/\\\/www.joebike.fr\\\/produit\\\/moustache-samedi-27-xroad-4\\\/#breadcrumb\"},\"inLanguage\":\"en-GB\",\"potentialAction\":[{\"@type\":\"ReadAction\",\"target\":[\"https:\\\/\\\/www.joebike.fr\\\/produit\\\/moustache-samedi-27-xroad-4\\\/\"]}]},{\"@type\":\"ImageObject\",\"inLanguage\":\"en-GB\",\"@id\":\"https:\\\/\\\/www.joebike.fr\\\/produit\\\/moustache-samedi-27-xroad-4\\\/#primaryimage\",\"url\":\"https:\\\/\\\/www.joebike.fr\\\/wp-content\\\/uploads\\\/2025\\\/03\\\/Samedi-27-Xroad-4.png\",\"contentUrl\":\"https:\\\/\\\/www.joebike.fr\\\/wp-content\\\/uploads\\\/2025\\\/03\\\/Samedi-27-Xroad-4.png\",\"width\":1200,\"height\":900},{\"@type\":\"BreadcrumbList\",\"@id\":\"https:\\\/\\\/www.joebike.fr\\\/produit\\\/moustache-samedi-27-xroad-4\\\/#breadcrumb\",\"itemListElement\":[{\"@type\":\"ListItem\",\"position\":1,\"name\":\"Accueil\",\"item\":\"https:\\\/\\\/www.joebike.fr\\\/\"},{\"@type\":\"ListItem\",\"position\":2,\"name\":\"Shop\",\"item\":\"https:\\\/\\\/www.joebike.fr\\\/bike-shop\\\/\"},{\"@type\":\"ListItem\",\"position\":3,\"name\":\"Moustache &#8211; Samedi 27 Xroad 4\"}]},{\"@type\":\"WebSite\",\"@id\":\"https:\\\/\\\/www.joebike.fr\\\/#website\",\"url\":\"https:\\\/\\\/www.joebike.fr\\\/\",\"name\":\"Joe Bike\",\"description\":\"Location de v\u00e9lo dans les Landes, le Pays Basque et les Pyr\u00e9n\u00e9es\",\"publisher\":{\"@id\":\"https:\\\/\\\/www.joebike.fr\\\/#organization\"},\"potentialAction\":[{\"@type\":\"SearchAction\",\"target\":{\"@type\":\"EntryPoint\",\"urlTemplate\":\"https:\\\/\\\/www.joebike.fr\\\/?s={search_term_string}\"},\"query-input\":{\"@type\":\"PropertyValueSpecification\",\"valueRequired\":true,\"valueName\":\"search_term_string\"}}],\"inLanguage\":\"en-GB\"},{\"@type\":\"Organization\",\"@id\":\"https:\\\/\\\/www.joebike.fr\\\/#organization\",\"name\":\"Joe Bike, sp\u00e9cialiste en location v\u00e9lo\",\"url\":\"https:\\\/\\\/www.joebike.fr\\\/\",\"logo\":{\"@type\":\"ImageObject\",\"inLanguage\":\"en-GB\",\"@id\":\"https:\\\/\\\/www.joebike.fr\\\/#\\\/schema\\\/logo\\\/image\\\/\",\"url\":\"https:\\\/\\\/www.joebike.fr\\\/wp-content\\\/uploads\\\/2022\\\/04\\\/LOGO-JB-22_PNG.png\",\"contentUrl\":\"https:\\\/\\\/www.joebike.fr\\\/wp-content\\\/uploads\\\/2022\\\/04\\\/LOGO-JB-22_PNG.png\",\"width\":473,\"height\":473,\"caption\":\"Joe Bike, sp\u00e9cialiste en location v\u00e9lo\"},\"image\":{\"@id\":\"https:\\\/\\\/www.joebike.fr\\\/#\\\/schema\\\/logo\\\/image\\\/\"},\"sameAs\":[\"https:\\\/\\\/www.facebook.com\\\/joebikefrance\",\"https:\\\/\\\/www.instagram.com\\\/joebikefrance\"]}]}<\/script>\n<!-- \/ Yoast SEO Premium plugin. -->","yoast_head_json":{"title":"Joe Bike - Nos v\u00e9los neufs : Moustache - Samedi 27 Xroad 4","description":"Aussi \u00e0 l'aise sur les chemins de campagne qu'au milieu de la jungle urbaine, encore plus puissant et toujours aussi solidement \u00e9quip\u00e9.","robots":{"index":"index","follow":"follow","max-snippet":"max-snippet:-1","max-image-preview":"max-image-preview:large","max-video-preview":"max-video-preview:-1"},"canonical":"https:\/\/www.joebike.fr\/en\/product-2\/moustache-samedi-27-xroad-4\/","og_locale":"en_GB","og_type":"article","og_title":"Moustache - Samedi 27 Xroad 4","og_description":"Aussi \u00e0 l'aise sur les chemins de campagne qu'au milieu de la jungle urbaine, encore plus puissant et toujours aussi solidement \u00e9quip\u00e9.","og_url":"https:\/\/www.joebike.fr\/en\/product-2\/moustache-samedi-27-xroad-4\/","og_site_name":"Joe Bike","article_publisher":"https:\/\/www.facebook.com\/joebikefrance","article_modified_time":"2025-08-12T15:08:03+00:00","og_image":[{"width":1200,"height":900,"url":"https:\/\/www.joebike.fr\/wp-content\/uploads\/2025\/03\/Samedi-27-Xroad-4.png","type":"image\/png"}],"twitter_card":"summary_large_image","schema":{"@context":"https:\/\/schema.org","@graph":[{"@type":"WebPage","@id":"https:\/\/www.joebike.fr\/produit\/moustache-samedi-27-xroad-4\/","url":"https:\/\/www.joebike.fr\/produit\/moustache-samedi-27-xroad-4\/","name":"Joe Bike - Nos v\u00e9los neufs : Moustache - Samedi 27 Xroad 4","isPartOf":{"@id":"https:\/\/www.joebike.fr\/#website"},"primaryImageOfPage":{"@id":"https:\/\/www.joebike.fr\/produit\/moustache-samedi-27-xroad-4\/#primaryimage"},"image":{"@id":"https:\/\/www.joebike.fr\/produit\/moustache-samedi-27-xroad-4\/#primaryimage"},"thumbnailUrl":"https:\/\/www.joebike.fr\/wp-content\/uploads\/2025\/03\/Samedi-27-Xroad-4.png","datePublished":"2025-03-25T10:44:36+00:00","dateModified":"2025-08-12T15:08:03+00:00","description":"Aussi \u00e0 l'aise sur les chemins de campagne qu'au milieu de la jungle urbaine, encore plus puissant et toujours aussi solidement \u00e9quip\u00e9.","breadcrumb":{"@id":"https:\/\/www.joebike.fr\/produit\/moustache-samedi-27-xroad-4\/#breadcrumb"},"inLanguage":"en-GB","potentialAction":[{"@type":"ReadAction","target":["https:\/\/www.joebike.fr\/produit\/moustache-samedi-27-xroad-4\/"]}]},{"@type":"ImageObject","inLanguage":"en-GB","@id":"https:\/\/www.joebike.fr\/produit\/moustache-samedi-27-xroad-4\/#primaryimage","url":"https:\/\/www.joebike.fr\/wp-content\/uploads\/2025\/03\/Samedi-27-Xroad-4.png","contentUrl":"https:\/\/www.joebike.fr\/wp-content\/uploads\/2025\/03\/Samedi-27-Xroad-4.png","width":1200,"height":900},{"@type":"BreadcrumbList","@id":"https:\/\/www.joebike.fr\/produit\/moustache-samedi-27-xroad-4\/#breadcrumb","itemListElement":[{"@type":"ListItem","position":1,"name":"Accueil","item":"https:\/\/www.joebike.fr\/"},{"@type":"ListItem","position":2,"name":"Shop","item":"https:\/\/www.joebike.fr\/bike-shop\/"},{"@type":"ListItem","position":3,"name":"Moustache &#8211; Samedi 27 Xroad 4"}]},{"@type":"WebSite","@id":"https:\/\/www.joebike.fr\/#website","url":"https:\/\/www.joebike.fr\/","name":"Joe Bike","description":"Bike hire in the Landes, the Basque Country and the Pyrenees","publisher":{"@id":"https:\/\/www.joebike.fr\/#organization"},"potentialAction":[{"@type":"SearchAction","target":{"@type":"EntryPoint","urlTemplate":"https:\/\/www.joebike.fr\/?s={search_term_string}"},"query-input":{"@type":"PropertyValueSpecification","valueRequired":true,"valueName":"search_term_string"}}],"inLanguage":"en-GB"},{"@type":"Organization","@id":"https:\/\/www.joebike.fr\/#organization","name":"Joe Bike, specialist in bike hire","url":"https:\/\/www.joebike.fr\/","logo":{"@type":"ImageObject","inLanguage":"en-GB","@id":"https:\/\/www.joebike.fr\/#\/schema\/logo\/image\/","url":"https:\/\/www.joebike.fr\/wp-content\/uploads\/2022\/04\/LOGO-JB-22_PNG.png","contentUrl":"https:\/\/www.joebike.fr\/wp-content\/uploads\/2022\/04\/LOGO-JB-22_PNG.png","width":473,"height":473,"caption":"Joe Bike, sp\u00e9cialiste en location v\u00e9lo"},"image":{"@id":"https:\/\/www.joebike.fr\/#\/schema\/logo\/image\/"},"sameAs":["https:\/\/www.facebook.com\/joebikefrance","https:\/\/www.instagram.com\/joebikefrance"]}]}},"_links":{"self":[{"href":"https:\/\/www.joebike.fr\/en\/wp-json\/wp\/v2\/product\/11917","targetHints":{"allow":["GET"]}}],"collection":[{"href":"https:\/\/www.joebike.fr\/en\/wp-json\/wp\/v2\/product"}],"about":[{"href":"https:\/\/www.joebike.fr\/en\/wp-json\/wp\/v2\/types\/product"}],"version-history":[{"count":0,"href":"https:\/\/www.joebike.fr\/en\/wp-json\/wp\/v2\/product\/11917\/revisions"}],"wp:featuredmedia":[{"embeddable":true,"href":"https:\/\/www.joebike.fr\/en\/wp-json\/wp\/v2\/media\/11921"}],"wp:attachment":[{"href":"https:\/\/www.joebike.fr\/en\/wp-json\/wp\/v2\/media?parent=11917"}],"wp:term":[{"taxonomy":"product_brand","embeddable":true,"href":"https:\/\/www.joebike.fr\/en\/wp-json\/wp\/v2\/product_brand?post=11917"},{"taxonomy":"product_cat","embeddable":true,"href":"https:\/\/www.joebike.fr\/en\/wp-json\/wp\/v2\/product_cat?post=11917"},{"taxonomy":"product_tag","embeddable":true,"href":"https:\/\/www.joebike.fr\/en\/wp-json\/wp\/v2\/product_tag?post=11917"}],"curies":[{"name":"wp","href":"https:\/\/api.w.org\/{rel}","templated":true}]}}