{"id":11933,"date":"2025-03-25T16:27:12","date_gmt":"2025-03-25T15:27:12","guid":{"rendered":"https:\/\/www.joebike.fr\/?post_type=product&#038;p=11933"},"modified":"2025-08-12T17:07:15","modified_gmt":"2025-08-12T15:07:15","slug":"cube-longtail-hybrid-725","status":"publish","type":"product","link":"https:\/\/www.joebike.fr\/en\/product-2\/cube-longtail-hybrid-725\/","title":{"rendered":"Cube &#8211; Longtail Hybrid 725"},"content":{"rendered":"<table class=\"table\">\n<tbody>\n<tr class=\"compare-feature\">\n<td class=\"d-none d-md-table-cell compare-feature-header level-0\">FRAME<\/td>\n<td><strong class=\"text-uppercase\">FOURCHE RIGIDE:\u00a0<\/strong>Aluminium Rigid Fork, 26&Prime;<\/p>\n<p><strong class=\"text-uppercase\">TAILLE:\u00a0<\/strong>One Size<\/p>\n<p><strong class=\"text-uppercase\">CADRE:\u00a0<\/strong>Aluminium Casting, Comfort Ride Geometry, Oversized Headtube, Premium Durability And Safety, Suspended Carrier, Downtube Carrier<\/td>\n<\/tr>\n<tr class=\"compare-feature\">\n<td class=\"d-none d-md-table-cell compare-feature-header level-0\">ASSISTANCE \u00c9LECTRIQUE<\/td>\n<td><strong class=\"text-uppercase\">CHARGEUR:\u00a0<\/strong>Bosch 4A<\/p>\n<p><strong class=\"text-uppercase\">\u00c9CRAN:\u00a0<\/strong>Bosch Kiox 300<\/p>\n<p><strong class=\"text-uppercase\">BATTERIE:\u00a0<\/strong>Bosch PowerPack 725<\/p>\n<p><strong class=\"text-uppercase\">T\u00c9L\u00c9COMMANDE:\u00a0<\/strong>Bosch LED Remote<\/p>\n<p><strong class=\"text-uppercase\">MOTEUR:\u00a0<\/strong>Bosch Drive Unit Cargo Line Generation 4 (85Nm) Cruise (250Watt), Smart System<\/td>\n<\/tr>\n<tr class=\"compare-feature\">\n<td class=\"d-none d-md-table-cell compare-feature-header level-0\">TRANSMISSION ET FREINAGE<\/td>\n<td><strong class=\"text-uppercase\">COURROIE DE TRANSMISSION:\u00a0<\/strong>Gates CDX, 151T<\/p>\n<p><strong class=\"text-uppercase\">DENTS DE P\u00c9DALIER:\u00a0<\/strong>Gates CDX, 24T<\/p>\n<p><strong class=\"text-uppercase\">P\u00c9DALIER:\u00a0<\/strong>ACID Trekking Hybrid, Gates CDX, 55T with Beltguard<\/p>\n<p><strong class=\"text-uppercase\">COMMANDES:\u00a0<\/strong>Enviolo Twist Pro, Manual Controller<\/p>\n<p><strong class=\"text-uppercase\">FREINS:\u00a0<\/strong>Magura MT5, Hydr. Disc Brake (203\/203)<\/td>\n<\/tr>\n<tr class=\"compare-feature\">\n<td class=\"d-none d-md-table-cell compare-feature-header level-0\">COCKPIT<\/td>\n<td><strong class=\"text-uppercase\">POIGN\u00c9ES:\u00a0<\/strong>ACID Travel Comfort<\/p>\n<p><strong class=\"text-uppercase\">CINTRE:\u00a0<\/strong>CUBE Comfort Trail Bar, 680mm<\/p>\n<p><strong class=\"text-uppercase\">POTENCE:\u00a0<\/strong>BySchulz Speedlifter Classic<\/p>\n<p><strong class=\"text-uppercase\">JEU DE DIRECTION:\u00a0<\/strong>ACROS Carrier Mount Headset<\/td>\n<\/tr>\n<tr class=\"compare-feature\">\n<td class=\"d-none d-md-table-cell compare-feature-header level-0\">WHEELS<\/td>\n<td><strong class=\"text-uppercase\">PNEUS:\u00a0<\/strong>Schwalbe Pick-Up, Performance, Super Defense, 65-559<\/p>\n<p><strong class=\"text-uppercase\">MOYEU ARRI\u00c8RE:\u00a0<\/strong>Enviolo Heavy Duty, 36H, 12x148mm<\/p>\n<p><strong class=\"text-uppercase\">MOYEU AVANT:\u00a0<\/strong>Shimano HB-MT400-B, 15mm, Boost, Centerlock<\/p>\n<p><strong class=\"text-uppercase\">JANTES:\u00a0<\/strong>CUBE EX35, 36H, Disc, Tubeless Ready<\/td>\n<\/tr>\n<tr class=\"compare-feature\">\n<td class=\"d-none d-md-table-cell compare-feature-header level-0\">\u00c9QUIPEMENT<\/td>\n<td><strong class=\"text-uppercase\">SONNETTE:\u00a0<\/strong>Ring Bell<\/p>\n<p><strong class=\"text-uppercase\">GARDE-BOUES:\u00a0<\/strong>ACID 75, BB-Mount<\/p>\n<p><strong class=\"text-uppercase\">B\u00c9QUILLE:\u00a0<\/strong>Ursus Jumbo 80<\/p>\n<p><strong class=\"text-uppercase\">\u00c9CLAIRAGE ARRI\u00c8RE:\u00a0<\/strong>Herrmans H-Trace, 6-12V, DC<\/p>\n<p><strong class=\"text-uppercase\">\u00c9CLAIRAGE AVANT:\u00a0<\/strong>ACID Front Light PRO-E 110, 5-16V, DC<\/p>\n<p><strong class=\"text-uppercase\">P\u00c9DALES:\u00a0<\/strong>CUBE PP MTB<\/p>\n<p><strong class=\"text-uppercase\">TIGE DE SELLE:\u00a0<\/strong>Satori Sorata 34,9mm, 280mm -440mm telescoping seatpost<\/p>\n<p><strong class=\"text-uppercase\">SELLE:\u00a0<\/strong>Natural Fit Sequence Comfort<\/td>\n<\/tr>\n<tr class=\"compare-feature\">\n<td class=\"d-none d-md-table-cell compare-feature-header level-0\">INFORMATIONS D\u2019ARTICLE<\/td>\n<td><strong class=\"text-uppercase\">POIDS:\u00a0<\/strong>35,4kg<\/td>\n<\/tr>\n<\/tbody>\n<\/table>","protected":false},"excerpt":{"rendered":"<p>Le Longtail Hybrid transporteur de charge a \u00e9t\u00e9 con\u00e7u avec la notion de commodit\u00e9 en t\u00eate. Aliment\u00e9 par l\u2019unit\u00e9 motrice Cargo Line de quatri\u00e8me g\u00e9n\u00e9ration de Bosch et fourni avec une batterie de 725 Wh, il est con\u00e7u pour supporter une charge allant jusqu&rsquo;\u00e0 200 kg au total. Jusqu\u2019\u00e0 60 kg de charge peuvent \u00eatre transport\u00e9s sur son robuste porte-bagages arri\u00e8re extensible pouvant \u00eatre \u00e9quip\u00e9 de deux sacs de transport traditionnels de chaque c\u00f4t\u00e9 et pr\u00e9sentant une suspension en \u00e9lastom\u00e8re.<\/p>","protected":false},"featured_media":11935,"template":"","meta":{"_acf_changed":false},"product_brand":[235],"product_cat":[213,132,131],"product_tag":[],"class_list":{"0":"post-11933","1":"product","2":"type-product","3":"status-publish","4":"has-post-thumbnail","6":"product_brand-cube","7":"product_cat-cargos-longtails-electriques","8":"product_cat-velos-electriques","9":"product_cat-velos-neufs","11":"first","12":"instock","13":"taxable","14":"shipping-taxable","15":"purchasable","16":"product-type-variable","17":"has-default-attributes"},"acf":[],"yoast_head":"<!-- This site is optimized with the Yoast SEO Premium plugin v26.6 (Yoast SEO v27.3) - https:\/\/yoast.com\/product\/yoast-seo-premium-wordpress\/ -->\n<title>Joe Bike - Nos v\u00e9los neufs : Cube - Longtail Hybrid 725<\/title>\n<meta name=\"description\" content=\"Le Cube Longtail Hybrid 725il est con\u00e7u pour supporter une charge allant jusqu&#039;\u00e0 200 kg au total, id\u00e9al pour les familles.\" \/>\n<meta name=\"robots\" content=\"index, follow, max-snippet:-1, max-image-preview:large, max-video-preview:-1\" \/>\n<link rel=\"canonical\" href=\"https:\/\/www.joebike.fr\/en\/product-2\/cube-longtail-hybrid-725\/\" \/>\n<meta property=\"og:locale\" content=\"en_GB\" \/>\n<meta property=\"og:type\" content=\"article\" \/>\n<meta property=\"og:title\" content=\"Cube - Longtail Hybrid 725\" \/>\n<meta property=\"og:description\" content=\"Le Cube Longtail Hybrid 725il est con\u00e7u pour supporter une charge allant jusqu&#039;\u00e0 200 kg au total, id\u00e9al pour les familles.\" \/>\n<meta property=\"og:url\" content=\"https:\/\/www.joebike.fr\/en\/product-2\/cube-longtail-hybrid-725\/\" \/>\n<meta property=\"og:site_name\" content=\"Joe Bike\" \/>\n<meta property=\"article:publisher\" content=\"https:\/\/www.facebook.com\/joebikefrance\" \/>\n<meta property=\"article:modified_time\" content=\"2025-08-12T15:07:15+00:00\" \/>\n<meta property=\"og:image\" content=\"https:\/\/www.joebike.fr\/wp-content\/uploads\/2025\/03\/Longtail-Hybrid-725.png\" \/>\n\t<meta property=\"og:image:width\" content=\"1200\" \/>\n\t<meta property=\"og:image:height\" content=\"900\" \/>\n\t<meta property=\"og:image:type\" content=\"image\/png\" \/>\n<meta name=\"twitter:card\" content=\"summary_large_image\" \/>\n<script type=\"application\/ld+json\" class=\"yoast-schema-graph\">{\"@context\":\"https:\\\/\\\/schema.org\",\"@graph\":[{\"@type\":\"WebPage\",\"@id\":\"https:\\\/\\\/www.joebike.fr\\\/produit\\\/cube-longtail-hybrid-725\\\/\",\"url\":\"https:\\\/\\\/www.joebike.fr\\\/produit\\\/cube-longtail-hybrid-725\\\/\",\"name\":\"Joe Bike - Nos v\u00e9los neufs : Cube - Longtail Hybrid 725\",\"isPartOf\":{\"@id\":\"https:\\\/\\\/www.joebike.fr\\\/#website\"},\"primaryImageOfPage\":{\"@id\":\"https:\\\/\\\/www.joebike.fr\\\/produit\\\/cube-longtail-hybrid-725\\\/#primaryimage\"},\"image\":{\"@id\":\"https:\\\/\\\/www.joebike.fr\\\/produit\\\/cube-longtail-hybrid-725\\\/#primaryimage\"},\"thumbnailUrl\":\"https:\\\/\\\/www.joebike.fr\\\/wp-content\\\/uploads\\\/2025\\\/03\\\/Longtail-Hybrid-725.png\",\"datePublished\":\"2025-03-25T15:27:12+00:00\",\"dateModified\":\"2025-08-12T15:07:15+00:00\",\"description\":\"Le Cube Longtail Hybrid 725il est con\u00e7u pour supporter une charge allant jusqu'\u00e0 200 kg au total, id\u00e9al pour les familles.\",\"breadcrumb\":{\"@id\":\"https:\\\/\\\/www.joebike.fr\\\/produit\\\/cube-longtail-hybrid-725\\\/#breadcrumb\"},\"inLanguage\":\"en-GB\",\"potentialAction\":[{\"@type\":\"ReadAction\",\"target\":[\"https:\\\/\\\/www.joebike.fr\\\/produit\\\/cube-longtail-hybrid-725\\\/\"]}]},{\"@type\":\"ImageObject\",\"inLanguage\":\"en-GB\",\"@id\":\"https:\\\/\\\/www.joebike.fr\\\/produit\\\/cube-longtail-hybrid-725\\\/#primaryimage\",\"url\":\"https:\\\/\\\/www.joebike.fr\\\/wp-content\\\/uploads\\\/2025\\\/03\\\/Longtail-Hybrid-725.png\",\"contentUrl\":\"https:\\\/\\\/www.joebike.fr\\\/wp-content\\\/uploads\\\/2025\\\/03\\\/Longtail-Hybrid-725.png\",\"width\":1200,\"height\":900},{\"@type\":\"BreadcrumbList\",\"@id\":\"https:\\\/\\\/www.joebike.fr\\\/produit\\\/cube-longtail-hybrid-725\\\/#breadcrumb\",\"itemListElement\":[{\"@type\":\"ListItem\",\"position\":1,\"name\":\"Accueil\",\"item\":\"https:\\\/\\\/www.joebike.fr\\\/\"},{\"@type\":\"ListItem\",\"position\":2,\"name\":\"Shop\",\"item\":\"https:\\\/\\\/www.joebike.fr\\\/bike-shop\\\/\"},{\"@type\":\"ListItem\",\"position\":3,\"name\":\"Cube &#8211; Longtail Hybrid 725\"}]},{\"@type\":\"WebSite\",\"@id\":\"https:\\\/\\\/www.joebike.fr\\\/#website\",\"url\":\"https:\\\/\\\/www.joebike.fr\\\/\",\"name\":\"Joe Bike\",\"description\":\"Location de v\u00e9lo dans les Landes, le Pays Basque et les Pyr\u00e9n\u00e9es\",\"publisher\":{\"@id\":\"https:\\\/\\\/www.joebike.fr\\\/#organization\"},\"potentialAction\":[{\"@type\":\"SearchAction\",\"target\":{\"@type\":\"EntryPoint\",\"urlTemplate\":\"https:\\\/\\\/www.joebike.fr\\\/?s={search_term_string}\"},\"query-input\":{\"@type\":\"PropertyValueSpecification\",\"valueRequired\":true,\"valueName\":\"search_term_string\"}}],\"inLanguage\":\"en-GB\"},{\"@type\":\"Organization\",\"@id\":\"https:\\\/\\\/www.joebike.fr\\\/#organization\",\"name\":\"Joe Bike, sp\u00e9cialiste en location v\u00e9lo\",\"url\":\"https:\\\/\\\/www.joebike.fr\\\/\",\"logo\":{\"@type\":\"ImageObject\",\"inLanguage\":\"en-GB\",\"@id\":\"https:\\\/\\\/www.joebike.fr\\\/#\\\/schema\\\/logo\\\/image\\\/\",\"url\":\"https:\\\/\\\/www.joebike.fr\\\/wp-content\\\/uploads\\\/2022\\\/04\\\/LOGO-JB-22_PNG.png\",\"contentUrl\":\"https:\\\/\\\/www.joebike.fr\\\/wp-content\\\/uploads\\\/2022\\\/04\\\/LOGO-JB-22_PNG.png\",\"width\":473,\"height\":473,\"caption\":\"Joe Bike, sp\u00e9cialiste en location v\u00e9lo\"},\"image\":{\"@id\":\"https:\\\/\\\/www.joebike.fr\\\/#\\\/schema\\\/logo\\\/image\\\/\"},\"sameAs\":[\"https:\\\/\\\/www.facebook.com\\\/joebikefrance\",\"https:\\\/\\\/www.instagram.com\\\/joebikefrance\"]}]}<\/script>\n<!-- \/ Yoast SEO Premium plugin. -->","yoast_head_json":{"title":"Joe Bike - Nos v\u00e9los neufs : Cube - Longtail Hybrid 725","description":"Le Cube Longtail Hybrid 725il est con\u00e7u pour supporter une charge allant jusqu'\u00e0 200 kg au total, id\u00e9al pour les familles.","robots":{"index":"index","follow":"follow","max-snippet":"max-snippet:-1","max-image-preview":"max-image-preview:large","max-video-preview":"max-video-preview:-1"},"canonical":"https:\/\/www.joebike.fr\/en\/product-2\/cube-longtail-hybrid-725\/","og_locale":"en_GB","og_type":"article","og_title":"Cube - Longtail Hybrid 725","og_description":"Le Cube Longtail Hybrid 725il est con\u00e7u pour supporter une charge allant jusqu'\u00e0 200 kg au total, id\u00e9al pour les familles.","og_url":"https:\/\/www.joebike.fr\/en\/product-2\/cube-longtail-hybrid-725\/","og_site_name":"Joe Bike","article_publisher":"https:\/\/www.facebook.com\/joebikefrance","article_modified_time":"2025-08-12T15:07:15+00:00","og_image":[{"width":1200,"height":900,"url":"https:\/\/www.joebike.fr\/wp-content\/uploads\/2025\/03\/Longtail-Hybrid-725.png","type":"image\/png"}],"twitter_card":"summary_large_image","schema":{"@context":"https:\/\/schema.org","@graph":[{"@type":"WebPage","@id":"https:\/\/www.joebike.fr\/produit\/cube-longtail-hybrid-725\/","url":"https:\/\/www.joebike.fr\/produit\/cube-longtail-hybrid-725\/","name":"Joe Bike - Nos v\u00e9los neufs : Cube - Longtail Hybrid 725","isPartOf":{"@id":"https:\/\/www.joebike.fr\/#website"},"primaryImageOfPage":{"@id":"https:\/\/www.joebike.fr\/produit\/cube-longtail-hybrid-725\/#primaryimage"},"image":{"@id":"https:\/\/www.joebike.fr\/produit\/cube-longtail-hybrid-725\/#primaryimage"},"thumbnailUrl":"https:\/\/www.joebike.fr\/wp-content\/uploads\/2025\/03\/Longtail-Hybrid-725.png","datePublished":"2025-03-25T15:27:12+00:00","dateModified":"2025-08-12T15:07:15+00:00","description":"Le Cube Longtail Hybrid 725il est con\u00e7u pour supporter une charge allant jusqu'\u00e0 200 kg au total, id\u00e9al pour les familles.","breadcrumb":{"@id":"https:\/\/www.joebike.fr\/produit\/cube-longtail-hybrid-725\/#breadcrumb"},"inLanguage":"en-GB","potentialAction":[{"@type":"ReadAction","target":["https:\/\/www.joebike.fr\/produit\/cube-longtail-hybrid-725\/"]}]},{"@type":"ImageObject","inLanguage":"en-GB","@id":"https:\/\/www.joebike.fr\/produit\/cube-longtail-hybrid-725\/#primaryimage","url":"https:\/\/www.joebike.fr\/wp-content\/uploads\/2025\/03\/Longtail-Hybrid-725.png","contentUrl":"https:\/\/www.joebike.fr\/wp-content\/uploads\/2025\/03\/Longtail-Hybrid-725.png","width":1200,"height":900},{"@type":"BreadcrumbList","@id":"https:\/\/www.joebike.fr\/produit\/cube-longtail-hybrid-725\/#breadcrumb","itemListElement":[{"@type":"ListItem","position":1,"name":"Accueil","item":"https:\/\/www.joebike.fr\/"},{"@type":"ListItem","position":2,"name":"Shop","item":"https:\/\/www.joebike.fr\/bike-shop\/"},{"@type":"ListItem","position":3,"name":"Cube &#8211; Longtail Hybrid 725"}]},{"@type":"WebSite","@id":"https:\/\/www.joebike.fr\/#website","url":"https:\/\/www.joebike.fr\/","name":"Joe Bike","description":"Bike hire in the Landes, the Basque Country and the Pyrenees","publisher":{"@id":"https:\/\/www.joebike.fr\/#organization"},"potentialAction":[{"@type":"SearchAction","target":{"@type":"EntryPoint","urlTemplate":"https:\/\/www.joebike.fr\/?s={search_term_string}"},"query-input":{"@type":"PropertyValueSpecification","valueRequired":true,"valueName":"search_term_string"}}],"inLanguage":"en-GB"},{"@type":"Organization","@id":"https:\/\/www.joebike.fr\/#organization","name":"Joe Bike, specialist in bike hire","url":"https:\/\/www.joebike.fr\/","logo":{"@type":"ImageObject","inLanguage":"en-GB","@id":"https:\/\/www.joebike.fr\/#\/schema\/logo\/image\/","url":"https:\/\/www.joebike.fr\/wp-content\/uploads\/2022\/04\/LOGO-JB-22_PNG.png","contentUrl":"https:\/\/www.joebike.fr\/wp-content\/uploads\/2022\/04\/LOGO-JB-22_PNG.png","width":473,"height":473,"caption":"Joe Bike, sp\u00e9cialiste en location v\u00e9lo"},"image":{"@id":"https:\/\/www.joebike.fr\/#\/schema\/logo\/image\/"},"sameAs":["https:\/\/www.facebook.com\/joebikefrance","https:\/\/www.instagram.com\/joebikefrance"]}]}},"_links":{"self":[{"href":"https:\/\/www.joebike.fr\/en\/wp-json\/wp\/v2\/product\/11933","targetHints":{"allow":["GET"]}}],"collection":[{"href":"https:\/\/www.joebike.fr\/en\/wp-json\/wp\/v2\/product"}],"about":[{"href":"https:\/\/www.joebike.fr\/en\/wp-json\/wp\/v2\/types\/product"}],"version-history":[{"count":4,"href":"https:\/\/www.joebike.fr\/en\/wp-json\/wp\/v2\/product\/11933\/revisions"}],"predecessor-version":[{"id":11947,"href":"https:\/\/www.joebike.fr\/en\/wp-json\/wp\/v2\/product\/11933\/revisions\/11947"}],"wp:featuredmedia":[{"embeddable":true,"href":"https:\/\/www.joebike.fr\/en\/wp-json\/wp\/v2\/media\/11935"}],"wp:attachment":[{"href":"https:\/\/www.joebike.fr\/en\/wp-json\/wp\/v2\/media?parent=11933"}],"wp:term":[{"taxonomy":"product_brand","embeddable":true,"href":"https:\/\/www.joebike.fr\/en\/wp-json\/wp\/v2\/product_brand?post=11933"},{"taxonomy":"product_cat","embeddable":true,"href":"https:\/\/www.joebike.fr\/en\/wp-json\/wp\/v2\/product_cat?post=11933"},{"taxonomy":"product_tag","embeddable":true,"href":"https:\/\/www.joebike.fr\/en\/wp-json\/wp\/v2\/product_tag?post=11933"}],"curies":[{"name":"wp","href":"https:\/\/api.w.org\/{rel}","templated":true}]}}