{"id":13203,"date":"2025-07-25T11:16:56","date_gmt":"2025-07-25T09:16:56","guid":{"rendered":"https:\/\/www.joebike.fr\/?post_type=product&#038;p=13203"},"modified":"2025-12-30T18:29:19","modified_gmt":"2025-12-30T17:29:19","slug":"orbea-avant-h40-2025","status":"publish","type":"product","link":"https:\/\/www.joebike.fr\/en\/product-2\/orbea-avant-h40-2025\/","title":{"rendered":"Orbea &#8211; Avant h40 (2025)"},"content":{"rendered":"<table border=\"1\">\n<tbody>\n<tr>\n<th>\u00c9l\u00e9ment<\/th>\n<th>Sp\u00e9cifications<\/th>\n<\/tr>\n<tr>\n<td>Frame<\/td>\n<td>Orbea Avant Hydro Disc, aluminium triple butted hydroform\u00e9, HS 1,5&Prime; ICR, BB 68mm BSC, axe traversant 12x142mm arri\u00e8re, filetage M12x2 P1, passage de c\u00e2bles interne, tige 27,2mm, syst\u00e8me MMS<\/td>\n<\/tr>\n<tr>\n<td>Fork<\/td>\n<td>Orbea Avant Hydro 2025, full carbone, 1-1\/8&Prime; &#8211; 1,5&Prime;, axe traversant 12x100mm, filetage M12x2 P1<\/td>\n<\/tr>\n<tr>\n<td>Steering set<\/td>\n<td>FSA 1-1\/2&Prime; coupelles aluminium int\u00e9gr\u00e9es<\/td>\n<\/tr>\n<tr>\n<td>Plateau de p\u00e9dalier<\/td>\n<td>FSA Omega Megaexo 34&#215;50 dents<\/td>\n<\/tr>\n<tr>\n<td>Manettes<\/td>\n<td>Shimano Tiagra ST-4700<\/td>\n<\/tr>\n<tr>\n<td>Cassette<\/td>\n<td>Sun Race CSMS1, 11-34 dents, 10 vitesses<\/td>\n<\/tr>\n<tr>\n<td>Rear derailleur<\/td>\n<td>Shimano Tiagra 4700 GS<\/td>\n<\/tr>\n<tr>\n<td>Front derailleur<\/td>\n<td>Shimano Tiagra 4700<\/td>\n<\/tr>\n<tr>\n<td>Channel<\/td>\n<td>KMC X10<\/td>\n<\/tr>\n<tr>\n<td>Handlebars<\/td>\n<td>OC Road Performance RP31-R, Rise 15, Reach 70, Drop 125<\/td>\n<\/tr>\n<tr>\n<td>Stem<\/td>\n<td>OC Road Performance RP22, angle -5\u00b0<\/td>\n<\/tr>\n<tr>\n<td>Brakes<\/td>\n<td>Jagwire RideRever \u00e0 disque m\u00e9canique<\/td>\n<\/tr>\n<tr>\n<td>Wheels<\/td>\n<td>Alliage, Tubeless, 700c, largeur 19c, 28 rayons<\/td>\n<\/tr>\n<tr>\n<td>Tyres<\/td>\n<td>Vittoria Zafiro V, tringle rigide, 700x28c<\/td>\n<\/tr>\n<tr>\n<td>Blocage avant<\/td>\n<td>Orbea axe traversant 12x100mm, M12x2 P1, solide<\/td>\n<\/tr>\n<tr>\n<td>Blocage arri\u00e8re<\/td>\n<td>Orbea axe traversant 12x142mm, M12x2 P1, filetage interne, solide<\/td>\n<\/tr>\n<tr>\n<td>Seat post<\/td>\n<td>SP 0.6, aluminium, diam\u00e8tre 27.2mm, d\u00e9port 20mm<\/td>\n<\/tr>\n<tr>\n<td>Saddle<\/td>\n<td>Fizik Aliante R5<\/td>\n<\/tr>\n<\/tbody>\n<\/table>","protected":false},"excerpt":{"rendered":"<p><strong>Garantie 6 mois pi\u00e8ces et main d\u2019oeuvre.<\/strong><\/p>\n<p><em>Plus d&rsquo;informations par t\u00e9l\u00e9phone au 05 58 41 75 41.<\/em><\/p>","protected":false},"featured_media":13216,"template":"","meta":{"_acf_changed":false},"product_brand":[226],"product_cat":[134,142,136],"product_tag":[],"class_list":{"0":"post-13203","1":"product","2":"type-product","3":"status-publish","4":"has-post-thumbnail","6":"product_brand-orbea","7":"product_cat-velos-occasion","8":"product_cat-velo-de-route","9":"product_cat-velos-musculaires-velos-occasion","11":"first","12":"instock","13":"sale","14":"taxable","15":"shipping-taxable","16":"purchasable","17":"product-type-variable"},"acf":[],"yoast_head":"<!-- This site is optimized with the Yoast SEO Premium plugin v26.6 (Yoast SEO v27.3) - https:\/\/yoast.com\/product\/yoast-seo-premium-wordpress\/ -->\n<title>Joe Bike - Nos v\u00e9los d&#039;occasion : Orbea - Avant h40 (2025)<\/title>\n<meta name=\"robots\" content=\"index, follow, max-snippet:-1, max-image-preview:large, max-video-preview:-1\" \/>\n<link rel=\"canonical\" href=\"https:\/\/www.joebike.fr\/en\/product-2\/orbea-avant-h40-2025\/\" \/>\n<meta property=\"og:locale\" content=\"en_GB\" \/>\n<meta property=\"og:type\" content=\"article\" \/>\n<meta property=\"og:title\" content=\"Orbea - Avant h40 (2025)\" \/>\n<meta property=\"og:description\" content=\"Garantie 6 mois pi\u00e8ces et main d\u2019oeuvre.  Plus d&#039;informations par t\u00e9l\u00e9phone au 05 58 41 75 41.\" \/>\n<meta property=\"og:url\" content=\"https:\/\/www.joebike.fr\/en\/product-2\/orbea-avant-h40-2025\/\" \/>\n<meta property=\"og:site_name\" content=\"Joe Bike\" \/>\n<meta property=\"article:publisher\" content=\"https:\/\/www.facebook.com\/joebikefrance\" \/>\n<meta property=\"article:modified_time\" content=\"2025-12-30T17:29:19+00:00\" \/>\n<meta property=\"og:image\" content=\"https:\/\/www.joebike.fr\/wp-content\/uploads\/2025\/07\/Orbea-Avant-H40-2025-Titan-Bronze-.png\" \/>\n\t<meta property=\"og:image:width\" content=\"1200\" \/>\n\t<meta property=\"og:image:height\" content=\"900\" \/>\n\t<meta property=\"og:image:type\" content=\"image\/png\" \/>\n<meta name=\"twitter:card\" content=\"summary_large_image\" \/>\n<script type=\"application\/ld+json\" class=\"yoast-schema-graph\">{\"@context\":\"https:\\\/\\\/schema.org\",\"@graph\":[{\"@type\":\"WebPage\",\"@id\":\"https:\\\/\\\/www.joebike.fr\\\/produit\\\/orbea-avant-h40-2025\\\/\",\"url\":\"https:\\\/\\\/www.joebike.fr\\\/produit\\\/orbea-avant-h40-2025\\\/\",\"name\":\"Joe Bike - Nos v\u00e9los d'occasion : Orbea - Avant h40 (2025)\",\"isPartOf\":{\"@id\":\"https:\\\/\\\/www.joebike.fr\\\/#website\"},\"primaryImageOfPage\":{\"@id\":\"https:\\\/\\\/www.joebike.fr\\\/produit\\\/orbea-avant-h40-2025\\\/#primaryimage\"},\"image\":{\"@id\":\"https:\\\/\\\/www.joebike.fr\\\/produit\\\/orbea-avant-h40-2025\\\/#primaryimage\"},\"thumbnailUrl\":\"https:\\\/\\\/www.joebike.fr\\\/wp-content\\\/uploads\\\/2025\\\/07\\\/Orbea-Avant-H40-2025-Titan-Bronze-.png\",\"datePublished\":\"2025-07-25T09:16:56+00:00\",\"dateModified\":\"2025-12-30T17:29:19+00:00\",\"breadcrumb\":{\"@id\":\"https:\\\/\\\/www.joebike.fr\\\/produit\\\/orbea-avant-h40-2025\\\/#breadcrumb\"},\"inLanguage\":\"en-GB\",\"potentialAction\":[{\"@type\":\"ReadAction\",\"target\":[\"https:\\\/\\\/www.joebike.fr\\\/produit\\\/orbea-avant-h40-2025\\\/\"]}]},{\"@type\":\"ImageObject\",\"inLanguage\":\"en-GB\",\"@id\":\"https:\\\/\\\/www.joebike.fr\\\/produit\\\/orbea-avant-h40-2025\\\/#primaryimage\",\"url\":\"https:\\\/\\\/www.joebike.fr\\\/wp-content\\\/uploads\\\/2025\\\/07\\\/Orbea-Avant-H40-2025-Titan-Bronze-.png\",\"contentUrl\":\"https:\\\/\\\/www.joebike.fr\\\/wp-content\\\/uploads\\\/2025\\\/07\\\/Orbea-Avant-H40-2025-Titan-Bronze-.png\",\"width\":1200,\"height\":900},{\"@type\":\"BreadcrumbList\",\"@id\":\"https:\\\/\\\/www.joebike.fr\\\/produit\\\/orbea-avant-h40-2025\\\/#breadcrumb\",\"itemListElement\":[{\"@type\":\"ListItem\",\"position\":1,\"name\":\"Accueil\",\"item\":\"https:\\\/\\\/www.joebike.fr\\\/\"},{\"@type\":\"ListItem\",\"position\":2,\"name\":\"Shop\",\"item\":\"https:\\\/\\\/www.joebike.fr\\\/bike-shop\\\/\"},{\"@type\":\"ListItem\",\"position\":3,\"name\":\"Orbea &#8211; Avant h40 (2025)\"}]},{\"@type\":\"WebSite\",\"@id\":\"https:\\\/\\\/www.joebike.fr\\\/#website\",\"url\":\"https:\\\/\\\/www.joebike.fr\\\/\",\"name\":\"Joe Bike\",\"description\":\"Location de v\u00e9lo dans les Landes, le Pays Basque et les Pyr\u00e9n\u00e9es\",\"publisher\":{\"@id\":\"https:\\\/\\\/www.joebike.fr\\\/#organization\"},\"potentialAction\":[{\"@type\":\"SearchAction\",\"target\":{\"@type\":\"EntryPoint\",\"urlTemplate\":\"https:\\\/\\\/www.joebike.fr\\\/?s={search_term_string}\"},\"query-input\":{\"@type\":\"PropertyValueSpecification\",\"valueRequired\":true,\"valueName\":\"search_term_string\"}}],\"inLanguage\":\"en-GB\"},{\"@type\":\"Organization\",\"@id\":\"https:\\\/\\\/www.joebike.fr\\\/#organization\",\"name\":\"Joe Bike, sp\u00e9cialiste en location v\u00e9lo\",\"url\":\"https:\\\/\\\/www.joebike.fr\\\/\",\"logo\":{\"@type\":\"ImageObject\",\"inLanguage\":\"en-GB\",\"@id\":\"https:\\\/\\\/www.joebike.fr\\\/#\\\/schema\\\/logo\\\/image\\\/\",\"url\":\"https:\\\/\\\/www.joebike.fr\\\/wp-content\\\/uploads\\\/2022\\\/04\\\/LOGO-JB-22_PNG.png\",\"contentUrl\":\"https:\\\/\\\/www.joebike.fr\\\/wp-content\\\/uploads\\\/2022\\\/04\\\/LOGO-JB-22_PNG.png\",\"width\":473,\"height\":473,\"caption\":\"Joe Bike, sp\u00e9cialiste en location v\u00e9lo\"},\"image\":{\"@id\":\"https:\\\/\\\/www.joebike.fr\\\/#\\\/schema\\\/logo\\\/image\\\/\"},\"sameAs\":[\"https:\\\/\\\/www.facebook.com\\\/joebikefrance\",\"https:\\\/\\\/www.instagram.com\\\/joebikefrance\"]}]}<\/script>\n<!-- \/ Yoast SEO Premium plugin. -->","yoast_head_json":{"title":"Joe Bike - Nos v\u00e9los d'occasion : Orbea - Avant h40 (2025)","robots":{"index":"index","follow":"follow","max-snippet":"max-snippet:-1","max-image-preview":"max-image-preview:large","max-video-preview":"max-video-preview:-1"},"canonical":"https:\/\/www.joebike.fr\/en\/product-2\/orbea-avant-h40-2025\/","og_locale":"en_GB","og_type":"article","og_title":"Orbea - Avant h40 (2025)","og_description":"Garantie 6 mois pi\u00e8ces et main d\u2019oeuvre.  Plus d'informations par t\u00e9l\u00e9phone au 05 58 41 75 41.","og_url":"https:\/\/www.joebike.fr\/en\/product-2\/orbea-avant-h40-2025\/","og_site_name":"Joe Bike","article_publisher":"https:\/\/www.facebook.com\/joebikefrance","article_modified_time":"2025-12-30T17:29:19+00:00","og_image":[{"width":1200,"height":900,"url":"https:\/\/www.joebike.fr\/wp-content\/uploads\/2025\/07\/Orbea-Avant-H40-2025-Titan-Bronze-.png","type":"image\/png"}],"twitter_card":"summary_large_image","schema":{"@context":"https:\/\/schema.org","@graph":[{"@type":"WebPage","@id":"https:\/\/www.joebike.fr\/produit\/orbea-avant-h40-2025\/","url":"https:\/\/www.joebike.fr\/produit\/orbea-avant-h40-2025\/","name":"Joe Bike - Nos v\u00e9los d'occasion : Orbea - Avant h40 (2025)","isPartOf":{"@id":"https:\/\/www.joebike.fr\/#website"},"primaryImageOfPage":{"@id":"https:\/\/www.joebike.fr\/produit\/orbea-avant-h40-2025\/#primaryimage"},"image":{"@id":"https:\/\/www.joebike.fr\/produit\/orbea-avant-h40-2025\/#primaryimage"},"thumbnailUrl":"https:\/\/www.joebike.fr\/wp-content\/uploads\/2025\/07\/Orbea-Avant-H40-2025-Titan-Bronze-.png","datePublished":"2025-07-25T09:16:56+00:00","dateModified":"2025-12-30T17:29:19+00:00","breadcrumb":{"@id":"https:\/\/www.joebike.fr\/produit\/orbea-avant-h40-2025\/#breadcrumb"},"inLanguage":"en-GB","potentialAction":[{"@type":"ReadAction","target":["https:\/\/www.joebike.fr\/produit\/orbea-avant-h40-2025\/"]}]},{"@type":"ImageObject","inLanguage":"en-GB","@id":"https:\/\/www.joebike.fr\/produit\/orbea-avant-h40-2025\/#primaryimage","url":"https:\/\/www.joebike.fr\/wp-content\/uploads\/2025\/07\/Orbea-Avant-H40-2025-Titan-Bronze-.png","contentUrl":"https:\/\/www.joebike.fr\/wp-content\/uploads\/2025\/07\/Orbea-Avant-H40-2025-Titan-Bronze-.png","width":1200,"height":900},{"@type":"BreadcrumbList","@id":"https:\/\/www.joebike.fr\/produit\/orbea-avant-h40-2025\/#breadcrumb","itemListElement":[{"@type":"ListItem","position":1,"name":"Accueil","item":"https:\/\/www.joebike.fr\/"},{"@type":"ListItem","position":2,"name":"Shop","item":"https:\/\/www.joebike.fr\/bike-shop\/"},{"@type":"ListItem","position":3,"name":"Orbea &#8211; Avant h40 (2025)"}]},{"@type":"WebSite","@id":"https:\/\/www.joebike.fr\/#website","url":"https:\/\/www.joebike.fr\/","name":"Joe Bike","description":"Bike hire in the Landes, the Basque Country and the Pyrenees","publisher":{"@id":"https:\/\/www.joebike.fr\/#organization"},"potentialAction":[{"@type":"SearchAction","target":{"@type":"EntryPoint","urlTemplate":"https:\/\/www.joebike.fr\/?s={search_term_string}"},"query-input":{"@type":"PropertyValueSpecification","valueRequired":true,"valueName":"search_term_string"}}],"inLanguage":"en-GB"},{"@type":"Organization","@id":"https:\/\/www.joebike.fr\/#organization","name":"Joe Bike, specialist in bike hire","url":"https:\/\/www.joebike.fr\/","logo":{"@type":"ImageObject","inLanguage":"en-GB","@id":"https:\/\/www.joebike.fr\/#\/schema\/logo\/image\/","url":"https:\/\/www.joebike.fr\/wp-content\/uploads\/2022\/04\/LOGO-JB-22_PNG.png","contentUrl":"https:\/\/www.joebike.fr\/wp-content\/uploads\/2022\/04\/LOGO-JB-22_PNG.png","width":473,"height":473,"caption":"Joe Bike, sp\u00e9cialiste en location v\u00e9lo"},"image":{"@id":"https:\/\/www.joebike.fr\/#\/schema\/logo\/image\/"},"sameAs":["https:\/\/www.facebook.com\/joebikefrance","https:\/\/www.instagram.com\/joebikefrance"]}]}},"_links":{"self":[{"href":"https:\/\/www.joebike.fr\/en\/wp-json\/wp\/v2\/product\/13203","targetHints":{"allow":["GET"]}}],"collection":[{"href":"https:\/\/www.joebike.fr\/en\/wp-json\/wp\/v2\/product"}],"about":[{"href":"https:\/\/www.joebike.fr\/en\/wp-json\/wp\/v2\/types\/product"}],"version-history":[{"count":3,"href":"https:\/\/www.joebike.fr\/en\/wp-json\/wp\/v2\/product\/13203\/revisions"}],"predecessor-version":[{"id":14652,"href":"https:\/\/www.joebike.fr\/en\/wp-json\/wp\/v2\/product\/13203\/revisions\/14652"}],"wp:featuredmedia":[{"embeddable":true,"href":"https:\/\/www.joebike.fr\/en\/wp-json\/wp\/v2\/media\/13216"}],"wp:attachment":[{"href":"https:\/\/www.joebike.fr\/en\/wp-json\/wp\/v2\/media?parent=13203"}],"wp:term":[{"taxonomy":"product_brand","embeddable":true,"href":"https:\/\/www.joebike.fr\/en\/wp-json\/wp\/v2\/product_brand?post=13203"},{"taxonomy":"product_cat","embeddable":true,"href":"https:\/\/www.joebike.fr\/en\/wp-json\/wp\/v2\/product_cat?post=13203"},{"taxonomy":"product_tag","embeddable":true,"href":"https:\/\/www.joebike.fr\/en\/wp-json\/wp\/v2\/product_tag?post=13203"}],"curies":[{"name":"wp","href":"https:\/\/api.w.org\/{rel}","templated":true}]}}