{"id":13640,"date":"2025-08-20T15:53:34","date_gmt":"2025-08-20T13:53:34","guid":{"rendered":"https:\/\/www.joebike.fr\/?post_type=product&#038;p=13640"},"modified":"2025-09-15T11:00:21","modified_gmt":"2025-09-15T09:00:21","slug":"o2feel-vog-origin-2-1-2022","status":"publish","type":"product","link":"https:\/\/www.joebike.fr\/en\/product-2\/o2feel-vog-origin-2-1-2022\/","title":{"rendered":"O2Feel &#8211; Vog Origin 2.1 (2022)"},"content":{"rendered":"<table style=\"width: 100%; border-collapse: collapse;\">\n<thead>\n<tr>\n<th style=\"text-align: left; padding: 8px; border-bottom: 2px solid #333;\">Cat\u00e9gorie<\/th>\n<th style=\"text-align: left; padding: 8px; border-bottom: 2px solid #333;\">\u00c9l\u00e9ment<\/th>\n<th style=\"text-align: left; padding: 8px; border-bottom: 2px solid #333;\">Sp\u00e9cification<\/th>\n<\/tr>\n<\/thead>\n<tbody><!-- Batterie --><\/p>\n<tr>\n<td style=\"padding: 8px; border-bottom: 1px solid #ddd; font-weight: bold;\" rowspan=\"4\">Battery<\/td>\n<td style=\"padding: 8px; border-bottom: 1px solid #ddd;\">Capacit\u00e9 (Wh)<\/td>\n<td style=\"padding: 8px; border-bottom: 1px solid #ddd;\">374<\/td>\n<\/tr>\n<tr>\n<td style=\"padding: 8px; border-bottom: 1px solid #ddd;\">Marque de la batterie<\/td>\n<td style=\"padding: 8px; border-bottom: 1px solid #ddd;\">O2Feel<\/td>\n<\/tr>\n<tr>\n<td style=\"padding: 8px; border-bottom: 1px solid #ddd;\">Garantie batterie<\/td>\n<td style=\"padding: 8px; border-bottom: 1px solid #ddd;\">4 ans<\/td>\n<\/tr>\n<tr>\n<td style=\"padding: 8px; border-bottom: 1px solid #ddd;\">Temps de charge (h)<\/td>\n<td style=\"padding: 8px; border-bottom: 1px solid #ddd;\">5<\/td>\n<\/tr>\n<p><!-- Carrosserie --><\/p>\n<tr>\n<td style=\"padding: 8px; border-bottom: 1px solid #ddd; font-weight: bold;\" rowspan=\"7\">Carrosserie<\/td>\n<td style=\"padding: 8px; border-bottom: 1px solid #ddd;\">Frame<\/td>\n<td style=\"padding: 8px; border-bottom: 1px solid #ddd;\">Aluminium<\/td>\n<\/tr>\n<tr>\n<td style=\"padding: 8px; border-bottom: 1px solid #ddd;\">Meter<\/td>\n<td style=\"padding: 8px; border-bottom: 1px solid #ddd;\">No<\/td>\n<\/tr>\n<tr>\n<td style=\"padding: 8px; border-bottom: 1px solid #ddd;\">Fork<\/td>\n<td style=\"padding: 8px; border-bottom: 1px solid #ddd;\">Suntour Nex 50 mm<\/td>\n<\/tr>\n<tr>\n<td style=\"padding: 8px; border-bottom: 1px solid #ddd;\">Stem<\/td>\n<td style=\"padding: 8px; border-bottom: 1px solid #ddd;\">Promax fixe<\/td>\n<\/tr>\n<tr>\n<td style=\"padding: 8px; border-bottom: 1px solid #ddd;\">Saddle<\/td>\n<td style=\"padding: 8px; border-bottom: 1px solid #ddd;\">Selle DDK large avec \u00e9lastom\u00e8res<\/td>\n<\/tr>\n<tr>\n<td style=\"padding: 8px; border-bottom: 1px solid #ddd;\">Handlebars<\/td>\n<td style=\"padding: 8px; border-bottom: 1px solid #ddd;\">Satori M\u00e9lange<\/td>\n<\/tr>\n<tr>\n<td style=\"padding: 8px; border-bottom: 1px solid #ddd;\">Frame warranty<\/td>\n<td style=\"padding: 8px; border-bottom: 1px solid #ddd;\">5 ans<\/td>\n<\/tr>\n<p><!-- Motorisation --><\/p>\n<tr>\n<td style=\"padding: 8px; border-bottom: 1px solid #ddd; font-weight: bold;\" rowspan=\"4\">Motorisation<\/td>\n<td style=\"padding: 8px; border-bottom: 1px solid #ddd;\">Couple (N.m)<\/td>\n<td style=\"padding: 8px; border-bottom: 1px solid #ddd;\">22<\/td>\n<\/tr>\n<tr>\n<td style=\"padding: 8px; border-bottom: 1px solid #ddd;\">Engine make<\/td>\n<td style=\"padding: 8px; border-bottom: 1px solid #ddd;\">Origin<\/td>\n<\/tr>\n<tr>\n<td style=\"padding: 8px; border-bottom: 1px solid #ddd;\">Engine warranty<\/td>\n<td style=\"padding: 8px; border-bottom: 1px solid #ddd;\">2 years<\/td>\n<\/tr>\n<tr>\n<td style=\"padding: 8px; border-bottom: 1px solid #ddd;\">Emplacement<\/td>\n<td style=\"padding: 8px; border-bottom: 1px solid #ddd;\">Rear wheel<\/td>\n<\/tr>\n<p><!-- Roues --><\/p>\n<tr>\n<td style=\"padding: 8px; border-bottom: 1px solid #ddd; font-weight: bold;\">Wheels<\/td>\n<td style=\"padding: 8px; border-bottom: 1px solid #ddd;\">Taille de roues (pouces)<\/td>\n<td style=\"padding: 8px; border-bottom: 1px solid #ddd;\">28<\/td>\n<\/tr>\n<p><!-- Transmission --><\/p>\n<tr>\n<td style=\"padding: 8px; border-bottom: 1px solid #ddd; font-weight: bold;\" rowspan=\"2\">Transmission<\/td>\n<td style=\"padding: 8px; border-bottom: 1px solid #ddd;\">Number of speeds<\/td>\n<td style=\"padding: 8px; border-bottom: 1px solid #ddd;\">7<\/td>\n<\/tr>\n<tr>\n<td style=\"padding: 8px; border-bottom: 1px solid #ddd;\">Transmission<\/td>\n<td style=\"padding: 8px; border-bottom: 1px solid #ddd;\">Derailleur<\/td>\n<\/tr>\n<p><!-- Freinage --><\/p>\n<tr>\n<td style=\"padding: 8px; border-bottom: 1px solid #ddd; font-weight: bold;\">Freinage<\/td>\n<td style=\"padding: 8px; border-bottom: 1px solid #ddd;\">Type de freins<\/td>\n<td style=\"padding: 8px; border-bottom: 1px solid #ddd;\">\u00c0 disques hydrauliques<\/td>\n<\/tr>\n<p><!-- Visibilit\u00e9 --><\/p>\n<tr>\n<td style=\"padding: 8px; border-bottom: 1px solid #ddd; font-weight: bold;\" rowspan=\"2\">Visibilit\u00e9<\/td>\n<td style=\"padding: 8px; border-bottom: 1px solid #ddd;\">\u00c9clairage avant<\/td>\n<td style=\"padding: 8px; border-bottom: 1px solid #ddd;\">Yes<\/td>\n<\/tr>\n<tr>\n<td style=\"padding: 8px; border-bottom: 1px solid #ddd;\">\u00c9clairage arri\u00e8re<\/td>\n<td style=\"padding: 8px; border-bottom: 1px solid #ddd;\">Yes<\/td>\n<\/tr>\n<p><!-- S\u00e9curit\u00e9 --><\/p>\n<tr>\n<td style=\"padding: 8px; border-bottom: 1px solid #ddd; font-weight: bold;\" rowspan=\"2\">Security<\/td>\n<td style=\"padding: 8px; border-bottom: 1px solid #ddd;\">Antivol int\u00e9gr\u00e9<\/td>\n<td style=\"padding: 8px; border-bottom: 1px solid #ddd;\">No<\/td>\n<\/tr>\n<tr>\n<td style=\"padding: 8px; border-bottom: 1px solid #ddd;\">Tracker int\u00e9gr\u00e9<\/td>\n<td style=\"padding: 8px; border-bottom: 1px solid #ddd;\">No<\/td>\n<\/tr>\n<p><!-- \u00c9quipements --><\/p>\n<tr>\n<td style=\"padding: 8px; border-bottom: 1px solid #ddd; font-weight: bold;\" rowspan=\"3\">Equipment<\/td>\n<td style=\"padding: 8px; border-bottom: 1px solid #ddd;\">Mudguard<\/td>\n<td style=\"padding: 8px; border-bottom: 1px solid #ddd;\">Yes<\/td>\n<\/tr>\n<tr>\n<td style=\"padding: 8px; border-bottom: 1px solid #ddd;\">Luggage rack<\/td>\n<td style=\"padding: 8px; border-bottom: 1px solid #ddd;\">Yes<\/td>\n<\/tr>\n<tr>\n<td style=\"padding: 8px; border-bottom: 1px solid #ddd;\">Stand<\/td>\n<td style=\"padding: 8px; border-bottom: 1px solid #ddd;\">Yes<\/td>\n<\/tr>\n<\/tbody>\n<\/table>","protected":false},"excerpt":{"rendered":"<p><span style=\"text-decoration: underline;\"><strong>V\u00e9los disponibles uniquement en magasin.<\/strong> <\/span><\/p>\n<p>Garantie 6 mois pi\u00e8ces et main d\u2019oeuvre.<br \/>\nCe v\u00e9lo est vendu avec antivol et panier.<\/p>\n<p>Disponible \u00e0 partir de septembre, mais vous pouvez les r\u00e9server d\u00e8s maintenant par t\u00e9l\u00e9phone au 05 58 41 75 41.<br \/>\n\ud83d\udce6 Toute commande en ligne sera exp\u00e9di\u00e9e d\u00e9but septembre.<\/p>","protected":false},"featured_media":13644,"template":"","meta":{"_acf_changed":false},"product_brand":[236],"product_cat":[134,135,137],"product_tag":[],"class_list":{"0":"post-13640","1":"product","2":"type-product","3":"status-publish","4":"has-post-thumbnail","6":"product_brand-o2feel","7":"product_cat-velos-occasion","8":"product_cat-velos-electriques-velos-occasion","9":"product_cat-velos-urbains-electriques","11":"first","12":"outofstock","13":"sale","14":"taxable","15":"shipping-taxable","16":"purchasable","17":"product-type-variable","18":"has-default-attributes"},"acf":[],"yoast_head":"<!-- This site is optimized with the Yoast SEO Premium plugin v26.6 (Yoast SEO v27.4) - https:\/\/yoast.com\/product\/yoast-seo-premium-wordpress\/ -->\n<title>Joe Bike - Nos v\u00e9los neufs : O2Feel - Vog Origin 2.1 (2022)<\/title>\n<meta name=\"robots\" content=\"index, follow, max-snippet:-1, max-image-preview:large, max-video-preview:-1\" \/>\n<link rel=\"canonical\" href=\"https:\/\/www.joebike.fr\/en\/product-2\/o2feel-vog-origin-2-1-2022\/\" \/>\n<meta property=\"og:locale\" content=\"en_GB\" \/>\n<meta property=\"og:type\" content=\"article\" \/>\n<meta property=\"og:title\" content=\"O2Feel - Vog Origin 2.1 (2022)\" \/>\n<meta property=\"og:description\" content=\"V\u00e9los disponibles uniquement en magasin.   Garantie 6 mois pi\u00e8ces et main d\u2019oeuvre. Ce v\u00e9lo est vendu avec antivol et panier.  Disponible \u00e0 partir de septembre, mais vous pouvez les r\u00e9server d\u00e8s maintenant par t\u00e9l\u00e9phone au 05 58 41 75 41. \ud83d\udce6 Toute commande en ligne sera exp\u00e9di\u00e9e d\u00e9but septembre.\" \/>\n<meta property=\"og:url\" content=\"https:\/\/www.joebike.fr\/en\/product-2\/o2feel-vog-origin-2-1-2022\/\" \/>\n<meta property=\"og:site_name\" content=\"Joe Bike\" \/>\n<meta property=\"article:publisher\" content=\"https:\/\/www.facebook.com\/joebikefrance\" \/>\n<meta property=\"article:modified_time\" content=\"2025-09-15T09:00:21+00:00\" \/>\n<meta property=\"og:image\" content=\"https:\/\/www.joebike.fr\/wp-content\/uploads\/2025\/08\/Vog-City-Origin-2.1-bleu.png\" \/>\n\t<meta property=\"og:image:width\" content=\"1200\" \/>\n\t<meta property=\"og:image:height\" content=\"900\" \/>\n\t<meta property=\"og:image:type\" content=\"image\/png\" \/>\n<meta name=\"twitter:card\" content=\"summary_large_image\" \/>\n<script type=\"application\/ld+json\" class=\"yoast-schema-graph\">{\"@context\":\"https:\\\/\\\/schema.org\",\"@graph\":[{\"@type\":\"WebPage\",\"@id\":\"https:\\\/\\\/www.joebike.fr\\\/produit\\\/o2feel-vog-origin-2-1-2022\\\/\",\"url\":\"https:\\\/\\\/www.joebike.fr\\\/produit\\\/o2feel-vog-origin-2-1-2022\\\/\",\"name\":\"Joe Bike - Nos v\u00e9los neufs : O2Feel - Vog Origin 2.1 (2022)\",\"isPartOf\":{\"@id\":\"https:\\\/\\\/www.joebike.fr\\\/#website\"},\"primaryImageOfPage\":{\"@id\":\"https:\\\/\\\/www.joebike.fr\\\/produit\\\/o2feel-vog-origin-2-1-2022\\\/#primaryimage\"},\"image\":{\"@id\":\"https:\\\/\\\/www.joebike.fr\\\/produit\\\/o2feel-vog-origin-2-1-2022\\\/#primaryimage\"},\"thumbnailUrl\":\"https:\\\/\\\/www.joebike.fr\\\/wp-content\\\/uploads\\\/2025\\\/08\\\/Vog-City-Origin-2.1-bleu.png\",\"datePublished\":\"2025-08-20T13:53:34+00:00\",\"dateModified\":\"2025-09-15T09:00:21+00:00\",\"breadcrumb\":{\"@id\":\"https:\\\/\\\/www.joebike.fr\\\/produit\\\/o2feel-vog-origin-2-1-2022\\\/#breadcrumb\"},\"inLanguage\":\"en-GB\",\"potentialAction\":[{\"@type\":\"ReadAction\",\"target\":[\"https:\\\/\\\/www.joebike.fr\\\/produit\\\/o2feel-vog-origin-2-1-2022\\\/\"]}]},{\"@type\":\"ImageObject\",\"inLanguage\":\"en-GB\",\"@id\":\"https:\\\/\\\/www.joebike.fr\\\/produit\\\/o2feel-vog-origin-2-1-2022\\\/#primaryimage\",\"url\":\"https:\\\/\\\/www.joebike.fr\\\/wp-content\\\/uploads\\\/2025\\\/08\\\/Vog-City-Origin-2.1-bleu.png\",\"contentUrl\":\"https:\\\/\\\/www.joebike.fr\\\/wp-content\\\/uploads\\\/2025\\\/08\\\/Vog-City-Origin-2.1-bleu.png\",\"width\":1200,\"height\":900},{\"@type\":\"BreadcrumbList\",\"@id\":\"https:\\\/\\\/www.joebike.fr\\\/produit\\\/o2feel-vog-origin-2-1-2022\\\/#breadcrumb\",\"itemListElement\":[{\"@type\":\"ListItem\",\"position\":1,\"name\":\"Accueil\",\"item\":\"https:\\\/\\\/www.joebike.fr\\\/\"},{\"@type\":\"ListItem\",\"position\":2,\"name\":\"Shop\",\"item\":\"https:\\\/\\\/www.joebike.fr\\\/bike-shop\\\/\"},{\"@type\":\"ListItem\",\"position\":3,\"name\":\"O2Feel &#8211; Vog Origin 2.1 (2022)\"}]},{\"@type\":\"WebSite\",\"@id\":\"https:\\\/\\\/www.joebike.fr\\\/#website\",\"url\":\"https:\\\/\\\/www.joebike.fr\\\/\",\"name\":\"Joe Bike\",\"description\":\"Location de v\u00e9lo dans les Landes, le Pays Basque et les Pyr\u00e9n\u00e9es\",\"publisher\":{\"@id\":\"https:\\\/\\\/www.joebike.fr\\\/#organization\"},\"potentialAction\":[{\"@type\":\"SearchAction\",\"target\":{\"@type\":\"EntryPoint\",\"urlTemplate\":\"https:\\\/\\\/www.joebike.fr\\\/?s={search_term_string}\"},\"query-input\":{\"@type\":\"PropertyValueSpecification\",\"valueRequired\":true,\"valueName\":\"search_term_string\"}}],\"inLanguage\":\"en-GB\"},{\"@type\":\"Organization\",\"@id\":\"https:\\\/\\\/www.joebike.fr\\\/#organization\",\"name\":\"Joe Bike, sp\u00e9cialiste en location v\u00e9lo\",\"url\":\"https:\\\/\\\/www.joebike.fr\\\/\",\"logo\":{\"@type\":\"ImageObject\",\"inLanguage\":\"en-GB\",\"@id\":\"https:\\\/\\\/www.joebike.fr\\\/#\\\/schema\\\/logo\\\/image\\\/\",\"url\":\"https:\\\/\\\/www.joebike.fr\\\/wp-content\\\/uploads\\\/2022\\\/04\\\/LOGO-JB-22_PNG.png\",\"contentUrl\":\"https:\\\/\\\/www.joebike.fr\\\/wp-content\\\/uploads\\\/2022\\\/04\\\/LOGO-JB-22_PNG.png\",\"width\":473,\"height\":473,\"caption\":\"Joe Bike, sp\u00e9cialiste en location v\u00e9lo\"},\"image\":{\"@id\":\"https:\\\/\\\/www.joebike.fr\\\/#\\\/schema\\\/logo\\\/image\\\/\"},\"sameAs\":[\"https:\\\/\\\/www.facebook.com\\\/joebikefrance\",\"https:\\\/\\\/www.instagram.com\\\/joebikefrance\"]}]}<\/script>\n<!-- \/ Yoast SEO Premium plugin. -->","yoast_head_json":{"title":"Joe Bike - Nos v\u00e9los neufs : O2Feel - Vog Origin 2.1 (2022)","robots":{"index":"index","follow":"follow","max-snippet":"max-snippet:-1","max-image-preview":"max-image-preview:large","max-video-preview":"max-video-preview:-1"},"canonical":"https:\/\/www.joebike.fr\/en\/product-2\/o2feel-vog-origin-2-1-2022\/","og_locale":"en_GB","og_type":"article","og_title":"O2Feel - Vog Origin 2.1 (2022)","og_description":"V\u00e9los disponibles uniquement en magasin.   Garantie 6 mois pi\u00e8ces et main d\u2019oeuvre. Ce v\u00e9lo est vendu avec antivol et panier.  Disponible \u00e0 partir de septembre, mais vous pouvez les r\u00e9server d\u00e8s maintenant par t\u00e9l\u00e9phone au 05 58 41 75 41. \ud83d\udce6 Toute commande en ligne sera exp\u00e9di\u00e9e d\u00e9but septembre.","og_url":"https:\/\/www.joebike.fr\/en\/product-2\/o2feel-vog-origin-2-1-2022\/","og_site_name":"Joe Bike","article_publisher":"https:\/\/www.facebook.com\/joebikefrance","article_modified_time":"2025-09-15T09:00:21+00:00","og_image":[{"width":1200,"height":900,"url":"https:\/\/www.joebike.fr\/wp-content\/uploads\/2025\/08\/Vog-City-Origin-2.1-bleu.png","type":"image\/png"}],"twitter_card":"summary_large_image","schema":{"@context":"https:\/\/schema.org","@graph":[{"@type":"WebPage","@id":"https:\/\/www.joebike.fr\/produit\/o2feel-vog-origin-2-1-2022\/","url":"https:\/\/www.joebike.fr\/produit\/o2feel-vog-origin-2-1-2022\/","name":"Joe Bike - Nos v\u00e9los neufs : O2Feel - Vog Origin 2.1 (2022)","isPartOf":{"@id":"https:\/\/www.joebike.fr\/#website"},"primaryImageOfPage":{"@id":"https:\/\/www.joebike.fr\/produit\/o2feel-vog-origin-2-1-2022\/#primaryimage"},"image":{"@id":"https:\/\/www.joebike.fr\/produit\/o2feel-vog-origin-2-1-2022\/#primaryimage"},"thumbnailUrl":"https:\/\/www.joebike.fr\/wp-content\/uploads\/2025\/08\/Vog-City-Origin-2.1-bleu.png","datePublished":"2025-08-20T13:53:34+00:00","dateModified":"2025-09-15T09:00:21+00:00","breadcrumb":{"@id":"https:\/\/www.joebike.fr\/produit\/o2feel-vog-origin-2-1-2022\/#breadcrumb"},"inLanguage":"en-GB","potentialAction":[{"@type":"ReadAction","target":["https:\/\/www.joebike.fr\/produit\/o2feel-vog-origin-2-1-2022\/"]}]},{"@type":"ImageObject","inLanguage":"en-GB","@id":"https:\/\/www.joebike.fr\/produit\/o2feel-vog-origin-2-1-2022\/#primaryimage","url":"https:\/\/www.joebike.fr\/wp-content\/uploads\/2025\/08\/Vog-City-Origin-2.1-bleu.png","contentUrl":"https:\/\/www.joebike.fr\/wp-content\/uploads\/2025\/08\/Vog-City-Origin-2.1-bleu.png","width":1200,"height":900},{"@type":"BreadcrumbList","@id":"https:\/\/www.joebike.fr\/produit\/o2feel-vog-origin-2-1-2022\/#breadcrumb","itemListElement":[{"@type":"ListItem","position":1,"name":"Accueil","item":"https:\/\/www.joebike.fr\/"},{"@type":"ListItem","position":2,"name":"Shop","item":"https:\/\/www.joebike.fr\/bike-shop\/"},{"@type":"ListItem","position":3,"name":"O2Feel &#8211; Vog Origin 2.1 (2022)"}]},{"@type":"WebSite","@id":"https:\/\/www.joebike.fr\/#website","url":"https:\/\/www.joebike.fr\/","name":"Joe Bike","description":"Bike hire in the Landes, the Basque Country and the Pyrenees","publisher":{"@id":"https:\/\/www.joebike.fr\/#organization"},"potentialAction":[{"@type":"SearchAction","target":{"@type":"EntryPoint","urlTemplate":"https:\/\/www.joebike.fr\/?s={search_term_string}"},"query-input":{"@type":"PropertyValueSpecification","valueRequired":true,"valueName":"search_term_string"}}],"inLanguage":"en-GB"},{"@type":"Organization","@id":"https:\/\/www.joebike.fr\/#organization","name":"Joe Bike, specialist in bike hire","url":"https:\/\/www.joebike.fr\/","logo":{"@type":"ImageObject","inLanguage":"en-GB","@id":"https:\/\/www.joebike.fr\/#\/schema\/logo\/image\/","url":"https:\/\/www.joebike.fr\/wp-content\/uploads\/2022\/04\/LOGO-JB-22_PNG.png","contentUrl":"https:\/\/www.joebike.fr\/wp-content\/uploads\/2022\/04\/LOGO-JB-22_PNG.png","width":473,"height":473,"caption":"Joe Bike, sp\u00e9cialiste en location v\u00e9lo"},"image":{"@id":"https:\/\/www.joebike.fr\/#\/schema\/logo\/image\/"},"sameAs":["https:\/\/www.facebook.com\/joebikefrance","https:\/\/www.instagram.com\/joebikefrance"]}]}},"_links":{"self":[{"href":"https:\/\/www.joebike.fr\/en\/wp-json\/wp\/v2\/product\/13640","targetHints":{"allow":["GET"]}}],"collection":[{"href":"https:\/\/www.joebike.fr\/en\/wp-json\/wp\/v2\/product"}],"about":[{"href":"https:\/\/www.joebike.fr\/en\/wp-json\/wp\/v2\/types\/product"}],"version-history":[{"count":0,"href":"https:\/\/www.joebike.fr\/en\/wp-json\/wp\/v2\/product\/13640\/revisions"}],"wp:featuredmedia":[{"embeddable":true,"href":"https:\/\/www.joebike.fr\/en\/wp-json\/wp\/v2\/media\/13644"}],"wp:attachment":[{"href":"https:\/\/www.joebike.fr\/en\/wp-json\/wp\/v2\/media?parent=13640"}],"wp:term":[{"taxonomy":"product_brand","embeddable":true,"href":"https:\/\/www.joebike.fr\/en\/wp-json\/wp\/v2\/product_brand?post=13640"},{"taxonomy":"product_cat","embeddable":true,"href":"https:\/\/www.joebike.fr\/en\/wp-json\/wp\/v2\/product_cat?post=13640"},{"taxonomy":"product_tag","embeddable":true,"href":"https:\/\/www.joebike.fr\/en\/wp-json\/wp\/v2\/product_tag?post=13640"}],"curies":[{"name":"wp","href":"https:\/\/api.w.org\/{rel}","templated":true}]}}