{"id":13814,"date":"2025-08-28T10:24:15","date_gmt":"2025-08-28T08:24:15","guid":{"rendered":"https:\/\/www.joebike.fr\/?post_type=product&#038;p=13814"},"modified":"2026-04-20T15:13:56","modified_gmt":"2026-04-20T13:13:56","slug":"o2feel-iswan-explorer-boost-6-1-420wh-2024","status":"publish","type":"product","link":"https:\/\/www.joebike.fr\/en\/product-2\/o2feel-iswan-explorer-boost-6-1-420wh-2024\/","title":{"rendered":"O2Feel &#8211; iSwan Explorer Boost 6.1 420Wh (2024)"},"content":{"rendered":"<table border=\"1\" cellspacing=\"0\" cellpadding=\"5\">\n<thead>\n<tr>\n<th>Cat\u00e9gorie<\/th>\n<th>\u00c9l\u00e9ment<\/th>\n<th>Sp\u00e9cification<\/th>\n<\/tr>\n<\/thead>\n<tbody>\n<tr>\n<td>Engine<\/td>\n<td>Mod\u00e8le<\/td>\n<td>Shimano STEPS E6100<\/td>\n<\/tr>\n<tr>\n<td>Battery<\/td>\n<td>Mod\u00e8le<\/td>\n<td>iPowerPack 540<\/td>\n<\/tr>\n<tr>\n<td>Autonomy<\/td>\n<td>Distance maximale<\/td>\n<td>Jusqu&rsquo;\u00e0 180 km<\/td>\n<\/tr>\n<tr>\n<td>\u00c9cran<\/td>\n<td>Type<\/td>\n<td>\u00c9cran LCD lat\u00e9ral Shimano, fix\u00e9 au guidon, adaptable pour panier avant<\/td>\n<\/tr>\n<tr>\n<td>Transmission<\/td>\n<td>Plateau \/ Pignon<\/td>\n<td>Shimano 38-tooth chainring<\/td>\n<\/tr>\n<tr>\n<td><\/td>\n<td>Derailleur<\/td>\n<td>Shimano Alivio 9 speed<\/td>\n<\/tr>\n<tr>\n<td><\/td>\n<td>Joystick<\/td>\n<td>Manette Shimano<\/td>\n<\/tr>\n<tr>\n<td><\/td>\n<td>Cha\u00eene \/ Protection<\/td>\n<td>Cha\u00eene KMC r\u00e9sistante \u00e0 la rouille avec prot\u00e8ge-cha\u00eene<\/td>\n<\/tr>\n<tr>\n<td>Cadre &amp; Fourche<\/td>\n<td>Frame<\/td>\n<td>Aluminium 6061 \u00e0 enjambement bas, technologie Slick Shape<\/td>\n<\/tr>\n<tr>\n<td><\/td>\n<td>Fork<\/td>\n<td>Suntour NEX suspended<\/td>\n<\/tr>\n<tr>\n<td>Brakes<\/td>\n<td>Type<\/td>\n<td>Disques hydrauliques Shimano MT200<\/td>\n<\/tr>\n<tr>\n<td>Wheels<\/td>\n<td>Rims<\/td>\n<td>Double paroi Rodi, sp\u00e9cifiques e-bike<\/td>\n<\/tr>\n<tr>\n<td><\/td>\n<td>Tyres<\/td>\n<td>Schwalbe Marathon Plus MTB, anti-crevaison, bandes r\u00e9fl\u00e9chissantes (26&Prime;x2.1 ou 27,5&Prime;x2.1)<\/td>\n<\/tr>\n<tr>\n<td>Selle &amp; Tige de selle<\/td>\n<td>Seat post<\/td>\n<td>Satori ajustable avec outil, suspendue<\/td>\n<\/tr>\n<tr>\n<td><\/td>\n<td>Saddle<\/td>\n<td>Selle Royal Lookin, coussins en gel<\/td>\n<\/tr>\n<tr>\n<td>Stem<\/td>\n<td>Type<\/td>\n<td>Satori ajustable, angle 40\u00b0 \u00e0 140\u00b0<\/td>\n<\/tr>\n<tr>\n<td>Handles<\/td>\n<td>Type<\/td>\n<td>Poign\u00e9es double densit\u00e9 avec grip en caoutchouc<\/td>\n<\/tr>\n<tr>\n<td>Pedals<\/td>\n<td>Type<\/td>\n<td>Wellgo pour trekking avec r\u00e9flecteurs<\/td>\n<\/tr>\n<tr>\n<td>Lighting<\/td>\n<td>Avant<\/td>\n<td>Trelock Iveo 50 \u2013 visibilit\u00e9 jusqu&rsquo;\u00e0 70 m<\/td>\n<\/tr>\n<tr>\n<td><\/td>\n<td>Arri\u00e8re<\/td>\n<td>Spanninga Pixeo<\/td>\n<\/tr>\n<tr>\n<td>Mudguard<\/td>\n<td>Type<\/td>\n<td>Acier ajustable, assorti \u00e0 la couleur du cadre<\/td>\n<\/tr>\n<tr>\n<td>Luggage rack<\/td>\n<td>Type<\/td>\n<td>MIK HD compatible si\u00e8ge b\u00e9b\u00e9, poids max 27 kg<\/td>\n<\/tr>\n<tr>\n<td>Stand<\/td>\n<td>Type<\/td>\n<td>Lateral<\/td>\n<\/tr>\n<tr>\n<td>Anti-theft device<\/td>\n<td>Type<\/td>\n<td>Axa Block XXL, compatible cha\u00eene plug-in<\/td>\n<\/tr>\n<tr>\n<td>Colours<\/td>\n<td>Disponibles<\/td>\n<td>Canopy Green, Intense Black<\/td>\n<\/tr>\n<tr>\n<td>Front and rear discs<\/td>\n<td>Dimensions<\/td>\n<td>Shimano 160\/160 mm<\/td>\n<\/tr>\n<tr>\n<td>Frame type<\/td>\n<td>Type<\/td>\n<td>Cadre bas (Univ), cadre mixte (Mid)<\/td>\n<\/tr>\n<tr>\n<td>Tailles simplifi\u00e9es<\/td>\n<td>Disponibles<\/td>\n<td>S, M, L<\/td>\n<\/tr>\n<\/tbody>\n<\/table>","protected":false},"excerpt":{"rendered":"<p>Garantie 6 mois pi\u00e8ces et main d\u2019oeuvre.<\/p>\n<p>Ce v\u00e9lo est vendu avec antivol et panier<\/p>\n<p>Disponible \u00e0 partir de septembre, mais vous pouvez les r\u00e9server d\u00e8s maintenant par t\u00e9l\u00e9phone au 05 58 41 75 41.<br \/>\n\ud83d\udce6 Toute commande en ligne sera exp\u00e9di\u00e9e d\u00e9but septembre.<\/p>","protected":false},"featured_media":13672,"template":"","meta":{"_acf_changed":false},"product_brand":[236],"product_cat":[134,135,137,199],"product_tag":[],"class_list":{"0":"post-13814","1":"product","2":"type-product","3":"status-publish","4":"has-post-thumbnail","6":"product_brand-o2feel","7":"product_cat-velos-occasion","8":"product_cat-velos-electriques-velos-occasion","9":"product_cat-velos-urbains-electriques","10":"product_cat-velos-tout-chemin-electriques-doccasion","12":"first","13":"instock","14":"sale","15":"taxable","16":"shipping-taxable","17":"purchasable","18":"product-type-variable","19":"has-default-attributes"},"acf":[],"yoast_head":"<!-- This site is optimized with the Yoast SEO Premium plugin v26.6 (Yoast SEO v27.4) - https:\/\/yoast.com\/product\/yoast-seo-premium-wordpress\/ -->\n<title>Joe Bike - Nos v\u00e9los neufs : O2Feel - iSwan Explorer Boost 6.1 420Wh (2024)<\/title>\n<meta name=\"robots\" content=\"index, follow, max-snippet:-1, max-image-preview:large, max-video-preview:-1\" \/>\n<link rel=\"canonical\" href=\"https:\/\/www.joebike.fr\/en\/product-2\/o2feel-iswan-explorer-boost-6-1-420wh-2024\/\" \/>\n<meta property=\"og:locale\" content=\"en_GB\" \/>\n<meta property=\"og:type\" content=\"article\" \/>\n<meta property=\"og:title\" content=\"O2Feel - iSwan Explorer Boost 6.1 420Wh (2024)\" \/>\n<meta property=\"og:description\" content=\"Garantie 6 mois pi\u00e8ces et main d\u2019oeuvre.  Ce v\u00e9lo est vendu avec antivol et panier  Disponible \u00e0 partir de septembre, mais vous pouvez les r\u00e9server d\u00e8s maintenant par t\u00e9l\u00e9phone au 05 58 41 75 41. \ud83d\udce6 Toute commande en ligne sera exp\u00e9di\u00e9e d\u00e9but septembre.\" \/>\n<meta property=\"og:url\" content=\"https:\/\/www.joebike.fr\/en\/product-2\/o2feel-iswan-explorer-boost-6-1-420wh-2024\/\" \/>\n<meta property=\"og:site_name\" content=\"Joe Bike\" \/>\n<meta property=\"article:publisher\" content=\"https:\/\/www.facebook.com\/joebikefrance\" \/>\n<meta property=\"article:modified_time\" content=\"2026-04-20T13:13:56+00:00\" \/>\n<meta property=\"og:image\" content=\"https:\/\/www.joebike.fr\/wp-content\/uploads\/2025\/08\/iSwan-6.1-Explorer.png\" \/>\n\t<meta property=\"og:image:width\" content=\"1200\" \/>\n\t<meta property=\"og:image:height\" content=\"900\" \/>\n\t<meta property=\"og:image:type\" content=\"image\/png\" \/>\n<meta name=\"twitter:card\" content=\"summary_large_image\" \/>\n<script type=\"application\/ld+json\" class=\"yoast-schema-graph\">{\"@context\":\"https:\\\/\\\/schema.org\",\"@graph\":[{\"@type\":\"WebPage\",\"@id\":\"https:\\\/\\\/www.joebike.fr\\\/produit\\\/o2feel-iswan-explorer-boost-6-1-420wh-2024\\\/\",\"url\":\"https:\\\/\\\/www.joebike.fr\\\/produit\\\/o2feel-iswan-explorer-boost-6-1-420wh-2024\\\/\",\"name\":\"Joe Bike - Nos v\u00e9los neufs : O2Feel - iSwan Explorer Boost 6.1 420Wh (2024)\",\"isPartOf\":{\"@id\":\"https:\\\/\\\/www.joebike.fr\\\/#website\"},\"primaryImageOfPage\":{\"@id\":\"https:\\\/\\\/www.joebike.fr\\\/produit\\\/o2feel-iswan-explorer-boost-6-1-420wh-2024\\\/#primaryimage\"},\"image\":{\"@id\":\"https:\\\/\\\/www.joebike.fr\\\/produit\\\/o2feel-iswan-explorer-boost-6-1-420wh-2024\\\/#primaryimage\"},\"thumbnailUrl\":\"https:\\\/\\\/www.joebike.fr\\\/wp-content\\\/uploads\\\/2025\\\/08\\\/iSwan-6.1-Explorer.png\",\"datePublished\":\"2025-08-28T08:24:15+00:00\",\"dateModified\":\"2026-04-20T13:13:56+00:00\",\"breadcrumb\":{\"@id\":\"https:\\\/\\\/www.joebike.fr\\\/produit\\\/o2feel-iswan-explorer-boost-6-1-420wh-2024\\\/#breadcrumb\"},\"inLanguage\":\"en-GB\",\"potentialAction\":[{\"@type\":\"ReadAction\",\"target\":[\"https:\\\/\\\/www.joebike.fr\\\/produit\\\/o2feel-iswan-explorer-boost-6-1-420wh-2024\\\/\"]}]},{\"@type\":\"ImageObject\",\"inLanguage\":\"en-GB\",\"@id\":\"https:\\\/\\\/www.joebike.fr\\\/produit\\\/o2feel-iswan-explorer-boost-6-1-420wh-2024\\\/#primaryimage\",\"url\":\"https:\\\/\\\/www.joebike.fr\\\/wp-content\\\/uploads\\\/2025\\\/08\\\/iSwan-6.1-Explorer.png\",\"contentUrl\":\"https:\\\/\\\/www.joebike.fr\\\/wp-content\\\/uploads\\\/2025\\\/08\\\/iSwan-6.1-Explorer.png\",\"width\":1200,\"height\":900},{\"@type\":\"BreadcrumbList\",\"@id\":\"https:\\\/\\\/www.joebike.fr\\\/produit\\\/o2feel-iswan-explorer-boost-6-1-420wh-2024\\\/#breadcrumb\",\"itemListElement\":[{\"@type\":\"ListItem\",\"position\":1,\"name\":\"Accueil\",\"item\":\"https:\\\/\\\/www.joebike.fr\\\/\"},{\"@type\":\"ListItem\",\"position\":2,\"name\":\"Shop\",\"item\":\"https:\\\/\\\/www.joebike.fr\\\/bike-shop\\\/\"},{\"@type\":\"ListItem\",\"position\":3,\"name\":\"O2Feel &#8211; iSwan Explorer Boost 6.1 420Wh (2024)\"}]},{\"@type\":\"WebSite\",\"@id\":\"https:\\\/\\\/www.joebike.fr\\\/#website\",\"url\":\"https:\\\/\\\/www.joebike.fr\\\/\",\"name\":\"Joe Bike\",\"description\":\"Location de v\u00e9lo dans les Landes, le Pays Basque et les Pyr\u00e9n\u00e9es\",\"publisher\":{\"@id\":\"https:\\\/\\\/www.joebike.fr\\\/#organization\"},\"potentialAction\":[{\"@type\":\"SearchAction\",\"target\":{\"@type\":\"EntryPoint\",\"urlTemplate\":\"https:\\\/\\\/www.joebike.fr\\\/?s={search_term_string}\"},\"query-input\":{\"@type\":\"PropertyValueSpecification\",\"valueRequired\":true,\"valueName\":\"search_term_string\"}}],\"inLanguage\":\"en-GB\"},{\"@type\":\"Organization\",\"@id\":\"https:\\\/\\\/www.joebike.fr\\\/#organization\",\"name\":\"Joe Bike, sp\u00e9cialiste en location v\u00e9lo\",\"url\":\"https:\\\/\\\/www.joebike.fr\\\/\",\"logo\":{\"@type\":\"ImageObject\",\"inLanguage\":\"en-GB\",\"@id\":\"https:\\\/\\\/www.joebike.fr\\\/#\\\/schema\\\/logo\\\/image\\\/\",\"url\":\"https:\\\/\\\/www.joebike.fr\\\/wp-content\\\/uploads\\\/2022\\\/04\\\/LOGO-JB-22_PNG.png\",\"contentUrl\":\"https:\\\/\\\/www.joebike.fr\\\/wp-content\\\/uploads\\\/2022\\\/04\\\/LOGO-JB-22_PNG.png\",\"width\":473,\"height\":473,\"caption\":\"Joe Bike, sp\u00e9cialiste en location v\u00e9lo\"},\"image\":{\"@id\":\"https:\\\/\\\/www.joebike.fr\\\/#\\\/schema\\\/logo\\\/image\\\/\"},\"sameAs\":[\"https:\\\/\\\/www.facebook.com\\\/joebikefrance\",\"https:\\\/\\\/www.instagram.com\\\/joebikefrance\"]}]}<\/script>\n<!-- \/ Yoast SEO Premium plugin. -->","yoast_head_json":{"title":"Joe Bike - Nos v\u00e9los neufs : O2Feel - iSwan Explorer Boost 6.1 420Wh (2024)","robots":{"index":"index","follow":"follow","max-snippet":"max-snippet:-1","max-image-preview":"max-image-preview:large","max-video-preview":"max-video-preview:-1"},"canonical":"https:\/\/www.joebike.fr\/en\/product-2\/o2feel-iswan-explorer-boost-6-1-420wh-2024\/","og_locale":"en_GB","og_type":"article","og_title":"O2Feel - iSwan Explorer Boost 6.1 420Wh (2024)","og_description":"Garantie 6 mois pi\u00e8ces et main d\u2019oeuvre.  Ce v\u00e9lo est vendu avec antivol et panier  Disponible \u00e0 partir de septembre, mais vous pouvez les r\u00e9server d\u00e8s maintenant par t\u00e9l\u00e9phone au 05 58 41 75 41. \ud83d\udce6 Toute commande en ligne sera exp\u00e9di\u00e9e d\u00e9but septembre.","og_url":"https:\/\/www.joebike.fr\/en\/product-2\/o2feel-iswan-explorer-boost-6-1-420wh-2024\/","og_site_name":"Joe Bike","article_publisher":"https:\/\/www.facebook.com\/joebikefrance","article_modified_time":"2026-04-20T13:13:56+00:00","og_image":[{"width":1200,"height":900,"url":"https:\/\/www.joebike.fr\/wp-content\/uploads\/2025\/08\/iSwan-6.1-Explorer.png","type":"image\/png"}],"twitter_card":"summary_large_image","schema":{"@context":"https:\/\/schema.org","@graph":[{"@type":"WebPage","@id":"https:\/\/www.joebike.fr\/produit\/o2feel-iswan-explorer-boost-6-1-420wh-2024\/","url":"https:\/\/www.joebike.fr\/produit\/o2feel-iswan-explorer-boost-6-1-420wh-2024\/","name":"Joe Bike - Nos v\u00e9los neufs : O2Feel - iSwan Explorer Boost 6.1 420Wh (2024)","isPartOf":{"@id":"https:\/\/www.joebike.fr\/#website"},"primaryImageOfPage":{"@id":"https:\/\/www.joebike.fr\/produit\/o2feel-iswan-explorer-boost-6-1-420wh-2024\/#primaryimage"},"image":{"@id":"https:\/\/www.joebike.fr\/produit\/o2feel-iswan-explorer-boost-6-1-420wh-2024\/#primaryimage"},"thumbnailUrl":"https:\/\/www.joebike.fr\/wp-content\/uploads\/2025\/08\/iSwan-6.1-Explorer.png","datePublished":"2025-08-28T08:24:15+00:00","dateModified":"2026-04-20T13:13:56+00:00","breadcrumb":{"@id":"https:\/\/www.joebike.fr\/produit\/o2feel-iswan-explorer-boost-6-1-420wh-2024\/#breadcrumb"},"inLanguage":"en-GB","potentialAction":[{"@type":"ReadAction","target":["https:\/\/www.joebike.fr\/produit\/o2feel-iswan-explorer-boost-6-1-420wh-2024\/"]}]},{"@type":"ImageObject","inLanguage":"en-GB","@id":"https:\/\/www.joebike.fr\/produit\/o2feel-iswan-explorer-boost-6-1-420wh-2024\/#primaryimage","url":"https:\/\/www.joebike.fr\/wp-content\/uploads\/2025\/08\/iSwan-6.1-Explorer.png","contentUrl":"https:\/\/www.joebike.fr\/wp-content\/uploads\/2025\/08\/iSwan-6.1-Explorer.png","width":1200,"height":900},{"@type":"BreadcrumbList","@id":"https:\/\/www.joebike.fr\/produit\/o2feel-iswan-explorer-boost-6-1-420wh-2024\/#breadcrumb","itemListElement":[{"@type":"ListItem","position":1,"name":"Accueil","item":"https:\/\/www.joebike.fr\/"},{"@type":"ListItem","position":2,"name":"Shop","item":"https:\/\/www.joebike.fr\/bike-shop\/"},{"@type":"ListItem","position":3,"name":"O2Feel &#8211; iSwan Explorer Boost 6.1 420Wh (2024)"}]},{"@type":"WebSite","@id":"https:\/\/www.joebike.fr\/#website","url":"https:\/\/www.joebike.fr\/","name":"Joe Bike","description":"Bike hire in the Landes, the Basque Country and the Pyrenees","publisher":{"@id":"https:\/\/www.joebike.fr\/#organization"},"potentialAction":[{"@type":"SearchAction","target":{"@type":"EntryPoint","urlTemplate":"https:\/\/www.joebike.fr\/?s={search_term_string}"},"query-input":{"@type":"PropertyValueSpecification","valueRequired":true,"valueName":"search_term_string"}}],"inLanguage":"en-GB"},{"@type":"Organization","@id":"https:\/\/www.joebike.fr\/#organization","name":"Joe Bike, specialist in bike hire","url":"https:\/\/www.joebike.fr\/","logo":{"@type":"ImageObject","inLanguage":"en-GB","@id":"https:\/\/www.joebike.fr\/#\/schema\/logo\/image\/","url":"https:\/\/www.joebike.fr\/wp-content\/uploads\/2022\/04\/LOGO-JB-22_PNG.png","contentUrl":"https:\/\/www.joebike.fr\/wp-content\/uploads\/2022\/04\/LOGO-JB-22_PNG.png","width":473,"height":473,"caption":"Joe Bike, sp\u00e9cialiste en location v\u00e9lo"},"image":{"@id":"https:\/\/www.joebike.fr\/#\/schema\/logo\/image\/"},"sameAs":["https:\/\/www.facebook.com\/joebikefrance","https:\/\/www.instagram.com\/joebikefrance"]}]}},"_links":{"self":[{"href":"https:\/\/www.joebike.fr\/en\/wp-json\/wp\/v2\/product\/13814","targetHints":{"allow":["GET"]}}],"collection":[{"href":"https:\/\/www.joebike.fr\/en\/wp-json\/wp\/v2\/product"}],"about":[{"href":"https:\/\/www.joebike.fr\/en\/wp-json\/wp\/v2\/types\/product"}],"version-history":[{"count":1,"href":"https:\/\/www.joebike.fr\/en\/wp-json\/wp\/v2\/product\/13814\/revisions"}],"predecessor-version":[{"id":15239,"href":"https:\/\/www.joebike.fr\/en\/wp-json\/wp\/v2\/product\/13814\/revisions\/15239"}],"wp:featuredmedia":[{"embeddable":true,"href":"https:\/\/www.joebike.fr\/en\/wp-json\/wp\/v2\/media\/13672"}],"wp:attachment":[{"href":"https:\/\/www.joebike.fr\/en\/wp-json\/wp\/v2\/media?parent=13814"}],"wp:term":[{"taxonomy":"product_brand","embeddable":true,"href":"https:\/\/www.joebike.fr\/en\/wp-json\/wp\/v2\/product_brand?post=13814"},{"taxonomy":"product_cat","embeddable":true,"href":"https:\/\/www.joebike.fr\/en\/wp-json\/wp\/v2\/product_cat?post=13814"},{"taxonomy":"product_tag","embeddable":true,"href":"https:\/\/www.joebike.fr\/en\/wp-json\/wp\/v2\/product_tag?post=13814"}],"curies":[{"name":"wp","href":"https:\/\/api.w.org\/{rel}","templated":true}]}}