{"id":5413,"date":"2023-08-14T14:00:37","date_gmt":"2023-08-14T12:00:37","guid":{"rendered":"https:\/\/www.joebike.fr\/?post_type=product&#038;p=5413"},"modified":"2025-12-30T11:11:18","modified_gmt":"2025-12-30T10:11:18","slug":"scott-gambler","status":"publish","type":"product","link":"https:\/\/www.joebike.fr\/en\/product-2\/scott-gambler\/","title":{"rendered":"Scott &#8211; Gambler (2022)"},"content":{"rendered":"<table style=\"border-collapse: collapse;width: 100%;max-width: 700px\" border=\"1\" cellspacing=\"0\" cellpadding=\"8\" data-mce-style=\"border-collapse: collapse; width: 100%; max-width: 700px;\">\n<tbody>\n<tr>\n<th style=\"background-color: #f2f2f2;text-align: left\" data-mce-style=\"background-color: #f2f2f2; text-align: left;\">Frame<\/th>\n<td>Gambler Alloy SL 6011<\/td>\n<\/tr>\n<tr>\n<th style=\"background-color: #f2f2f2;text-align: left\" data-mce-style=\"background-color: #f2f2f2; text-align: left;\">Poids cadre<\/th>\n<td>NC<\/td>\n<\/tr>\n<tr>\n<th style=\"background-color: #f2f2f2;text-align: left\" data-mce-style=\"background-color: #f2f2f2; text-align: left;\">Shock absorber<\/th>\n<td>Fox Float X Performance Elite<\/td>\n<\/tr>\n<tr>\n<th style=\"background-color: #f2f2f2;text-align: left\" data-mce-style=\"background-color: #f2f2f2; text-align: left;\">D\u00e9battement arri\u00e8re<\/th>\n<td>200 mm<\/td>\n<\/tr>\n<tr>\n<th style=\"background-color: #f2f2f2;text-align: left\" data-mce-style=\"background-color: #f2f2f2; text-align: left;\">Fork<\/th>\n<td>Fox 40 Performance<\/td>\n<\/tr>\n<tr>\n<th style=\"background-color: #f2f2f2;text-align: left\" data-mce-style=\"background-color: #f2f2f2; text-align: left;\">D\u00e9battement avant<\/th>\n<td>203 mm<\/td>\n<\/tr>\n<tr>\n<th style=\"background-color: #f2f2f2;text-align: left\" data-mce-style=\"background-color: #f2f2f2; text-align: left;\">Poids v\u00e9lo constructeur<\/th>\n<td>16,4 kg<\/td>\n<\/tr>\n<tr>\n<th style=\"background-color: #f2f2f2;text-align: left\" data-mce-style=\"background-color: #f2f2f2; text-align: left;\">Stem<\/th>\n<td>Syncros DH 1.5<\/td>\n<\/tr>\n<tr>\n<th style=\"background-color: #f2f2f2;text-align: left\" data-mce-style=\"background-color: #f2f2f2; text-align: left;\">Handlebars<\/th>\n<td>Syncros Hixon DH 1.5<\/td>\n<\/tr>\n<tr>\n<th style=\"background-color: #f2f2f2;text-align: left\" data-mce-style=\"background-color: #f2f2f2; text-align: left;\">Saddle<\/th>\n<td>Syncros Kaslo 2.0<\/td>\n<\/tr>\n<tr>\n<th style=\"background-color: #f2f2f2;text-align: left\" data-mce-style=\"background-color: #f2f2f2; text-align: left;\">Seat post<\/th>\n<td>Syncros DH 2.0<\/td>\n<\/tr>\n<tr>\n<th style=\"background-color: #f2f2f2;text-align: left\" data-mce-style=\"background-color: #f2f2f2; text-align: left;\">Brakes<\/th>\n<td>Shimano SLX M7120<\/td>\n<\/tr>\n<tr>\n<th style=\"background-color: #f2f2f2;text-align: left\" data-mce-style=\"background-color: #f2f2f2; text-align: left;\">Moyeux<\/th>\n<td>NC<\/td>\n<\/tr>\n<tr>\n<th style=\"background-color: #f2f2f2;text-align: left\" data-mce-style=\"background-color: #f2f2f2; text-align: left;\">Rims<\/th>\n<td>Syncros MD30<\/td>\n<\/tr>\n<tr>\n<th style=\"background-color: #f2f2f2;text-align: left\" data-mce-style=\"background-color: #f2f2f2; text-align: left;\">Cassette<\/th>\n<td>Sram CS PG-720 DH \/ 11-25T<\/td>\n<\/tr>\n<tr>\n<th style=\"background-color: #f2f2f2;text-align: left\" data-mce-style=\"background-color: #f2f2f2; text-align: left;\">Pneus d\u2019origine<\/th>\n<td>Maxxis Assegai 29&#215;2,5<\/td>\n<\/tr>\n<tr>\n<th style=\"background-color: #f2f2f2;text-align: left\" data-mce-style=\"background-color: #f2f2f2; text-align: left;\">Front derailleur<\/th>\n<td>NC<\/td>\n<\/tr>\n<tr>\n<th style=\"background-color: #f2f2f2;text-align: left\" data-mce-style=\"background-color: #f2f2f2; text-align: left;\">Rear derailleur<\/th>\n<td>Sram GX DH<\/td>\n<\/tr>\n<tr>\n<th style=\"background-color: #f2f2f2;text-align: left\" data-mce-style=\"background-color: #f2f2f2; text-align: left;\">Commandes<\/th>\n<td>Sram GX DH<\/td>\n<\/tr>\n<tr>\n<th style=\"background-color: #f2f2f2;text-align: left\" data-mce-style=\"background-color: #f2f2f2; text-align: left;\">Pedals<\/th>\n<td>Sram Descendant DH<\/td>\n<\/tr>\n<tr>\n<th style=\"background-color: #f2f2f2;text-align: left\" data-mce-style=\"background-color: #f2f2f2; text-align: left;\">Tailles disponibles<\/th>\n<td>S, M, L, XL<\/td>\n<\/tr>\n<p><!-- G\u00e9om\u00e9trie --><\/p>\n<tr>\n<th style=\"background-color: #d9d9d9;text-align: center\" colspan=\"2\" data-mce-style=\"background-color: #d9d9d9; text-align: center;\">Geometry<\/th>\n<\/tr>\n<tr>\n<th style=\"background-color: #f2f2f2;text-align: left\" data-mce-style=\"background-color: #f2f2f2; text-align: left;\">Taille de r\u00e9f\u00e9rence<\/th>\n<td>S, M, L, XL<\/td>\n<\/tr>\n<tr>\n<th style=\"background-color: #f2f2f2;text-align: left\" data-mce-style=\"background-color: #f2f2f2; text-align: left;\">Empattement (mm)<\/th>\n<td>1237,6<\/td>\n<\/tr>\n<tr>\n<th style=\"background-color: #f2f2f2;text-align: left\" data-mce-style=\"background-color: #f2f2f2; text-align: left;\">Longueur des bases (mm)<\/th>\n<td>438,7<\/td>\n<\/tr>\n<tr>\n<th style=\"background-color: #f2f2f2;text-align: left\" data-mce-style=\"background-color: #f2f2f2; text-align: left;\">Hauteur bo\u00eetier (mm)<\/th>\n<td>346<\/td>\n<\/tr>\n<tr>\n<th style=\"background-color: #f2f2f2;text-align: left\" data-mce-style=\"background-color: #f2f2f2; text-align: left;\">Angle tube direction (\u00b0)<\/th>\n<td>62,9<\/td>\n<\/tr>\n<tr>\n<th style=\"background-color: #f2f2f2;text-align: left\" data-mce-style=\"background-color: #f2f2f2; text-align: left;\">Angle tube de selle (\u00b0)<\/th>\n<td>66,8<\/td>\n<\/tr>\n<tr>\n<th style=\"background-color: #f2f2f2;text-align: left\" data-mce-style=\"background-color: #f2f2f2; text-align: left;\">Tube sup\u00e9rieur (mm)<\/th>\n<td>567,5<\/td>\n<\/tr>\n<tr>\n<th style=\"background-color: #f2f2f2;text-align: left\" data-mce-style=\"background-color: #f2f2f2; text-align: left;\">Longueur tube direction (mm)<\/th>\n<td>110<\/td>\n<\/tr>\n<\/tbody>\n<\/table>","protected":false},"excerpt":{"rendered":"<p class=\"MsoNormal\" style=\"margin: 0cm 0cm 8pt;line-height: 18.4px;font-size: medium;font-family: Aptos, sans-serif\"><span style=\"font-family: Georgia, serif;background-image: none;background-position: 0% 0%;background-size: auto;background-repeat: repeat;background-attachment: scroll\">Garantie 6 mois pi\u00e8ces et main d\u2019\u0153uvre.<\/span><b><\/b><\/p>\n<p class=\"MsoNormal\" style=\"margin: 0cm 0cm 8pt;line-height: 18.4px;font-size: medium;font-family: Aptos, sans-serif\"><b>Disponible d\u00e8s maintenant !<\/b><span class=\"apple-converted-space\"><span style=\"font-size: 13.5pt;line-height: 20.700001px;font-family: -webkit-standard, serif\">\u00a0<\/span><span style=\"font-size: 13.5pt;line-height: 20.700001px;font-family: -webkit-standard, serif\">\u00a0Pour toute question ou r\u00e9servation, contactez-nous directement par t\u00e9l\u00e9phone au<span class=\"apple-converted-space\">\u00a0<\/span><\/span><\/span><b data-path-to-node=\"2,1\" data-index-in-node=\"114\">06 38 12 38 73<\/b><span style=\"font-size: 13.5pt;line-height: 20.700001px;font-family: -webkit-standard, serif\">.<\/span><\/p>","protected":false},"featured_media":10624,"template":"","meta":{"_acf_changed":false},"product_brand":[230],"product_cat":[134,136,144,147],"product_tag":[],"class_list":{"0":"post-5413","1":"product","2":"type-product","3":"status-publish","4":"has-post-thumbnail","6":"product_brand-scott","7":"product_cat-velos-occasion","8":"product_cat-velos-musculaires-velos-occasion","9":"product_cat-vtt-doccasion","10":"product_cat-dh","12":"first","13":"instock","14":"sale","15":"taxable","16":"shipping-taxable","17":"purchasable","18":"product-type-variable"},"acf":[],"yoast_head":"<!-- This site is optimized with the Yoast SEO Premium plugin v26.6 (Yoast SEO v27.4) - https:\/\/yoast.com\/product\/yoast-seo-premium-wordpress\/ -->\n<title>Joe Bike - Nos v\u00e9los d&#039;occasion : Scott - Gambler (2022)<\/title>\n<meta name=\"robots\" content=\"index, follow, max-snippet:-1, max-image-preview:large, max-video-preview:-1\" \/>\n<link rel=\"canonical\" href=\"https:\/\/www.joebike.fr\/en\/product-2\/scott-gambler\/\" \/>\n<meta property=\"og:locale\" content=\"en_GB\" \/>\n<meta property=\"og:type\" content=\"article\" \/>\n<meta property=\"og:title\" content=\"Scott - Gambler (2022)\" \/>\n<meta property=\"og:description\" content=\"Garantie 6 mois pi\u00e8ces et main d\u2019\u0153uvre.Disponible d\u00e8s maintenant !\u00a0\u00a0Pour toute question ou r\u00e9servation, contactez-nous directement par t\u00e9l\u00e9phone au\u00a006 38 12 38 73.\" \/>\n<meta property=\"og:url\" content=\"https:\/\/www.joebike.fr\/en\/product-2\/scott-gambler\/\" \/>\n<meta property=\"og:site_name\" content=\"Joe Bike\" \/>\n<meta property=\"article:publisher\" content=\"https:\/\/www.facebook.com\/joebikefrance\" \/>\n<meta property=\"article:modified_time\" content=\"2025-12-30T10:11:18+00:00\" \/>\n<meta property=\"og:image\" content=\"https:\/\/www.joebike.fr\/wp-content\/uploads\/2023\/08\/SCOTT-GAMBLER-2022.png\" \/>\n\t<meta property=\"og:image:width\" content=\"400\" \/>\n\t<meta property=\"og:image:height\" content=\"300\" \/>\n\t<meta property=\"og:image:type\" content=\"image\/png\" \/>\n<meta name=\"twitter:card\" content=\"summary_large_image\" \/>\n<script type=\"application\/ld+json\" class=\"yoast-schema-graph\">{\"@context\":\"https:\\\/\\\/schema.org\",\"@graph\":[{\"@type\":\"WebPage\",\"@id\":\"https:\\\/\\\/www.joebike.fr\\\/produit\\\/scott-gambler\\\/\",\"url\":\"https:\\\/\\\/www.joebike.fr\\\/produit\\\/scott-gambler\\\/\",\"name\":\"Joe Bike - Nos v\u00e9los d'occasion : Scott - Gambler (2022)\",\"isPartOf\":{\"@id\":\"https:\\\/\\\/www.joebike.fr\\\/#website\"},\"primaryImageOfPage\":{\"@id\":\"https:\\\/\\\/www.joebike.fr\\\/produit\\\/scott-gambler\\\/#primaryimage\"},\"image\":{\"@id\":\"https:\\\/\\\/www.joebike.fr\\\/produit\\\/scott-gambler\\\/#primaryimage\"},\"thumbnailUrl\":\"https:\\\/\\\/www.joebike.fr\\\/wp-content\\\/uploads\\\/2023\\\/08\\\/SCOTT-GAMBLER-2022.png\",\"datePublished\":\"2023-08-14T12:00:37+00:00\",\"dateModified\":\"2025-12-30T10:11:18+00:00\",\"breadcrumb\":{\"@id\":\"https:\\\/\\\/www.joebike.fr\\\/produit\\\/scott-gambler\\\/#breadcrumb\"},\"inLanguage\":\"en-GB\",\"potentialAction\":[{\"@type\":\"ReadAction\",\"target\":[\"https:\\\/\\\/www.joebike.fr\\\/produit\\\/scott-gambler\\\/\"]}]},{\"@type\":\"ImageObject\",\"inLanguage\":\"en-GB\",\"@id\":\"https:\\\/\\\/www.joebike.fr\\\/produit\\\/scott-gambler\\\/#primaryimage\",\"url\":\"https:\\\/\\\/www.joebike.fr\\\/wp-content\\\/uploads\\\/2023\\\/08\\\/SCOTT-GAMBLER-2022.png\",\"contentUrl\":\"https:\\\/\\\/www.joebike.fr\\\/wp-content\\\/uploads\\\/2023\\\/08\\\/SCOTT-GAMBLER-2022.png\",\"width\":400,\"height\":300},{\"@type\":\"BreadcrumbList\",\"@id\":\"https:\\\/\\\/www.joebike.fr\\\/produit\\\/scott-gambler\\\/#breadcrumb\",\"itemListElement\":[{\"@type\":\"ListItem\",\"position\":1,\"name\":\"Accueil\",\"item\":\"https:\\\/\\\/www.joebike.fr\\\/\"},{\"@type\":\"ListItem\",\"position\":2,\"name\":\"Shop\",\"item\":\"https:\\\/\\\/www.joebike.fr\\\/bike-shop\\\/\"},{\"@type\":\"ListItem\",\"position\":3,\"name\":\"Scott &#8211; Gambler (2022)\"}]},{\"@type\":\"WebSite\",\"@id\":\"https:\\\/\\\/www.joebike.fr\\\/#website\",\"url\":\"https:\\\/\\\/www.joebike.fr\\\/\",\"name\":\"Joe Bike\",\"description\":\"Location de v\u00e9lo dans les Landes, le Pays Basque et les Pyr\u00e9n\u00e9es\",\"publisher\":{\"@id\":\"https:\\\/\\\/www.joebike.fr\\\/#organization\"},\"potentialAction\":[{\"@type\":\"SearchAction\",\"target\":{\"@type\":\"EntryPoint\",\"urlTemplate\":\"https:\\\/\\\/www.joebike.fr\\\/?s={search_term_string}\"},\"query-input\":{\"@type\":\"PropertyValueSpecification\",\"valueRequired\":true,\"valueName\":\"search_term_string\"}}],\"inLanguage\":\"en-GB\"},{\"@type\":\"Organization\",\"@id\":\"https:\\\/\\\/www.joebike.fr\\\/#organization\",\"name\":\"Joe Bike, sp\u00e9cialiste en location v\u00e9lo\",\"url\":\"https:\\\/\\\/www.joebike.fr\\\/\",\"logo\":{\"@type\":\"ImageObject\",\"inLanguage\":\"en-GB\",\"@id\":\"https:\\\/\\\/www.joebike.fr\\\/#\\\/schema\\\/logo\\\/image\\\/\",\"url\":\"https:\\\/\\\/www.joebike.fr\\\/wp-content\\\/uploads\\\/2022\\\/04\\\/LOGO-JB-22_PNG.png\",\"contentUrl\":\"https:\\\/\\\/www.joebike.fr\\\/wp-content\\\/uploads\\\/2022\\\/04\\\/LOGO-JB-22_PNG.png\",\"width\":473,\"height\":473,\"caption\":\"Joe Bike, sp\u00e9cialiste en location v\u00e9lo\"},\"image\":{\"@id\":\"https:\\\/\\\/www.joebike.fr\\\/#\\\/schema\\\/logo\\\/image\\\/\"},\"sameAs\":[\"https:\\\/\\\/www.facebook.com\\\/joebikefrance\",\"https:\\\/\\\/www.instagram.com\\\/joebikefrance\"]}]}<\/script>\n<!-- \/ Yoast SEO Premium plugin. -->","yoast_head_json":{"title":"Joe Bike - Nos v\u00e9los d'occasion : Scott - Gambler (2022)","robots":{"index":"index","follow":"follow","max-snippet":"max-snippet:-1","max-image-preview":"max-image-preview:large","max-video-preview":"max-video-preview:-1"},"canonical":"https:\/\/www.joebike.fr\/en\/product-2\/scott-gambler\/","og_locale":"en_GB","og_type":"article","og_title":"Scott - Gambler (2022)","og_description":"Garantie 6 mois pi\u00e8ces et main d\u2019\u0153uvre.Disponible d\u00e8s maintenant !\u00a0\u00a0Pour toute question ou r\u00e9servation, contactez-nous directement par t\u00e9l\u00e9phone au\u00a006 38 12 38 73.","og_url":"https:\/\/www.joebike.fr\/en\/product-2\/scott-gambler\/","og_site_name":"Joe Bike","article_publisher":"https:\/\/www.facebook.com\/joebikefrance","article_modified_time":"2025-12-30T10:11:18+00:00","og_image":[{"width":400,"height":300,"url":"https:\/\/www.joebike.fr\/wp-content\/uploads\/2023\/08\/SCOTT-GAMBLER-2022.png","type":"image\/png"}],"twitter_card":"summary_large_image","schema":{"@context":"https:\/\/schema.org","@graph":[{"@type":"WebPage","@id":"https:\/\/www.joebike.fr\/produit\/scott-gambler\/","url":"https:\/\/www.joebike.fr\/produit\/scott-gambler\/","name":"Joe Bike - Nos v\u00e9los d'occasion : Scott - Gambler (2022)","isPartOf":{"@id":"https:\/\/www.joebike.fr\/#website"},"primaryImageOfPage":{"@id":"https:\/\/www.joebike.fr\/produit\/scott-gambler\/#primaryimage"},"image":{"@id":"https:\/\/www.joebike.fr\/produit\/scott-gambler\/#primaryimage"},"thumbnailUrl":"https:\/\/www.joebike.fr\/wp-content\/uploads\/2023\/08\/SCOTT-GAMBLER-2022.png","datePublished":"2023-08-14T12:00:37+00:00","dateModified":"2025-12-30T10:11:18+00:00","breadcrumb":{"@id":"https:\/\/www.joebike.fr\/produit\/scott-gambler\/#breadcrumb"},"inLanguage":"en-GB","potentialAction":[{"@type":"ReadAction","target":["https:\/\/www.joebike.fr\/produit\/scott-gambler\/"]}]},{"@type":"ImageObject","inLanguage":"en-GB","@id":"https:\/\/www.joebike.fr\/produit\/scott-gambler\/#primaryimage","url":"https:\/\/www.joebike.fr\/wp-content\/uploads\/2023\/08\/SCOTT-GAMBLER-2022.png","contentUrl":"https:\/\/www.joebike.fr\/wp-content\/uploads\/2023\/08\/SCOTT-GAMBLER-2022.png","width":400,"height":300},{"@type":"BreadcrumbList","@id":"https:\/\/www.joebike.fr\/produit\/scott-gambler\/#breadcrumb","itemListElement":[{"@type":"ListItem","position":1,"name":"Accueil","item":"https:\/\/www.joebike.fr\/"},{"@type":"ListItem","position":2,"name":"Shop","item":"https:\/\/www.joebike.fr\/bike-shop\/"},{"@type":"ListItem","position":3,"name":"Scott &#8211; Gambler (2022)"}]},{"@type":"WebSite","@id":"https:\/\/www.joebike.fr\/#website","url":"https:\/\/www.joebike.fr\/","name":"Joe Bike","description":"Bike hire in the Landes, the Basque Country and the Pyrenees","publisher":{"@id":"https:\/\/www.joebike.fr\/#organization"},"potentialAction":[{"@type":"SearchAction","target":{"@type":"EntryPoint","urlTemplate":"https:\/\/www.joebike.fr\/?s={search_term_string}"},"query-input":{"@type":"PropertyValueSpecification","valueRequired":true,"valueName":"search_term_string"}}],"inLanguage":"en-GB"},{"@type":"Organization","@id":"https:\/\/www.joebike.fr\/#organization","name":"Joe Bike, specialist in bike hire","url":"https:\/\/www.joebike.fr\/","logo":{"@type":"ImageObject","inLanguage":"en-GB","@id":"https:\/\/www.joebike.fr\/#\/schema\/logo\/image\/","url":"https:\/\/www.joebike.fr\/wp-content\/uploads\/2022\/04\/LOGO-JB-22_PNG.png","contentUrl":"https:\/\/www.joebike.fr\/wp-content\/uploads\/2022\/04\/LOGO-JB-22_PNG.png","width":473,"height":473,"caption":"Joe Bike, sp\u00e9cialiste en location v\u00e9lo"},"image":{"@id":"https:\/\/www.joebike.fr\/#\/schema\/logo\/image\/"},"sameAs":["https:\/\/www.facebook.com\/joebikefrance","https:\/\/www.instagram.com\/joebikefrance"]}]}},"_links":{"self":[{"href":"https:\/\/www.joebike.fr\/en\/wp-json\/wp\/v2\/product\/5413","targetHints":{"allow":["GET"]}}],"collection":[{"href":"https:\/\/www.joebike.fr\/en\/wp-json\/wp\/v2\/product"}],"about":[{"href":"https:\/\/www.joebike.fr\/en\/wp-json\/wp\/v2\/types\/product"}],"version-history":[{"count":0,"href":"https:\/\/www.joebike.fr\/en\/wp-json\/wp\/v2\/product\/5413\/revisions"}],"wp:featuredmedia":[{"embeddable":true,"href":"https:\/\/www.joebike.fr\/en\/wp-json\/wp\/v2\/media\/10624"}],"wp:attachment":[{"href":"https:\/\/www.joebike.fr\/en\/wp-json\/wp\/v2\/media?parent=5413"}],"wp:term":[{"taxonomy":"product_brand","embeddable":true,"href":"https:\/\/www.joebike.fr\/en\/wp-json\/wp\/v2\/product_brand?post=5413"},{"taxonomy":"product_cat","embeddable":true,"href":"https:\/\/www.joebike.fr\/en\/wp-json\/wp\/v2\/product_cat?post=5413"},{"taxonomy":"product_tag","embeddable":true,"href":"https:\/\/www.joebike.fr\/en\/wp-json\/wp\/v2\/product_tag?post=5413"}],"curies":[{"name":"wp","href":"https:\/\/api.w.org\/{rel}","templated":true}]}}