{"id":5414,"date":"2023-08-14T14:00:54","date_gmt":"2023-08-14T12:00:54","guid":{"rendered":"https:\/\/www.joebike.fr\/?post_type=product&#038;p=5414"},"modified":"2025-12-30T11:10:11","modified_gmt":"2025-12-30T10:10:11","slug":"scott-genius-930","status":"publish","type":"product","link":"https:\/\/www.joebike.fr\/en\/product-2\/scott-genius-930\/","title":{"rendered":"Scott &#8211; Genius 930 (2022)"},"content":{"rendered":"<table class=\"mce-item-table\">\n<thead>\n<tr>\n<th colspan=\"2\">SCOTT GENIUS<\/th>\n<\/tr>\n<\/thead>\n<tbody>\n<tr>\n<td>Frame<\/td>\n<td>Genius Carbon, bras arri\u00e8re en aluminium 6011<\/td>\n<\/tr>\n<tr>\n<td>Poids cadre<\/td>\n<td>NC<\/td>\n<\/tr>\n<tr>\n<td>Rear shock absorber<\/td>\n<td>Fox Float Evol Performance Trunnion<br \/>D\u00e9battement : 150 mm<\/td>\n<\/tr>\n<tr>\n<td>Fork<\/td>\n<td>Fox 36 Float Rythm Air<br \/>D\u00e9battement : 150 mm<\/td>\n<\/tr>\n<tr>\n<td>Poids du v\u00e9lo<\/td>\n<td>14,6 kg<\/td>\n<\/tr>\n<tr>\n<td>Stem<\/td>\n<td>Syncros FL2.0<\/td>\n<\/tr>\n<tr>\n<td>Coat hanger<\/td>\n<td>Syncros Hixon 2.0<\/td>\n<\/tr>\n<tr>\n<td>Saddle<\/td>\n<td>Syncros Tofino 2.0 Regular<\/td>\n<\/tr>\n<tr>\n<td>Seat post<\/td>\n<td>Syncros Duncan Dropper Post 2.5<\/td>\n<\/tr>\n<tr>\n<td>Brakes<\/td>\n<td>Shimano MT520<\/td>\n<\/tr>\n<tr>\n<td>Moyeux<\/td>\n<td>NC<\/td>\n<\/tr>\n<tr>\n<td>Rims<\/td>\n<td>Syncros X-30S<\/td>\n<\/tr>\n<tr>\n<td>Cassette<\/td>\n<td>Sram SX-PG1210 \/ 10-50T<\/td>\n<\/tr>\n<tr>\n<td>Tyres<\/td>\n<td>Maxxis Dissector 29 x 2,6<\/td>\n<\/tr>\n<tr>\n<td>Front derailleur<\/td>\n<td>NC<\/td>\n<\/tr>\n<tr>\n<td>Rear derailleur<\/td>\n<td>Sram NX Eagle<\/td>\n<\/tr>\n<tr>\n<td>Manettes<\/td>\n<td>Sram SX Eagle<\/td>\n<\/tr>\n<tr>\n<td>Pedals<\/td>\n<td>Sram X1 Eagle<\/td>\n<\/tr>\n<tr>\n<td>Tailles disponibles<\/td>\n<td>S, M, L, XL<\/td>\n<\/tr>\n<tr>\n<td>Empattement<\/td>\n<td>1198,9 mm<\/td>\n<\/tr>\n<tr>\n<td>Longueur des bases<\/td>\n<td>438 mm<\/td>\n<\/tr>\n<tr>\n<td>Hauteur bo\u00eetier<\/td>\n<td>346 mm<\/td>\n<\/tr>\n<tr>\n<td>Angle tube direction<\/td>\n<td>65\u00b0<\/td>\n<\/tr>\n<tr>\n<td>Angle tube de selle<\/td>\n<td>74,7\u00b0<\/td>\n<\/tr>\n<tr>\n<td>Tube sup\u00e9rieur<\/td>\n<td>602,8 mm<\/td>\n<\/tr>\n<tr>\n<td>Longueur tube direction<\/td>\n<td>95 mm<\/td>\n<\/tr>\n<\/tbody>\n<\/table>","protected":false},"excerpt":{"rendered":"<p class=\"MsoNormal\" style=\"margin: 0cm 0cm 8pt;line-height: 18.4px;font-size: medium;font-family: Aptos, sans-serif\"><span style=\"font-family: Georgia, serif;background-image: none;background-position: 0% 0%;background-size: auto;background-repeat: repeat;background-attachment: scroll\">Garantie 6 mois pi\u00e8ces et main d\u2019\u0153uvre.<\/span><b><\/b><\/p>\n<p class=\"MsoNormal\" style=\"margin: 0cm 0cm 8pt;line-height: 18.4px;font-size: medium;font-family: Aptos, sans-serif\"><b>Disponible d\u00e8s maintenant !<\/b><span class=\"apple-converted-space\"><span style=\"font-size: 13.5pt;line-height: 20.700001px;font-family: -webkit-standard, serif\">\u00a0<\/span><span style=\"font-size: 13.5pt;line-height: 20.700001px;font-family: -webkit-standard, serif\">\u00a0Pour toute question ou r\u00e9servation, contactez-nous directement par t\u00e9l\u00e9phone au<span class=\"apple-converted-space\">\u00a0<\/span><\/span><\/span><b data-path-to-node=\"2,1\" data-index-in-node=\"114\">06 38 12 38 73<\/b><span style=\"font-size: 13.5pt;line-height: 20.700001px;font-family: -webkit-standard, serif\">.<\/span><\/p>","protected":false},"featured_media":6186,"template":"","meta":{"_acf_changed":false},"product_brand":[230],"product_cat":[134,136,144,146],"product_tag":[],"class_list":{"0":"post-5414","1":"product","2":"type-product","3":"status-publish","4":"has-post-thumbnail","6":"product_brand-scott","7":"product_cat-velos-occasion","8":"product_cat-velos-musculaires-velos-occasion","9":"product_cat-vtt-doccasion","10":"product_cat-enduro","12":"first","13":"instock","14":"sale","15":"taxable","16":"shipping-taxable","17":"purchasable","18":"product-type-variable"},"acf":[],"yoast_head":"<!-- This site is optimized with the Yoast SEO Premium plugin v26.6 (Yoast SEO v27.3) - https:\/\/yoast.com\/product\/yoast-seo-premium-wordpress\/ -->\n<title>Achat v\u00e9lo d&#039;occasion - Scott Strike 930<\/title>\n<meta name=\"robots\" content=\"index, follow, max-snippet:-1, max-image-preview:large, max-video-preview:-1\" \/>\n<link rel=\"canonical\" href=\"https:\/\/www.joebike.fr\/en\/product-2\/scott-genius-930\/\" \/>\n<meta property=\"og:locale\" content=\"en_GB\" \/>\n<meta property=\"og:type\" content=\"article\" \/>\n<meta property=\"og:title\" content=\"Scott - Genius 930 (2022)\" \/>\n<meta property=\"og:description\" content=\"Garantie 6 mois pi\u00e8ces et main d\u2019\u0153uvre.Disponible d\u00e8s maintenant !\u00a0\u00a0Pour toute question ou r\u00e9servation, contactez-nous directement par t\u00e9l\u00e9phone au\u00a006 38 12 38 73.\" \/>\n<meta property=\"og:url\" content=\"https:\/\/www.joebike.fr\/en\/product-2\/scott-genius-930\/\" \/>\n<meta property=\"og:site_name\" content=\"Joe Bike\" \/>\n<meta property=\"article:publisher\" content=\"https:\/\/www.facebook.com\/joebikefrance\" \/>\n<meta property=\"article:modified_time\" content=\"2025-12-30T10:10:11+00:00\" \/>\n<meta property=\"og:image\" content=\"https:\/\/www.joebike.fr\/wp-content\/uploads\/2023\/08\/scott-genius-930-.jpg\" \/>\n\t<meta property=\"og:image:width\" content=\"2000\" \/>\n\t<meta property=\"og:image:height\" content=\"2000\" \/>\n\t<meta property=\"og:image:type\" content=\"image\/jpeg\" \/>\n<meta name=\"twitter:card\" content=\"summary_large_image\" \/>\n<script type=\"application\/ld+json\" class=\"yoast-schema-graph\">{\"@context\":\"https:\\\/\\\/schema.org\",\"@graph\":[{\"@type\":\"WebPage\",\"@id\":\"https:\\\/\\\/www.joebike.fr\\\/produit\\\/scott-genius-930\\\/\",\"url\":\"https:\\\/\\\/www.joebike.fr\\\/produit\\\/scott-genius-930\\\/\",\"name\":\"Achat v\u00e9lo d'occasion - Scott Strike 930\",\"isPartOf\":{\"@id\":\"https:\\\/\\\/www.joebike.fr\\\/#website\"},\"primaryImageOfPage\":{\"@id\":\"https:\\\/\\\/www.joebike.fr\\\/produit\\\/scott-genius-930\\\/#primaryimage\"},\"image\":{\"@id\":\"https:\\\/\\\/www.joebike.fr\\\/produit\\\/scott-genius-930\\\/#primaryimage\"},\"thumbnailUrl\":\"https:\\\/\\\/www.joebike.fr\\\/wp-content\\\/uploads\\\/2023\\\/08\\\/scott-genius-930-.jpg\",\"datePublished\":\"2023-08-14T12:00:54+00:00\",\"dateModified\":\"2025-12-30T10:10:11+00:00\",\"breadcrumb\":{\"@id\":\"https:\\\/\\\/www.joebike.fr\\\/produit\\\/scott-genius-930\\\/#breadcrumb\"},\"inLanguage\":\"en-GB\",\"potentialAction\":[{\"@type\":\"ReadAction\",\"target\":[\"https:\\\/\\\/www.joebike.fr\\\/produit\\\/scott-genius-930\\\/\"]}]},{\"@type\":\"ImageObject\",\"inLanguage\":\"en-GB\",\"@id\":\"https:\\\/\\\/www.joebike.fr\\\/produit\\\/scott-genius-930\\\/#primaryimage\",\"url\":\"https:\\\/\\\/www.joebike.fr\\\/wp-content\\\/uploads\\\/2023\\\/08\\\/scott-genius-930-.jpg\",\"contentUrl\":\"https:\\\/\\\/www.joebike.fr\\\/wp-content\\\/uploads\\\/2023\\\/08\\\/scott-genius-930-.jpg\",\"width\":2000,\"height\":2000},{\"@type\":\"BreadcrumbList\",\"@id\":\"https:\\\/\\\/www.joebike.fr\\\/produit\\\/scott-genius-930\\\/#breadcrumb\",\"itemListElement\":[{\"@type\":\"ListItem\",\"position\":1,\"name\":\"Accueil\",\"item\":\"https:\\\/\\\/www.joebike.fr\\\/\"},{\"@type\":\"ListItem\",\"position\":2,\"name\":\"Shop\",\"item\":\"https:\\\/\\\/www.joebike.fr\\\/bike-shop\\\/\"},{\"@type\":\"ListItem\",\"position\":3,\"name\":\"Scott &#8211; Genius 930 (2022)\"}]},{\"@type\":\"WebSite\",\"@id\":\"https:\\\/\\\/www.joebike.fr\\\/#website\",\"url\":\"https:\\\/\\\/www.joebike.fr\\\/\",\"name\":\"Joe Bike\",\"description\":\"Location de v\u00e9lo dans les Landes, le Pays Basque et les Pyr\u00e9n\u00e9es\",\"publisher\":{\"@id\":\"https:\\\/\\\/www.joebike.fr\\\/#organization\"},\"potentialAction\":[{\"@type\":\"SearchAction\",\"target\":{\"@type\":\"EntryPoint\",\"urlTemplate\":\"https:\\\/\\\/www.joebike.fr\\\/?s={search_term_string}\"},\"query-input\":{\"@type\":\"PropertyValueSpecification\",\"valueRequired\":true,\"valueName\":\"search_term_string\"}}],\"inLanguage\":\"en-GB\"},{\"@type\":\"Organization\",\"@id\":\"https:\\\/\\\/www.joebike.fr\\\/#organization\",\"name\":\"Joe Bike, sp\u00e9cialiste en location v\u00e9lo\",\"url\":\"https:\\\/\\\/www.joebike.fr\\\/\",\"logo\":{\"@type\":\"ImageObject\",\"inLanguage\":\"en-GB\",\"@id\":\"https:\\\/\\\/www.joebike.fr\\\/#\\\/schema\\\/logo\\\/image\\\/\",\"url\":\"https:\\\/\\\/www.joebike.fr\\\/wp-content\\\/uploads\\\/2022\\\/04\\\/LOGO-JB-22_PNG.png\",\"contentUrl\":\"https:\\\/\\\/www.joebike.fr\\\/wp-content\\\/uploads\\\/2022\\\/04\\\/LOGO-JB-22_PNG.png\",\"width\":473,\"height\":473,\"caption\":\"Joe Bike, sp\u00e9cialiste en location v\u00e9lo\"},\"image\":{\"@id\":\"https:\\\/\\\/www.joebike.fr\\\/#\\\/schema\\\/logo\\\/image\\\/\"},\"sameAs\":[\"https:\\\/\\\/www.facebook.com\\\/joebikefrance\",\"https:\\\/\\\/www.instagram.com\\\/joebikefrance\"]}]}<\/script>\n<!-- \/ Yoast SEO Premium plugin. -->","yoast_head_json":{"title":"Buy used bike - Scott Strike 930","robots":{"index":"index","follow":"follow","max-snippet":"max-snippet:-1","max-image-preview":"max-image-preview:large","max-video-preview":"max-video-preview:-1"},"canonical":"https:\/\/www.joebike.fr\/en\/product-2\/scott-genius-930\/","og_locale":"en_GB","og_type":"article","og_title":"Scott - Genius 930 (2022)","og_description":"Garantie 6 mois pi\u00e8ces et main d\u2019\u0153uvre.Disponible d\u00e8s maintenant !\u00a0\u00a0Pour toute question ou r\u00e9servation, contactez-nous directement par t\u00e9l\u00e9phone au\u00a006 38 12 38 73.","og_url":"https:\/\/www.joebike.fr\/en\/product-2\/scott-genius-930\/","og_site_name":"Joe Bike","article_publisher":"https:\/\/www.facebook.com\/joebikefrance","article_modified_time":"2025-12-30T10:10:11+00:00","og_image":[{"width":2000,"height":2000,"url":"https:\/\/www.joebike.fr\/wp-content\/uploads\/2023\/08\/scott-genius-930-.jpg","type":"image\/jpeg"}],"twitter_card":"summary_large_image","schema":{"@context":"https:\/\/schema.org","@graph":[{"@type":"WebPage","@id":"https:\/\/www.joebike.fr\/produit\/scott-genius-930\/","url":"https:\/\/www.joebike.fr\/produit\/scott-genius-930\/","name":"Buy used bike - Scott Strike 930","isPartOf":{"@id":"https:\/\/www.joebike.fr\/#website"},"primaryImageOfPage":{"@id":"https:\/\/www.joebike.fr\/produit\/scott-genius-930\/#primaryimage"},"image":{"@id":"https:\/\/www.joebike.fr\/produit\/scott-genius-930\/#primaryimage"},"thumbnailUrl":"https:\/\/www.joebike.fr\/wp-content\/uploads\/2023\/08\/scott-genius-930-.jpg","datePublished":"2023-08-14T12:00:54+00:00","dateModified":"2025-12-30T10:10:11+00:00","breadcrumb":{"@id":"https:\/\/www.joebike.fr\/produit\/scott-genius-930\/#breadcrumb"},"inLanguage":"en-GB","potentialAction":[{"@type":"ReadAction","target":["https:\/\/www.joebike.fr\/produit\/scott-genius-930\/"]}]},{"@type":"ImageObject","inLanguage":"en-GB","@id":"https:\/\/www.joebike.fr\/produit\/scott-genius-930\/#primaryimage","url":"https:\/\/www.joebike.fr\/wp-content\/uploads\/2023\/08\/scott-genius-930-.jpg","contentUrl":"https:\/\/www.joebike.fr\/wp-content\/uploads\/2023\/08\/scott-genius-930-.jpg","width":2000,"height":2000},{"@type":"BreadcrumbList","@id":"https:\/\/www.joebike.fr\/produit\/scott-genius-930\/#breadcrumb","itemListElement":[{"@type":"ListItem","position":1,"name":"Accueil","item":"https:\/\/www.joebike.fr\/"},{"@type":"ListItem","position":2,"name":"Shop","item":"https:\/\/www.joebike.fr\/bike-shop\/"},{"@type":"ListItem","position":3,"name":"Scott &#8211; Genius 930 (2022)"}]},{"@type":"WebSite","@id":"https:\/\/www.joebike.fr\/#website","url":"https:\/\/www.joebike.fr\/","name":"Joe Bike","description":"Bike hire in the Landes, the Basque Country and the Pyrenees","publisher":{"@id":"https:\/\/www.joebike.fr\/#organization"},"potentialAction":[{"@type":"SearchAction","target":{"@type":"EntryPoint","urlTemplate":"https:\/\/www.joebike.fr\/?s={search_term_string}"},"query-input":{"@type":"PropertyValueSpecification","valueRequired":true,"valueName":"search_term_string"}}],"inLanguage":"en-GB"},{"@type":"Organization","@id":"https:\/\/www.joebike.fr\/#organization","name":"Joe Bike, specialist in bike hire","url":"https:\/\/www.joebike.fr\/","logo":{"@type":"ImageObject","inLanguage":"en-GB","@id":"https:\/\/www.joebike.fr\/#\/schema\/logo\/image\/","url":"https:\/\/www.joebike.fr\/wp-content\/uploads\/2022\/04\/LOGO-JB-22_PNG.png","contentUrl":"https:\/\/www.joebike.fr\/wp-content\/uploads\/2022\/04\/LOGO-JB-22_PNG.png","width":473,"height":473,"caption":"Joe Bike, sp\u00e9cialiste en location v\u00e9lo"},"image":{"@id":"https:\/\/www.joebike.fr\/#\/schema\/logo\/image\/"},"sameAs":["https:\/\/www.facebook.com\/joebikefrance","https:\/\/www.instagram.com\/joebikefrance"]}]}},"_links":{"self":[{"href":"https:\/\/www.joebike.fr\/en\/wp-json\/wp\/v2\/product\/5414","targetHints":{"allow":["GET"]}}],"collection":[{"href":"https:\/\/www.joebike.fr\/en\/wp-json\/wp\/v2\/product"}],"about":[{"href":"https:\/\/www.joebike.fr\/en\/wp-json\/wp\/v2\/types\/product"}],"version-history":[{"count":3,"href":"https:\/\/www.joebike.fr\/en\/wp-json\/wp\/v2\/product\/5414\/revisions"}],"predecessor-version":[{"id":14593,"href":"https:\/\/www.joebike.fr\/en\/wp-json\/wp\/v2\/product\/5414\/revisions\/14593"}],"wp:featuredmedia":[{"embeddable":true,"href":"https:\/\/www.joebike.fr\/en\/wp-json\/wp\/v2\/media\/6186"}],"wp:attachment":[{"href":"https:\/\/www.joebike.fr\/en\/wp-json\/wp\/v2\/media?parent=5414"}],"wp:term":[{"taxonomy":"product_brand","embeddable":true,"href":"https:\/\/www.joebike.fr\/en\/wp-json\/wp\/v2\/product_brand?post=5414"},{"taxonomy":"product_cat","embeddable":true,"href":"https:\/\/www.joebike.fr\/en\/wp-json\/wp\/v2\/product_cat?post=5414"},{"taxonomy":"product_tag","embeddable":true,"href":"https:\/\/www.joebike.fr\/en\/wp-json\/wp\/v2\/product_tag?post=5414"}],"curies":[{"name":"wp","href":"https:\/\/api.w.org\/{rel}","templated":true}]}}