{"id":5478,"date":"2023-08-11T15:09:04","date_gmt":"2023-08-11T13:09:04","guid":{"rendered":"https:\/\/www.joebike.fr\/?post_type=product&#038;p=5478"},"modified":"2025-12-31T15:24:07","modified_gmt":"2025-12-31T14:24:07","slug":"sunn-asphalt-s1","status":"publish","type":"product","link":"https:\/\/www.joebike.fr\/en\/product-2\/sunn-asphalt-s1\/","title":{"rendered":"Sunn &#8211; Asphalt S1 (2025)"},"content":{"rendered":"<table width=\"100%\">\n<tbody>\n<tr>\n<td><strong>FRAME<\/strong><\/td>\n<td>\n<div>\n<div>\n<p><strong>Frame<\/strong>CARBONE MONOBLOC ROUTING INTEGRATED thru axle<\/p>\n<\/div>\n<div>\n<p><strong>Fork<\/strong>CARBON INTEGRATED BRAKE HOSE<\/p>\n<\/div>\n<\/div>\n<\/td>\n<\/tr>\n<tr>\n<td><strong>TRANSMISSION<\/strong><\/td>\n<td>\n<div>\n<div>\n<p><strong>Front derailleur<\/strong>SHIMANO 105 DI2 2V<\/p>\n<\/div>\n<div>\n<p><strong>Rear derailleur<\/strong>SHIMANO 105 DI2 12V<\/p>\n<\/div>\n<div>\n<p><strong>Pedals<\/strong>SHIMANO 105 50-34 170 S 172.5 M L \/ 175 XL XXL<\/p>\n<\/div>\n<div>\n<p><strong>Cassette<\/strong>SHIMANO 105 11-34 12V<\/p>\n<\/div>\n<div>\n<p><strong>Joystick<\/strong>SHIMANO 105 DI2 2x12V<\/p>\n<\/div>\n<\/div>\n<\/td>\n<\/tr>\n<tr>\n<td><strong>WHEELS<\/strong><\/td>\n<td>\n<div>\n<div>\n<p><strong>Wheel size<\/strong>700<\/p>\n<\/div>\n<div>\n<p><strong>Wheels<\/strong>RAW CARBON R32<\/p>\n<\/div>\n<div>\n<p><strong>Tyres<\/strong>VITTORIA ZAFFIRO PRO 700X32C BLACK<\/p>\n<\/div>\n<\/div>\n<\/td>\n<\/tr>\n<tr>\n<td><strong>COMPONENTS<\/strong><\/td>\n<td>\n<div>\n<div>\n<p><strong>Coat hanger<\/strong>ZIPP SERVICE STROKE 400 (S\/M), 420 (L\/XL), 440 (XXL)<\/p>\n<\/div>\n<div>\n<p><strong>Stem<\/strong>RAW ALUMINIUM 90 (S\/M), 100 (L\/XL), 110 (XXL)<\/p>\n<\/div>\n<div>\n<p><strong>Seat post<\/strong>ASPHALT CARBON<\/p>\n<\/div>\n<div>\n<p><strong>Saddle<\/strong>FIZIK TEMPO ARGO R5<\/p>\n<\/div>\n<\/div>\n<\/td>\n<\/tr>\n<tr>\n<td><strong>WEIGHT<\/strong><\/td>\n<td>\n<div>\n<div>\n<p><strong>Weight<\/strong>8,1<\/p>\n<\/div>\n<\/div>\n<\/td>\n<\/tr>\n<\/tbody>\n<\/table>","protected":false},"excerpt":{"rendered":"<p class=\"MsoNormal\" style=\"margin: 0cm 0cm 8pt; line-height: 18.4px; font-size: medium; font-family: Aptos, sans-serif;\"><span style=\"font-family: Georgia, serif; background-image: none; background-position: 0% 0%; background-size: auto; background-repeat: repeat; background-attachment: scroll;\">Garantie 6 mois pi\u00e8ces et main d\u2019\u0153uvre.<\/span><b><\/b><\/p>\n<p class=\"MsoNormal\" style=\"margin: 0cm 0cm 8pt; line-height: 18.4px; font-size: medium; font-family: Aptos, sans-serif;\"><b>Disponible d\u00e8s maintenant !<\/b><span class=\"apple-converted-space\"><span style=\"font-size: 13.5pt; line-height: 20.700001px; font-family: -webkit-standard, serif;\">\u00a0<\/span><span style=\"font-size: 13.5pt; line-height: 20.700001px; font-family: -webkit-standard, serif;\">\u00a0Pour toute question ou r\u00e9servation, contactez-nous directement par t\u00e9l\u00e9phone au<span class=\"apple-converted-space\">\u00a0<\/span><\/span><\/span><b data-path-to-node=\"2,1\" data-index-in-node=\"114\">06 38 12 38 73<\/b><span style=\"font-size: 13.5pt; line-height: 20.700001px; font-family: -webkit-standard, serif;\">.<\/span><\/p>","protected":false},"featured_media":6240,"template":"","meta":{"_acf_changed":false},"product_brand":[227],"product_cat":[134,142,136],"product_tag":[],"class_list":{"0":"post-5478","1":"product","2":"type-product","3":"status-publish","4":"has-post-thumbnail","6":"product_brand-sunn","7":"product_cat-velos-occasion","8":"product_cat-velo-de-route","9":"product_cat-velos-musculaires-velos-occasion","11":"first","12":"instock","13":"sale","14":"taxable","15":"shipping-taxable","16":"purchasable","17":"product-type-variable"},"acf":[],"yoast_head":"<!-- This site is optimized with the Yoast SEO Premium plugin v26.6 (Yoast SEO v27.4) - https:\/\/yoast.com\/product\/yoast-seo-premium-wordpress\/ -->\n<title>Achat v\u00e9lo d&#039;occasion - Sunn Asphalt S1<\/title>\n<meta name=\"robots\" content=\"index, follow, max-snippet:-1, max-image-preview:large, max-video-preview:-1\" \/>\n<link rel=\"canonical\" href=\"https:\/\/www.joebike.fr\/en\/product-2\/sunn-asphalt-s1\/\" \/>\n<meta property=\"og:locale\" content=\"en_GB\" \/>\n<meta property=\"og:type\" content=\"article\" \/>\n<meta property=\"og:title\" content=\"Sunn - Asphalt S1 (2025)\" \/>\n<meta property=\"og:description\" content=\"Garantie 6 mois pi\u00e8ces et main d\u2019\u0153uvre. Disponible d\u00e8s maintenant !\u00a0\u00a0Pour toute question ou r\u00e9servation, contactez-nous directement par t\u00e9l\u00e9phone au\u00a006 38 12 38 73.\" \/>\n<meta property=\"og:url\" content=\"https:\/\/www.joebike.fr\/en\/product-2\/sunn-asphalt-s1\/\" \/>\n<meta property=\"og:site_name\" content=\"Joe Bike\" \/>\n<meta property=\"article:publisher\" content=\"https:\/\/www.facebook.com\/joebikefrance\" \/>\n<meta property=\"article:modified_time\" content=\"2025-12-31T14:24:07+00:00\" \/>\n<meta property=\"og:image\" content=\"https:\/\/www.joebike.fr\/wp-content\/uploads\/2023\/08\/asphalt-s1.png\" \/>\n\t<meta property=\"og:image:width\" content=\"1240\" \/>\n\t<meta property=\"og:image:height\" content=\"827\" \/>\n\t<meta property=\"og:image:type\" content=\"image\/png\" \/>\n<meta name=\"twitter:card\" content=\"summary_large_image\" \/>\n<script type=\"application\/ld+json\" class=\"yoast-schema-graph\">{\"@context\":\"https:\\\/\\\/schema.org\",\"@graph\":[{\"@type\":\"WebPage\",\"@id\":\"https:\\\/\\\/www.joebike.fr\\\/produit\\\/sunn-asphalt-s1\\\/\",\"url\":\"https:\\\/\\\/www.joebike.fr\\\/produit\\\/sunn-asphalt-s1\\\/\",\"name\":\"Achat v\u00e9lo d'occasion - Sunn Asphalt S1\",\"isPartOf\":{\"@id\":\"https:\\\/\\\/www.joebike.fr\\\/#website\"},\"primaryImageOfPage\":{\"@id\":\"https:\\\/\\\/www.joebike.fr\\\/produit\\\/sunn-asphalt-s1\\\/#primaryimage\"},\"image\":{\"@id\":\"https:\\\/\\\/www.joebike.fr\\\/produit\\\/sunn-asphalt-s1\\\/#primaryimage\"},\"thumbnailUrl\":\"https:\\\/\\\/www.joebike.fr\\\/wp-content\\\/uploads\\\/2023\\\/08\\\/asphalt-s1.png\",\"datePublished\":\"2023-08-11T13:09:04+00:00\",\"dateModified\":\"2025-12-31T14:24:07+00:00\",\"breadcrumb\":{\"@id\":\"https:\\\/\\\/www.joebike.fr\\\/produit\\\/sunn-asphalt-s1\\\/#breadcrumb\"},\"inLanguage\":\"en-GB\",\"potentialAction\":[{\"@type\":\"ReadAction\",\"target\":[\"https:\\\/\\\/www.joebike.fr\\\/produit\\\/sunn-asphalt-s1\\\/\"]}]},{\"@type\":\"ImageObject\",\"inLanguage\":\"en-GB\",\"@id\":\"https:\\\/\\\/www.joebike.fr\\\/produit\\\/sunn-asphalt-s1\\\/#primaryimage\",\"url\":\"https:\\\/\\\/www.joebike.fr\\\/wp-content\\\/uploads\\\/2023\\\/08\\\/asphalt-s1.png\",\"contentUrl\":\"https:\\\/\\\/www.joebike.fr\\\/wp-content\\\/uploads\\\/2023\\\/08\\\/asphalt-s1.png\",\"width\":1240,\"height\":827},{\"@type\":\"BreadcrumbList\",\"@id\":\"https:\\\/\\\/www.joebike.fr\\\/produit\\\/sunn-asphalt-s1\\\/#breadcrumb\",\"itemListElement\":[{\"@type\":\"ListItem\",\"position\":1,\"name\":\"Accueil\",\"item\":\"https:\\\/\\\/www.joebike.fr\\\/\"},{\"@type\":\"ListItem\",\"position\":2,\"name\":\"Shop\",\"item\":\"https:\\\/\\\/www.joebike.fr\\\/bike-shop\\\/\"},{\"@type\":\"ListItem\",\"position\":3,\"name\":\"Sunn &#8211; Asphalt S1 (2025)\"}]},{\"@type\":\"WebSite\",\"@id\":\"https:\\\/\\\/www.joebike.fr\\\/#website\",\"url\":\"https:\\\/\\\/www.joebike.fr\\\/\",\"name\":\"Joe Bike\",\"description\":\"Location de v\u00e9lo dans les Landes, le Pays Basque et les Pyr\u00e9n\u00e9es\",\"publisher\":{\"@id\":\"https:\\\/\\\/www.joebike.fr\\\/#organization\"},\"potentialAction\":[{\"@type\":\"SearchAction\",\"target\":{\"@type\":\"EntryPoint\",\"urlTemplate\":\"https:\\\/\\\/www.joebike.fr\\\/?s={search_term_string}\"},\"query-input\":{\"@type\":\"PropertyValueSpecification\",\"valueRequired\":true,\"valueName\":\"search_term_string\"}}],\"inLanguage\":\"en-GB\"},{\"@type\":\"Organization\",\"@id\":\"https:\\\/\\\/www.joebike.fr\\\/#organization\",\"name\":\"Joe Bike, sp\u00e9cialiste en location v\u00e9lo\",\"url\":\"https:\\\/\\\/www.joebike.fr\\\/\",\"logo\":{\"@type\":\"ImageObject\",\"inLanguage\":\"en-GB\",\"@id\":\"https:\\\/\\\/www.joebike.fr\\\/#\\\/schema\\\/logo\\\/image\\\/\",\"url\":\"https:\\\/\\\/www.joebike.fr\\\/wp-content\\\/uploads\\\/2022\\\/04\\\/LOGO-JB-22_PNG.png\",\"contentUrl\":\"https:\\\/\\\/www.joebike.fr\\\/wp-content\\\/uploads\\\/2022\\\/04\\\/LOGO-JB-22_PNG.png\",\"width\":473,\"height\":473,\"caption\":\"Joe Bike, sp\u00e9cialiste en location v\u00e9lo\"},\"image\":{\"@id\":\"https:\\\/\\\/www.joebike.fr\\\/#\\\/schema\\\/logo\\\/image\\\/\"},\"sameAs\":[\"https:\\\/\\\/www.facebook.com\\\/joebikefrance\",\"https:\\\/\\\/www.instagram.com\\\/joebikefrance\"]}]}<\/script>\n<!-- \/ Yoast SEO Premium plugin. -->","yoast_head_json":{"title":"Buy used bike - Sunn Asphalt S1","robots":{"index":"index","follow":"follow","max-snippet":"max-snippet:-1","max-image-preview":"max-image-preview:large","max-video-preview":"max-video-preview:-1"},"canonical":"https:\/\/www.joebike.fr\/en\/product-2\/sunn-asphalt-s1\/","og_locale":"en_GB","og_type":"article","og_title":"Sunn - Asphalt S1 (2025)","og_description":"Garantie 6 mois pi\u00e8ces et main d\u2019\u0153uvre. Disponible d\u00e8s maintenant !\u00a0\u00a0Pour toute question ou r\u00e9servation, contactez-nous directement par t\u00e9l\u00e9phone au\u00a006 38 12 38 73.","og_url":"https:\/\/www.joebike.fr\/en\/product-2\/sunn-asphalt-s1\/","og_site_name":"Joe Bike","article_publisher":"https:\/\/www.facebook.com\/joebikefrance","article_modified_time":"2025-12-31T14:24:07+00:00","og_image":[{"width":1240,"height":827,"url":"https:\/\/www.joebike.fr\/wp-content\/uploads\/2023\/08\/asphalt-s1.png","type":"image\/png"}],"twitter_card":"summary_large_image","schema":{"@context":"https:\/\/schema.org","@graph":[{"@type":"WebPage","@id":"https:\/\/www.joebike.fr\/produit\/sunn-asphalt-s1\/","url":"https:\/\/www.joebike.fr\/produit\/sunn-asphalt-s1\/","name":"Buy used bike - Sunn Asphalt S1","isPartOf":{"@id":"https:\/\/www.joebike.fr\/#website"},"primaryImageOfPage":{"@id":"https:\/\/www.joebike.fr\/produit\/sunn-asphalt-s1\/#primaryimage"},"image":{"@id":"https:\/\/www.joebike.fr\/produit\/sunn-asphalt-s1\/#primaryimage"},"thumbnailUrl":"https:\/\/www.joebike.fr\/wp-content\/uploads\/2023\/08\/asphalt-s1.png","datePublished":"2023-08-11T13:09:04+00:00","dateModified":"2025-12-31T14:24:07+00:00","breadcrumb":{"@id":"https:\/\/www.joebike.fr\/produit\/sunn-asphalt-s1\/#breadcrumb"},"inLanguage":"en-GB","potentialAction":[{"@type":"ReadAction","target":["https:\/\/www.joebike.fr\/produit\/sunn-asphalt-s1\/"]}]},{"@type":"ImageObject","inLanguage":"en-GB","@id":"https:\/\/www.joebike.fr\/produit\/sunn-asphalt-s1\/#primaryimage","url":"https:\/\/www.joebike.fr\/wp-content\/uploads\/2023\/08\/asphalt-s1.png","contentUrl":"https:\/\/www.joebike.fr\/wp-content\/uploads\/2023\/08\/asphalt-s1.png","width":1240,"height":827},{"@type":"BreadcrumbList","@id":"https:\/\/www.joebike.fr\/produit\/sunn-asphalt-s1\/#breadcrumb","itemListElement":[{"@type":"ListItem","position":1,"name":"Accueil","item":"https:\/\/www.joebike.fr\/"},{"@type":"ListItem","position":2,"name":"Shop","item":"https:\/\/www.joebike.fr\/bike-shop\/"},{"@type":"ListItem","position":3,"name":"Sunn &#8211; Asphalt S1 (2025)"}]},{"@type":"WebSite","@id":"https:\/\/www.joebike.fr\/#website","url":"https:\/\/www.joebike.fr\/","name":"Joe Bike","description":"Bike hire in the Landes, the Basque Country and the Pyrenees","publisher":{"@id":"https:\/\/www.joebike.fr\/#organization"},"potentialAction":[{"@type":"SearchAction","target":{"@type":"EntryPoint","urlTemplate":"https:\/\/www.joebike.fr\/?s={search_term_string}"},"query-input":{"@type":"PropertyValueSpecification","valueRequired":true,"valueName":"search_term_string"}}],"inLanguage":"en-GB"},{"@type":"Organization","@id":"https:\/\/www.joebike.fr\/#organization","name":"Joe Bike, specialist in bike hire","url":"https:\/\/www.joebike.fr\/","logo":{"@type":"ImageObject","inLanguage":"en-GB","@id":"https:\/\/www.joebike.fr\/#\/schema\/logo\/image\/","url":"https:\/\/www.joebike.fr\/wp-content\/uploads\/2022\/04\/LOGO-JB-22_PNG.png","contentUrl":"https:\/\/www.joebike.fr\/wp-content\/uploads\/2022\/04\/LOGO-JB-22_PNG.png","width":473,"height":473,"caption":"Joe Bike, sp\u00e9cialiste en location v\u00e9lo"},"image":{"@id":"https:\/\/www.joebike.fr\/#\/schema\/logo\/image\/"},"sameAs":["https:\/\/www.facebook.com\/joebikefrance","https:\/\/www.instagram.com\/joebikefrance"]}]}},"_links":{"self":[{"href":"https:\/\/www.joebike.fr\/en\/wp-json\/wp\/v2\/product\/5478","targetHints":{"allow":["GET"]}}],"collection":[{"href":"https:\/\/www.joebike.fr\/en\/wp-json\/wp\/v2\/product"}],"about":[{"href":"https:\/\/www.joebike.fr\/en\/wp-json\/wp\/v2\/types\/product"}],"version-history":[{"count":0,"href":"https:\/\/www.joebike.fr\/en\/wp-json\/wp\/v2\/product\/5478\/revisions"}],"wp:featuredmedia":[{"embeddable":true,"href":"https:\/\/www.joebike.fr\/en\/wp-json\/wp\/v2\/media\/6240"}],"wp:attachment":[{"href":"https:\/\/www.joebike.fr\/en\/wp-json\/wp\/v2\/media?parent=5478"}],"wp:term":[{"taxonomy":"product_brand","embeddable":true,"href":"https:\/\/www.joebike.fr\/en\/wp-json\/wp\/v2\/product_brand?post=5478"},{"taxonomy":"product_cat","embeddable":true,"href":"https:\/\/www.joebike.fr\/en\/wp-json\/wp\/v2\/product_cat?post=5478"},{"taxonomy":"product_tag","embeddable":true,"href":"https:\/\/www.joebike.fr\/en\/wp-json\/wp\/v2\/product_tag?post=5478"}],"curies":[{"name":"wp","href":"https:\/\/api.w.org\/{rel}","templated":true}]}}