{"id":5512,"date":"2023-08-11T16:13:30","date_gmt":"2023-08-11T14:13:30","guid":{"rendered":"https:\/\/www.joebike.fr\/?post_type=product&#038;p=5512"},"modified":"2025-12-30T11:14:29","modified_gmt":"2025-12-30T10:14:29","slug":"commencal-clash-24","status":"publish","type":"product","link":"https:\/\/www.joebike.fr\/en\/product-2\/commencal-clash-24\/","title":{"rendered":"Commencal &#8211; Clash 24 (2022)"},"content":{"rendered":"<div class=\"equipment-container js-productSpecifications white-bg active\">\n<div class=\"pdp_featurelist\">\n<div class=\"pdp_featureitem\">\n<div class=\"pdp_featurelist_group u-text-sm text-semibold\">\n<table style=\"width: 100%;border-collapse: collapse\" border=\"1\" data-mce-style=\"width: 100%; border-collapse: collapse;\">\n<thead>\n<tr>\n<th style=\"background-color: #f2f2f2\" colspan=\"2\" data-mce-style=\"background-color: #f2f2f2;\">Informations g\u00e9n\u00e9rales<\/th>\n<\/tr>\n<\/thead>\n<tbody>\n<tr>\n<td>Use<\/td>\n<td>Randonn\u00e9e \/ Cross Country, Marathon \/ XC, P\u00e9daler sans aide<\/td>\n<\/tr>\n<tr>\n<td>Type<\/td>\n<td>Enfants<\/td>\n<\/tr>\n<tr>\n<td>P\u00e9dales incluses<\/td>\n<td>Yes<\/td>\n<\/tr>\n<tr>\n<td>Included<\/td>\n<td>LED, Sonnette<\/td>\n<\/tr>\n<tr>\n<td>Type<\/td>\n<td>V\u00e9lo non-\u00e9lectrique<\/td>\n<\/tr>\n<tr>\n<td>Taille de roue<\/td>\n<td>24&Prime;<\/td>\n<\/tr>\n<tr>\n<td>Nombre total de vitesses<\/td>\n<td>11<\/td>\n<\/tr>\n<\/tbody>\n<thead>\n<tr>\n<th style=\"background-color: #f2f2f2\" colspan=\"2\" data-mce-style=\"background-color: #f2f2f2;\">Cadre &amp; Dimensions<\/th>\n<\/tr>\n<\/thead>\n<tbody>\n<tr>\n<td>Type de mat\u00e9riau<\/td>\n<td>Aluminium<\/td>\n<\/tr>\n<tr>\n<td>Frame<\/td>\n<td>Tout suspendu<\/td>\n<\/tr>\n<tr>\n<td>Weight<\/td>\n<td>13.9 kg (approx.)<\/td>\n<\/tr>\n<\/tbody>\n<thead>\n<tr>\n<th style=\"background-color: #f2f2f2\" colspan=\"2\" data-mce-style=\"background-color: #f2f2f2;\">Suspensions<\/th>\n<\/tr>\n<\/thead>\n<tbody>\n<tr>\n<td>Shock absorber<\/td>\n<td>4-articulations, 145mm<\/td>\n<\/tr>\n<tr>\n<td>Fork<\/td>\n<td>Manitou, suspendue, 145mm<\/td>\n<\/tr>\n<\/tbody>\n<thead>\n<tr>\n<th style=\"background-color: #f2f2f2\" colspan=\"2\" data-mce-style=\"background-color: #f2f2f2;\">Transmission<\/th>\n<\/tr>\n<\/thead>\n<tbody>\n<tr>\n<td>Rear derailleur<\/td>\n<td>Sram NX, 11 vitesses<\/td>\n<\/tr>\n<tr>\n<td>Speed control<\/td>\n<td>Sram NX<\/td>\n<\/tr>\n<tr>\n<td>Tray<\/td>\n<td>32 dents<\/td>\n<\/tr>\n<tr>\n<td>Cassette<\/td>\n<td>Sram PG-1030, 11-42 dents<\/td>\n<\/tr>\n<\/tbody>\n<thead>\n<tr>\n<th style=\"background-color: #f2f2f2\" colspan=\"2\" data-mce-style=\"background-color: #f2f2f2;\">Brakes<\/th>\n<\/tr>\n<\/thead>\n<tbody>\n<tr>\n<td>Front brake<\/td>\n<td>Shimano, disque hydraulique, 180mm<\/td>\n<\/tr>\n<tr>\n<td>Rear brake<\/td>\n<td>Shimano, disque hydraulique, 180mm<\/td>\n<\/tr>\n<\/tbody>\n<thead>\n<tr>\n<th style=\"background-color: #f2f2f2\" colspan=\"2\" data-mce-style=\"background-color: #f2f2f2;\">Cockpit<\/th>\n<\/tr>\n<\/thead>\n<tbody>\n<tr>\n<td>Coat hanger<\/td>\n<td>Rise Bar, aluminium<\/td>\n<\/tr>\n<tr>\n<td>Handles<\/td>\n<td>Protaper Junit<\/td>\n<\/tr>\n<tr>\n<td>Stem<\/td>\n<td>Ride Alpha Freeride, 40mm, aluminium<\/td>\n<\/tr>\n<tr>\n<td>Saddle<\/td>\n<td>SDG Fly Jr.<\/td>\n<\/tr>\n<tr>\n<td>Seat post<\/td>\n<td>Brevet\u00e9e, 31.6mm, aluminium<\/td>\n<\/tr>\n<\/tbody>\n<thead>\n<tr>\n<th style=\"background-color: #f2f2f2\" colspan=\"2\" data-mce-style=\"background-color: #f2f2f2;\">Roues &amp; Pneus<\/th>\n<\/tr>\n<\/thead>\n<tbody>\n<tr>\n<td>Rims<\/td>\n<td>Aluminium, chambre creuse, 24&Prime;<\/td>\n<\/tr>\n<tr>\n<td>Rays<\/td>\n<td>Sapim D-Light<\/td>\n<\/tr>\n<tr>\n<td>Front tyre<\/td>\n<td>Schwalbe Big Betty, 24&#215;2.25<\/td>\n<\/tr>\n<tr>\n<td>Pneu arri\u00e8re<\/td>\n<td>Schwalbe Big Betty, 24&#215;2.25<\/td>\n<\/tr>\n<\/tbody>\n<thead>\n<tr>\n<th style=\"background-color: #f2f2f2\" colspan=\"2\" data-mce-style=\"background-color: #f2f2f2;\">Equipment<\/th>\n<\/tr>\n<\/thead>\n<tbody>\n<tr>\n<td>Pedals<\/td>\n<td>Plastique<\/td>\n<\/tr>\n<\/tbody>\n<\/table>\n<\/div>\n<\/div>\n<\/div>\n<\/div>","protected":false},"excerpt":{"rendered":"<p class=\"MsoNormal\" style=\"margin: 0cm 0cm 8pt;line-height: 18.4px;font-size: medium;font-family: Aptos, sans-serif\"><span style=\"font-family: Georgia, serif;background-image: none;background-position: 0% 0%;background-size: auto;background-repeat: repeat;background-attachment: scroll\">Garantie 6 mois pi\u00e8ces et main d\u2019\u0153uvre.<\/span><b><\/b><\/p>\n<p class=\"MsoNormal\" style=\"margin: 0cm 0cm 8pt;line-height: 18.4px;font-size: medium;font-family: Aptos, sans-serif\"><b>Disponible d\u00e8s maintenant !<\/b><span class=\"apple-converted-space\"><span style=\"font-size: 13.5pt;line-height: 20.700001px;font-family: -webkit-standard, serif\">\u00a0<\/span><span style=\"font-size: 13.5pt;line-height: 20.700001px;font-family: -webkit-standard, serif\">\u00a0Pour toute question ou r\u00e9servation, contactez-nous directement par t\u00e9l\u00e9phone au<span class=\"apple-converted-space\">\u00a0<\/span><\/span><\/span><b data-path-to-node=\"2,1\" data-index-in-node=\"114\">06 38 12 38 73<\/b><span style=\"font-size: 13.5pt;line-height: 20.700001px;font-family: -webkit-standard, serif\">.<\/span><\/p>","protected":false},"featured_media":6178,"template":"","meta":{"_acf_changed":false},"product_brand":[237],"product_cat":[134,149,136],"product_tag":[],"class_list":{"0":"post-5512","1":"product","2":"type-product","3":"status-publish","4":"has-post-thumbnail","6":"product_brand-commencal","7":"product_cat-velos-occasion","8":"product_cat-velo-enfant-doccasion","9":"product_cat-velos-musculaires-velos-occasion","11":"first","12":"instock","13":"sale","14":"taxable","15":"shipping-taxable","16":"purchasable","17":"product-type-variable"},"acf":[],"yoast_head":"<!-- This site is optimized with the Yoast SEO Premium plugin v26.6 (Yoast SEO v27.4) - https:\/\/yoast.com\/product\/yoast-seo-premium-wordpress\/ -->\n<title>Achat v\u00e9lo d&#039;occasion - Commencal Clash<\/title>\n<meta name=\"robots\" content=\"index, follow, max-snippet:-1, max-image-preview:large, max-video-preview:-1\" \/>\n<link rel=\"canonical\" href=\"https:\/\/www.joebike.fr\/en\/product-2\/commencal-clash-24\/\" \/>\n<meta property=\"og:locale\" content=\"en_GB\" \/>\n<meta property=\"og:type\" content=\"article\" \/>\n<meta property=\"og:title\" content=\"Commencal - Clash 24 (2022)\" \/>\n<meta property=\"og:description\" content=\"Garantie 6 mois pi\u00e8ces et main d\u2019\u0153uvre.Disponible d\u00e8s maintenant !\u00a0\u00a0Pour toute question ou r\u00e9servation, contactez-nous directement par t\u00e9l\u00e9phone au\u00a006 38 12 38 73.\" \/>\n<meta property=\"og:url\" content=\"https:\/\/www.joebike.fr\/en\/product-2\/commencal-clash-24\/\" \/>\n<meta property=\"og:site_name\" content=\"Joe Bike\" \/>\n<meta property=\"article:publisher\" content=\"https:\/\/www.facebook.com\/joebikefrance\" \/>\n<meta property=\"article:modified_time\" content=\"2025-12-30T10:14:29+00:00\" \/>\n<meta property=\"og:image\" content=\"https:\/\/www.joebike.fr\/wp-content\/uploads\/2023\/08\/commencal-clash-24-kids-champagne-1.jpeg\" \/>\n\t<meta property=\"og:image:width\" content=\"613\" \/>\n\t<meta property=\"og:image:height\" content=\"613\" \/>\n\t<meta property=\"og:image:type\" content=\"image\/jpeg\" \/>\n<meta name=\"twitter:card\" content=\"summary_large_image\" \/>\n<script type=\"application\/ld+json\" class=\"yoast-schema-graph\">{\"@context\":\"https:\\\/\\\/schema.org\",\"@graph\":[{\"@type\":\"WebPage\",\"@id\":\"https:\\\/\\\/www.joebike.fr\\\/produit\\\/commencal-clash-24\\\/\",\"url\":\"https:\\\/\\\/www.joebike.fr\\\/produit\\\/commencal-clash-24\\\/\",\"name\":\"Achat v\u00e9lo d'occasion - Commencal Clash\",\"isPartOf\":{\"@id\":\"https:\\\/\\\/www.joebike.fr\\\/#website\"},\"primaryImageOfPage\":{\"@id\":\"https:\\\/\\\/www.joebike.fr\\\/produit\\\/commencal-clash-24\\\/#primaryimage\"},\"image\":{\"@id\":\"https:\\\/\\\/www.joebike.fr\\\/produit\\\/commencal-clash-24\\\/#primaryimage\"},\"thumbnailUrl\":\"https:\\\/\\\/www.joebike.fr\\\/wp-content\\\/uploads\\\/2023\\\/08\\\/commencal-clash-24-kids-champagne-1.jpeg\",\"datePublished\":\"2023-08-11T14:13:30+00:00\",\"dateModified\":\"2025-12-30T10:14:29+00:00\",\"breadcrumb\":{\"@id\":\"https:\\\/\\\/www.joebike.fr\\\/produit\\\/commencal-clash-24\\\/#breadcrumb\"},\"inLanguage\":\"en-GB\",\"potentialAction\":[{\"@type\":\"ReadAction\",\"target\":[\"https:\\\/\\\/www.joebike.fr\\\/produit\\\/commencal-clash-24\\\/\"]}]},{\"@type\":\"ImageObject\",\"inLanguage\":\"en-GB\",\"@id\":\"https:\\\/\\\/www.joebike.fr\\\/produit\\\/commencal-clash-24\\\/#primaryimage\",\"url\":\"https:\\\/\\\/www.joebike.fr\\\/wp-content\\\/uploads\\\/2023\\\/08\\\/commencal-clash-24-kids-champagne-1.jpeg\",\"contentUrl\":\"https:\\\/\\\/www.joebike.fr\\\/wp-content\\\/uploads\\\/2023\\\/08\\\/commencal-clash-24-kids-champagne-1.jpeg\",\"width\":613,\"height\":613},{\"@type\":\"BreadcrumbList\",\"@id\":\"https:\\\/\\\/www.joebike.fr\\\/produit\\\/commencal-clash-24\\\/#breadcrumb\",\"itemListElement\":[{\"@type\":\"ListItem\",\"position\":1,\"name\":\"Accueil\",\"item\":\"https:\\\/\\\/www.joebike.fr\\\/\"},{\"@type\":\"ListItem\",\"position\":2,\"name\":\"Shop\",\"item\":\"https:\\\/\\\/www.joebike.fr\\\/bike-shop\\\/\"},{\"@type\":\"ListItem\",\"position\":3,\"name\":\"Commencal &#8211; Clash 24 (2022)\"}]},{\"@type\":\"WebSite\",\"@id\":\"https:\\\/\\\/www.joebike.fr\\\/#website\",\"url\":\"https:\\\/\\\/www.joebike.fr\\\/\",\"name\":\"Joe Bike\",\"description\":\"Location de v\u00e9lo dans les Landes, le Pays Basque et les Pyr\u00e9n\u00e9es\",\"publisher\":{\"@id\":\"https:\\\/\\\/www.joebike.fr\\\/#organization\"},\"potentialAction\":[{\"@type\":\"SearchAction\",\"target\":{\"@type\":\"EntryPoint\",\"urlTemplate\":\"https:\\\/\\\/www.joebike.fr\\\/?s={search_term_string}\"},\"query-input\":{\"@type\":\"PropertyValueSpecification\",\"valueRequired\":true,\"valueName\":\"search_term_string\"}}],\"inLanguage\":\"en-GB\"},{\"@type\":\"Organization\",\"@id\":\"https:\\\/\\\/www.joebike.fr\\\/#organization\",\"name\":\"Joe Bike, sp\u00e9cialiste en location v\u00e9lo\",\"url\":\"https:\\\/\\\/www.joebike.fr\\\/\",\"logo\":{\"@type\":\"ImageObject\",\"inLanguage\":\"en-GB\",\"@id\":\"https:\\\/\\\/www.joebike.fr\\\/#\\\/schema\\\/logo\\\/image\\\/\",\"url\":\"https:\\\/\\\/www.joebike.fr\\\/wp-content\\\/uploads\\\/2022\\\/04\\\/LOGO-JB-22_PNG.png\",\"contentUrl\":\"https:\\\/\\\/www.joebike.fr\\\/wp-content\\\/uploads\\\/2022\\\/04\\\/LOGO-JB-22_PNG.png\",\"width\":473,\"height\":473,\"caption\":\"Joe Bike, sp\u00e9cialiste en location v\u00e9lo\"},\"image\":{\"@id\":\"https:\\\/\\\/www.joebike.fr\\\/#\\\/schema\\\/logo\\\/image\\\/\"},\"sameAs\":[\"https:\\\/\\\/www.facebook.com\\\/joebikefrance\",\"https:\\\/\\\/www.instagram.com\\\/joebikefrance\"]}]}<\/script>\n<!-- \/ Yoast SEO Premium plugin. -->","yoast_head_json":{"title":"Buying a used bike - Commencal Clash","robots":{"index":"index","follow":"follow","max-snippet":"max-snippet:-1","max-image-preview":"max-image-preview:large","max-video-preview":"max-video-preview:-1"},"canonical":"https:\/\/www.joebike.fr\/en\/product-2\/commencal-clash-24\/","og_locale":"en_GB","og_type":"article","og_title":"Commencal - Clash 24 (2022)","og_description":"Garantie 6 mois pi\u00e8ces et main d\u2019\u0153uvre.Disponible d\u00e8s maintenant !\u00a0\u00a0Pour toute question ou r\u00e9servation, contactez-nous directement par t\u00e9l\u00e9phone au\u00a006 38 12 38 73.","og_url":"https:\/\/www.joebike.fr\/en\/product-2\/commencal-clash-24\/","og_site_name":"Joe Bike","article_publisher":"https:\/\/www.facebook.com\/joebikefrance","article_modified_time":"2025-12-30T10:14:29+00:00","og_image":[{"width":613,"height":613,"url":"https:\/\/www.joebike.fr\/wp-content\/uploads\/2023\/08\/commencal-clash-24-kids-champagne-1.jpeg","type":"image\/jpeg"}],"twitter_card":"summary_large_image","schema":{"@context":"https:\/\/schema.org","@graph":[{"@type":"WebPage","@id":"https:\/\/www.joebike.fr\/produit\/commencal-clash-24\/","url":"https:\/\/www.joebike.fr\/produit\/commencal-clash-24\/","name":"Buying a used bike - Commencal Clash","isPartOf":{"@id":"https:\/\/www.joebike.fr\/#website"},"primaryImageOfPage":{"@id":"https:\/\/www.joebike.fr\/produit\/commencal-clash-24\/#primaryimage"},"image":{"@id":"https:\/\/www.joebike.fr\/produit\/commencal-clash-24\/#primaryimage"},"thumbnailUrl":"https:\/\/www.joebike.fr\/wp-content\/uploads\/2023\/08\/commencal-clash-24-kids-champagne-1.jpeg","datePublished":"2023-08-11T14:13:30+00:00","dateModified":"2025-12-30T10:14:29+00:00","breadcrumb":{"@id":"https:\/\/www.joebike.fr\/produit\/commencal-clash-24\/#breadcrumb"},"inLanguage":"en-GB","potentialAction":[{"@type":"ReadAction","target":["https:\/\/www.joebike.fr\/produit\/commencal-clash-24\/"]}]},{"@type":"ImageObject","inLanguage":"en-GB","@id":"https:\/\/www.joebike.fr\/produit\/commencal-clash-24\/#primaryimage","url":"https:\/\/www.joebike.fr\/wp-content\/uploads\/2023\/08\/commencal-clash-24-kids-champagne-1.jpeg","contentUrl":"https:\/\/www.joebike.fr\/wp-content\/uploads\/2023\/08\/commencal-clash-24-kids-champagne-1.jpeg","width":613,"height":613},{"@type":"BreadcrumbList","@id":"https:\/\/www.joebike.fr\/produit\/commencal-clash-24\/#breadcrumb","itemListElement":[{"@type":"ListItem","position":1,"name":"Accueil","item":"https:\/\/www.joebike.fr\/"},{"@type":"ListItem","position":2,"name":"Shop","item":"https:\/\/www.joebike.fr\/bike-shop\/"},{"@type":"ListItem","position":3,"name":"Commencal &#8211; Clash 24 (2022)"}]},{"@type":"WebSite","@id":"https:\/\/www.joebike.fr\/#website","url":"https:\/\/www.joebike.fr\/","name":"Joe Bike","description":"Bike hire in the Landes, the Basque Country and the Pyrenees","publisher":{"@id":"https:\/\/www.joebike.fr\/#organization"},"potentialAction":[{"@type":"SearchAction","target":{"@type":"EntryPoint","urlTemplate":"https:\/\/www.joebike.fr\/?s={search_term_string}"},"query-input":{"@type":"PropertyValueSpecification","valueRequired":true,"valueName":"search_term_string"}}],"inLanguage":"en-GB"},{"@type":"Organization","@id":"https:\/\/www.joebike.fr\/#organization","name":"Joe Bike, specialist in bike hire","url":"https:\/\/www.joebike.fr\/","logo":{"@type":"ImageObject","inLanguage":"en-GB","@id":"https:\/\/www.joebike.fr\/#\/schema\/logo\/image\/","url":"https:\/\/www.joebike.fr\/wp-content\/uploads\/2022\/04\/LOGO-JB-22_PNG.png","contentUrl":"https:\/\/www.joebike.fr\/wp-content\/uploads\/2022\/04\/LOGO-JB-22_PNG.png","width":473,"height":473,"caption":"Joe Bike, sp\u00e9cialiste en location v\u00e9lo"},"image":{"@id":"https:\/\/www.joebike.fr\/#\/schema\/logo\/image\/"},"sameAs":["https:\/\/www.facebook.com\/joebikefrance","https:\/\/www.instagram.com\/joebikefrance"]}]}},"_links":{"self":[{"href":"https:\/\/www.joebike.fr\/en\/wp-json\/wp\/v2\/product\/5512","targetHints":{"allow":["GET"]}}],"collection":[{"href":"https:\/\/www.joebike.fr\/en\/wp-json\/wp\/v2\/product"}],"about":[{"href":"https:\/\/www.joebike.fr\/en\/wp-json\/wp\/v2\/types\/product"}],"version-history":[{"count":0,"href":"https:\/\/www.joebike.fr\/en\/wp-json\/wp\/v2\/product\/5512\/revisions"}],"wp:featuredmedia":[{"embeddable":true,"href":"https:\/\/www.joebike.fr\/en\/wp-json\/wp\/v2\/media\/6178"}],"wp:attachment":[{"href":"https:\/\/www.joebike.fr\/en\/wp-json\/wp\/v2\/media?parent=5512"}],"wp:term":[{"taxonomy":"product_brand","embeddable":true,"href":"https:\/\/www.joebike.fr\/en\/wp-json\/wp\/v2\/product_brand?post=5512"},{"taxonomy":"product_cat","embeddable":true,"href":"https:\/\/www.joebike.fr\/en\/wp-json\/wp\/v2\/product_cat?post=5512"},{"taxonomy":"product_tag","embeddable":true,"href":"https:\/\/www.joebike.fr\/en\/wp-json\/wp\/v2\/product_tag?post=5512"}],"curies":[{"name":"wp","href":"https:\/\/api.w.org\/{rel}","templated":true}]}}