{"id":7595,"date":"2024-03-18T14:32:09","date_gmt":"2024-03-18T13:32:09","guid":{"rendered":"https:\/\/www.joebike.fr\/?page_id=7595"},"modified":"2024-04-03T11:39:22","modified_gmt":"2024-04-03T09:39:22","slug":"actividades-ciclistas","status":"publish","type":"page","link":"https:\/\/www.joebike.fr\/es\/actividades-ciclistas\/","title":{"rendered":"ACTIVIDADES Y SALIDAS EN BICICLETA"},"content":{"rendered":"<div data-elementor-type=\"wp-page\" data-elementor-id=\"7595\" class=\"elementor elementor-7595\" data-elementor-post-type=\"page\">\n\t\t\t\t<div class=\"elementor-element elementor-element-71e6280b e-flex e-con-boxed e-con e-parent\" data-id=\"71e6280b\" data-element_type=\"container\" data-e-type=\"container\" id=\"jb-page-header\" data-settings=\"{&quot;background_background&quot;:&quot;classic&quot;}\">\n\t\t\t\t\t<div class=\"e-con-inner\">\n\t\t\t\t<div class=\"elementor-element elementor-element-2c18a965 elementor-widget elementor-widget-heading\" data-id=\"2c18a965\" data-element_type=\"widget\" data-e-type=\"widget\" id=\"header-title\" data-widget_type=\"heading.default\">\n\t\t\t\t<div class=\"elementor-widget-container\">\n\t\t\t\t\t<h1 class=\"elementor-heading-title elementor-size-default\"><small>JOE BIKE<\/small> <\/br>NUESTRAS ACTIVIDADES CICLISTAS<\/h1>\t\t\t\t<\/div>\n\t\t\t\t<\/div>\n\t\t\t\t<div class=\"elementor-element elementor-element-55f42dc9 elementor-widget__width-initial elementor-widget-mobile__width-inherit elementor-widget elementor-widget-text-editor\" data-id=\"55f42dc9\" data-element_type=\"widget\" data-e-type=\"widget\" id=\"header-description\" data-widget_type=\"text-editor.default\">\n\t\t\t\t<div class=\"elementor-widget-container\">\n\t\t\t\t\t\t\t\t\t<p>Las dos ruedas son ideales para salir, explorar el campo, desplazarse y, de paso, divertirse.&nbsp;<strong>vacaciones en bicicleta<\/strong>\u00a1!<br><strong>Cicloturismo<\/strong>vacaciones deportivas,&nbsp;<strong>paseos en bicicleta<\/strong>&nbsp;familia o sesi\u00f3n&nbsp;<strong>montando en nuestra escuela de bicicleta de monta\u00f1a Joe Bike<\/strong>&nbsp;100%: \u00a1disfrute de su alquiler de bicicletas en el mar o en la monta\u00f1a!<\/p><p><br><\/p>\t\t\t\t\t\t\t\t<\/div>\n\t\t\t\t<\/div>\n\t\t\t\t\t<\/div>\n\t\t\t\t<\/div>\n\t\t<div class=\"elementor-element elementor-element-a9b8fdb e-flex e-con-boxed e-con e-parent\" data-id=\"a9b8fdb\" data-element_type=\"container\" data-e-type=\"container\">\n\t\t\t\t\t<div class=\"e-con-inner\">\n\t\t\t\t<div class=\"elementor-element elementor-element-8b2ea6a elementor-widget elementor-widget-spacer\" data-id=\"8b2ea6a\" data-element_type=\"widget\" data-e-type=\"widget\" data-widget_type=\"spacer.default\">\n\t\t\t\t<div class=\"elementor-widget-container\">\n\t\t\t\t\t\t\t<div class=\"elementor-spacer\">\n\t\t\t<div class=\"elementor-spacer-inner\"><\/div>\n\t\t<\/div>\n\t\t\t\t\t\t<\/div>\n\t\t\t\t<\/div>\n\t\t\t\t<div class=\"elementor-element elementor-element-2320f14 elementor-widget elementor-widget-text-editor\" data-id=\"2320f14\" data-element_type=\"widget\" data-e-type=\"widget\" data-widget_type=\"text-editor.default\">\n\t\t\t\t<div class=\"elementor-widget-container\">\n\t\t\t\t\t\t\t\t\t<p><strong>Landas<\/strong>, <strong>Pirineos<\/strong>, <strong>Pa\u00eds Vasco<\/strong> elija el tel\u00f3n de fondo de su<strong> paseos en bicicleta<\/strong> !<br \/>La gran ventaja del Suroeste es la diversidad de sus paisajes, terrenos y medio ambiente. <strong>Costa<\/strong>, <strong>bosques<\/strong> salvaje, <strong>campa\u00f1a<\/strong> o <strong>ciudades<\/strong> el Pa\u00eds Vasco: \u00a1usted elige el escenario de sus paseos en bicicleta!\u00a0<\/p><p>Tanto si se trata de visitar enclaves patrimoniales y hacer cicloturismo como de buscar emociones fuertes, perfeccionar sus habilidades con la bicicleta de monta\u00f1a o simplemente disfrutar de un paseo familiar en bicicleta, lo importante es encontrar las actividades que se adapten a usted, salir ah\u00ed fuera y disfrutarlas.<\/p>\t\t\t\t\t\t\t\t<\/div>\n\t\t\t\t<\/div>\n\t\t\t\t\t<\/div>\n\t\t\t\t<\/div>\n\t\t<div class=\"elementor-element elementor-element-49ba38b e-flex e-con-boxed e-con e-parent\" data-id=\"49ba38b\" data-element_type=\"container\" data-e-type=\"container\">\n\t\t\t\t\t<div class=\"e-con-inner\">\n\t\t\t\t<div class=\"elementor-element elementor-element-72367eb elementor-widget elementor-widget-heading\" data-id=\"72367eb\" data-element_type=\"widget\" data-e-type=\"widget\" data-widget_type=\"heading.default\">\n\t\t\t\t<div class=\"elementor-widget-container\">\n\t\t\t\t\t<h2 class=\"elementor-heading-title elementor-size-default\">NUESTRAS SALIDAS Y ACTIVIDADES CICLISTAS POR REGI\u00d3N :<\/h2>\t\t\t\t<\/div>\n\t\t\t\t<\/div>\n\t\t\t\t\t<\/div>\n\t\t\t\t<\/div>\n\t\t<div class=\"elementor-element elementor-element-3085e0f e-flex e-con-boxed e-con e-parent\" data-id=\"3085e0f\" data-element_type=\"container\" data-e-type=\"container\" data-settings=\"{&quot;background_background&quot;:&quot;classic&quot;}\">\n\t\t\t\t\t<div class=\"e-con-inner\">\n\t\t<div class=\"elementor-element elementor-element-f97261b e-con-full e-flex e-con e-child\" data-id=\"f97261b\" data-element_type=\"container\" data-e-type=\"container\">\n\t\t\t\t<div class=\"elementor-element elementor-element-e2c1b85 elementor-widget elementor-widget-image\" data-id=\"e2c1b85\" data-element_type=\"widget\" data-e-type=\"widget\" data-widget_type=\"image.default\">\n\t\t\t\t<div class=\"elementor-widget-container\">\n\t\t\t\t\t\t\t\t\t\t\t\t\t\t\t\t<a href=\"https:\/\/www.joebike.fr\/es\/actividades-ciclistas\/paramos-2\/\">\n\t\t\t\t\t\t\t<img fetchpriority=\"high\" decoding=\"async\" width=\"600\" height=\"500\" src=\"https:\/\/www.joebike.fr\/wp-content\/uploads\/2024\/03\/Capbreton.png\" class=\"attachment-large size-large wp-image-6679\" alt=\"\" srcset=\"https:\/\/www.joebike.fr\/wp-content\/uploads\/2024\/03\/Capbreton.png 600w, https:\/\/www.joebike.fr\/wp-content\/uploads\/2024\/03\/Capbreton-300x250.png 300w, https:\/\/www.joebike.fr\/wp-content\/uploads\/2024\/03\/Capbreton-14x12.png 14w\" sizes=\"(max-width: 600px) 100vw, 600px\" \/>\t\t\t\t\t\t\t\t<\/a>\n\t\t\t\t\t\t\t\t\t\t\t\t\t\t\t<\/div>\n\t\t\t\t<\/div>\n\t\t\t\t<div class=\"elementor-element elementor-element-0e15642 elementor-align-center elementor-widget elementor-widget-button\" data-id=\"0e15642\" data-element_type=\"widget\" data-e-type=\"widget\" data-widget_type=\"button.default\">\n\t\t\t\t<div class=\"elementor-widget-container\">\n\t\t\t\t\t\t\t\t\t<div class=\"elementor-button-wrapper\">\n\t\t\t\t\t<a class=\"elementor-button elementor-button-link elementor-size-md elementor-animation-grow\" href=\"https:\/\/www.joebike.fr\/es\/actividades-ciclistas\/paramos-2\/\">\n\t\t\t\t\t\t<span class=\"elementor-button-content-wrapper\">\n\t\t\t\t\t\t\t\t\t<span class=\"elementor-button-text\">Landas<\/span>\n\t\t\t\t\t<\/span>\n\t\t\t\t\t<\/a>\n\t\t\t\t<\/div>\n\t\t\t\t\t\t\t\t<\/div>\n\t\t\t\t<\/div>\n\t\t\t\t<\/div>\n\t\t<div class=\"elementor-element elementor-element-c048ae5 e-con-full e-flex e-con e-child\" data-id=\"c048ae5\" data-element_type=\"container\" data-e-type=\"container\">\n\t\t\t\t<div class=\"elementor-element elementor-element-3fafd7e elementor-widget elementor-widget-image\" data-id=\"3fafd7e\" data-element_type=\"widget\" data-e-type=\"widget\" data-widget_type=\"image.default\">\n\t\t\t\t<div class=\"elementor-widget-container\">\n\t\t\t\t\t\t\t\t\t\t\t\t\t\t\t\t<a href=\"https:\/\/www.joebike.fr\/es\/actividades-ciclistas\/pais-vasco-2\/\">\n\t\t\t\t\t\t\t<img decoding=\"async\" width=\"600\" height=\"500\" src=\"https:\/\/www.joebike.fr\/wp-content\/uploads\/2024\/03\/Itineraire-velo-Pays-Basque.png\" class=\"attachment-large size-large wp-image-6997\" alt=\"\" srcset=\"https:\/\/www.joebike.fr\/wp-content\/uploads\/2024\/03\/Itineraire-velo-Pays-Basque.png 600w, https:\/\/www.joebike.fr\/wp-content\/uploads\/2024\/03\/Itineraire-velo-Pays-Basque-300x250.png 300w, https:\/\/www.joebike.fr\/wp-content\/uploads\/2024\/03\/Itineraire-velo-Pays-Basque-14x12.png 14w\" sizes=\"(max-width: 600px) 100vw, 600px\" \/>\t\t\t\t\t\t\t\t<\/a>\n\t\t\t\t\t\t\t\t\t\t\t\t\t\t\t<\/div>\n\t\t\t\t<\/div>\n\t\t\t\t<div class=\"elementor-element elementor-element-154853d elementor-align-center elementor-widget elementor-widget-button\" data-id=\"154853d\" data-element_type=\"widget\" data-e-type=\"widget\" data-widget_type=\"button.default\">\n\t\t\t\t<div class=\"elementor-widget-container\">\n\t\t\t\t\t\t\t\t\t<div class=\"elementor-button-wrapper\">\n\t\t\t\t\t<a class=\"elementor-button elementor-button-link elementor-size-md elementor-animation-grow\" href=\"https:\/\/www.joebike.fr\/es\/actividades-ciclistas\/pais-vasco-2\/\">\n\t\t\t\t\t\t<span class=\"elementor-button-content-wrapper\">\n\t\t\t\t\t\t\t\t\t<span class=\"elementor-button-text\">Pa\u00eds Vasco<\/span>\n\t\t\t\t\t<\/span>\n\t\t\t\t\t<\/a>\n\t\t\t\t<\/div>\n\t\t\t\t\t\t\t\t<\/div>\n\t\t\t\t<\/div>\n\t\t\t\t<\/div>\n\t\t<div class=\"elementor-element elementor-element-3de0a42 e-con-full e-flex e-con e-child\" data-id=\"3de0a42\" data-element_type=\"container\" data-e-type=\"container\">\n\t\t\t\t<div class=\"elementor-element elementor-element-cfa1bfc elementor-widget elementor-widget-image\" data-id=\"cfa1bfc\" data-element_type=\"widget\" data-e-type=\"widget\" data-widget_type=\"image.default\">\n\t\t\t\t<div class=\"elementor-widget-container\">\n\t\t\t\t\t\t\t\t\t\t\t\t\t\t\t\t<a href=\"https:\/\/www.joebike.fr\/es\/actividades-ciclistas\/pirineos\/\">\n\t\t\t\t\t\t\t<img decoding=\"async\" width=\"600\" height=\"500\" src=\"https:\/\/www.joebike.fr\/wp-content\/uploads\/2024\/03\/Itineraire-velo-Hautes-Pyrenees.png\" class=\"attachment-large size-large wp-image-6996\" alt=\"\" srcset=\"https:\/\/www.joebike.fr\/wp-content\/uploads\/2024\/03\/Itineraire-velo-Hautes-Pyrenees.png 600w, https:\/\/www.joebike.fr\/wp-content\/uploads\/2024\/03\/Itineraire-velo-Hautes-Pyrenees-300x250.png 300w, https:\/\/www.joebike.fr\/wp-content\/uploads\/2024\/03\/Itineraire-velo-Hautes-Pyrenees-14x12.png 14w\" sizes=\"(max-width: 600px) 100vw, 600px\" \/>\t\t\t\t\t\t\t\t<\/a>\n\t\t\t\t\t\t\t\t\t\t\t\t\t\t\t<\/div>\n\t\t\t\t<\/div>\n\t\t\t\t<div class=\"elementor-element elementor-element-9f8880d elementor-align-center elementor-widget elementor-widget-button\" data-id=\"9f8880d\" data-element_type=\"widget\" data-e-type=\"widget\" data-widget_type=\"button.default\">\n\t\t\t\t<div class=\"elementor-widget-container\">\n\t\t\t\t\t\t\t\t\t<div class=\"elementor-button-wrapper\">\n\t\t\t\t\t<a class=\"elementor-button elementor-button-link elementor-size-md elementor-animation-grow\" href=\"https:\/\/www.joebike.fr\/es\/actividades-ciclistas\/pirineos\/\">\n\t\t\t\t\t\t<span class=\"elementor-button-content-wrapper\">\n\t\t\t\t\t\t\t\t\t<span class=\"elementor-button-text\">Pirineos<\/span>\n\t\t\t\t\t<\/span>\n\t\t\t\t\t<\/a>\n\t\t\t\t<\/div>\n\t\t\t\t\t\t\t\t<\/div>\n\t\t\t\t<\/div>\n\t\t\t\t<\/div>\n\t\t\t\t\t<\/div>\n\t\t\t\t<\/div>\n\t\t<div class=\"elementor-element elementor-element-2eb2c6d e-flex e-con-boxed e-con e-parent\" data-id=\"2eb2c6d\" data-element_type=\"container\" data-e-type=\"container\" data-settings=\"{&quot;background_background&quot;:&quot;classic&quot;}\">\n\t\t\t\t\t<div class=\"e-con-inner\">\n\t\t<div class=\"elementor-element elementor-element-b583ddd e-con-full e-flex e-con e-child\" data-id=\"b583ddd\" data-element_type=\"container\" data-e-type=\"container\">\n\t\t\t\t<div class=\"elementor-element elementor-element-fe690cc elementor-widget elementor-widget-heading\" data-id=\"fe690cc\" data-element_type=\"widget\" data-e-type=\"widget\" data-widget_type=\"heading.default\">\n\t\t\t\t<div class=\"elementor-widget-container\">\n\t\t\t\t\t<h2 class=\"elementor-heading-title elementor-size-default\">Quiz\u00e1 le interese...<\/h2>\t\t\t\t<\/div>\n\t\t\t\t<\/div>\n\t\t\t\t<\/div>\n\t\t<div class=\"elementor-element elementor-element-a53803d e-con-full e-flex e-con e-child\" data-id=\"a53803d\" data-element_type=\"container\" data-e-type=\"container\">\n\t\t\t\t<div class=\"elementor-element elementor-element-4a606a2 elementor-widget elementor-widget-button\" data-id=\"4a606a2\" data-element_type=\"widget\" data-e-type=\"widget\" data-widget_type=\"button.default\">\n\t\t\t\t<div class=\"elementor-widget-container\">\n\t\t\t\t\t\t\t\t\t<div class=\"elementor-button-wrapper\">\n\t\t\t\t\t<a class=\"elementor-button elementor-button-link elementor-size-sm\" href=\"https:\/\/www.joebike.fr\/es\/nuestras-rutas-ciclistas\/\">\n\t\t\t\t\t\t<span class=\"elementor-button-content-wrapper\">\n\t\t\t\t\t\t\t\t\t<span class=\"elementor-button-text\">Nuestras rutas ciclistas<\/span>\n\t\t\t\t\t<\/span>\n\t\t\t\t\t<\/a>\n\t\t\t\t<\/div>\n\t\t\t\t\t\t\t\t<\/div>\n\t\t\t\t<\/div>\n\t\t\t\t<\/div>\n\t\t\t\t\t<\/div>\n\t\t\t\t<\/div>\n\t\t\t\t<\/div>","protected":false},"excerpt":{"rendered":"<p>JOE BIKE NOS ACTIVIT\u00c9S \u00c0 V\u00c9LO Le deux-roues, c\u2019est fait pour bouger, explorer un territoire, se d\u00e9placer et se faire plaisir pendant vos&nbsp;vacances \u00e0 v\u00e9lo\u2009!Tourisme \u00e0 v\u00e9lo, vacances sportives,&nbsp;balades \u00e0 v\u00e9lo&nbsp;en famille ou session&nbsp;pilotage dans notre \u00e9cole de VTT Joe Bike&nbsp;: profitez de votre location de v\u00e9lo \u00e0 100% \u00e0 l\u2019oc\u00e9an comme \u00e0 la montagne\u2009! [&hellip;]<\/p>\n","protected":false},"author":1,"featured_media":7704,"parent":0,"menu_order":0,"comment_status":"closed","ping_status":"closed","template":"elementor_header_footer","meta":{"_acf_changed":false,"footnotes":""},"class_list":["post-7595","page","type-page","status-publish","has-post-thumbnail","hentry"],"acf":[],"yoast_head":"<!-- This site is optimized with the Yoast SEO Premium plugin v26.6 (Yoast SEO v27.3) - https:\/\/yoast.com\/product\/yoast-seo-premium-wordpress\/ -->\n<title>Les sorties et activit\u00e9s \u00e0 v\u00e9lo | Joe Bike<\/title>\n<meta name=\"description\" content=\"D\u00e9couvrez la r\u00e9gion \u00e0 v\u00e9lo avec Joe Bike ! Fatbike sur la plage, balade sur les pistes cyclables ou sorties sportives, \u00e0 vous de choisir.\" \/>\n<meta name=\"robots\" content=\"index, follow, max-snippet:-1, max-image-preview:large, max-video-preview:-1\" \/>\n<link rel=\"canonical\" href=\"https:\/\/www.joebike.fr\/es\/actividades-ciclistas\/\" \/>\n<meta property=\"og:locale\" content=\"es_ES\" \/>\n<meta property=\"og:type\" content=\"article\" \/>\n<meta property=\"og:title\" content=\"ACTIVIT\u00c9S ET SORTIES V\u00c9LO\" \/>\n<meta property=\"og:description\" content=\"D\u00e9couvrez la r\u00e9gion \u00e0 v\u00e9lo avec Joe Bike ! Fatbike sur la plage, balade sur les pistes cyclables ou sorties sportives, \u00e0 vous de choisir.\" \/>\n<meta property=\"og:url\" content=\"https:\/\/www.joebike.fr\/es\/actividades-ciclistas\/\" \/>\n<meta property=\"og:site_name\" content=\"Joe Bike\" \/>\n<meta property=\"article:publisher\" content=\"https:\/\/www.facebook.com\/joebikefrance\" \/>\n<meta property=\"article:modified_time\" content=\"2024-04-03T09:39:22+00:00\" \/>\n<meta property=\"og:image\" content=\"https:\/\/www.joebike.fr\/wp-content\/uploads\/2024\/03\/VISITES-GUIDEES-EN-VELO-ELECTRIQUE-1.jpg\" \/>\n\t<meta property=\"og:image:width\" content=\"1600\" \/>\n\t<meta property=\"og:image:height\" content=\"1100\" \/>\n\t<meta property=\"og:image:type\" content=\"image\/jpeg\" \/>\n<meta name=\"twitter:card\" content=\"summary_large_image\" \/>\n<script type=\"application\/ld+json\" class=\"yoast-schema-graph\">{\"@context\":\"https:\\\/\\\/schema.org\",\"@graph\":[{\"@type\":\"WebPage\",\"@id\":\"https:\\\/\\\/www.joebike.fr\\\/activites-velo\\\/\",\"url\":\"https:\\\/\\\/www.joebike.fr\\\/activites-velo\\\/\",\"name\":\"Les sorties et activit\u00e9s \u00e0 v\u00e9lo | Joe Bike\",\"isPartOf\":{\"@id\":\"https:\\\/\\\/www.joebike.fr\\\/#website\"},\"primaryImageOfPage\":{\"@id\":\"https:\\\/\\\/www.joebike.fr\\\/activites-velo\\\/#primaryimage\"},\"image\":{\"@id\":\"https:\\\/\\\/www.joebike.fr\\\/activites-velo\\\/#primaryimage\"},\"thumbnailUrl\":\"https:\\\/\\\/www.joebike.fr\\\/wp-content\\\/uploads\\\/2024\\\/03\\\/VISITES-GUIDEES-EN-VELO-ELECTRIQUE-1.jpg\",\"datePublished\":\"2024-03-18T13:32:09+00:00\",\"dateModified\":\"2024-04-03T09:39:22+00:00\",\"description\":\"D\u00e9couvrez la r\u00e9gion \u00e0 v\u00e9lo avec Joe Bike ! Fatbike sur la plage, balade sur les pistes cyclables ou sorties sportives, \u00e0 vous de choisir.\",\"breadcrumb\":{\"@id\":\"https:\\\/\\\/www.joebike.fr\\\/activites-velo\\\/#breadcrumb\"},\"inLanguage\":\"es\",\"potentialAction\":[{\"@type\":\"ReadAction\",\"target\":[\"https:\\\/\\\/www.joebike.fr\\\/activites-velo\\\/\"]}]},{\"@type\":\"ImageObject\",\"inLanguage\":\"es\",\"@id\":\"https:\\\/\\\/www.joebike.fr\\\/activites-velo\\\/#primaryimage\",\"url\":\"https:\\\/\\\/www.joebike.fr\\\/wp-content\\\/uploads\\\/2024\\\/03\\\/VISITES-GUIDEES-EN-VELO-ELECTRIQUE-1.jpg\",\"contentUrl\":\"https:\\\/\\\/www.joebike.fr\\\/wp-content\\\/uploads\\\/2024\\\/03\\\/VISITES-GUIDEES-EN-VELO-ELECTRIQUE-1.jpg\",\"width\":1600,\"height\":1100},{\"@type\":\"BreadcrumbList\",\"@id\":\"https:\\\/\\\/www.joebike.fr\\\/activites-velo\\\/#breadcrumb\",\"itemListElement\":[{\"@type\":\"ListItem\",\"position\":1,\"name\":\"Accueil\",\"item\":\"https:\\\/\\\/www.joebike.fr\\\/\"},{\"@type\":\"ListItem\",\"position\":2,\"name\":\"ACTIVIT\u00c9S ET SORTIES V\u00c9LO\"}]},{\"@type\":\"WebSite\",\"@id\":\"https:\\\/\\\/www.joebike.fr\\\/#website\",\"url\":\"https:\\\/\\\/www.joebike.fr\\\/\",\"name\":\"Joe Bike\",\"description\":\"Location de v\u00e9lo dans les Landes, le Pays Basque et les Pyr\u00e9n\u00e9es\",\"publisher\":{\"@id\":\"https:\\\/\\\/www.joebike.fr\\\/#organization\"},\"potentialAction\":[{\"@type\":\"SearchAction\",\"target\":{\"@type\":\"EntryPoint\",\"urlTemplate\":\"https:\\\/\\\/www.joebike.fr\\\/?s={search_term_string}\"},\"query-input\":{\"@type\":\"PropertyValueSpecification\",\"valueRequired\":true,\"valueName\":\"search_term_string\"}}],\"inLanguage\":\"es\"},{\"@type\":\"Organization\",\"@id\":\"https:\\\/\\\/www.joebike.fr\\\/#organization\",\"name\":\"Joe Bike, sp\u00e9cialiste en location v\u00e9lo\",\"url\":\"https:\\\/\\\/www.joebike.fr\\\/\",\"logo\":{\"@type\":\"ImageObject\",\"inLanguage\":\"es\",\"@id\":\"https:\\\/\\\/www.joebike.fr\\\/#\\\/schema\\\/logo\\\/image\\\/\",\"url\":\"https:\\\/\\\/www.joebike.fr\\\/wp-content\\\/uploads\\\/2022\\\/04\\\/LOGO-JB-22_PNG.png\",\"contentUrl\":\"https:\\\/\\\/www.joebike.fr\\\/wp-content\\\/uploads\\\/2022\\\/04\\\/LOGO-JB-22_PNG.png\",\"width\":473,\"height\":473,\"caption\":\"Joe Bike, sp\u00e9cialiste en location v\u00e9lo\"},\"image\":{\"@id\":\"https:\\\/\\\/www.joebike.fr\\\/#\\\/schema\\\/logo\\\/image\\\/\"},\"sameAs\":[\"https:\\\/\\\/www.facebook.com\\\/joebikefrance\",\"https:\\\/\\\/www.instagram.com\\\/joebikefrance\"]}]}<\/script>\n<!-- \/ Yoast SEO Premium plugin. -->","yoast_head_json":{"title":"Salidas y actividades ciclistas | Joe Bike","description":"\u00a1Descubre la regi\u00f3n en bicicleta con Joe Bike! Fatbike en la playa, paseo por los carriles bici o excursi\u00f3n deportiva, t\u00fa eliges.","robots":{"index":"index","follow":"follow","max-snippet":"max-snippet:-1","max-image-preview":"max-image-preview:large","max-video-preview":"max-video-preview:-1"},"canonical":"https:\/\/www.joebike.fr\/es\/actividades-ciclistas\/","og_locale":"es_ES","og_type":"article","og_title":"ACTIVIT\u00c9S ET SORTIES V\u00c9LO","og_description":"D\u00e9couvrez la r\u00e9gion \u00e0 v\u00e9lo avec Joe Bike ! Fatbike sur la plage, balade sur les pistes cyclables ou sorties sportives, \u00e0 vous de choisir.","og_url":"https:\/\/www.joebike.fr\/es\/actividades-ciclistas\/","og_site_name":"Joe Bike","article_publisher":"https:\/\/www.facebook.com\/joebikefrance","article_modified_time":"2024-04-03T09:39:22+00:00","og_image":[{"width":1600,"height":1100,"url":"https:\/\/www.joebike.fr\/wp-content\/uploads\/2024\/03\/VISITES-GUIDEES-EN-VELO-ELECTRIQUE-1.jpg","type":"image\/jpeg"}],"twitter_card":"summary_large_image","schema":{"@context":"https:\/\/schema.org","@graph":[{"@type":"WebPage","@id":"https:\/\/www.joebike.fr\/activites-velo\/","url":"https:\/\/www.joebike.fr\/activites-velo\/","name":"Salidas y actividades ciclistas | Joe Bike","isPartOf":{"@id":"https:\/\/www.joebike.fr\/#website"},"primaryImageOfPage":{"@id":"https:\/\/www.joebike.fr\/activites-velo\/#primaryimage"},"image":{"@id":"https:\/\/www.joebike.fr\/activites-velo\/#primaryimage"},"thumbnailUrl":"https:\/\/www.joebike.fr\/wp-content\/uploads\/2024\/03\/VISITES-GUIDEES-EN-VELO-ELECTRIQUE-1.jpg","datePublished":"2024-03-18T13:32:09+00:00","dateModified":"2024-04-03T09:39:22+00:00","description":"\u00a1Descubre la regi\u00f3n en bicicleta con Joe Bike! Fatbike en la playa, paseo por los carriles bici o excursi\u00f3n deportiva, t\u00fa eliges.","breadcrumb":{"@id":"https:\/\/www.joebike.fr\/activites-velo\/#breadcrumb"},"inLanguage":"es","potentialAction":[{"@type":"ReadAction","target":["https:\/\/www.joebike.fr\/activites-velo\/"]}]},{"@type":"ImageObject","inLanguage":"es","@id":"https:\/\/www.joebike.fr\/activites-velo\/#primaryimage","url":"https:\/\/www.joebike.fr\/wp-content\/uploads\/2024\/03\/VISITES-GUIDEES-EN-VELO-ELECTRIQUE-1.jpg","contentUrl":"https:\/\/www.joebike.fr\/wp-content\/uploads\/2024\/03\/VISITES-GUIDEES-EN-VELO-ELECTRIQUE-1.jpg","width":1600,"height":1100},{"@type":"BreadcrumbList","@id":"https:\/\/www.joebike.fr\/activites-velo\/#breadcrumb","itemListElement":[{"@type":"ListItem","position":1,"name":"Accueil","item":"https:\/\/www.joebike.fr\/"},{"@type":"ListItem","position":2,"name":"ACTIVIT\u00c9S ET SORTIES V\u00c9LO"}]},{"@type":"WebSite","@id":"https:\/\/www.joebike.fr\/#website","url":"https:\/\/www.joebike.fr\/","name":"Joe Bike","description":"Alquiler de bicicletas en las Landas, el Pa\u00eds Vasco y los Pirineos","publisher":{"@id":"https:\/\/www.joebike.fr\/#organization"},"potentialAction":[{"@type":"SearchAction","target":{"@type":"EntryPoint","urlTemplate":"https:\/\/www.joebike.fr\/?s={search_term_string}"},"query-input":{"@type":"PropertyValueSpecification","valueRequired":true,"valueName":"search_term_string"}}],"inLanguage":"es"},{"@type":"Organization","@id":"https:\/\/www.joebike.fr\/#organization","name":"Joe Bike, especialista en alquiler de bicicletas","url":"https:\/\/www.joebike.fr\/","logo":{"@type":"ImageObject","inLanguage":"es","@id":"https:\/\/www.joebike.fr\/#\/schema\/logo\/image\/","url":"https:\/\/www.joebike.fr\/wp-content\/uploads\/2022\/04\/LOGO-JB-22_PNG.png","contentUrl":"https:\/\/www.joebike.fr\/wp-content\/uploads\/2022\/04\/LOGO-JB-22_PNG.png","width":473,"height":473,"caption":"Joe Bike, sp\u00e9cialiste en location v\u00e9lo"},"image":{"@id":"https:\/\/www.joebike.fr\/#\/schema\/logo\/image\/"},"sameAs":["https:\/\/www.facebook.com\/joebikefrance","https:\/\/www.instagram.com\/joebikefrance"]}]}},"_links":{"self":[{"href":"https:\/\/www.joebike.fr\/es\/wp-json\/wp\/v2\/pages\/7595","targetHints":{"allow":["GET"]}}],"collection":[{"href":"https:\/\/www.joebike.fr\/es\/wp-json\/wp\/v2\/pages"}],"about":[{"href":"https:\/\/www.joebike.fr\/es\/wp-json\/wp\/v2\/types\/page"}],"author":[{"embeddable":true,"href":"https:\/\/www.joebike.fr\/es\/wp-json\/wp\/v2\/users\/1"}],"replies":[{"embeddable":true,"href":"https:\/\/www.joebike.fr\/es\/wp-json\/wp\/v2\/comments?post=7595"}],"version-history":[{"count":0,"href":"https:\/\/www.joebike.fr\/es\/wp-json\/wp\/v2\/pages\/7595\/revisions"}],"wp:featuredmedia":[{"embeddable":true,"href":"https:\/\/www.joebike.fr\/es\/wp-json\/wp\/v2\/media\/7704"}],"wp:attachment":[{"href":"https:\/\/www.joebike.fr\/es\/wp-json\/wp\/v2\/media?parent=7595"}],"curies":[{"name":"wp","href":"https:\/\/api.w.org\/{rel}","templated":true}]}}