{"id":7949,"date":"2024-03-25T07:25:53","date_gmt":"2024-03-25T06:25:53","guid":{"rendered":"https:\/\/www.joebike.fr\/?page_id=7949"},"modified":"2026-02-17T14:42:31","modified_gmt":"2026-02-17T13:42:31","slug":"bicicleta-de-carretera","status":"publish","type":"page","link":"https:\/\/www.joebike.fr\/es\/les-velos-a-louer\/bicicleta-de-carretera\/","title":{"rendered":"Bicicletas de carretera"},"content":{"rendered":"<div data-elementor-type=\"wp-page\" data-elementor-id=\"7949\" class=\"elementor elementor-7949\" data-elementor-post-type=\"page\">\n\t\t\t\t<div class=\"elementor-element elementor-element-71e6280b e-flex e-con-boxed e-con e-parent\" data-id=\"71e6280b\" data-element_type=\"container\" data-e-type=\"container\" id=\"jb-page-header\" data-settings=\"{&quot;background_background&quot;:&quot;classic&quot;}\">\n\t\t\t\t\t<div class=\"e-con-inner\">\n\t\t\t\t<div class=\"elementor-element elementor-element-2c18a965 elementor-widget elementor-widget-heading\" data-id=\"2c18a965\" data-element_type=\"widget\" data-e-type=\"widget\" id=\"header-title\" data-widget_type=\"heading.default\">\n\t\t\t\t<div class=\"elementor-widget-container\">\n\t\t\t\t\t<h1 class=\"elementor-heading-title elementor-size-default\"><small>conducir durante kil\u00f3metros<\/small> <\/br>bicicleta de carretera<\/h1>\t\t\t\t<\/div>\n\t\t\t\t<\/div>\n\t\t\t\t\t<\/div>\n\t\t\t\t<\/div>\n\t\t<div class=\"elementor-element elementor-element-897733d e-flex e-con-boxed e-con e-parent\" data-id=\"897733d\" data-element_type=\"container\" data-e-type=\"container\">\n\t\t\t\t\t<div class=\"e-con-inner\">\n\t\t<div class=\"elementor-element elementor-element-90e7ede e-con-full e-flex e-con e-child\" data-id=\"90e7ede\" data-element_type=\"container\" data-e-type=\"container\">\n\t\t\t\t<div class=\"elementor-element elementor-element-98bc99d elementor-arrows-position-inside elementor-pagination-position-outside elementor-widget elementor-widget-image-carousel\" data-id=\"98bc99d\" data-element_type=\"widget\" data-e-type=\"widget\" data-settings=\"{&quot;slides_to_show&quot;:&quot;1&quot;,&quot;navigation&quot;:&quot;both&quot;,&quot;autoplay&quot;:&quot;yes&quot;,&quot;pause_on_hover&quot;:&quot;yes&quot;,&quot;pause_on_interaction&quot;:&quot;yes&quot;,&quot;autoplay_speed&quot;:5000,&quot;infinite&quot;:&quot;yes&quot;,&quot;effect&quot;:&quot;slide&quot;,&quot;speed&quot;:500}\" data-widget_type=\"image-carousel.default\">\n\t\t\t\t<div class=\"elementor-widget-container\">\n\t\t\t\t\t\t\t<div class=\"elementor-image-carousel-wrapper swiper\" role=\"region\" aria-roledescription=\"carousel\" aria-label=\"Carrusel de im\u00e1genes\" dir=\"ltr\">\n\t\t\t<div class=\"elementor-image-carousel swiper-wrapper\" aria-live=\"off\">\n\t\t\t\t\t\t\t\t<div class=\"swiper-slide\" role=\"group\" aria-roledescription=\"slide\" aria-label=\"1 de 2\"><figure class=\"swiper-slide-inner\"><img decoding=\"async\" class=\"swiper-slide-image\" src=\"https:\/\/www.joebike.fr\/wp-content\/uploads\/2022\/06\/TREK-EMONDA-ALR4-ORANGE-ROUTE-PERFORMANCE.jpg\" alt=\"Bicicleta\" \/><figcaption class=\"elementor-image-carousel-caption\">TREK EMONDA ALR 4<\/figcaption><\/figure><\/div><div class=\"swiper-slide\" role=\"group\" aria-roledescription=\"slide\" aria-label=\"2 de 2\"><figure class=\"swiper-slide-inner\"><img decoding=\"async\" class=\"swiper-slide-image\" src=\"https:\/\/www.joebike.fr\/wp-content\/uploads\/2022\/06\/TREK-EMONDA-ALR-4-ROUTE-PERFORMANCE.jpg\" alt=\"Bicicleta\" \/><figcaption class=\"elementor-image-carousel-caption\">TREK EMONDA ALR 4<\/figcaption><\/figure><\/div>\t\t\t<\/div>\n\t\t\t\t\t\t\t\t\t\t\t\t<div class=\"elementor-swiper-button elementor-swiper-button-prev\" role=\"button\" tabindex=\"0\">\n\t\t\t\t\t\t<svg aria-hidden=\"true\" class=\"e-font-icon-svg e-eicon-chevron-left\" viewbox=\"0 0 1000 1000\" xmlns=\"http:\/\/www.w3.org\/2000\/svg\"><path d=\"M646 125C629 125 613 133 604 142L308 442C296 454 292 471 292 487 292 504 296 521 308 533L604 854C617 867 629 875 646 875 663 875 679 871 692 858 704 846 713 829 713 812 713 796 708 779 692 767L438 487 692 225C700 217 708 204 708 187 708 171 704 154 692 142 675 129 663 125 646 125Z\"><\/path><\/svg>\t\t\t\t\t<\/div>\n\t\t\t\t\t<div class=\"elementor-swiper-button elementor-swiper-button-next\" role=\"button\" tabindex=\"0\">\n\t\t\t\t\t\t<svg aria-hidden=\"true\" class=\"e-font-icon-svg e-eicon-chevron-right\" viewbox=\"0 0 1000 1000\" xmlns=\"http:\/\/www.w3.org\/2000\/svg\"><path d=\"M696 533C708 521 713 504 713 487 713 471 708 454 696 446L400 146C388 133 375 125 354 125 338 125 325 129 313 142 300 154 292 171 292 187 292 204 296 221 308 233L563 492 304 771C292 783 288 800 288 817 288 833 296 850 308 863 321 871 338 875 354 875 371 875 388 867 400 854L696 533Z\"><\/path><\/svg>\t\t\t\t\t<\/div>\n\t\t\t\t\n\t\t\t\t\t\t\t\t\t<div class=\"swiper-pagination\"><\/div>\n\t\t\t\t\t\t\t\t\t<\/div>\n\t\t\t\t\t\t<\/div>\n\t\t\t\t<\/div>\n\t\t\t\t<div class=\"elementor-element elementor-element-519db90 elementor-widget elementor-widget-text-editor\" data-id=\"519db90\" data-element_type=\"widget\" data-e-type=\"widget\" data-widget_type=\"text-editor.default\">\n\t\t\t\t<div class=\"elementor-widget-container\">\n\t\t\t\t\t\t\t\t\t<p><em><strong>*fotos no contractuales \/ o modelo equivalente<\/strong><\/em><\/p>\t\t\t\t\t\t\t\t<\/div>\n\t\t\t\t<\/div>\n\t\t\t\t<\/div>\n\t\t<div class=\"elementor-element elementor-element-a12e194 e-con-full e-flex e-con e-child\" data-id=\"a12e194\" data-element_type=\"container\" data-e-type=\"container\">\n\t\t\t\t<div class=\"elementor-element elementor-element-d91db3d elementor-widget elementor-widget-heading\" data-id=\"d91db3d\" data-element_type=\"widget\" data-e-type=\"widget\" data-widget_type=\"heading.default\">\n\t\t\t\t<div class=\"elementor-widget-container\">\n\t\t\t\t\t<h3 class=\"elementor-heading-title elementor-size-default\">Una bicicleta para los kil\u00f3metros<\/h3>\t\t\t\t<\/div>\n\t\t\t\t<\/div>\n\t\t\t\t<div class=\"elementor-element elementor-element-6d8e6a9 elementor-widget elementor-widget-text-editor\" data-id=\"6d8e6a9\" data-element_type=\"widget\" data-e-type=\"widget\" data-widget_type=\"text-editor.default\">\n\t\t\t\t<div class=\"elementor-widget-container\">\n\t\t\t\t\t\t\t\t\t<p>Le proponemos una gama de bicicletas de carretera de alquiler para que pueda descubrir a su ritmo los magn\u00edficos paisajes de las Landas y del Pa\u00eds Vasco. Con nuestra selecci\u00f3n de bicicletas de carretera de calidad, podr\u00e1s recorrer kil\u00f3metros con total libertad.\u00a0<\/p>\t\t\t\t\t\t\t\t<\/div>\n\t\t\t\t<\/div>\n\t\t\t\t<div class=\"elementor-element elementor-element-3d40222 elementor-widget elementor-widget-button\" data-id=\"3d40222\" data-element_type=\"widget\" data-e-type=\"widget\" data-widget_type=\"button.default\">\n\t\t\t\t<div class=\"elementor-widget-container\">\n\t\t\t\t\t\t\t\t\t<div class=\"elementor-button-wrapper\">\n\t\t\t\t\t<a class=\"elementor-button elementor-button-link elementor-size-sm\" href=\"https:\/\/location-velo.veloresa1.com\/joebikelandes\/\" target=\"_blank\" rel=\"nofollow\">\n\t\t\t\t\t\t<span class=\"elementor-button-content-wrapper\">\n\t\t\t\t\t\t\t\t\t<span class=\"elementor-button-text\">Reserve su bicicleta de carretera en las Landas<\/span>\n\t\t\t\t\t<\/span>\n\t\t\t\t\t<\/a>\n\t\t\t\t<\/div>\n\t\t\t\t\t\t\t\t<\/div>\n\t\t\t\t<\/div>\n\t\t\t\t<div class=\"elementor-element elementor-element-b06a501 elementor-widget elementor-widget-button\" data-id=\"b06a501\" data-element_type=\"widget\" data-e-type=\"widget\" data-widget_type=\"button.default\">\n\t\t\t\t<div class=\"elementor-widget-container\">\n\t\t\t\t\t\t\t\t\t<div class=\"elementor-button-wrapper\">\n\t\t\t\t\t<a class=\"elementor-button elementor-button-link elementor-size-sm\" href=\"https:\/\/location-velo.veloresa1.com\/joebikepaysbasque\/\" target=\"_blank\" rel=\"nofollow\">\n\t\t\t\t\t\t<span class=\"elementor-button-content-wrapper\">\n\t\t\t\t\t\t\t\t\t<span class=\"elementor-button-text\">Reserve su bicicleta de carretera en el Pa\u00eds Vasco<\/span>\n\t\t\t\t\t<\/span>\n\t\t\t\t\t<\/a>\n\t\t\t\t<\/div>\n\t\t\t\t\t\t\t\t<\/div>\n\t\t\t\t<\/div>\n\t\t\t\t<div class=\"elementor-element elementor-element-9e82176 elementor-widget elementor-widget-spacer\" data-id=\"9e82176\" data-element_type=\"widget\" data-e-type=\"widget\" data-widget_type=\"spacer.default\">\n\t\t\t\t<div class=\"elementor-widget-container\">\n\t\t\t\t\t\t\t<div class=\"elementor-spacer\">\n\t\t\t<div class=\"elementor-spacer-inner\"><\/div>\n\t\t<\/div>\n\t\t\t\t\t\t<\/div>\n\t\t\t\t<\/div>\n\t\t\t\t<\/div>\n\t\t\t\t\t<\/div>\n\t\t\t\t<\/div>\n\t\t<div class=\"elementor-element elementor-element-1e3b8c7 e-flex e-con-boxed e-con e-parent\" data-id=\"1e3b8c7\" data-element_type=\"container\" data-e-type=\"container\" data-settings=\"{&quot;background_background&quot;:&quot;classic&quot;}\">\n\t\t\t\t\t<div class=\"e-con-inner\">\n\t\t\t\t<div class=\"elementor-element elementor-element-c1d0243 elementor-widget elementor-widget-heading\" data-id=\"c1d0243\" data-element_type=\"widget\" data-e-type=\"widget\" data-widget_type=\"heading.default\">\n\t\t\t\t<div class=\"elementor-widget-container\">\n\t\t\t\t\t<h3 class=\"elementor-heading-title elementor-size-default\">POUR QUI ? <\/h3>\t\t\t\t<\/div>\n\t\t\t\t<\/div>\n\t\t\t\t<div class=\"elementor-element elementor-element-11c3b79 elementor-widget elementor-widget-text-editor\" data-id=\"11c3b79\" data-element_type=\"widget\" data-e-type=\"widget\" data-widget_type=\"text-editor.default\">\n\t\t\t\t<div class=\"elementor-widget-container\">\n\t\t\t\t\t\t\t\t\tLe v\u00e9lo de route convient aux cyclistes qui veulent parcourir davantage de kilom\u00e8tres sur routes, pistes cyclables et voies goudronn\u00e9es des Landes et du Pays basque. Il s\u2019adresse \u00e0 celles et ceux qui recherchent vitesse, efficacit\u00e9 et confort pour des sorties longues ou r\u00e9guli\u00e8res.\nCe v\u00e9lo est id\u00e9al pour les sorties endurance, les balades sportives entre oc\u00e9an et campagne, les parcours vallonn\u00e9s autour de Bayonne, Biarritz, Hossegor ou encore pour rejoindre les cols et points de vue plus \u00e9loign\u00e9s. L\u00e9ger et r\u00e9actif, il offre une position optimis\u00e9e pour une meilleure performance tout en restant confortable sur de longues distances.\t\t\t\t\t\t\t\t<\/div>\n\t\t\t\t<\/div>\n\t\t\t\t\t<\/div>\n\t\t\t\t<\/div>\n\t\t<div class=\"elementor-element elementor-element-2959688 e-flex e-con-boxed e-con e-parent\" data-id=\"2959688\" data-element_type=\"container\" data-e-type=\"container\" data-settings=\"{&quot;background_background&quot;:&quot;classic&quot;}\">\n\t\t\t\t\t<div class=\"e-con-inner\">\n\t\t\t\t<div class=\"elementor-element elementor-element-cb2efcd elementor-widget elementor-widget-heading\" data-id=\"cb2efcd\" data-element_type=\"widget\" data-e-type=\"widget\" data-widget_type=\"heading.default\">\n\t\t\t\t<div class=\"elementor-widget-container\">\n\t\t\t\t\t<h3 class=\"elementor-heading-title elementor-size-default\">Descubra la regi\u00f3n en bicicleta de carretera con nuestros itinerarios<\/h3>\t\t\t\t<\/div>\n\t\t\t\t<\/div>\n\t\t\t\t<div class=\"elementor-element elementor-element-ce04f25 elementor-widget elementor-widget-text-editor\" data-id=\"ce04f25\" data-element_type=\"widget\" data-e-type=\"widget\" data-widget_type=\"text-editor.default\">\n\t\t\t\t<div class=\"elementor-widget-container\">\n\t\t\t\t\t\t\t\t\tTanto si opta por unas vacaciones en las Landas como en el Pa\u00eds Vasco, hay una gran variedad de rutas para elegir. \u00a1Elija la que m\u00e1s le convenga!\t\t\t\t\t\t\t\t<\/div>\n\t\t\t\t<\/div>\n\t\t\t\t<div class=\"elementor-element elementor-element-4a4a909 elementor-align-center elementor-widget elementor-widget-button\" data-id=\"4a4a909\" data-element_type=\"widget\" data-e-type=\"widget\" data-widget_type=\"button.default\">\n\t\t\t\t<div class=\"elementor-widget-container\">\n\t\t\t\t\t\t\t\t\t<div class=\"elementor-button-wrapper\">\n\t\t\t\t\t<a class=\"elementor-button elementor-button-link elementor-size-sm\" href=\"https:\/\/www.joebike.fr\/es\/nuestras-rutas-ciclistas\/\" target=\"_blank\" rel=\"nofollow\">\n\t\t\t\t\t\t<span class=\"elementor-button-content-wrapper\">\n\t\t\t\t\t\t\t\t\t<span class=\"elementor-button-text\">Nuestras rutas ciclistas<\/span>\n\t\t\t\t\t<\/span>\n\t\t\t\t\t<\/a>\n\t\t\t\t<\/div>\n\t\t\t\t\t\t\t\t<\/div>\n\t\t\t\t<\/div>\n\t\t\t\t\t<\/div>\n\t\t\t\t<\/div>\n\t\t\t\t<\/div>","protected":false},"excerpt":{"rendered":"<p>faites des kilom\u00e8tres v\u00e9lo de route TREK EMONDA ALR 4 TREK EMONDA ALR 4 *photos non contractuelles \/ ou mod\u00e8le \u00e9quivalent Un v\u00e9lo pour faire des kilom\u00e8tres Nous proposons diff\u00e9rents v\u00e9los de route \u00e0 la location pour vous permettre de d\u00e9couvrir pleinement les magnifiques paysages des Landes et du Pays Basque \u00e0 votre rythme. Avec [&hellip;]<\/p>\n","protected":false},"author":1,"featured_media":4529,"parent":14958,"menu_order":0,"comment_status":"closed","ping_status":"closed","template":"elementor_header_footer","meta":{"_acf_changed":false,"footnotes":""},"class_list":["post-7949","page","type-page","status-publish","has-post-thumbnail","hentry"],"acf":[],"yoast_head":"<!-- This site is optimized with the Yoast SEO Premium plugin v26.6 (Yoast SEO v27.3) - https:\/\/yoast.com\/product\/yoast-seo-premium-wordpress\/ -->\n<title>Location v\u00e9lo de route dans les Landes - Joe Bike<\/title>\n<meta name=\"description\" content=\"R\u00e9servez un v\u00e9lo de route et allez arpenter les routes landaises au milieu de la for\u00eat pour d\u00e9couvrir la r\u00e9gion autrement.\" \/>\n<meta name=\"robots\" content=\"index, follow, max-snippet:-1, max-image-preview:large, max-video-preview:-1\" \/>\n<link rel=\"canonical\" href=\"https:\/\/www.joebike.fr\/es\/les-velos-a-louer\/bicicleta-de-carretera\/\" \/>\n<meta property=\"og:locale\" content=\"es_ES\" \/>\n<meta property=\"og:type\" content=\"article\" \/>\n<meta property=\"og:title\" content=\"V\u00e9lo de route\" \/>\n<meta property=\"og:description\" content=\"R\u00e9servez un v\u00e9lo de route et allez arpenter les routes landaises au milieu de la for\u00eat pour d\u00e9couvrir la r\u00e9gion autrement.\" \/>\n<meta property=\"og:url\" content=\"https:\/\/www.joebike.fr\/es\/les-velos-a-louer\/bicicleta-de-carretera\/\" \/>\n<meta property=\"og:site_name\" content=\"Joe Bike\" \/>\n<meta property=\"article:publisher\" content=\"https:\/\/www.facebook.com\/joebikefrance\" \/>\n<meta property=\"article:modified_time\" content=\"2026-02-17T13:42:31+00:00\" \/>\n<meta property=\"og:image\" content=\"https:\/\/www.joebike.fr\/wp-content\/uploads\/2023\/07\/velo-de-route.jpg\" \/>\n\t<meta property=\"og:image:width\" content=\"2560\" \/>\n\t<meta property=\"og:image:height\" content=\"1707\" \/>\n\t<meta property=\"og:image:type\" content=\"image\/jpeg\" \/>\n<meta name=\"twitter:card\" content=\"summary_large_image\" \/>\n<script type=\"application\/ld+json\" class=\"yoast-schema-graph\">{\"@context\":\"https:\\\/\\\/schema.org\",\"@graph\":[{\"@type\":\"WebPage\",\"@id\":\"https:\\\/\\\/www.joebike.fr\\\/les-velos-a-louer\\\/velo-route\\\/\",\"url\":\"https:\\\/\\\/www.joebike.fr\\\/les-velos-a-louer\\\/velo-route\\\/\",\"name\":\"Location v\u00e9lo de route dans les Landes - Joe Bike\",\"isPartOf\":{\"@id\":\"https:\\\/\\\/www.joebike.fr\\\/#website\"},\"primaryImageOfPage\":{\"@id\":\"https:\\\/\\\/www.joebike.fr\\\/les-velos-a-louer\\\/velo-route\\\/#primaryimage\"},\"image\":{\"@id\":\"https:\\\/\\\/www.joebike.fr\\\/les-velos-a-louer\\\/velo-route\\\/#primaryimage\"},\"thumbnailUrl\":\"https:\\\/\\\/www.joebike.fr\\\/wp-content\\\/uploads\\\/2023\\\/07\\\/velo-de-route.jpg\",\"datePublished\":\"2024-03-25T06:25:53+00:00\",\"dateModified\":\"2026-02-17T13:42:31+00:00\",\"description\":\"R\u00e9servez un v\u00e9lo de route et allez arpenter les routes landaises au milieu de la for\u00eat pour d\u00e9couvrir la r\u00e9gion autrement.\",\"breadcrumb\":{\"@id\":\"https:\\\/\\\/www.joebike.fr\\\/les-velos-a-louer\\\/velo-route\\\/#breadcrumb\"},\"inLanguage\":\"es\",\"potentialAction\":[{\"@type\":\"ReadAction\",\"target\":[\"https:\\\/\\\/www.joebike.fr\\\/les-velos-a-louer\\\/velo-route\\\/\"]}]},{\"@type\":\"ImageObject\",\"inLanguage\":\"es\",\"@id\":\"https:\\\/\\\/www.joebike.fr\\\/les-velos-a-louer\\\/velo-route\\\/#primaryimage\",\"url\":\"https:\\\/\\\/www.joebike.fr\\\/wp-content\\\/uploads\\\/2023\\\/07\\\/velo-de-route.jpg\",\"contentUrl\":\"https:\\\/\\\/www.joebike.fr\\\/wp-content\\\/uploads\\\/2023\\\/07\\\/velo-de-route.jpg\",\"width\":2560,\"height\":1707,\"caption\":\"v\u00e9lo de route\"},{\"@type\":\"BreadcrumbList\",\"@id\":\"https:\\\/\\\/www.joebike.fr\\\/les-velos-a-louer\\\/velo-route\\\/#breadcrumb\",\"itemListElement\":[{\"@type\":\"ListItem\",\"position\":1,\"name\":\"Accueil\",\"item\":\"https:\\\/\\\/www.joebike.fr\\\/\"},{\"@type\":\"ListItem\",\"position\":2,\"name\":\"LOCATION V\u00c9LOS G\u00c9N\u00c9RIQUE ( 2026)\",\"item\":\"https:\\\/\\\/www.joebike.fr\\\/les-velos-a-louer\\\/\"},{\"@type\":\"ListItem\",\"position\":3,\"name\":\"V\u00e9lo de route\"}]},{\"@type\":\"WebSite\",\"@id\":\"https:\\\/\\\/www.joebike.fr\\\/#website\",\"url\":\"https:\\\/\\\/www.joebike.fr\\\/\",\"name\":\"Joe Bike\",\"description\":\"Location de v\u00e9lo dans les Landes, le Pays Basque et les Pyr\u00e9n\u00e9es\",\"publisher\":{\"@id\":\"https:\\\/\\\/www.joebike.fr\\\/#organization\"},\"potentialAction\":[{\"@type\":\"SearchAction\",\"target\":{\"@type\":\"EntryPoint\",\"urlTemplate\":\"https:\\\/\\\/www.joebike.fr\\\/?s={search_term_string}\"},\"query-input\":{\"@type\":\"PropertyValueSpecification\",\"valueRequired\":true,\"valueName\":\"search_term_string\"}}],\"inLanguage\":\"es\"},{\"@type\":\"Organization\",\"@id\":\"https:\\\/\\\/www.joebike.fr\\\/#organization\",\"name\":\"Joe Bike, sp\u00e9cialiste en location v\u00e9lo\",\"url\":\"https:\\\/\\\/www.joebike.fr\\\/\",\"logo\":{\"@type\":\"ImageObject\",\"inLanguage\":\"es\",\"@id\":\"https:\\\/\\\/www.joebike.fr\\\/#\\\/schema\\\/logo\\\/image\\\/\",\"url\":\"https:\\\/\\\/www.joebike.fr\\\/wp-content\\\/uploads\\\/2022\\\/04\\\/LOGO-JB-22_PNG.png\",\"contentUrl\":\"https:\\\/\\\/www.joebike.fr\\\/wp-content\\\/uploads\\\/2022\\\/04\\\/LOGO-JB-22_PNG.png\",\"width\":473,\"height\":473,\"caption\":\"Joe Bike, sp\u00e9cialiste en location v\u00e9lo\"},\"image\":{\"@id\":\"https:\\\/\\\/www.joebike.fr\\\/#\\\/schema\\\/logo\\\/image\\\/\"},\"sameAs\":[\"https:\\\/\\\/www.facebook.com\\\/joebikefrance\",\"https:\\\/\\\/www.instagram.com\\\/joebikefrance\"]}]}<\/script>\n<!-- \/ Yoast SEO Premium plugin. -->","yoast_head_json":{"title":"Alquiler de bicicletas de carretera en las Landas - Joe Bike","description":"Reserve una bicicleta de carretera y recorra las carreteras de las Landas en medio del bosque para descubrir la regi\u00f3n de una forma totalmente nueva.","robots":{"index":"index","follow":"follow","max-snippet":"max-snippet:-1","max-image-preview":"max-image-preview:large","max-video-preview":"max-video-preview:-1"},"canonical":"https:\/\/www.joebike.fr\/es\/les-velos-a-louer\/bicicleta-de-carretera\/","og_locale":"es_ES","og_type":"article","og_title":"V\u00e9lo de route","og_description":"R\u00e9servez un v\u00e9lo de route et allez arpenter les routes landaises au milieu de la for\u00eat pour d\u00e9couvrir la r\u00e9gion autrement.","og_url":"https:\/\/www.joebike.fr\/es\/les-velos-a-louer\/bicicleta-de-carretera\/","og_site_name":"Joe Bike","article_publisher":"https:\/\/www.facebook.com\/joebikefrance","article_modified_time":"2026-02-17T13:42:31+00:00","og_image":[{"width":2560,"height":1707,"url":"https:\/\/www.joebike.fr\/wp-content\/uploads\/2023\/07\/velo-de-route.jpg","type":"image\/jpeg"}],"twitter_card":"summary_large_image","schema":{"@context":"https:\/\/schema.org","@graph":[{"@type":"WebPage","@id":"https:\/\/www.joebike.fr\/les-velos-a-louer\/velo-route\/","url":"https:\/\/www.joebike.fr\/les-velos-a-louer\/velo-route\/","name":"Alquiler de bicicletas de carretera en las Landas - Joe Bike","isPartOf":{"@id":"https:\/\/www.joebike.fr\/#website"},"primaryImageOfPage":{"@id":"https:\/\/www.joebike.fr\/les-velos-a-louer\/velo-route\/#primaryimage"},"image":{"@id":"https:\/\/www.joebike.fr\/les-velos-a-louer\/velo-route\/#primaryimage"},"thumbnailUrl":"https:\/\/www.joebike.fr\/wp-content\/uploads\/2023\/07\/velo-de-route.jpg","datePublished":"2024-03-25T06:25:53+00:00","dateModified":"2026-02-17T13:42:31+00:00","description":"Reserve una bicicleta de carretera y recorra las carreteras de las Landas en medio del bosque para descubrir la regi\u00f3n de una forma totalmente nueva.","breadcrumb":{"@id":"https:\/\/www.joebike.fr\/les-velos-a-louer\/velo-route\/#breadcrumb"},"inLanguage":"es","potentialAction":[{"@type":"ReadAction","target":["https:\/\/www.joebike.fr\/les-velos-a-louer\/velo-route\/"]}]},{"@type":"ImageObject","inLanguage":"es","@id":"https:\/\/www.joebike.fr\/les-velos-a-louer\/velo-route\/#primaryimage","url":"https:\/\/www.joebike.fr\/wp-content\/uploads\/2023\/07\/velo-de-route.jpg","contentUrl":"https:\/\/www.joebike.fr\/wp-content\/uploads\/2023\/07\/velo-de-route.jpg","width":2560,"height":1707,"caption":"v\u00e9lo de route"},{"@type":"BreadcrumbList","@id":"https:\/\/www.joebike.fr\/les-velos-a-louer\/velo-route\/#breadcrumb","itemListElement":[{"@type":"ListItem","position":1,"name":"Accueil","item":"https:\/\/www.joebike.fr\/"},{"@type":"ListItem","position":2,"name":"LOCATION V\u00c9LOS G\u00c9N\u00c9RIQUE ( 2026)","item":"https:\/\/www.joebike.fr\/les-velos-a-louer\/"},{"@type":"ListItem","position":3,"name":"V\u00e9lo de route"}]},{"@type":"WebSite","@id":"https:\/\/www.joebike.fr\/#website","url":"https:\/\/www.joebike.fr\/","name":"Joe Bike","description":"Alquiler de bicicletas en las Landas, el Pa\u00eds Vasco y los Pirineos","publisher":{"@id":"https:\/\/www.joebike.fr\/#organization"},"potentialAction":[{"@type":"SearchAction","target":{"@type":"EntryPoint","urlTemplate":"https:\/\/www.joebike.fr\/?s={search_term_string}"},"query-input":{"@type":"PropertyValueSpecification","valueRequired":true,"valueName":"search_term_string"}}],"inLanguage":"es"},{"@type":"Organization","@id":"https:\/\/www.joebike.fr\/#organization","name":"Joe Bike, especialista en alquiler de bicicletas","url":"https:\/\/www.joebike.fr\/","logo":{"@type":"ImageObject","inLanguage":"es","@id":"https:\/\/www.joebike.fr\/#\/schema\/logo\/image\/","url":"https:\/\/www.joebike.fr\/wp-content\/uploads\/2022\/04\/LOGO-JB-22_PNG.png","contentUrl":"https:\/\/www.joebike.fr\/wp-content\/uploads\/2022\/04\/LOGO-JB-22_PNG.png","width":473,"height":473,"caption":"Joe Bike, sp\u00e9cialiste en location v\u00e9lo"},"image":{"@id":"https:\/\/www.joebike.fr\/#\/schema\/logo\/image\/"},"sameAs":["https:\/\/www.facebook.com\/joebikefrance","https:\/\/www.instagram.com\/joebikefrance"]}]}},"_links":{"self":[{"href":"https:\/\/www.joebike.fr\/es\/wp-json\/wp\/v2\/pages\/7949","targetHints":{"allow":["GET"]}}],"collection":[{"href":"https:\/\/www.joebike.fr\/es\/wp-json\/wp\/v2\/pages"}],"about":[{"href":"https:\/\/www.joebike.fr\/es\/wp-json\/wp\/v2\/types\/page"}],"author":[{"embeddable":true,"href":"https:\/\/www.joebike.fr\/es\/wp-json\/wp\/v2\/users\/1"}],"replies":[{"embeddable":true,"href":"https:\/\/www.joebike.fr\/es\/wp-json\/wp\/v2\/comments?post=7949"}],"version-history":[{"count":3,"href":"https:\/\/www.joebike.fr\/es\/wp-json\/wp\/v2\/pages\/7949\/revisions"}],"predecessor-version":[{"id":14721,"href":"https:\/\/www.joebike.fr\/es\/wp-json\/wp\/v2\/pages\/7949\/revisions\/14721"}],"up":[{"embeddable":true,"href":"https:\/\/www.joebike.fr\/es\/wp-json\/wp\/v2\/pages\/14958"}],"wp:featuredmedia":[{"embeddable":true,"href":"https:\/\/www.joebike.fr\/es\/wp-json\/wp\/v2\/media\/4529"}],"wp:attachment":[{"href":"https:\/\/www.joebike.fr\/es\/wp-json\/wp\/v2\/media?parent=7949"}],"curies":[{"name":"wp","href":"https:\/\/api.w.org\/{rel}","templated":true}]}}