{"id":10475,"date":"2024-11-20T13:50:42","date_gmt":"2024-11-20T12:50:42","guid":{"rendered":"https:\/\/www.joebike.fr\/?post_type=product&#038;p=10475"},"modified":"2025-08-12T17:12:33","modified_gmt":"2025-08-12T15:12:33","slug":"o2feel-iswan-explorer-power-8","status":"publish","type":"product","link":"https:\/\/www.joebike.fr\/es\/producto\/o2feel-iswan-explorer-power-8\/","title":{"rendered":"O2Feel - iSwan 6"},"content":{"rendered":"","protected":false},"excerpt":{"rendered":"<p>Con su cuadro de aluminio de baja altura y su bater\u00eda perfectamente integrada, esta bicicleta ofrece una conducci\u00f3n estable y equilibrada. La iSwan presume de un dise\u00f1o elegante, realzado por el revestimiento de cuero de los pu\u00f1os y el sill\u00edn, as\u00ed como de un estilo \u00fanico. Su potente pero ligero motor E6100, combinado con un cambio Altus de 8 velocidades, garantiza una conducci\u00f3n suave y agradable. Con su aspecto moderno y su car\u00e1cter premium, esta bicicleta urbana seguro que te encantar\u00e1 en cada paseo.<\/p>","protected":false},"featured_media":10480,"template":"","meta":{"_acf_changed":false},"product_brand":[236],"product_cat":[132,163,131],"product_tag":[],"class_list":{"0":"post-10475","1":"product","2":"type-product","3":"status-publish","4":"has-post-thumbnail","6":"product_brand-o2feel","7":"product_cat-velos-electriques","8":"product_cat-velos-electriques-urbains","9":"product_cat-velos-neufs","11":"first","12":"instock","13":"sale","14":"taxable","15":"shipping-taxable","16":"purchasable","17":"product-type-variable"},"acf":[],"yoast_head":"<!-- This site is optimized with the Yoast SEO Premium plugin v26.6 (Yoast SEO v27.4) - https:\/\/yoast.com\/product\/yoast-seo-premium-wordpress\/ -->\n<title>Joe Bike - Nos v\u00e9los neufs : O2Feel - iSwan 6<\/title>\n<meta name=\"description\" content=\"Avec son cadre en aluminium \u00e0 enjambement bas et sa batterie parfaitement int\u00e9gr\u00e9e, ce v\u00e9lo offre une conduite stable et \u00e9quilibr\u00e9e.\" \/>\n<meta name=\"robots\" content=\"index, follow, max-snippet:-1, max-image-preview:large, max-video-preview:-1\" \/>\n<link rel=\"canonical\" href=\"https:\/\/www.joebike.fr\/es\/producto\/o2feel-iswan-explorer-power-8\/\" \/>\n<meta property=\"og:locale\" content=\"es_ES\" \/>\n<meta property=\"og:type\" content=\"article\" \/>\n<meta property=\"og:title\" content=\"O2Feel - iSwan 6\" \/>\n<meta property=\"og:description\" content=\"Avec son cadre en aluminium \u00e0 enjambement bas et sa batterie parfaitement int\u00e9gr\u00e9e, ce v\u00e9lo offre une conduite stable et \u00e9quilibr\u00e9e.\" \/>\n<meta property=\"og:url\" content=\"https:\/\/www.joebike.fr\/es\/producto\/o2feel-iswan-explorer-power-8\/\" \/>\n<meta property=\"og:site_name\" content=\"Joe Bike\" \/>\n<meta property=\"article:publisher\" content=\"https:\/\/www.facebook.com\/joebikefrance\" \/>\n<meta property=\"article:modified_time\" content=\"2025-08-12T15:12:33+00:00\" \/>\n<meta property=\"og:image\" content=\"https:\/\/www.joebike.fr\/wp-content\/uploads\/2024\/11\/o2feel_iswan_city_boost_6-1.jpeg\" \/>\n\t<meta property=\"og:image:width\" content=\"1200\" \/>\n\t<meta property=\"og:image:height\" content=\"1200\" \/>\n\t<meta property=\"og:image:type\" content=\"image\/jpeg\" \/>\n<meta name=\"twitter:card\" content=\"summary_large_image\" \/>\n<script type=\"application\/ld+json\" class=\"yoast-schema-graph\">{\"@context\":\"https:\\\/\\\/schema.org\",\"@graph\":[{\"@type\":\"WebPage\",\"@id\":\"https:\\\/\\\/www.joebike.fr\\\/produit\\\/o2feel-iswan-6\\\/\",\"url\":\"https:\\\/\\\/www.joebike.fr\\\/produit\\\/o2feel-iswan-6\\\/\",\"name\":\"Joe Bike - Nos v\u00e9los neufs : O2Feel - iSwan 6\",\"isPartOf\":{\"@id\":\"https:\\\/\\\/www.joebike.fr\\\/#website\"},\"primaryImageOfPage\":{\"@id\":\"https:\\\/\\\/www.joebike.fr\\\/produit\\\/o2feel-iswan-6\\\/#primaryimage\"},\"image\":{\"@id\":\"https:\\\/\\\/www.joebike.fr\\\/produit\\\/o2feel-iswan-6\\\/#primaryimage\"},\"thumbnailUrl\":\"https:\\\/\\\/www.joebike.fr\\\/wp-content\\\/uploads\\\/2024\\\/11\\\/o2feel_iswan_city_boost_6-1.jpeg\",\"datePublished\":\"2024-11-20T12:50:42+00:00\",\"dateModified\":\"2025-08-12T15:12:33+00:00\",\"description\":\"Avec son cadre en aluminium \u00e0 enjambement bas et sa batterie parfaitement int\u00e9gr\u00e9e, ce v\u00e9lo offre une conduite stable et \u00e9quilibr\u00e9e.\",\"breadcrumb\":{\"@id\":\"https:\\\/\\\/www.joebike.fr\\\/produit\\\/o2feel-iswan-6\\\/#breadcrumb\"},\"inLanguage\":\"es\",\"potentialAction\":[{\"@type\":\"ReadAction\",\"target\":[\"https:\\\/\\\/www.joebike.fr\\\/produit\\\/o2feel-iswan-6\\\/\"]}]},{\"@type\":\"ImageObject\",\"inLanguage\":\"es\",\"@id\":\"https:\\\/\\\/www.joebike.fr\\\/produit\\\/o2feel-iswan-6\\\/#primaryimage\",\"url\":\"https:\\\/\\\/www.joebike.fr\\\/wp-content\\\/uploads\\\/2024\\\/11\\\/o2feel_iswan_city_boost_6-1.jpeg\",\"contentUrl\":\"https:\\\/\\\/www.joebike.fr\\\/wp-content\\\/uploads\\\/2024\\\/11\\\/o2feel_iswan_city_boost_6-1.jpeg\",\"width\":1200,\"height\":1200},{\"@type\":\"BreadcrumbList\",\"@id\":\"https:\\\/\\\/www.joebike.fr\\\/produit\\\/o2feel-iswan-6\\\/#breadcrumb\",\"itemListElement\":[{\"@type\":\"ListItem\",\"position\":1,\"name\":\"Accueil\",\"item\":\"https:\\\/\\\/www.joebike.fr\\\/\"},{\"@type\":\"ListItem\",\"position\":2,\"name\":\"Shop\",\"item\":\"https:\\\/\\\/www.joebike.fr\\\/bike-shop\\\/\"},{\"@type\":\"ListItem\",\"position\":3,\"name\":\"O2Feel &#8211; iSwan 6\"}]},{\"@type\":\"WebSite\",\"@id\":\"https:\\\/\\\/www.joebike.fr\\\/#website\",\"url\":\"https:\\\/\\\/www.joebike.fr\\\/\",\"name\":\"Joe Bike\",\"description\":\"Location de v\u00e9lo dans les Landes, le Pays Basque et les Pyr\u00e9n\u00e9es\",\"publisher\":{\"@id\":\"https:\\\/\\\/www.joebike.fr\\\/#organization\"},\"potentialAction\":[{\"@type\":\"SearchAction\",\"target\":{\"@type\":\"EntryPoint\",\"urlTemplate\":\"https:\\\/\\\/www.joebike.fr\\\/?s={search_term_string}\"},\"query-input\":{\"@type\":\"PropertyValueSpecification\",\"valueRequired\":true,\"valueName\":\"search_term_string\"}}],\"inLanguage\":\"es\"},{\"@type\":\"Organization\",\"@id\":\"https:\\\/\\\/www.joebike.fr\\\/#organization\",\"name\":\"Joe Bike, sp\u00e9cialiste en location v\u00e9lo\",\"url\":\"https:\\\/\\\/www.joebike.fr\\\/\",\"logo\":{\"@type\":\"ImageObject\",\"inLanguage\":\"es\",\"@id\":\"https:\\\/\\\/www.joebike.fr\\\/#\\\/schema\\\/logo\\\/image\\\/\",\"url\":\"https:\\\/\\\/www.joebike.fr\\\/wp-content\\\/uploads\\\/2022\\\/04\\\/LOGO-JB-22_PNG.png\",\"contentUrl\":\"https:\\\/\\\/www.joebike.fr\\\/wp-content\\\/uploads\\\/2022\\\/04\\\/LOGO-JB-22_PNG.png\",\"width\":473,\"height\":473,\"caption\":\"Joe Bike, sp\u00e9cialiste en location v\u00e9lo\"},\"image\":{\"@id\":\"https:\\\/\\\/www.joebike.fr\\\/#\\\/schema\\\/logo\\\/image\\\/\"},\"sameAs\":[\"https:\\\/\\\/www.facebook.com\\\/joebikefrance\",\"https:\\\/\\\/www.instagram.com\\\/joebikefrance\"]}]}<\/script>\n<!-- \/ Yoast SEO Premium plugin. -->","yoast_head_json":{"title":"Joe Bike - Nuestras nuevas bicicletas : O2Feel - iSwan 6","description":"Con su cuadro de aluminio de baja altura y su bater\u00eda perfectamente integrada, esta bicicleta ofrece una conducci\u00f3n estable y equilibrada.","robots":{"index":"index","follow":"follow","max-snippet":"max-snippet:-1","max-image-preview":"max-image-preview:large","max-video-preview":"max-video-preview:-1"},"canonical":"https:\/\/www.joebike.fr\/es\/producto\/o2feel-iswan-explorer-power-8\/","og_locale":"es_ES","og_type":"article","og_title":"O2Feel - iSwan 6","og_description":"Avec son cadre en aluminium \u00e0 enjambement bas et sa batterie parfaitement int\u00e9gr\u00e9e, ce v\u00e9lo offre une conduite stable et \u00e9quilibr\u00e9e.","og_url":"https:\/\/www.joebike.fr\/es\/producto\/o2feel-iswan-explorer-power-8\/","og_site_name":"Joe Bike","article_publisher":"https:\/\/www.facebook.com\/joebikefrance","article_modified_time":"2025-08-12T15:12:33+00:00","og_image":[{"width":1200,"height":1200,"url":"https:\/\/www.joebike.fr\/wp-content\/uploads\/2024\/11\/o2feel_iswan_city_boost_6-1.jpeg","type":"image\/jpeg"}],"twitter_card":"summary_large_image","schema":{"@context":"https:\/\/schema.org","@graph":[{"@type":"WebPage","@id":"https:\/\/www.joebike.fr\/produit\/o2feel-iswan-6\/","url":"https:\/\/www.joebike.fr\/produit\/o2feel-iswan-6\/","name":"Joe Bike - Nuestras nuevas bicicletas : O2Feel - iSwan 6","isPartOf":{"@id":"https:\/\/www.joebike.fr\/#website"},"primaryImageOfPage":{"@id":"https:\/\/www.joebike.fr\/produit\/o2feel-iswan-6\/#primaryimage"},"image":{"@id":"https:\/\/www.joebike.fr\/produit\/o2feel-iswan-6\/#primaryimage"},"thumbnailUrl":"https:\/\/www.joebike.fr\/wp-content\/uploads\/2024\/11\/o2feel_iswan_city_boost_6-1.jpeg","datePublished":"2024-11-20T12:50:42+00:00","dateModified":"2025-08-12T15:12:33+00:00","description":"Con su cuadro de aluminio de baja altura y su bater\u00eda perfectamente integrada, esta bicicleta ofrece una conducci\u00f3n estable y equilibrada.","breadcrumb":{"@id":"https:\/\/www.joebike.fr\/produit\/o2feel-iswan-6\/#breadcrumb"},"inLanguage":"es","potentialAction":[{"@type":"ReadAction","target":["https:\/\/www.joebike.fr\/produit\/o2feel-iswan-6\/"]}]},{"@type":"ImageObject","inLanguage":"es","@id":"https:\/\/www.joebike.fr\/produit\/o2feel-iswan-6\/#primaryimage","url":"https:\/\/www.joebike.fr\/wp-content\/uploads\/2024\/11\/o2feel_iswan_city_boost_6-1.jpeg","contentUrl":"https:\/\/www.joebike.fr\/wp-content\/uploads\/2024\/11\/o2feel_iswan_city_boost_6-1.jpeg","width":1200,"height":1200},{"@type":"BreadcrumbList","@id":"https:\/\/www.joebike.fr\/produit\/o2feel-iswan-6\/#breadcrumb","itemListElement":[{"@type":"ListItem","position":1,"name":"Accueil","item":"https:\/\/www.joebike.fr\/"},{"@type":"ListItem","position":2,"name":"Shop","item":"https:\/\/www.joebike.fr\/bike-shop\/"},{"@type":"ListItem","position":3,"name":"O2Feel &#8211; iSwan 6"}]},{"@type":"WebSite","@id":"https:\/\/www.joebike.fr\/#website","url":"https:\/\/www.joebike.fr\/","name":"Joe Bike","description":"Alquiler de bicicletas en las Landas, el Pa\u00eds Vasco y los Pirineos","publisher":{"@id":"https:\/\/www.joebike.fr\/#organization"},"potentialAction":[{"@type":"SearchAction","target":{"@type":"EntryPoint","urlTemplate":"https:\/\/www.joebike.fr\/?s={search_term_string}"},"query-input":{"@type":"PropertyValueSpecification","valueRequired":true,"valueName":"search_term_string"}}],"inLanguage":"es"},{"@type":"Organization","@id":"https:\/\/www.joebike.fr\/#organization","name":"Joe Bike, especialista en alquiler de bicicletas","url":"https:\/\/www.joebike.fr\/","logo":{"@type":"ImageObject","inLanguage":"es","@id":"https:\/\/www.joebike.fr\/#\/schema\/logo\/image\/","url":"https:\/\/www.joebike.fr\/wp-content\/uploads\/2022\/04\/LOGO-JB-22_PNG.png","contentUrl":"https:\/\/www.joebike.fr\/wp-content\/uploads\/2022\/04\/LOGO-JB-22_PNG.png","width":473,"height":473,"caption":"Joe Bike, sp\u00e9cialiste en location v\u00e9lo"},"image":{"@id":"https:\/\/www.joebike.fr\/#\/schema\/logo\/image\/"},"sameAs":["https:\/\/www.facebook.com\/joebikefrance","https:\/\/www.instagram.com\/joebikefrance"]}]}},"_links":{"self":[{"href":"https:\/\/www.joebike.fr\/es\/wp-json\/wp\/v2\/product\/10475","targetHints":{"allow":["GET"]}}],"collection":[{"href":"https:\/\/www.joebike.fr\/es\/wp-json\/wp\/v2\/product"}],"about":[{"href":"https:\/\/www.joebike.fr\/es\/wp-json\/wp\/v2\/types\/product"}],"version-history":[{"count":0,"href":"https:\/\/www.joebike.fr\/es\/wp-json\/wp\/v2\/product\/10475\/revisions"}],"wp:featuredmedia":[{"embeddable":true,"href":"https:\/\/www.joebike.fr\/es\/wp-json\/wp\/v2\/media\/10480"}],"wp:attachment":[{"href":"https:\/\/www.joebike.fr\/es\/wp-json\/wp\/v2\/media?parent=10475"}],"wp:term":[{"taxonomy":"product_brand","embeddable":true,"href":"https:\/\/www.joebike.fr\/es\/wp-json\/wp\/v2\/product_brand?post=10475"},{"taxonomy":"product_cat","embeddable":true,"href":"https:\/\/www.joebike.fr\/es\/wp-json\/wp\/v2\/product_cat?post=10475"},{"taxonomy":"product_tag","embeddable":true,"href":"https:\/\/www.joebike.fr\/es\/wp-json\/wp\/v2\/product_tag?post=10475"}],"curies":[{"name":"wp","href":"https:\/\/api.w.org\/{rel}","templated":true}]}}