{"id":11923,"date":"2025-03-25T12:23:36","date_gmt":"2025-03-25T11:23:36","guid":{"rendered":"https:\/\/www.joebike.fr\/?post_type=product&#038;p=11923"},"modified":"2025-08-12T17:07:49","modified_gmt":"2025-08-12T15:07:49","slug":"moustache-samedi-27-xroad-3-open","status":"publish","type":"product","link":"https:\/\/www.joebike.fr\/es\/producto\/moustache-samedi-27-xroad-3-open\/","title":{"rendered":"Moustache - S\u00e1bado 27 Xroad 3"},"content":{"rendered":"<table class=\"table\">\n<tbody>\n<tr class=\"compare-feature\">\n<td class=\"d-none d-md-table-cell compare-feature-header level-0\">MARCO<\/td>\n<td><strong class=\"text-uppercase\">CADRE: <\/strong>Xroad Open, aluminium 6061 T4-T6, tubes hydroform\u00e9s \u00e0 \u00e9paisseur variable, int\u00e9gration exclusive pour batterie Bosch PowerTube (verticale), passage de gaines int\u00e9gr\u00e9.<\/td>\n<\/tr>\n<tr class=\"compare-feature\">\n<td class=\"d-none d-md-table-cell compare-feature-header level-0\">SUSPENSIONS<\/td>\n<td><strong class=\"text-uppercase\">FOURCHE: <\/strong>SR Suntour, XCM ATB, HLO, r\u00e9glage de la pr\u00e9contrainte et fonction blocage, 80mm de d\u00e9battement<\/td>\n<\/tr>\n<tr class=\"compare-feature\">\n<td class=\"d-none d-md-table-cell compare-feature-header level-0\">SYST\u00c8ME MOTEUR<\/td>\n<td><strong class=\"text-uppercase\">MOTEUR: <\/strong>Bosch, Performance Line, 250W, Smart System, 75Nm<\/p>\n<p><strong class=\"text-uppercase\">BATTERIE: <\/strong>Bosch, PowerTube 500Wh, verticale, Smart System<\/p>\n<p><strong class=\"text-uppercase\">AUTONOMIE*: <\/strong>116km<\/p>\n<p><strong class=\"text-uppercase\">CHARGEUR: <\/strong>Bosch, 4Ah<\/p>\n<p><strong class=\"text-uppercase\">COMPTEUR: <\/strong>Bosch, Intuvia 100, Smart System, compact, \u00ab\u00a0Walk Assist\u00a0\u00bb<\/p>\n<p><strong class=\"text-uppercase\">COMMANDE: <\/strong>Bosch, LED remote Bluetooth<\/td>\n<\/tr>\n<tr class=\"compare-feature\">\n<td class=\"d-none d-md-table-cell compare-feature-header level-0\">TRANSMISI\u00d3N<\/td>\n<td><strong class=\"text-uppercase\">D\u00c9RAILLEUR: <\/strong>Shimano, Deore, RD-M4120-SGS, 10-11 vitesses<\/p>\n<p><strong class=\"text-uppercase\">PLATEAU: <\/strong>40 dents, Narrow Wide moteur Gen3 Lundi Mardi Samedi 28 Xroad<\/p>\n<p><strong class=\"text-uppercase\">CASSETTE: <\/strong>Sunrace, CSMS2, 10 vitesses, 11-42<\/p>\n<p><strong class=\"text-uppercase\">CHA\u00ceNE: <\/strong>KMC, X10, 10 vitesses, 120 maillons<\/p>\n<p><strong class=\"text-uppercase\">MANETTE: <\/strong>Shimano, Deore, SL-M4100-R, 10 vitesses<\/p>\n<p><strong class=\"text-uppercase\">P\u00c9DALIER: <\/strong>Moustache, aluminium, 170mm moteur Gen3<\/td>\n<\/tr>\n<tr class=\"compare-feature\">\n<td class=\"d-none d-md-table-cell compare-feature-header level-0\">FRENOS<\/td>\n<td><strong class=\"text-uppercase\">FREIN AV: <\/strong>Shimano, MT200 ou Alhonga HJ-472, frein \u00e0 disque hydraulique<\/p>\n<p><strong class=\"text-uppercase\">FREIN AR: <\/strong>Shimano, MT200 ou Alhonga HJ-472, frein \u00e0 disque hydraulique<\/p>\n<p><strong class=\"text-uppercase\">DISQUE AV: <\/strong>Shimano, 180mm ou Alhonga, 180mm<\/p>\n<p><strong class=\"text-uppercase\">DISQUE AR: <\/strong>Shimano, 160mm ou Alhonga, 160mm<\/td>\n<\/tr>\n<tr class=\"compare-feature\">\n<td class=\"d-none d-md-table-cell compare-feature-header level-0\">RUEDAS<\/td>\n<td><strong class=\"text-uppercase\">MOYEU AV: <\/strong>Shimano, 32 trous, 9x100mm, serrage rapide<\/p>\n<p><strong class=\"text-uppercase\">MOYEU AR: <\/strong>Shimano, 32 trous, 9x135mm, serrage rapide<\/p>\n<p><strong class=\"text-uppercase\">JANTE AV: <\/strong>Moustache, asym\u00e9triques, aluminium 6061E, soud\u00e9es, 32 trous, 27.5&Prime;, largeur interne 23mm<\/p>\n<p><strong class=\"text-uppercase\">JANTE AR: <\/strong>Moustache, asym\u00e9triques, aluminium 6061E, soud\u00e9es, 32 trous, 27.5&Prime;, largeur interne 23mm<\/p>\n<p><strong class=\"text-uppercase\">PNEU AV: <\/strong>Hutchinson, Python 2, 27.5&#215;2.10<\/td>\n<\/tr>\n<tr class=\"compare-feature\">\n<td class=\"d-none d-md-table-cell compare-feature-header level-0\">COCKPIT \/ POSTE DE PILOTAGE<\/td>\n<td><strong class=\"text-uppercase\">SELLE: <\/strong>Selle Royal, Shadow+<\/p>\n<p><strong class=\"text-uppercase\">TIGE DE SELLE: <\/strong>Suspendue, aluminium, 31.6mm, 350mm, 40mm de d\u00e9battement<\/p>\n<p><strong class=\"text-uppercase\">COLLIER DE SELLE: <\/strong>Moustache, aluminium, 34.9mm<\/p>\n<p><strong class=\"text-uppercase\">GUIDON: <\/strong>Moustache, ergonomique, aluminium, 680mm, backsweep 25\u00b0<\/p>\n<p><strong class=\"text-uppercase\">POTENCE: <\/strong>Moustache, aluminium, r\u00e9glable, 90mm<\/p>\n<p><strong class=\"text-uppercase\">JEU DE DIRECTION: <\/strong>FSA, No 57B-1<\/p>\n<p><strong class=\"text-uppercase\">POIGN\u00c9ES: <\/strong>Ergonomiques, double densit\u00e9<\/td>\n<\/tr>\n<tr class=\"compare-feature\">\n<td class=\"d-none d-md-table-cell compare-feature-header level-0\">\u00c9QUIPEMENTS<\/td>\n<td><strong class=\"text-uppercase\">GARDE-BOUE: <\/strong>Moustache, aluminium, tubulaires double paroi, ultra-stables<\/p>\n<p><strong class=\"text-uppercase\">PORTE-BAGAGES: <\/strong>Moustache, aluminum, fixations lat\u00e9rales QL3 amovibles et plateforme MIK HD<\/p>\n<p><strong class=\"text-uppercase\">P\u00c9DALES: <\/strong>Plateforme aluminium avec r\u00e9flecteurs<\/p>\n<p><strong class=\"text-uppercase\">\u00c9CLAIRAGE AV: <\/strong>AXA, Blueline, 30 lux, aliment\u00e9 par la batterie principale<\/p>\n<p><strong class=\"text-uppercase\">\u00c9CLAIRAGE AR: <\/strong>Spanninga, Presto2Guard, aliment\u00e9 par la batterie principale<\/p>\n<p><strong class=\"text-uppercase\">B\u00c9QUILLE: <\/strong>Moustache, r\u00e9glable<\/td>\n<\/tr>\n<tr class=\"compare-feature\">\n<td class=\"d-none d-md-table-cell compare-feature-header level-0\">CARACT\u00c9RISTIQUES<\/td>\n<td><strong class=\"text-uppercase\">TAILLE: <\/strong>S<\/p>\n<p><strong class=\"text-uppercase\">COULEUR: <\/strong>Titanium brillant<\/p>\n<p><strong class=\"text-uppercase\">POIDS: <\/strong>25.9kg<\/p>\n<p><strong class=\"text-uppercase\">PTAC: <\/strong>135kg<\/td>\n<\/tr>\n<tr class=\"compare-feature\">\n<td class=\"d-none d-md-table-cell compare-feature-header level-0\">GARANT\u00cdA<\/td>\n<td><strong class=\"text-uppercase\">GARANTIE: <\/strong>5 ans cadre et fourche Moustache Bikes &#8211; 2 ans moteur, batterie<\/td>\n<\/tr>\n<\/tbody>\n<\/table>","protected":false},"excerpt":{"rendered":"<p>En Moustache, mezclar un ATV y una bicicleta urbana da lugar a la Xroad, \u00a1nuestra todoterreno por excelencia!<\/p>\n<p>Con su cuadro r\u00edgido, la bater\u00eda Bosch PowerTube de 625 Wh y el Bosch Performance Line Smart System, la Xroad 3 combina dinamismo y confort. Su horquilla con 80 mm de recorrido y su tija de sill\u00edn con suspensi\u00f3n ofrecen una conducci\u00f3n agradable, incluso en terrenos exigentes.<\/p>\n<p>Tambi\u00e9n cuenta con un pr\u00e1ctico equipamiento, que incluye un portaequipajes compatible con las normas QL3 y MIK, y una potente iluminaci\u00f3n delantera y trasera. Ideal para desplazamientos diarios o aventuras de larga distancia, se adapta a todas tus necesidades.<\/p>\n<p>En la versi\u00f3n Open, el tubo superior rebajado mejora la accesibilidad gracias a una mayor holgura en la entrepierna, lo que hace que cada salida sea a\u00fan m\u00e1s c\u00f3moda.<\/p>","protected":false},"featured_media":11926,"template":"","meta":{"_acf_changed":false},"product_brand":[232],"product_cat":[132,163,131,198],"product_tag":[],"class_list":{"0":"post-11923","1":"product","2":"type-product","3":"status-publish","4":"has-post-thumbnail","6":"product_brand-moustache","7":"product_cat-velos-electriques","8":"product_cat-velos-electriques-urbains","9":"product_cat-velos-neufs","10":"product_cat-velos-tout-chemin-electriques","12":"first","13":"instock","14":"taxable","15":"shipping-taxable","16":"purchasable","17":"product-type-variable"},"acf":[],"yoast_head":"<!-- This site is optimized with the Yoast SEO Premium plugin v26.6 (Yoast SEO v27.3) - https:\/\/yoast.com\/product\/yoast-seo-premium-wordpress\/ -->\n<title>Joe Bike - Nos v\u00e9los neufs : Moustache - Samedi 27 Xroad 3<\/title>\n<meta name=\"description\" content=\"Avec son cadre rigide int\u00e9grant une batterie Bosch PowerTube de 625Wh et une motorisation Bosch Performance Line Smart System, le Xroad 3 allie dynamisme et confort.\" \/>\n<meta name=\"robots\" content=\"index, follow, max-snippet:-1, max-image-preview:large, max-video-preview:-1\" \/>\n<link rel=\"canonical\" href=\"https:\/\/www.joebike.fr\/es\/producto\/moustache-samedi-27-xroad-3-open\/\" \/>\n<meta property=\"og:locale\" content=\"es_ES\" \/>\n<meta property=\"og:type\" content=\"article\" \/>\n<meta property=\"og:title\" content=\"Moustache - Samedi 27 Xroad 3\" \/>\n<meta property=\"og:description\" content=\"Avec son cadre rigide int\u00e9grant une batterie Bosch PowerTube de 625Wh et une motorisation Bosch Performance Line Smart System, le Xroad 3 allie dynamisme et confort.\" \/>\n<meta property=\"og:url\" content=\"https:\/\/www.joebike.fr\/es\/producto\/moustache-samedi-27-xroad-3-open\/\" \/>\n<meta property=\"og:site_name\" content=\"Joe Bike\" \/>\n<meta property=\"article:publisher\" content=\"https:\/\/www.facebook.com\/joebikefrance\" \/>\n<meta property=\"article:modified_time\" content=\"2025-08-12T15:07:49+00:00\" \/>\n<meta property=\"og:image\" content=\"https:\/\/www.joebike.fr\/wp-content\/uploads\/2025\/03\/Samedi-27-Xroad-3.png\" \/>\n\t<meta property=\"og:image:width\" content=\"1200\" \/>\n\t<meta property=\"og:image:height\" content=\"900\" \/>\n\t<meta property=\"og:image:type\" content=\"image\/png\" \/>\n<meta name=\"twitter:card\" content=\"summary_large_image\" \/>\n<script type=\"application\/ld+json\" class=\"yoast-schema-graph\">{\"@context\":\"https:\\\/\\\/schema.org\",\"@graph\":[{\"@type\":\"WebPage\",\"@id\":\"https:\\\/\\\/www.joebike.fr\\\/produit\\\/moustache-samedi-27-xroad-3-open\\\/\",\"url\":\"https:\\\/\\\/www.joebike.fr\\\/produit\\\/moustache-samedi-27-xroad-3-open\\\/\",\"name\":\"Joe Bike - Nos v\u00e9los neufs : Moustache - Samedi 27 Xroad 3\",\"isPartOf\":{\"@id\":\"https:\\\/\\\/www.joebike.fr\\\/#website\"},\"primaryImageOfPage\":{\"@id\":\"https:\\\/\\\/www.joebike.fr\\\/produit\\\/moustache-samedi-27-xroad-3-open\\\/#primaryimage\"},\"image\":{\"@id\":\"https:\\\/\\\/www.joebike.fr\\\/produit\\\/moustache-samedi-27-xroad-3-open\\\/#primaryimage\"},\"thumbnailUrl\":\"https:\\\/\\\/www.joebike.fr\\\/wp-content\\\/uploads\\\/2025\\\/03\\\/Samedi-27-Xroad-3.png\",\"datePublished\":\"2025-03-25T11:23:36+00:00\",\"dateModified\":\"2025-08-12T15:07:49+00:00\",\"description\":\"Avec son cadre rigide int\u00e9grant une batterie Bosch PowerTube de 625Wh et une motorisation Bosch Performance Line Smart System, le Xroad 3 allie dynamisme et confort.\",\"breadcrumb\":{\"@id\":\"https:\\\/\\\/www.joebike.fr\\\/produit\\\/moustache-samedi-27-xroad-3-open\\\/#breadcrumb\"},\"inLanguage\":\"es\",\"potentialAction\":[{\"@type\":\"ReadAction\",\"target\":[\"https:\\\/\\\/www.joebike.fr\\\/produit\\\/moustache-samedi-27-xroad-3-open\\\/\"]}]},{\"@type\":\"ImageObject\",\"inLanguage\":\"es\",\"@id\":\"https:\\\/\\\/www.joebike.fr\\\/produit\\\/moustache-samedi-27-xroad-3-open\\\/#primaryimage\",\"url\":\"https:\\\/\\\/www.joebike.fr\\\/wp-content\\\/uploads\\\/2025\\\/03\\\/Samedi-27-Xroad-3.png\",\"contentUrl\":\"https:\\\/\\\/www.joebike.fr\\\/wp-content\\\/uploads\\\/2025\\\/03\\\/Samedi-27-Xroad-3.png\",\"width\":1200,\"height\":900},{\"@type\":\"BreadcrumbList\",\"@id\":\"https:\\\/\\\/www.joebike.fr\\\/produit\\\/moustache-samedi-27-xroad-3-open\\\/#breadcrumb\",\"itemListElement\":[{\"@type\":\"ListItem\",\"position\":1,\"name\":\"Accueil\",\"item\":\"https:\\\/\\\/www.joebike.fr\\\/\"},{\"@type\":\"ListItem\",\"position\":2,\"name\":\"Shop\",\"item\":\"https:\\\/\\\/www.joebike.fr\\\/bike-shop\\\/\"},{\"@type\":\"ListItem\",\"position\":3,\"name\":\"Moustache &#8211; Samedi 27 Xroad 3\"}]},{\"@type\":\"WebSite\",\"@id\":\"https:\\\/\\\/www.joebike.fr\\\/#website\",\"url\":\"https:\\\/\\\/www.joebike.fr\\\/\",\"name\":\"Joe Bike\",\"description\":\"Location de v\u00e9lo dans les Landes, le Pays Basque et les Pyr\u00e9n\u00e9es\",\"publisher\":{\"@id\":\"https:\\\/\\\/www.joebike.fr\\\/#organization\"},\"potentialAction\":[{\"@type\":\"SearchAction\",\"target\":{\"@type\":\"EntryPoint\",\"urlTemplate\":\"https:\\\/\\\/www.joebike.fr\\\/?s={search_term_string}\"},\"query-input\":{\"@type\":\"PropertyValueSpecification\",\"valueRequired\":true,\"valueName\":\"search_term_string\"}}],\"inLanguage\":\"es\"},{\"@type\":\"Organization\",\"@id\":\"https:\\\/\\\/www.joebike.fr\\\/#organization\",\"name\":\"Joe Bike, sp\u00e9cialiste en location v\u00e9lo\",\"url\":\"https:\\\/\\\/www.joebike.fr\\\/\",\"logo\":{\"@type\":\"ImageObject\",\"inLanguage\":\"es\",\"@id\":\"https:\\\/\\\/www.joebike.fr\\\/#\\\/schema\\\/logo\\\/image\\\/\",\"url\":\"https:\\\/\\\/www.joebike.fr\\\/wp-content\\\/uploads\\\/2022\\\/04\\\/LOGO-JB-22_PNG.png\",\"contentUrl\":\"https:\\\/\\\/www.joebike.fr\\\/wp-content\\\/uploads\\\/2022\\\/04\\\/LOGO-JB-22_PNG.png\",\"width\":473,\"height\":473,\"caption\":\"Joe Bike, sp\u00e9cialiste en location v\u00e9lo\"},\"image\":{\"@id\":\"https:\\\/\\\/www.joebike.fr\\\/#\\\/schema\\\/logo\\\/image\\\/\"},\"sameAs\":[\"https:\\\/\\\/www.facebook.com\\\/joebikefrance\",\"https:\\\/\\\/www.instagram.com\\\/joebikefrance\"]}]}<\/script>\n<!-- \/ Yoast SEO Premium plugin. -->","yoast_head_json":{"title":"Joe Bike - Nuestras nuevas bicicletas : Moustache - Saturday 27 Xroad 3","description":"Con su chasis r\u00edgido, la bater\u00eda Bosch PowerTube de 625 Wh y el motor Bosch Performance Line Smart System, la Xroad 3 combina dinamismo y confort.","robots":{"index":"index","follow":"follow","max-snippet":"max-snippet:-1","max-image-preview":"max-image-preview:large","max-video-preview":"max-video-preview:-1"},"canonical":"https:\/\/www.joebike.fr\/es\/producto\/moustache-samedi-27-xroad-3-open\/","og_locale":"es_ES","og_type":"article","og_title":"Moustache - Samedi 27 Xroad 3","og_description":"Avec son cadre rigide int\u00e9grant une batterie Bosch PowerTube de 625Wh et une motorisation Bosch Performance Line Smart System, le Xroad 3 allie dynamisme et confort.","og_url":"https:\/\/www.joebike.fr\/es\/producto\/moustache-samedi-27-xroad-3-open\/","og_site_name":"Joe Bike","article_publisher":"https:\/\/www.facebook.com\/joebikefrance","article_modified_time":"2025-08-12T15:07:49+00:00","og_image":[{"width":1200,"height":900,"url":"https:\/\/www.joebike.fr\/wp-content\/uploads\/2025\/03\/Samedi-27-Xroad-3.png","type":"image\/png"}],"twitter_card":"summary_large_image","schema":{"@context":"https:\/\/schema.org","@graph":[{"@type":"WebPage","@id":"https:\/\/www.joebike.fr\/produit\/moustache-samedi-27-xroad-3-open\/","url":"https:\/\/www.joebike.fr\/produit\/moustache-samedi-27-xroad-3-open\/","name":"Joe Bike - Nuestras nuevas bicicletas : Moustache - Saturday 27 Xroad 3","isPartOf":{"@id":"https:\/\/www.joebike.fr\/#website"},"primaryImageOfPage":{"@id":"https:\/\/www.joebike.fr\/produit\/moustache-samedi-27-xroad-3-open\/#primaryimage"},"image":{"@id":"https:\/\/www.joebike.fr\/produit\/moustache-samedi-27-xroad-3-open\/#primaryimage"},"thumbnailUrl":"https:\/\/www.joebike.fr\/wp-content\/uploads\/2025\/03\/Samedi-27-Xroad-3.png","datePublished":"2025-03-25T11:23:36+00:00","dateModified":"2025-08-12T15:07:49+00:00","description":"Con su chasis r\u00edgido, la bater\u00eda Bosch PowerTube de 625 Wh y el motor Bosch Performance Line Smart System, la Xroad 3 combina dinamismo y confort.","breadcrumb":{"@id":"https:\/\/www.joebike.fr\/produit\/moustache-samedi-27-xroad-3-open\/#breadcrumb"},"inLanguage":"es","potentialAction":[{"@type":"ReadAction","target":["https:\/\/www.joebike.fr\/produit\/moustache-samedi-27-xroad-3-open\/"]}]},{"@type":"ImageObject","inLanguage":"es","@id":"https:\/\/www.joebike.fr\/produit\/moustache-samedi-27-xroad-3-open\/#primaryimage","url":"https:\/\/www.joebike.fr\/wp-content\/uploads\/2025\/03\/Samedi-27-Xroad-3.png","contentUrl":"https:\/\/www.joebike.fr\/wp-content\/uploads\/2025\/03\/Samedi-27-Xroad-3.png","width":1200,"height":900},{"@type":"BreadcrumbList","@id":"https:\/\/www.joebike.fr\/produit\/moustache-samedi-27-xroad-3-open\/#breadcrumb","itemListElement":[{"@type":"ListItem","position":1,"name":"Accueil","item":"https:\/\/www.joebike.fr\/"},{"@type":"ListItem","position":2,"name":"Shop","item":"https:\/\/www.joebike.fr\/bike-shop\/"},{"@type":"ListItem","position":3,"name":"Moustache &#8211; Samedi 27 Xroad 3"}]},{"@type":"WebSite","@id":"https:\/\/www.joebike.fr\/#website","url":"https:\/\/www.joebike.fr\/","name":"Joe Bike","description":"Alquiler de bicicletas en las Landas, el Pa\u00eds Vasco y los Pirineos","publisher":{"@id":"https:\/\/www.joebike.fr\/#organization"},"potentialAction":[{"@type":"SearchAction","target":{"@type":"EntryPoint","urlTemplate":"https:\/\/www.joebike.fr\/?s={search_term_string}"},"query-input":{"@type":"PropertyValueSpecification","valueRequired":true,"valueName":"search_term_string"}}],"inLanguage":"es"},{"@type":"Organization","@id":"https:\/\/www.joebike.fr\/#organization","name":"Joe Bike, especialista en alquiler de bicicletas","url":"https:\/\/www.joebike.fr\/","logo":{"@type":"ImageObject","inLanguage":"es","@id":"https:\/\/www.joebike.fr\/#\/schema\/logo\/image\/","url":"https:\/\/www.joebike.fr\/wp-content\/uploads\/2022\/04\/LOGO-JB-22_PNG.png","contentUrl":"https:\/\/www.joebike.fr\/wp-content\/uploads\/2022\/04\/LOGO-JB-22_PNG.png","width":473,"height":473,"caption":"Joe Bike, sp\u00e9cialiste en location v\u00e9lo"},"image":{"@id":"https:\/\/www.joebike.fr\/#\/schema\/logo\/image\/"},"sameAs":["https:\/\/www.facebook.com\/joebikefrance","https:\/\/www.instagram.com\/joebikefrance"]}]}},"_links":{"self":[{"href":"https:\/\/www.joebike.fr\/es\/wp-json\/wp\/v2\/product\/11923","targetHints":{"allow":["GET"]}}],"collection":[{"href":"https:\/\/www.joebike.fr\/es\/wp-json\/wp\/v2\/product"}],"about":[{"href":"https:\/\/www.joebike.fr\/es\/wp-json\/wp\/v2\/types\/product"}],"version-history":[{"count":0,"href":"https:\/\/www.joebike.fr\/es\/wp-json\/wp\/v2\/product\/11923\/revisions"}],"wp:featuredmedia":[{"embeddable":true,"href":"https:\/\/www.joebike.fr\/es\/wp-json\/wp\/v2\/media\/11926"}],"wp:attachment":[{"href":"https:\/\/www.joebike.fr\/es\/wp-json\/wp\/v2\/media?parent=11923"}],"wp:term":[{"taxonomy":"product_brand","embeddable":true,"href":"https:\/\/www.joebike.fr\/es\/wp-json\/wp\/v2\/product_brand?post=11923"},{"taxonomy":"product_cat","embeddable":true,"href":"https:\/\/www.joebike.fr\/es\/wp-json\/wp\/v2\/product_cat?post=11923"},{"taxonomy":"product_tag","embeddable":true,"href":"https:\/\/www.joebike.fr\/es\/wp-json\/wp\/v2\/product_tag?post=11923"}],"curies":[{"name":"wp","href":"https:\/\/api.w.org\/{rel}","templated":true}]}}