{"id":13169,"date":"2025-07-25T10:17:58","date_gmt":"2025-07-25T08:17:58","guid":{"rendered":"https:\/\/www.joebike.fr\/?post_type=product&#038;p=13169"},"modified":"2025-12-30T18:30:05","modified_gmt":"2025-12-30T17:30:05","slug":"sunn-start-s1-2025","status":"publish","type":"product","link":"https:\/\/www.joebike.fr\/es\/producto\/sunn-start-s1-2025\/","title":{"rendered":"Sunn &#8211; Start S1 (2025)"},"content":{"rendered":"<table border=\"1\">\n<tbody>\n<tr>\n<th>\u00c9l\u00e9ment<\/th>\n<th>Sp\u00e9cifications<\/th>\n<\/tr>\n<tr>\n<td>Marco<\/td>\n<td>ALLOY 6061 OPEN FRAME, SEMI INTEGRATED POWERPACK, INTERNAL CABLE ROUTING, INTEGRATED RACK<\/td>\n<\/tr>\n<tr>\n<td>Horquilla<\/td>\n<td>ZOOM 860 S -29 AMS 80MM<\/td>\n<\/tr>\n<tr>\n<td>Motor<\/td>\n<td>BOSCH SMART SYSTEM ACTIVE LINE PLUS 250W \/ 50Nm<\/td>\n<\/tr>\n<tr>\n<td>Bater\u00eda<\/td>\n<td>BOSCH POWERPACK 400Wh<\/td>\n<\/tr>\n<tr>\n<td>\u00c9cran<\/td>\n<td>BOSCH PURION 200<\/td>\n<\/tr>\n<tr>\n<td>Cambio trasero<\/td>\n<td>SHIMANO CUES RD-U3020 9V<\/td>\n<\/tr>\n<tr>\n<td>Manette de d\u00e9railleur<\/td>\n<td>SHIMANO SL-U4000 9V<\/td>\n<\/tr>\n<tr>\n<td>Cassette<\/td>\n<td>SHIMANO CS-LG300 9V 11-36T<\/td>\n<\/tr>\n<tr>\n<td>Pedales<\/td>\n<td>FSA CK-220 160MM 38T MIRANDA<\/td>\n<\/tr>\n<tr>\n<td>Frenos<\/td>\n<td>SHIMANO MT200 160\/160<\/td>\n<\/tr>\n<tr>\n<td>Tama\u00f1o de la rueda<\/td>\n<td>27,5\u00a0\u00bb<\/td>\n<\/tr>\n<tr>\n<td>Ruedas<\/td>\n<td>27,5 x 2,50<\/td>\n<\/tr>\n<tr>\n<td>Llantas<\/td>\n<td>MACH1 KARMA DISC 21c 32T<\/td>\n<\/tr>\n<tr>\n<td>Cubo<\/td>\n<td>BUJES DE DISCO DE 6 ORIFICIOS<\/td>\n<\/tr>\n<tr>\n<td>Neum\u00e1ticos<\/td>\n<td>27,5 x 2,50<\/td>\n<\/tr>\n<tr>\n<td>Manillar<\/td>\n<td>AL6061 CITY 610MM 31,8MM<\/td>\n<\/tr>\n<tr>\n<td>V\u00e1stago<\/td>\n<td>AL6061 60MM 31,8MM<\/td>\n<\/tr>\n<tr>\n<td>Tija de sill\u00edn<\/td>\n<td>AL6061 31.6x350MM<\/td>\n<\/tr>\n<tr>\n<td>Silla de montar<\/td>\n<td>SELLE ROYAL ESSENZA<\/td>\n<\/tr>\n<tr>\n<td>Accesorios<\/td>\n<td>GARDE-BOUE ALUMINIUM, SPANNINGA X&amp;O 30 (AV), AXA BLUE LINE (ARR), B\u00c9QUILLE, RACK INT\u00c9GR\u00c9 MIK HD 27 KG, CHARGEUR 2A<\/td>\n<\/tr>\n<\/tbody>\n<\/table>","protected":false},"excerpt":{"rendered":"<p><em><span class=\"s1\"><strong>Garantie 6 mois pi\u00e8ces et main d\u2019oeuvre<\/strong> <\/span><\/em><\/p>\n<p class=\"p1\"><span class=\"s1\">Ce v\u00e9lo est vendu avec antivol certifi\u00e9 ART ( indice de s\u00e9curit\u00e9 8\/10) et panier.<\/span><\/p>\n<p class=\"p1\"><em>Plus d&rsquo;informations par t\u00e9l\u00e9phone au 05 58 41 75 41.<\/em><\/p>\n<p class=\"p1\">","protected":false},"featured_media":13173,"template":"","meta":{"_acf_changed":false},"product_brand":[227],"product_cat":[134,135,137],"product_tag":[],"class_list":{"0":"post-13169","1":"product","2":"type-product","3":"status-publish","4":"has-post-thumbnail","6":"product_brand-sunn","7":"product_cat-velos-occasion","8":"product_cat-velos-electriques-velos-occasion","9":"product_cat-velos-urbains-electriques","11":"first","12":"instock","13":"sale","14":"taxable","15":"shipping-taxable","16":"purchasable","17":"product-type-variable"},"acf":[],"yoast_head":"<!-- This site is optimized with the Yoast SEO Premium plugin v26.6 (Yoast SEO v27.4) - https:\/\/yoast.com\/product\/yoast-seo-premium-wordpress\/ -->\n<title>Joe Bike - Nos v\u00e9los d&#039;occasion : Sunn - Start S1 (2025)<\/title>\n<meta name=\"robots\" content=\"index, follow, max-snippet:-1, max-image-preview:large, max-video-preview:-1\" \/>\n<link rel=\"canonical\" href=\"https:\/\/www.joebike.fr\/es\/producto\/sunn-start-s1-2025\/\" \/>\n<meta property=\"og:locale\" content=\"es_ES\" \/>\n<meta property=\"og:type\" content=\"article\" \/>\n<meta property=\"og:title\" content=\"Sunn - Start S1 (2025)\" \/>\n<meta property=\"og:description\" content=\"Garantie 6 mois pi\u00e8ces et main d\u2019oeuvre  Ce v\u00e9lo est vendu avec antivol certifi\u00e9 ART ( indice de s\u00e9curit\u00e9 8\/10) et panier. Plus d&#039;informations par t\u00e9l\u00e9phone au 05 58 41 75 41.\" \/>\n<meta property=\"og:url\" content=\"https:\/\/www.joebike.fr\/es\/producto\/sunn-start-s1-2025\/\" \/>\n<meta property=\"og:site_name\" content=\"Joe Bike\" \/>\n<meta property=\"article:publisher\" content=\"https:\/\/www.facebook.com\/joebikefrance\" \/>\n<meta property=\"article:modified_time\" content=\"2025-12-30T17:30:05+00:00\" \/>\n<meta property=\"og:image\" content=\"https:\/\/www.joebike.fr\/wp-content\/uploads\/2025\/07\/Sunn-Start-S1.png\" \/>\n\t<meta property=\"og:image:width\" content=\"1200\" \/>\n\t<meta property=\"og:image:height\" content=\"900\" \/>\n\t<meta property=\"og:image:type\" content=\"image\/png\" \/>\n<meta name=\"twitter:card\" content=\"summary_large_image\" \/>\n<script type=\"application\/ld+json\" class=\"yoast-schema-graph\">{\"@context\":\"https:\\\/\\\/schema.org\",\"@graph\":[{\"@type\":\"WebPage\",\"@id\":\"https:\\\/\\\/www.joebike.fr\\\/produit\\\/sunn-start-s1-2025\\\/\",\"url\":\"https:\\\/\\\/www.joebike.fr\\\/produit\\\/sunn-start-s1-2025\\\/\",\"name\":\"Joe Bike - Nos v\u00e9los d'occasion : Sunn - Start S1 (2025)\",\"isPartOf\":{\"@id\":\"https:\\\/\\\/www.joebike.fr\\\/#website\"},\"primaryImageOfPage\":{\"@id\":\"https:\\\/\\\/www.joebike.fr\\\/produit\\\/sunn-start-s1-2025\\\/#primaryimage\"},\"image\":{\"@id\":\"https:\\\/\\\/www.joebike.fr\\\/produit\\\/sunn-start-s1-2025\\\/#primaryimage\"},\"thumbnailUrl\":\"https:\\\/\\\/www.joebike.fr\\\/wp-content\\\/uploads\\\/2025\\\/07\\\/Sunn-Start-S1.png\",\"datePublished\":\"2025-07-25T08:17:58+00:00\",\"dateModified\":\"2025-12-30T17:30:05+00:00\",\"breadcrumb\":{\"@id\":\"https:\\\/\\\/www.joebike.fr\\\/produit\\\/sunn-start-s1-2025\\\/#breadcrumb\"},\"inLanguage\":\"es\",\"potentialAction\":[{\"@type\":\"ReadAction\",\"target\":[\"https:\\\/\\\/www.joebike.fr\\\/produit\\\/sunn-start-s1-2025\\\/\"]}]},{\"@type\":\"ImageObject\",\"inLanguage\":\"es\",\"@id\":\"https:\\\/\\\/www.joebike.fr\\\/produit\\\/sunn-start-s1-2025\\\/#primaryimage\",\"url\":\"https:\\\/\\\/www.joebike.fr\\\/wp-content\\\/uploads\\\/2025\\\/07\\\/Sunn-Start-S1.png\",\"contentUrl\":\"https:\\\/\\\/www.joebike.fr\\\/wp-content\\\/uploads\\\/2025\\\/07\\\/Sunn-Start-S1.png\",\"width\":1200,\"height\":900},{\"@type\":\"BreadcrumbList\",\"@id\":\"https:\\\/\\\/www.joebike.fr\\\/produit\\\/sunn-start-s1-2025\\\/#breadcrumb\",\"itemListElement\":[{\"@type\":\"ListItem\",\"position\":1,\"name\":\"Accueil\",\"item\":\"https:\\\/\\\/www.joebike.fr\\\/\"},{\"@type\":\"ListItem\",\"position\":2,\"name\":\"Shop\",\"item\":\"https:\\\/\\\/www.joebike.fr\\\/bike-shop\\\/\"},{\"@type\":\"ListItem\",\"position\":3,\"name\":\"Sunn &#8211; Start S1 (2025)\"}]},{\"@type\":\"WebSite\",\"@id\":\"https:\\\/\\\/www.joebike.fr\\\/#website\",\"url\":\"https:\\\/\\\/www.joebike.fr\\\/\",\"name\":\"Joe Bike\",\"description\":\"Location de v\u00e9lo dans les Landes, le Pays Basque et les Pyr\u00e9n\u00e9es\",\"publisher\":{\"@id\":\"https:\\\/\\\/www.joebike.fr\\\/#organization\"},\"potentialAction\":[{\"@type\":\"SearchAction\",\"target\":{\"@type\":\"EntryPoint\",\"urlTemplate\":\"https:\\\/\\\/www.joebike.fr\\\/?s={search_term_string}\"},\"query-input\":{\"@type\":\"PropertyValueSpecification\",\"valueRequired\":true,\"valueName\":\"search_term_string\"}}],\"inLanguage\":\"es\"},{\"@type\":\"Organization\",\"@id\":\"https:\\\/\\\/www.joebike.fr\\\/#organization\",\"name\":\"Joe Bike, sp\u00e9cialiste en location v\u00e9lo\",\"url\":\"https:\\\/\\\/www.joebike.fr\\\/\",\"logo\":{\"@type\":\"ImageObject\",\"inLanguage\":\"es\",\"@id\":\"https:\\\/\\\/www.joebike.fr\\\/#\\\/schema\\\/logo\\\/image\\\/\",\"url\":\"https:\\\/\\\/www.joebike.fr\\\/wp-content\\\/uploads\\\/2022\\\/04\\\/LOGO-JB-22_PNG.png\",\"contentUrl\":\"https:\\\/\\\/www.joebike.fr\\\/wp-content\\\/uploads\\\/2022\\\/04\\\/LOGO-JB-22_PNG.png\",\"width\":473,\"height\":473,\"caption\":\"Joe Bike, sp\u00e9cialiste en location v\u00e9lo\"},\"image\":{\"@id\":\"https:\\\/\\\/www.joebike.fr\\\/#\\\/schema\\\/logo\\\/image\\\/\"},\"sameAs\":[\"https:\\\/\\\/www.facebook.com\\\/joebikefrance\",\"https:\\\/\\\/www.instagram.com\\\/joebikefrance\"]}]}<\/script>\n<!-- \/ Yoast SEO Premium plugin. -->","yoast_head_json":{"title":"Joe Bike - Nos v\u00e9los d'occasion : Sunn - Start S1 (2025)","robots":{"index":"index","follow":"follow","max-snippet":"max-snippet:-1","max-image-preview":"max-image-preview:large","max-video-preview":"max-video-preview:-1"},"canonical":"https:\/\/www.joebike.fr\/es\/producto\/sunn-start-s1-2025\/","og_locale":"es_ES","og_type":"article","og_title":"Sunn - Start S1 (2025)","og_description":"Garantie 6 mois pi\u00e8ces et main d\u2019oeuvre  Ce v\u00e9lo est vendu avec antivol certifi\u00e9 ART ( indice de s\u00e9curit\u00e9 8\/10) et panier. Plus d'informations par t\u00e9l\u00e9phone au 05 58 41 75 41.","og_url":"https:\/\/www.joebike.fr\/es\/producto\/sunn-start-s1-2025\/","og_site_name":"Joe Bike","article_publisher":"https:\/\/www.facebook.com\/joebikefrance","article_modified_time":"2025-12-30T17:30:05+00:00","og_image":[{"width":1200,"height":900,"url":"https:\/\/www.joebike.fr\/wp-content\/uploads\/2025\/07\/Sunn-Start-S1.png","type":"image\/png"}],"twitter_card":"summary_large_image","schema":{"@context":"https:\/\/schema.org","@graph":[{"@type":"WebPage","@id":"https:\/\/www.joebike.fr\/produit\/sunn-start-s1-2025\/","url":"https:\/\/www.joebike.fr\/produit\/sunn-start-s1-2025\/","name":"Joe Bike - Nos v\u00e9los d'occasion : Sunn - Start S1 (2025)","isPartOf":{"@id":"https:\/\/www.joebike.fr\/#website"},"primaryImageOfPage":{"@id":"https:\/\/www.joebike.fr\/produit\/sunn-start-s1-2025\/#primaryimage"},"image":{"@id":"https:\/\/www.joebike.fr\/produit\/sunn-start-s1-2025\/#primaryimage"},"thumbnailUrl":"https:\/\/www.joebike.fr\/wp-content\/uploads\/2025\/07\/Sunn-Start-S1.png","datePublished":"2025-07-25T08:17:58+00:00","dateModified":"2025-12-30T17:30:05+00:00","breadcrumb":{"@id":"https:\/\/www.joebike.fr\/produit\/sunn-start-s1-2025\/#breadcrumb"},"inLanguage":"es","potentialAction":[{"@type":"ReadAction","target":["https:\/\/www.joebike.fr\/produit\/sunn-start-s1-2025\/"]}]},{"@type":"ImageObject","inLanguage":"es","@id":"https:\/\/www.joebike.fr\/produit\/sunn-start-s1-2025\/#primaryimage","url":"https:\/\/www.joebike.fr\/wp-content\/uploads\/2025\/07\/Sunn-Start-S1.png","contentUrl":"https:\/\/www.joebike.fr\/wp-content\/uploads\/2025\/07\/Sunn-Start-S1.png","width":1200,"height":900},{"@type":"BreadcrumbList","@id":"https:\/\/www.joebike.fr\/produit\/sunn-start-s1-2025\/#breadcrumb","itemListElement":[{"@type":"ListItem","position":1,"name":"Accueil","item":"https:\/\/www.joebike.fr\/"},{"@type":"ListItem","position":2,"name":"Shop","item":"https:\/\/www.joebike.fr\/bike-shop\/"},{"@type":"ListItem","position":3,"name":"Sunn &#8211; Start S1 (2025)"}]},{"@type":"WebSite","@id":"https:\/\/www.joebike.fr\/#website","url":"https:\/\/www.joebike.fr\/","name":"Joe Bike","description":"Alquiler de bicicletas en las Landas, el Pa\u00eds Vasco y los Pirineos","publisher":{"@id":"https:\/\/www.joebike.fr\/#organization"},"potentialAction":[{"@type":"SearchAction","target":{"@type":"EntryPoint","urlTemplate":"https:\/\/www.joebike.fr\/?s={search_term_string}"},"query-input":{"@type":"PropertyValueSpecification","valueRequired":true,"valueName":"search_term_string"}}],"inLanguage":"es"},{"@type":"Organization","@id":"https:\/\/www.joebike.fr\/#organization","name":"Joe Bike, especialista en alquiler de bicicletas","url":"https:\/\/www.joebike.fr\/","logo":{"@type":"ImageObject","inLanguage":"es","@id":"https:\/\/www.joebike.fr\/#\/schema\/logo\/image\/","url":"https:\/\/www.joebike.fr\/wp-content\/uploads\/2022\/04\/LOGO-JB-22_PNG.png","contentUrl":"https:\/\/www.joebike.fr\/wp-content\/uploads\/2022\/04\/LOGO-JB-22_PNG.png","width":473,"height":473,"caption":"Joe Bike, sp\u00e9cialiste en location v\u00e9lo"},"image":{"@id":"https:\/\/www.joebike.fr\/#\/schema\/logo\/image\/"},"sameAs":["https:\/\/www.facebook.com\/joebikefrance","https:\/\/www.instagram.com\/joebikefrance"]}]}},"_links":{"self":[{"href":"https:\/\/www.joebike.fr\/es\/wp-json\/wp\/v2\/product\/13169","targetHints":{"allow":["GET"]}}],"collection":[{"href":"https:\/\/www.joebike.fr\/es\/wp-json\/wp\/v2\/product"}],"about":[{"href":"https:\/\/www.joebike.fr\/es\/wp-json\/wp\/v2\/types\/product"}],"version-history":[{"count":0,"href":"https:\/\/www.joebike.fr\/es\/wp-json\/wp\/v2\/product\/13169\/revisions"}],"wp:featuredmedia":[{"embeddable":true,"href":"https:\/\/www.joebike.fr\/es\/wp-json\/wp\/v2\/media\/13173"}],"wp:attachment":[{"href":"https:\/\/www.joebike.fr\/es\/wp-json\/wp\/v2\/media?parent=13169"}],"wp:term":[{"taxonomy":"product_brand","embeddable":true,"href":"https:\/\/www.joebike.fr\/es\/wp-json\/wp\/v2\/product_brand?post=13169"},{"taxonomy":"product_cat","embeddable":true,"href":"https:\/\/www.joebike.fr\/es\/wp-json\/wp\/v2\/product_cat?post=13169"},{"taxonomy":"product_tag","embeddable":true,"href":"https:\/\/www.joebike.fr\/es\/wp-json\/wp\/v2\/product_tag?post=13169"}],"curies":[{"name":"wp","href":"https:\/\/api.w.org\/{rel}","templated":true}]}}