{"id":13226,"date":"2025-07-25T12:13:22","date_gmt":"2025-07-25T10:13:22","guid":{"rendered":"https:\/\/www.joebike.fr\/?post_type=product&#038;p=13226"},"modified":"2025-12-31T10:17:51","modified_gmt":"2025-12-31T09:17:51","slug":"orbea-terra-h40-2025","status":"publish","type":"product","link":"https:\/\/www.joebike.fr\/es\/producto\/orbea-terra-h40-2025\/","title":{"rendered":"Orbea &#8211; Terra h40 (2025)"},"content":{"rendered":"<table border=\"1\">\n<tbody>\n<tr>\n<th>Cat\u00e9gorie<\/th>\n<th>Sp\u00e9cifications<\/th>\n<\/tr>\n<tr>\n<td>Marco<\/td>\n<td>Orbea Terra Hydro disc, aluminium triple butted hydroform\u00e9, HS 1,5&Prime;, bo\u00eetier PF, axe arri\u00e8re 12x142mm (M12x2 P1), c\u00e2blage interne DT, tige de selle 27,2mm, syst\u00e8me MMS<\/td>\n<\/tr>\n<tr>\n<td>Horquilla<\/td>\n<td>Orbea Terra ICR, full carbone, 1-1\/8&Prime; \u2013 1,5&Prime;, axe traversant 12x100mm (M12x2 P1)<\/td>\n<\/tr>\n<tr>\n<td>Direction<\/td>\n<td>FSA 1-1\/2&Prime; Integrated Aluminium Cup<\/td>\n<\/tr>\n<tr>\n<td>Plateau de p\u00e9dalier<\/td>\n<td>Shimano GRX RX600-10, 30&#215;46 dents<\/td>\n<\/tr>\n<tr>\n<td>Manettes<\/td>\n<td>Shimano ST-RX400<\/td>\n<\/tr>\n<tr>\n<td>Cassette<\/td>\n<td>Shimano Tiagra HG-500, 11-34 dents, 10 vitesses<\/td>\n<\/tr>\n<tr>\n<td>Cambio trasero<\/td>\n<td>Shimano RD-RX400<\/td>\n<\/tr>\n<tr>\n<td>Desviador delantero<\/td>\n<td>Shimano GRX RX400<\/td>\n<\/tr>\n<tr>\n<td>Canal<\/td>\n<td>KMC X10<\/td>\n<\/tr>\n<tr>\n<td>Percha<\/td>\n<td>OC Gravel GR31-R, Rise 15, Reach 70, Drop 110<\/td>\n<\/tr>\n<tr>\n<td>V\u00e1stago<\/td>\n<td>OC Road Performance RP22, angle -5\u00b0<\/td>\n<\/tr>\n<tr>\n<td>Frenos<\/td>\n<td>Shimano RX400, freins \u00e0 disque hydrauliques<\/td>\n<\/tr>\n<tr>\n<td>Ruedas<\/td>\n<td>Alliage, Tubeless, 700c, largeur interne 21c<\/td>\n<\/tr>\n<tr>\n<td>Neum\u00e1ticos<\/td>\n<td>Vittoria Terreno Dry Gravel 700x38c<\/td>\n<\/tr>\n<tr>\n<td>Blocage avant<\/td>\n<td>Orbea Thru Axle 12x100mm M12x2 P1 Solid<\/td>\n<\/tr>\n<tr>\n<td>Blocage arri\u00e8re<\/td>\n<td>Orbea Thru Axle 12x142mm M12x2 P1 Solid, filetage interne<\/td>\n<\/tr>\n<tr>\n<td>Tija de sill\u00edn<\/td>\n<td>SP 0.2 carbone, 27.2mm, d\u00e9port 20<\/td>\n<\/tr>\n<tr>\n<td>Silla de montar<\/td>\n<td>Prologo Akero AGX black rails, largeur 155mm<\/td>\n<\/tr>\n<\/tbody>\n<\/table>","protected":false},"excerpt":{"rendered":"<p><strong>Garantie 6 mois pi\u00e8ces et main d\u2019oeuvre.<\/strong><\/p>\n<p><em>Plus d&rsquo;informations par t\u00e9l\u00e9phone au 05 58 41 75 41.<\/em><\/p>","protected":false},"featured_media":13236,"template":"","meta":{"_acf_changed":false},"product_brand":[226],"product_cat":[134,143,136],"product_tag":[],"class_list":{"0":"post-13226","1":"product","2":"type-product","3":"status-publish","4":"has-post-thumbnail","6":"product_brand-orbea","7":"product_cat-velos-occasion","8":"product_cat-velo-gravel","9":"product_cat-velos-musculaires-velos-occasion","11":"first","12":"instock","13":"sale","14":"taxable","15":"shipping-taxable","16":"purchasable","17":"product-type-variable"},"acf":[],"yoast_head":"<!-- This site is optimized with the Yoast SEO Premium plugin v26.6 (Yoast SEO v27.3) - https:\/\/yoast.com\/product\/yoast-seo-premium-wordpress\/ -->\n<title>Joe Bike - Nos v\u00e9los d&#039;occasion : Orbea - Terra h40 (2025)<\/title>\n<meta name=\"robots\" content=\"index, follow, max-snippet:-1, max-image-preview:large, max-video-preview:-1\" \/>\n<link rel=\"canonical\" href=\"https:\/\/www.joebike.fr\/es\/producto\/orbea-terra-h40-2025\/\" \/>\n<meta property=\"og:locale\" content=\"es_ES\" \/>\n<meta property=\"og:type\" content=\"article\" \/>\n<meta property=\"og:title\" content=\"Orbea - Terra h40 (2025)\" \/>\n<meta property=\"og:description\" content=\"Garantie 6 mois pi\u00e8ces et main d\u2019oeuvre.  Plus d&#039;informations par t\u00e9l\u00e9phone au 05 58 41 75 41.\" \/>\n<meta property=\"og:url\" content=\"https:\/\/www.joebike.fr\/es\/producto\/orbea-terra-h40-2025\/\" \/>\n<meta property=\"og:site_name\" content=\"Joe Bike\" \/>\n<meta property=\"article:publisher\" content=\"https:\/\/www.facebook.com\/joebikefrance\" \/>\n<meta property=\"article:modified_time\" content=\"2025-12-31T09:17:51+00:00\" \/>\n<meta property=\"og:image\" content=\"https:\/\/www.joebike.fr\/wp-content\/uploads\/2025\/07\/ORBEA-TERRA-H40.png\" \/>\n\t<meta property=\"og:image:width\" content=\"1200\" \/>\n\t<meta property=\"og:image:height\" content=\"900\" \/>\n\t<meta property=\"og:image:type\" content=\"image\/png\" \/>\n<meta name=\"twitter:card\" content=\"summary_large_image\" \/>\n<script type=\"application\/ld+json\" class=\"yoast-schema-graph\">{\"@context\":\"https:\\\/\\\/schema.org\",\"@graph\":[{\"@type\":\"WebPage\",\"@id\":\"https:\\\/\\\/www.joebike.fr\\\/produit\\\/orbea-terra-h40-2025\\\/\",\"url\":\"https:\\\/\\\/www.joebike.fr\\\/produit\\\/orbea-terra-h40-2025\\\/\",\"name\":\"Joe Bike - Nos v\u00e9los d'occasion : Orbea - Terra h40 (2025)\",\"isPartOf\":{\"@id\":\"https:\\\/\\\/www.joebike.fr\\\/#website\"},\"primaryImageOfPage\":{\"@id\":\"https:\\\/\\\/www.joebike.fr\\\/produit\\\/orbea-terra-h40-2025\\\/#primaryimage\"},\"image\":{\"@id\":\"https:\\\/\\\/www.joebike.fr\\\/produit\\\/orbea-terra-h40-2025\\\/#primaryimage\"},\"thumbnailUrl\":\"https:\\\/\\\/www.joebike.fr\\\/wp-content\\\/uploads\\\/2025\\\/07\\\/ORBEA-TERRA-H40.png\",\"datePublished\":\"2025-07-25T10:13:22+00:00\",\"dateModified\":\"2025-12-31T09:17:51+00:00\",\"breadcrumb\":{\"@id\":\"https:\\\/\\\/www.joebike.fr\\\/produit\\\/orbea-terra-h40-2025\\\/#breadcrumb\"},\"inLanguage\":\"es\",\"potentialAction\":[{\"@type\":\"ReadAction\",\"target\":[\"https:\\\/\\\/www.joebike.fr\\\/produit\\\/orbea-terra-h40-2025\\\/\"]}]},{\"@type\":\"ImageObject\",\"inLanguage\":\"es\",\"@id\":\"https:\\\/\\\/www.joebike.fr\\\/produit\\\/orbea-terra-h40-2025\\\/#primaryimage\",\"url\":\"https:\\\/\\\/www.joebike.fr\\\/wp-content\\\/uploads\\\/2025\\\/07\\\/ORBEA-TERRA-H40.png\",\"contentUrl\":\"https:\\\/\\\/www.joebike.fr\\\/wp-content\\\/uploads\\\/2025\\\/07\\\/ORBEA-TERRA-H40.png\",\"width\":1200,\"height\":900},{\"@type\":\"BreadcrumbList\",\"@id\":\"https:\\\/\\\/www.joebike.fr\\\/produit\\\/orbea-terra-h40-2025\\\/#breadcrumb\",\"itemListElement\":[{\"@type\":\"ListItem\",\"position\":1,\"name\":\"Accueil\",\"item\":\"https:\\\/\\\/www.joebike.fr\\\/\"},{\"@type\":\"ListItem\",\"position\":2,\"name\":\"Shop\",\"item\":\"https:\\\/\\\/www.joebike.fr\\\/bike-shop\\\/\"},{\"@type\":\"ListItem\",\"position\":3,\"name\":\"Orbea &#8211; Terra h40 (2025)\"}]},{\"@type\":\"WebSite\",\"@id\":\"https:\\\/\\\/www.joebike.fr\\\/#website\",\"url\":\"https:\\\/\\\/www.joebike.fr\\\/\",\"name\":\"Joe Bike\",\"description\":\"Location de v\u00e9lo dans les Landes, le Pays Basque et les Pyr\u00e9n\u00e9es\",\"publisher\":{\"@id\":\"https:\\\/\\\/www.joebike.fr\\\/#organization\"},\"potentialAction\":[{\"@type\":\"SearchAction\",\"target\":{\"@type\":\"EntryPoint\",\"urlTemplate\":\"https:\\\/\\\/www.joebike.fr\\\/?s={search_term_string}\"},\"query-input\":{\"@type\":\"PropertyValueSpecification\",\"valueRequired\":true,\"valueName\":\"search_term_string\"}}],\"inLanguage\":\"es\"},{\"@type\":\"Organization\",\"@id\":\"https:\\\/\\\/www.joebike.fr\\\/#organization\",\"name\":\"Joe Bike, sp\u00e9cialiste en location v\u00e9lo\",\"url\":\"https:\\\/\\\/www.joebike.fr\\\/\",\"logo\":{\"@type\":\"ImageObject\",\"inLanguage\":\"es\",\"@id\":\"https:\\\/\\\/www.joebike.fr\\\/#\\\/schema\\\/logo\\\/image\\\/\",\"url\":\"https:\\\/\\\/www.joebike.fr\\\/wp-content\\\/uploads\\\/2022\\\/04\\\/LOGO-JB-22_PNG.png\",\"contentUrl\":\"https:\\\/\\\/www.joebike.fr\\\/wp-content\\\/uploads\\\/2022\\\/04\\\/LOGO-JB-22_PNG.png\",\"width\":473,\"height\":473,\"caption\":\"Joe Bike, sp\u00e9cialiste en location v\u00e9lo\"},\"image\":{\"@id\":\"https:\\\/\\\/www.joebike.fr\\\/#\\\/schema\\\/logo\\\/image\\\/\"},\"sameAs\":[\"https:\\\/\\\/www.facebook.com\\\/joebikefrance\",\"https:\\\/\\\/www.instagram.com\\\/joebikefrance\"]}]}<\/script>\n<!-- \/ Yoast SEO Premium plugin. -->","yoast_head_json":{"title":"Joe Bike - Nos v\u00e9los d'occasion : Orbea - Terra h40 (2025)","robots":{"index":"index","follow":"follow","max-snippet":"max-snippet:-1","max-image-preview":"max-image-preview:large","max-video-preview":"max-video-preview:-1"},"canonical":"https:\/\/www.joebike.fr\/es\/producto\/orbea-terra-h40-2025\/","og_locale":"es_ES","og_type":"article","og_title":"Orbea - Terra h40 (2025)","og_description":"Garantie 6 mois pi\u00e8ces et main d\u2019oeuvre.  Plus d'informations par t\u00e9l\u00e9phone au 05 58 41 75 41.","og_url":"https:\/\/www.joebike.fr\/es\/producto\/orbea-terra-h40-2025\/","og_site_name":"Joe Bike","article_publisher":"https:\/\/www.facebook.com\/joebikefrance","article_modified_time":"2025-12-31T09:17:51+00:00","og_image":[{"width":1200,"height":900,"url":"https:\/\/www.joebike.fr\/wp-content\/uploads\/2025\/07\/ORBEA-TERRA-H40.png","type":"image\/png"}],"twitter_card":"summary_large_image","schema":{"@context":"https:\/\/schema.org","@graph":[{"@type":"WebPage","@id":"https:\/\/www.joebike.fr\/produit\/orbea-terra-h40-2025\/","url":"https:\/\/www.joebike.fr\/produit\/orbea-terra-h40-2025\/","name":"Joe Bike - Nos v\u00e9los d'occasion : Orbea - Terra h40 (2025)","isPartOf":{"@id":"https:\/\/www.joebike.fr\/#website"},"primaryImageOfPage":{"@id":"https:\/\/www.joebike.fr\/produit\/orbea-terra-h40-2025\/#primaryimage"},"image":{"@id":"https:\/\/www.joebike.fr\/produit\/orbea-terra-h40-2025\/#primaryimage"},"thumbnailUrl":"https:\/\/www.joebike.fr\/wp-content\/uploads\/2025\/07\/ORBEA-TERRA-H40.png","datePublished":"2025-07-25T10:13:22+00:00","dateModified":"2025-12-31T09:17:51+00:00","breadcrumb":{"@id":"https:\/\/www.joebike.fr\/produit\/orbea-terra-h40-2025\/#breadcrumb"},"inLanguage":"es","potentialAction":[{"@type":"ReadAction","target":["https:\/\/www.joebike.fr\/produit\/orbea-terra-h40-2025\/"]}]},{"@type":"ImageObject","inLanguage":"es","@id":"https:\/\/www.joebike.fr\/produit\/orbea-terra-h40-2025\/#primaryimage","url":"https:\/\/www.joebike.fr\/wp-content\/uploads\/2025\/07\/ORBEA-TERRA-H40.png","contentUrl":"https:\/\/www.joebike.fr\/wp-content\/uploads\/2025\/07\/ORBEA-TERRA-H40.png","width":1200,"height":900},{"@type":"BreadcrumbList","@id":"https:\/\/www.joebike.fr\/produit\/orbea-terra-h40-2025\/#breadcrumb","itemListElement":[{"@type":"ListItem","position":1,"name":"Accueil","item":"https:\/\/www.joebike.fr\/"},{"@type":"ListItem","position":2,"name":"Shop","item":"https:\/\/www.joebike.fr\/bike-shop\/"},{"@type":"ListItem","position":3,"name":"Orbea &#8211; Terra h40 (2025)"}]},{"@type":"WebSite","@id":"https:\/\/www.joebike.fr\/#website","url":"https:\/\/www.joebike.fr\/","name":"Joe Bike","description":"Alquiler de bicicletas en las Landas, el Pa\u00eds Vasco y los Pirineos","publisher":{"@id":"https:\/\/www.joebike.fr\/#organization"},"potentialAction":[{"@type":"SearchAction","target":{"@type":"EntryPoint","urlTemplate":"https:\/\/www.joebike.fr\/?s={search_term_string}"},"query-input":{"@type":"PropertyValueSpecification","valueRequired":true,"valueName":"search_term_string"}}],"inLanguage":"es"},{"@type":"Organization","@id":"https:\/\/www.joebike.fr\/#organization","name":"Joe Bike, especialista en alquiler de bicicletas","url":"https:\/\/www.joebike.fr\/","logo":{"@type":"ImageObject","inLanguage":"es","@id":"https:\/\/www.joebike.fr\/#\/schema\/logo\/image\/","url":"https:\/\/www.joebike.fr\/wp-content\/uploads\/2022\/04\/LOGO-JB-22_PNG.png","contentUrl":"https:\/\/www.joebike.fr\/wp-content\/uploads\/2022\/04\/LOGO-JB-22_PNG.png","width":473,"height":473,"caption":"Joe Bike, sp\u00e9cialiste en location v\u00e9lo"},"image":{"@id":"https:\/\/www.joebike.fr\/#\/schema\/logo\/image\/"},"sameAs":["https:\/\/www.facebook.com\/joebikefrance","https:\/\/www.instagram.com\/joebikefrance"]}]}},"_links":{"self":[{"href":"https:\/\/www.joebike.fr\/es\/wp-json\/wp\/v2\/product\/13226","targetHints":{"allow":["GET"]}}],"collection":[{"href":"https:\/\/www.joebike.fr\/es\/wp-json\/wp\/v2\/product"}],"about":[{"href":"https:\/\/www.joebike.fr\/es\/wp-json\/wp\/v2\/types\/product"}],"version-history":[{"count":4,"href":"https:\/\/www.joebike.fr\/es\/wp-json\/wp\/v2\/product\/13226\/revisions"}],"predecessor-version":[{"id":14651,"href":"https:\/\/www.joebike.fr\/es\/wp-json\/wp\/v2\/product\/13226\/revisions\/14651"}],"wp:featuredmedia":[{"embeddable":true,"href":"https:\/\/www.joebike.fr\/es\/wp-json\/wp\/v2\/media\/13236"}],"wp:attachment":[{"href":"https:\/\/www.joebike.fr\/es\/wp-json\/wp\/v2\/media?parent=13226"}],"wp:term":[{"taxonomy":"product_brand","embeddable":true,"href":"https:\/\/www.joebike.fr\/es\/wp-json\/wp\/v2\/product_brand?post=13226"},{"taxonomy":"product_cat","embeddable":true,"href":"https:\/\/www.joebike.fr\/es\/wp-json\/wp\/v2\/product_cat?post=13226"},{"taxonomy":"product_tag","embeddable":true,"href":"https:\/\/www.joebike.fr\/es\/wp-json\/wp\/v2\/product_tag?post=13226"}],"curies":[{"name":"wp","href":"https:\/\/api.w.org\/{rel}","templated":true}]}}