{"id":13720,"date":"2025-08-21T14:10:31","date_gmt":"2025-08-21T12:10:31","guid":{"rendered":"https:\/\/www.joebike.fr\/?post_type=product&#038;p=13720"},"modified":"2025-12-30T18:20:58","modified_gmt":"2025-12-30T17:20:58","slug":"o2feel-vern-adventure-8-1-2024","status":"publish","type":"product","link":"https:\/\/www.joebike.fr\/es\/producto\/o2feel-vern-adventure-8-1-2024\/","title":{"rendered":"O2Feel &#8211; Vern Adventure 8.1 (2024)"},"content":{"rendered":"<table style=\"border-collapse: collapse; width: 100%; font-family: system-ui,Arial,sans-serif;\" border=\"1\" cellspacing=\"0\" cellpadding=\"8\">\n<thead>\n<tr style=\"background: #f3f4f6;\">\n<th style=\"text-align: left; width: 28%;\">\u00c9l\u00e9ment<\/th>\n<th style=\"text-align: left;\">D\u00e9tail<\/th>\n<\/tr>\n<\/thead>\n<tbody><!-- Syst\u00e8me Moteur --><\/p>\n<tr>\n<th style=\"background: #e5e7eb; text-align: left;\" colspan=\"2\">Sistema del motor<\/th>\n<\/tr>\n<tr>\n<td>Motor<\/td>\n<td>Shimano STEPS EP8<\/td>\n<\/tr>\n<tr>\n<td>Bater\u00eda<\/td>\n<td>iPowerPack Advanced 432, iPowerPack Advanced 720<\/td>\n<\/tr>\n<tr>\n<td>Autonom\u00eda<\/td>\n<td>Jusqu&rsquo;\u00e0 240\u00a0km<\/td>\n<\/tr>\n<tr>\n<td>Cargador<\/td>\n<td>Cargador r\u00e1pido 4A<\/td>\n<\/tr>\n<tr>\n<td>Contador<\/td>\n<td>Display LCD lat\u00e9ral Shimano, fix\u00e9 au guidon gauche, fixe (anti-vol) et compatible panier avant<\/td>\n<\/tr>\n<p><!-- Transmission --><\/p>\n<tr>\n<th style=\"background: #e5e7eb; text-align: left;\" colspan=\"2\">Transmisi\u00f3n<\/th>\n<\/tr>\n<tr>\n<td>Tipo de desviador<\/td>\n<td>Shimano Deore 10\u00a0vitesses<\/td>\n<\/tr>\n<tr>\n<td>Placa frontal\/pi\u00f1\u00f3n<\/td>\n<td>Plateau FSA 38\u00a0dents narrow-wide<\/td>\n<\/tr>\n<tr>\n<td>Joystick<\/td>\n<td>Poign\u00e9e Shimano avec g\u00e2chette<\/td>\n<\/tr>\n<tr>\n<td>Transmisi\u00f3n<\/td>\n<td>Cadena antioxidante KMC, protector de cadena<\/td>\n<\/tr>\n<p><!-- Cadre & Suspensions --><\/p>\n<tr>\n<th style=\"background: #e5e7eb; text-align: left;\" colspan=\"2\">Cadre &amp; Suspensions<\/th>\n<\/tr>\n<tr>\n<td>Tipo de bastidor<\/td>\n<td>Marco mixto (Medio)<\/td>\n<\/tr>\n<tr>\n<td>Marco<\/td>\n<td>Aluminium 6061, finition Slick Shape et Cableless (int\u00e9gration c\u00e2bles \u00e0 la potence)<\/td>\n<\/tr>\n<tr>\n<td>Horquilla<\/td>\n<td>Suntour Mobie E25 suspendue<\/td>\n<\/tr>\n<tr>\n<td>Colores<\/td>\n<td>Gris Anthracite, Vert \u00c9meraude<\/td>\n<\/tr>\n<p><!-- Freins & Roues --><\/p>\n<tr>\n<th style=\"background: #e5e7eb; text-align: left;\" colspan=\"2\">Freins &amp; Roues<\/th>\n<\/tr>\n<tr>\n<td>Frenos<\/td>\n<td>Disques hydrauliques Shimano MT400, adapt\u00e9s aux pratiques sportives et engag\u00e9es<\/td>\n<\/tr>\n<tr>\n<td>Discos delanteros y traseros<\/td>\n<td>Shimano 180\/180\u00a0mm<\/td>\n<\/tr>\n<tr>\n<td>Llantas<\/td>\n<td>Llantas Alexrim de doble pared, espec\u00edficas para bicicletas el\u00e9ctricas<\/td>\n<\/tr>\n<tr>\n<td>Neum\u00e1ticos<\/td>\n<td>Maxxis Ardent crant\u00e9s anti-crevaison tubeless ready (27.5&Prime;x2.4)<\/td>\n<\/tr>\n<p><!-- Poste de pilotage --><\/p>\n<tr>\n<th style=\"background: #e5e7eb; text-align: left;\" colspan=\"2\">Poste de pilotage<\/th>\n<\/tr>\n<tr>\n<td>Silla de montar<\/td>\n<td>Silla de montar Royal Lookin, almohadillas de gel<\/td>\n<\/tr>\n<tr>\n<td>Tija de sill\u00edn<\/td>\n<td>Satori con suspensi\u00f3n, regulable en altura con herramienta<\/td>\n<\/tr>\n<tr>\n<td>V\u00e1stago<\/td>\n<td>Ajustable, angle 40\u00b0\u2013140\u00b0, longueur 90\u00a0mm, fixation SP Connect<\/td>\n<\/tr>\n<tr>\n<td>Asas<\/td>\n<td>Ergonomiques<\/td>\n<\/tr>\n<p><!-- \u00c9quipements --><\/p>\n<tr>\n<th style=\"background: #e5e7eb; text-align: left;\" colspan=\"2\">Equipamiento<\/th>\n<\/tr>\n<tr>\n<td>Pedales<\/td>\n<td>Aluminium Wellgo crant\u00e9es, adapt\u00e9es trekking en terrain boueux<\/td>\n<\/tr>\n<tr>\n<td>Guardabarros<\/td>\n<td>Plastique haute r\u00e9sistance avec molette d\u2019ajustement<\/td>\n<\/tr>\n<tr>\n<td>Portaequipajes<\/td>\n<td>MIK HD, compatible si\u00e8ge b\u00e9b\u00e9, poids max 27\u00a0kg<\/td>\n<\/tr>\n<tr>\n<td>Stand<\/td>\n<td>Lat\u00e9rale, couleur chrome<\/td>\n<\/tr>\n<tr>\n<td>Cerradura de bastidor<\/td>\n<td>AXA ou Abus compatible cha\u00eene plug-in<\/td>\n<\/tr>\n<tr>\n<td>Iluminaci\u00f3n frontal<\/td>\n<td>Trelock Airflow 70 Lux \u2013 visibilit\u00e9 jusqu\u2019\u00e0 90\u00a0m<\/td>\n<\/tr>\n<tr>\n<td>Iluminaci\u00f3n trasera<\/td>\n<td>Spanninga Commuter Glow int\u00e9gr\u00e9 dans le porte-bagages<\/td>\n<\/tr>\n<p><!-- Caract\u00e9ristiques --><\/p>\n<tr>\n<th style=\"background: #e5e7eb; text-align: left;\" colspan=\"2\">Caracter\u00edsticas<\/th>\n<\/tr>\n<tr>\n<td>Tailles simplifi\u00e9es<\/td>\n<td>S, M, L<\/td>\n<\/tr>\n<\/tbody>\n<\/table>","protected":false},"excerpt":{"rendered":"<p>Garantie 6 mois pi\u00e8ces et main d\u2019oeuvre.<\/p>\n<p>Ce v\u00e9lo est vendu avec antivol et panier<\/p>\n<p>Plus d&rsquo;informations par t\u00e9l\u00e9phone au 05 58 41 75 41.<\/p>","protected":false},"featured_media":13724,"template":"","meta":{"_acf_changed":false},"product_brand":[236],"product_cat":[134,135,137,199],"product_tag":[],"class_list":{"0":"post-13720","1":"product","2":"type-product","3":"status-publish","4":"has-post-thumbnail","6":"product_brand-o2feel","7":"product_cat-velos-occasion","8":"product_cat-velos-electriques-velos-occasion","9":"product_cat-velos-urbains-electriques","10":"product_cat-velos-tout-chemin-electriques-doccasion","12":"first","13":"instock","14":"sale","15":"taxable","16":"shipping-taxable","17":"purchasable","18":"product-type-variable"},"acf":[],"yoast_head":"<!-- This site is optimized with the Yoast SEO Premium plugin v26.6 (Yoast SEO v27.4) - https:\/\/yoast.com\/product\/yoast-seo-premium-wordpress\/ -->\n<title>Joe Bike - Nos v\u00e9los neufs : O2Feel - Vern Adventure 8.1 (2024)<\/title>\n<meta name=\"robots\" content=\"index, follow, max-snippet:-1, max-image-preview:large, max-video-preview:-1\" \/>\n<link rel=\"canonical\" href=\"https:\/\/www.joebike.fr\/es\/producto\/o2feel-vern-adventure-8-1-2024\/\" \/>\n<meta property=\"og:locale\" content=\"es_ES\" \/>\n<meta property=\"og:type\" content=\"article\" \/>\n<meta property=\"og:title\" content=\"O2Feel - Vern Adventure 8.1 (2024)\" \/>\n<meta property=\"og:description\" content=\"Garantie 6 mois pi\u00e8ces et main d\u2019oeuvre.  Ce v\u00e9lo est vendu avec antivol et panier  Plus d&#039;informations par t\u00e9l\u00e9phone au 05 58 41 75 41.\" \/>\n<meta property=\"og:url\" content=\"https:\/\/www.joebike.fr\/es\/producto\/o2feel-vern-adventure-8-1-2024\/\" \/>\n<meta property=\"og:site_name\" content=\"Joe Bike\" \/>\n<meta property=\"article:publisher\" content=\"https:\/\/www.facebook.com\/joebikefrance\" \/>\n<meta property=\"article:modified_time\" content=\"2025-12-30T17:20:58+00:00\" \/>\n<meta property=\"og:image\" content=\"https:\/\/www.joebike.fr\/wp-content\/uploads\/2025\/08\/Vern-8.1-Adventure.png\" \/>\n\t<meta property=\"og:image:width\" content=\"1200\" \/>\n\t<meta property=\"og:image:height\" content=\"900\" \/>\n\t<meta property=\"og:image:type\" content=\"image\/png\" \/>\n<meta name=\"twitter:card\" content=\"summary_large_image\" \/>\n<script type=\"application\/ld+json\" class=\"yoast-schema-graph\">{\"@context\":\"https:\\\/\\\/schema.org\",\"@graph\":[{\"@type\":\"WebPage\",\"@id\":\"https:\\\/\\\/www.joebike.fr\\\/produit\\\/o2feel-vern-adventure-8-1-2024\\\/\",\"url\":\"https:\\\/\\\/www.joebike.fr\\\/produit\\\/o2feel-vern-adventure-8-1-2024\\\/\",\"name\":\"Joe Bike - Nos v\u00e9los neufs : O2Feel - Vern Adventure 8.1 (2024)\",\"isPartOf\":{\"@id\":\"https:\\\/\\\/www.joebike.fr\\\/#website\"},\"primaryImageOfPage\":{\"@id\":\"https:\\\/\\\/www.joebike.fr\\\/produit\\\/o2feel-vern-adventure-8-1-2024\\\/#primaryimage\"},\"image\":{\"@id\":\"https:\\\/\\\/www.joebike.fr\\\/produit\\\/o2feel-vern-adventure-8-1-2024\\\/#primaryimage\"},\"thumbnailUrl\":\"https:\\\/\\\/www.joebike.fr\\\/wp-content\\\/uploads\\\/2025\\\/08\\\/Vern-8.1-Adventure.png\",\"datePublished\":\"2025-08-21T12:10:31+00:00\",\"dateModified\":\"2025-12-30T17:20:58+00:00\",\"breadcrumb\":{\"@id\":\"https:\\\/\\\/www.joebike.fr\\\/produit\\\/o2feel-vern-adventure-8-1-2024\\\/#breadcrumb\"},\"inLanguage\":\"es\",\"potentialAction\":[{\"@type\":\"ReadAction\",\"target\":[\"https:\\\/\\\/www.joebike.fr\\\/produit\\\/o2feel-vern-adventure-8-1-2024\\\/\"]}]},{\"@type\":\"ImageObject\",\"inLanguage\":\"es\",\"@id\":\"https:\\\/\\\/www.joebike.fr\\\/produit\\\/o2feel-vern-adventure-8-1-2024\\\/#primaryimage\",\"url\":\"https:\\\/\\\/www.joebike.fr\\\/wp-content\\\/uploads\\\/2025\\\/08\\\/Vern-8.1-Adventure.png\",\"contentUrl\":\"https:\\\/\\\/www.joebike.fr\\\/wp-content\\\/uploads\\\/2025\\\/08\\\/Vern-8.1-Adventure.png\",\"width\":1200,\"height\":900},{\"@type\":\"BreadcrumbList\",\"@id\":\"https:\\\/\\\/www.joebike.fr\\\/produit\\\/o2feel-vern-adventure-8-1-2024\\\/#breadcrumb\",\"itemListElement\":[{\"@type\":\"ListItem\",\"position\":1,\"name\":\"Accueil\",\"item\":\"https:\\\/\\\/www.joebike.fr\\\/\"},{\"@type\":\"ListItem\",\"position\":2,\"name\":\"Shop\",\"item\":\"https:\\\/\\\/www.joebike.fr\\\/bike-shop\\\/\"},{\"@type\":\"ListItem\",\"position\":3,\"name\":\"O2Feel &#8211; Vern Adventure 8.1 (2024)\"}]},{\"@type\":\"WebSite\",\"@id\":\"https:\\\/\\\/www.joebike.fr\\\/#website\",\"url\":\"https:\\\/\\\/www.joebike.fr\\\/\",\"name\":\"Joe Bike\",\"description\":\"Location de v\u00e9lo dans les Landes, le Pays Basque et les Pyr\u00e9n\u00e9es\",\"publisher\":{\"@id\":\"https:\\\/\\\/www.joebike.fr\\\/#organization\"},\"potentialAction\":[{\"@type\":\"SearchAction\",\"target\":{\"@type\":\"EntryPoint\",\"urlTemplate\":\"https:\\\/\\\/www.joebike.fr\\\/?s={search_term_string}\"},\"query-input\":{\"@type\":\"PropertyValueSpecification\",\"valueRequired\":true,\"valueName\":\"search_term_string\"}}],\"inLanguage\":\"es\"},{\"@type\":\"Organization\",\"@id\":\"https:\\\/\\\/www.joebike.fr\\\/#organization\",\"name\":\"Joe Bike, sp\u00e9cialiste en location v\u00e9lo\",\"url\":\"https:\\\/\\\/www.joebike.fr\\\/\",\"logo\":{\"@type\":\"ImageObject\",\"inLanguage\":\"es\",\"@id\":\"https:\\\/\\\/www.joebike.fr\\\/#\\\/schema\\\/logo\\\/image\\\/\",\"url\":\"https:\\\/\\\/www.joebike.fr\\\/wp-content\\\/uploads\\\/2022\\\/04\\\/LOGO-JB-22_PNG.png\",\"contentUrl\":\"https:\\\/\\\/www.joebike.fr\\\/wp-content\\\/uploads\\\/2022\\\/04\\\/LOGO-JB-22_PNG.png\",\"width\":473,\"height\":473,\"caption\":\"Joe Bike, sp\u00e9cialiste en location v\u00e9lo\"},\"image\":{\"@id\":\"https:\\\/\\\/www.joebike.fr\\\/#\\\/schema\\\/logo\\\/image\\\/\"},\"sameAs\":[\"https:\\\/\\\/www.facebook.com\\\/joebikefrance\",\"https:\\\/\\\/www.instagram.com\\\/joebikefrance\"]}]}<\/script>\n<!-- \/ Yoast SEO Premium plugin. -->","yoast_head_json":{"title":"Joe Bike - Nos v\u00e9los neufs : O2Feel - Vern Adventure 8.1 (2024)","robots":{"index":"index","follow":"follow","max-snippet":"max-snippet:-1","max-image-preview":"max-image-preview:large","max-video-preview":"max-video-preview:-1"},"canonical":"https:\/\/www.joebike.fr\/es\/producto\/o2feel-vern-adventure-8-1-2024\/","og_locale":"es_ES","og_type":"article","og_title":"O2Feel - Vern Adventure 8.1 (2024)","og_description":"Garantie 6 mois pi\u00e8ces et main d\u2019oeuvre.  Ce v\u00e9lo est vendu avec antivol et panier  Plus d'informations par t\u00e9l\u00e9phone au 05 58 41 75 41.","og_url":"https:\/\/www.joebike.fr\/es\/producto\/o2feel-vern-adventure-8-1-2024\/","og_site_name":"Joe Bike","article_publisher":"https:\/\/www.facebook.com\/joebikefrance","article_modified_time":"2025-12-30T17:20:58+00:00","og_image":[{"width":1200,"height":900,"url":"https:\/\/www.joebike.fr\/wp-content\/uploads\/2025\/08\/Vern-8.1-Adventure.png","type":"image\/png"}],"twitter_card":"summary_large_image","schema":{"@context":"https:\/\/schema.org","@graph":[{"@type":"WebPage","@id":"https:\/\/www.joebike.fr\/produit\/o2feel-vern-adventure-8-1-2024\/","url":"https:\/\/www.joebike.fr\/produit\/o2feel-vern-adventure-8-1-2024\/","name":"Joe Bike - Nos v\u00e9los neufs : O2Feel - Vern Adventure 8.1 (2024)","isPartOf":{"@id":"https:\/\/www.joebike.fr\/#website"},"primaryImageOfPage":{"@id":"https:\/\/www.joebike.fr\/produit\/o2feel-vern-adventure-8-1-2024\/#primaryimage"},"image":{"@id":"https:\/\/www.joebike.fr\/produit\/o2feel-vern-adventure-8-1-2024\/#primaryimage"},"thumbnailUrl":"https:\/\/www.joebike.fr\/wp-content\/uploads\/2025\/08\/Vern-8.1-Adventure.png","datePublished":"2025-08-21T12:10:31+00:00","dateModified":"2025-12-30T17:20:58+00:00","breadcrumb":{"@id":"https:\/\/www.joebike.fr\/produit\/o2feel-vern-adventure-8-1-2024\/#breadcrumb"},"inLanguage":"es","potentialAction":[{"@type":"ReadAction","target":["https:\/\/www.joebike.fr\/produit\/o2feel-vern-adventure-8-1-2024\/"]}]},{"@type":"ImageObject","inLanguage":"es","@id":"https:\/\/www.joebike.fr\/produit\/o2feel-vern-adventure-8-1-2024\/#primaryimage","url":"https:\/\/www.joebike.fr\/wp-content\/uploads\/2025\/08\/Vern-8.1-Adventure.png","contentUrl":"https:\/\/www.joebike.fr\/wp-content\/uploads\/2025\/08\/Vern-8.1-Adventure.png","width":1200,"height":900},{"@type":"BreadcrumbList","@id":"https:\/\/www.joebike.fr\/produit\/o2feel-vern-adventure-8-1-2024\/#breadcrumb","itemListElement":[{"@type":"ListItem","position":1,"name":"Accueil","item":"https:\/\/www.joebike.fr\/"},{"@type":"ListItem","position":2,"name":"Shop","item":"https:\/\/www.joebike.fr\/bike-shop\/"},{"@type":"ListItem","position":3,"name":"O2Feel &#8211; Vern Adventure 8.1 (2024)"}]},{"@type":"WebSite","@id":"https:\/\/www.joebike.fr\/#website","url":"https:\/\/www.joebike.fr\/","name":"Joe Bike","description":"Alquiler de bicicletas en las Landas, el Pa\u00eds Vasco y los Pirineos","publisher":{"@id":"https:\/\/www.joebike.fr\/#organization"},"potentialAction":[{"@type":"SearchAction","target":{"@type":"EntryPoint","urlTemplate":"https:\/\/www.joebike.fr\/?s={search_term_string}"},"query-input":{"@type":"PropertyValueSpecification","valueRequired":true,"valueName":"search_term_string"}}],"inLanguage":"es"},{"@type":"Organization","@id":"https:\/\/www.joebike.fr\/#organization","name":"Joe Bike, especialista en alquiler de bicicletas","url":"https:\/\/www.joebike.fr\/","logo":{"@type":"ImageObject","inLanguage":"es","@id":"https:\/\/www.joebike.fr\/#\/schema\/logo\/image\/","url":"https:\/\/www.joebike.fr\/wp-content\/uploads\/2022\/04\/LOGO-JB-22_PNG.png","contentUrl":"https:\/\/www.joebike.fr\/wp-content\/uploads\/2022\/04\/LOGO-JB-22_PNG.png","width":473,"height":473,"caption":"Joe Bike, sp\u00e9cialiste en location v\u00e9lo"},"image":{"@id":"https:\/\/www.joebike.fr\/#\/schema\/logo\/image\/"},"sameAs":["https:\/\/www.facebook.com\/joebikefrance","https:\/\/www.instagram.com\/joebikefrance"]}]}},"_links":{"self":[{"href":"https:\/\/www.joebike.fr\/es\/wp-json\/wp\/v2\/product\/13720","targetHints":{"allow":["GET"]}}],"collection":[{"href":"https:\/\/www.joebike.fr\/es\/wp-json\/wp\/v2\/product"}],"about":[{"href":"https:\/\/www.joebike.fr\/es\/wp-json\/wp\/v2\/types\/product"}],"version-history":[{"count":0,"href":"https:\/\/www.joebike.fr\/es\/wp-json\/wp\/v2\/product\/13720\/revisions"}],"wp:featuredmedia":[{"embeddable":true,"href":"https:\/\/www.joebike.fr\/es\/wp-json\/wp\/v2\/media\/13724"}],"wp:attachment":[{"href":"https:\/\/www.joebike.fr\/es\/wp-json\/wp\/v2\/media?parent=13720"}],"wp:term":[{"taxonomy":"product_brand","embeddable":true,"href":"https:\/\/www.joebike.fr\/es\/wp-json\/wp\/v2\/product_brand?post=13720"},{"taxonomy":"product_cat","embeddable":true,"href":"https:\/\/www.joebike.fr\/es\/wp-json\/wp\/v2\/product_cat?post=13720"},{"taxonomy":"product_tag","embeddable":true,"href":"https:\/\/www.joebike.fr\/es\/wp-json\/wp\/v2\/product_tag?post=13720"}],"curies":[{"name":"wp","href":"https:\/\/api.w.org\/{rel}","templated":true}]}}