{"id":14267,"date":"2025-10-17T11:54:40","date_gmt":"2025-10-17T09:54:40","guid":{"rendered":"https:\/\/www.joebike.fr\/?post_type=product&#038;p=14267"},"modified":"2025-10-17T12:11:15","modified_gmt":"2025-10-17T10:11:15","slug":"gaya-loriginal-le-court-rose-poudre","status":"publish","type":"product","link":"https:\/\/www.joebike.fr\/es\/producto\/gaya-loriginal-le-court-rose-poudre\/","title":{"rendered":"Gaya &#8211; L&rsquo;original Le Court (Rose poudr\u00e9)"},"content":{"rendered":"<p><!-- Tableau descriptif produit --><\/p>\n<table style=\"width: 100%; border-collapse: collapse; font-family: Arial,Helvetica,sans-serif;\">\n<thead>\n<tr style=\"background: #000000; color: #fff; text-align: left;\">\n<th style=\"padding: 12px; border: 1px solid #ddd; width: 28%;\">Rubrique<\/th>\n<th style=\"padding: 12px; border: 1px solid #ddd;\">D\u00e9tails<\/th>\n<\/tr>\n<\/thead>\n<tbody>\n<tr>\n<td style=\"padding: 10px; border: 1px solid #ddd; vertical-align: top;\"><strong>Coloris<\/strong><\/td>\n<td style=\"padding: 10px; border: 1px solid #ddd;\">Marco : <em>Amande Nuit<\/em><br \/>\nSelle &amp; Poign\u00e9es : <em>Negro<\/em><br \/>\nAutres options : <em>Rose poudr\u00e9<\/em>, <em>Marr\u00f3n<\/em> (en option)<br \/>\nAfficheur : <em>TFT couleur<\/em><\/td>\n<\/tr>\n<tr>\n<td style=\"padding: 10px; border: 1px solid #ddd; vertical-align: top;\"><strong>Commande &amp; Interface<\/strong><\/td>\n<td style=\"padding: 10px; border: 1px solid #ddd;\">Moteur : commande 3 niveaux<br \/>\nClignotants avec rappel lumineux<br \/>\nAllumage phare int\u00e9gr\u00e9<br \/>\nPort de recharge : <strong>USB-C<\/strong><\/td>\n<\/tr>\n<tr>\n<td style=\"padding: 10px; border: 1px solid #ddd; vertical-align: top;\"><strong>Indications (afficheur)<\/strong><\/td>\n<td style=\"padding: 10px; border: 1px solid #ddd;\">Niveau restant de la batterie<br \/>\nAutonomie restante<br \/>\nVitesse instantan\u00e9e<br \/>\nConsommation moyenne<br \/>\nDistance partielle et distance totale<\/td>\n<\/tr>\n<tr>\n<td style=\"padding: 10px; border: 1px solid #ddd; vertical-align: top;\"><strong>Verrouillage \/ D\u00e9verrouillage<\/strong><\/td>\n<td style=\"padding: 10px; border: 1px solid #ddd;\">Badge NFC<\/td>\n<\/tr>\n<tr>\n<td style=\"padding: 10px; border: 1px solid #ddd; vertical-align: top;\"><strong>SUSPENSIONS<\/strong><\/td>\n<td style=\"padding: 10px; border: 1px solid #ddd;\">Suspension avant : fourche suspendue hydraulique \u2014 <strong>70 mm<\/strong> de d\u00e9battement<\/td>\n<\/tr>\n<tr>\n<td style=\"padding: 10px; border: 1px solid #ddd; vertical-align: top;\"><strong>S\u00e9curit\u00e9 \u2014 Antivol<\/strong><\/td>\n<td style=\"padding: 10px; border: 1px solid #ddd;\">Antivol de roue AXA sur la fourche avant.<br \/>\nCompatible avec cha\u00eenes Trelock ZR455 ou AXA ULC PRO (accessoire)<\/td>\n<\/tr>\n<tr>\n<td style=\"padding: 10px; border: 1px solid #ddd; vertical-align: top;\"><strong>S\u00e9curit\u00e9 \u2014 \u00c9clairage &amp; Signalisations<\/strong><\/td>\n<td style=\"padding: 10px; border: 1px solid #ddd;\">Phare avant \u00e0 LED<br \/>\nFeu arri\u00e8re \u00e0 LED avec fonction feu stop<br \/>\nClignotants : rappel visuel sur l\u2019afficheur et arr\u00eat automatique \u2014 LED 4 lux droite &amp; gauche avant\/arri\u00e8re homologu\u00e9s E4<br \/>\nAvertisseurs sonores : avertisseur \u00e9lectrique (93 dB) &amp; sonnette m\u00e9canique<\/td>\n<\/tr>\n<tr>\n<td style=\"padding: 10px; border: 1px solid #ddd; vertical-align: top;\"><strong>CONFORT<\/strong><\/td>\n<td style=\"padding: 10px; border: 1px solid #ddd;\">Assise conducteur : selle confort cuir vegan avec suspension \u00e9lastom\u00e8re<br \/>\nTige de selle r\u00e9glable sans outil<br \/>\nPosition conducteur : urbaine, droite \u2014 potence fixe<br \/>\nPoign\u00e9es : ergonomiques en caoutchouc<\/td>\n<\/tr>\n<tr>\n<td style=\"padding: 10px; border: 1px solid #ddd; vertical-align: top;\"><strong>FRENADO<\/strong><\/td>\n<td style=\"padding: 10px; border: 1px solid #ddd;\">Freins AV\/AR : disques \u00e0 commande hydraulique \u2014 marque <em>Star Union<\/em><br \/>\nDisques : 180 mm (Star Union)<\/td>\n<\/tr>\n<tr>\n<td><\/td>\n<\/tr>\n<\/tbody>\n<\/table>","protected":false},"excerpt":{"rendered":"<p>Pour votre confort et votre s\u00e9r\u00e9nit\u00e9 \u00e0 bord :<\/p>\n<ul>\n<li>Suspensions avant<\/li>\n<li>Un cadre redessin\u00e9 con\u00e7u pour une meilleure stabilit\u00e9<\/li>\n<li>Adapt\u00e9 \u00e0 toutes et tous d\u00e8s 1,55 m<\/li>\n<\/ul>\n<p>Pour encore plus de simplicit\u00e9 d\u2019usage :<\/p>\n<ul>\n<li>Charge utile : 170 kg<\/li>\n<li>\u00a0Porte-bagage arri\u00e8re : jusqu\u2019\u00e0 80 kg<\/li>\n<\/ul>","protected":false},"featured_media":14156,"template":"","meta":{"_acf_changed":false},"product_brand":[228],"product_cat":[213,132,201,163,131],"product_tag":[],"class_list":{"0":"post-14267","1":"product","2":"type-product","3":"status-publish","4":"has-post-thumbnail","6":"product_brand-gaya","7":"product_cat-cargos-longtails-electriques","8":"product_cat-velos-electriques","9":"product_cat-velos-electriques-biplace","10":"product_cat-velos-electriques-urbains","11":"product_cat-velos-neufs","13":"first","14":"instock","15":"taxable","16":"shipping-taxable","17":"purchasable","18":"product-type-variable","19":"has-default-attributes"},"acf":[],"yoast_head":"<!-- This site is optimized with the Yoast SEO Premium plugin v26.6 (Yoast SEO v27.4) - https:\/\/yoast.com\/product\/yoast-seo-premium-wordpress\/ -->\n<title>Joe Bike - Nos v\u00e9los d&#039;occasion : Gaya - L&#039;original Le Court (Rose poudr\u00e9)<\/title>\n<meta name=\"description\" content=\"Un v\u00e9lo cargo compact de la taille d&#039;un VTC classique, capable de porter jusqu\u2019\u00e0 160kg de chargement, dont 2 adultes gr\u00e2ce \u00e0 son pack family.\" \/>\n<meta name=\"robots\" content=\"index, follow, max-snippet:-1, max-image-preview:large, max-video-preview:-1\" \/>\n<link rel=\"canonical\" href=\"https:\/\/www.joebike.fr\/es\/producto\/gaya-loriginal-le-court-rose-poudre\/\" \/>\n<meta property=\"og:locale\" content=\"es_ES\" \/>\n<meta property=\"og:type\" content=\"article\" \/>\n<meta property=\"og:title\" content=\"Gaya - L&#039;original Le Court (Rose poudr\u00e9)\" \/>\n<meta property=\"og:description\" content=\"Un v\u00e9lo cargo compact de la taille d&#039;un VTC classique, capable de porter jusqu\u2019\u00e0 160kg de chargement, dont 2 adultes gr\u00e2ce \u00e0 son pack family.\" \/>\n<meta property=\"og:url\" content=\"https:\/\/www.joebike.fr\/es\/producto\/gaya-loriginal-le-court-rose-poudre\/\" \/>\n<meta property=\"og:site_name\" content=\"Joe Bike\" \/>\n<meta property=\"article:publisher\" content=\"https:\/\/www.facebook.com\/joebikefrance\" \/>\n<meta property=\"article:modified_time\" content=\"2025-10-17T10:11:15+00:00\" \/>\n<meta property=\"og:image\" content=\"https:\/\/www.joebike.fr\/wp-content\/uploads\/2025\/10\/Original-le-Court-Gaya-Rose-Poudre.png\" \/>\n\t<meta property=\"og:image:width\" content=\"1024\" \/>\n\t<meta property=\"og:image:height\" content=\"768\" \/>\n\t<meta property=\"og:image:type\" content=\"image\/png\" \/>\n<meta name=\"twitter:card\" content=\"summary_large_image\" \/>\n<script type=\"application\/ld+json\" class=\"yoast-schema-graph\">{\"@context\":\"https:\\\/\\\/schema.org\",\"@graph\":[{\"@type\":\"WebPage\",\"@id\":\"https:\\\/\\\/www.joebike.fr\\\/produit\\\/gaya-loriginal-le-court-rose-poudre\\\/\",\"url\":\"https:\\\/\\\/www.joebike.fr\\\/produit\\\/gaya-loriginal-le-court-rose-poudre\\\/\",\"name\":\"Joe Bike - Nos v\u00e9los d'occasion : Gaya - L'original Le Court (Rose poudr\u00e9)\",\"isPartOf\":{\"@id\":\"https:\\\/\\\/www.joebike.fr\\\/#website\"},\"primaryImageOfPage\":{\"@id\":\"https:\\\/\\\/www.joebike.fr\\\/produit\\\/gaya-loriginal-le-court-rose-poudre\\\/#primaryimage\"},\"image\":{\"@id\":\"https:\\\/\\\/www.joebike.fr\\\/produit\\\/gaya-loriginal-le-court-rose-poudre\\\/#primaryimage\"},\"thumbnailUrl\":\"https:\\\/\\\/www.joebike.fr\\\/wp-content\\\/uploads\\\/2025\\\/10\\\/Original-le-Court-Gaya-Rose-Poudre.png\",\"datePublished\":\"2025-10-17T09:54:40+00:00\",\"dateModified\":\"2025-10-17T10:11:15+00:00\",\"description\":\"Un v\u00e9lo cargo compact de la taille d'un VTC classique, capable de porter jusqu\u2019\u00e0 160kg de chargement, dont 2 adultes gr\u00e2ce \u00e0 son pack family.\",\"breadcrumb\":{\"@id\":\"https:\\\/\\\/www.joebike.fr\\\/produit\\\/gaya-loriginal-le-court-rose-poudre\\\/#breadcrumb\"},\"inLanguage\":\"es\",\"potentialAction\":[{\"@type\":\"ReadAction\",\"target\":[\"https:\\\/\\\/www.joebike.fr\\\/produit\\\/gaya-loriginal-le-court-rose-poudre\\\/\"]}]},{\"@type\":\"ImageObject\",\"inLanguage\":\"es\",\"@id\":\"https:\\\/\\\/www.joebike.fr\\\/produit\\\/gaya-loriginal-le-court-rose-poudre\\\/#primaryimage\",\"url\":\"https:\\\/\\\/www.joebike.fr\\\/wp-content\\\/uploads\\\/2025\\\/10\\\/Original-le-Court-Gaya-Rose-Poudre.png\",\"contentUrl\":\"https:\\\/\\\/www.joebike.fr\\\/wp-content\\\/uploads\\\/2025\\\/10\\\/Original-le-Court-Gaya-Rose-Poudre.png\",\"width\":1024,\"height\":768},{\"@type\":\"BreadcrumbList\",\"@id\":\"https:\\\/\\\/www.joebike.fr\\\/produit\\\/gaya-loriginal-le-court-rose-poudre\\\/#breadcrumb\",\"itemListElement\":[{\"@type\":\"ListItem\",\"position\":1,\"name\":\"Accueil\",\"item\":\"https:\\\/\\\/www.joebike.fr\\\/\"},{\"@type\":\"ListItem\",\"position\":2,\"name\":\"Shop\",\"item\":\"https:\\\/\\\/www.joebike.fr\\\/bike-shop\\\/\"},{\"@type\":\"ListItem\",\"position\":3,\"name\":\"Gaya &#8211; L&rsquo;original Le Court (Rose poudr\u00e9)\"}]},{\"@type\":\"WebSite\",\"@id\":\"https:\\\/\\\/www.joebike.fr\\\/#website\",\"url\":\"https:\\\/\\\/www.joebike.fr\\\/\",\"name\":\"Joe Bike\",\"description\":\"Location de v\u00e9lo dans les Landes, le Pays Basque et les Pyr\u00e9n\u00e9es\",\"publisher\":{\"@id\":\"https:\\\/\\\/www.joebike.fr\\\/#organization\"},\"potentialAction\":[{\"@type\":\"SearchAction\",\"target\":{\"@type\":\"EntryPoint\",\"urlTemplate\":\"https:\\\/\\\/www.joebike.fr\\\/?s={search_term_string}\"},\"query-input\":{\"@type\":\"PropertyValueSpecification\",\"valueRequired\":true,\"valueName\":\"search_term_string\"}}],\"inLanguage\":\"es\"},{\"@type\":\"Organization\",\"@id\":\"https:\\\/\\\/www.joebike.fr\\\/#organization\",\"name\":\"Joe Bike, sp\u00e9cialiste en location v\u00e9lo\",\"url\":\"https:\\\/\\\/www.joebike.fr\\\/\",\"logo\":{\"@type\":\"ImageObject\",\"inLanguage\":\"es\",\"@id\":\"https:\\\/\\\/www.joebike.fr\\\/#\\\/schema\\\/logo\\\/image\\\/\",\"url\":\"https:\\\/\\\/www.joebike.fr\\\/wp-content\\\/uploads\\\/2022\\\/04\\\/LOGO-JB-22_PNG.png\",\"contentUrl\":\"https:\\\/\\\/www.joebike.fr\\\/wp-content\\\/uploads\\\/2022\\\/04\\\/LOGO-JB-22_PNG.png\",\"width\":473,\"height\":473,\"caption\":\"Joe Bike, sp\u00e9cialiste en location v\u00e9lo\"},\"image\":{\"@id\":\"https:\\\/\\\/www.joebike.fr\\\/#\\\/schema\\\/logo\\\/image\\\/\"},\"sameAs\":[\"https:\\\/\\\/www.facebook.com\\\/joebikefrance\",\"https:\\\/\\\/www.instagram.com\\\/joebikefrance\"]}]}<\/script>\n<!-- \/ Yoast SEO Premium plugin. -->","yoast_head_json":{"title":"Joe Bike - Nos v\u00e9los d'occasion : Gaya - L'original Le Court (Rose poudr\u00e9)","description":"Una bicicleta de carga compacta del tama\u00f1o de una VTC cl\u00e1sica, capaz de transportar hasta 160 kg de carga, incluidos 2 adultos gracias a su pack familiar.","robots":{"index":"index","follow":"follow","max-snippet":"max-snippet:-1","max-image-preview":"max-image-preview:large","max-video-preview":"max-video-preview:-1"},"canonical":"https:\/\/www.joebike.fr\/es\/producto\/gaya-loriginal-le-court-rose-poudre\/","og_locale":"es_ES","og_type":"article","og_title":"Gaya - L'original Le Court (Rose poudr\u00e9)","og_description":"Un v\u00e9lo cargo compact de la taille d'un VTC classique, capable de porter jusqu\u2019\u00e0 160kg de chargement, dont 2 adultes gr\u00e2ce \u00e0 son pack family.","og_url":"https:\/\/www.joebike.fr\/es\/producto\/gaya-loriginal-le-court-rose-poudre\/","og_site_name":"Joe Bike","article_publisher":"https:\/\/www.facebook.com\/joebikefrance","article_modified_time":"2025-10-17T10:11:15+00:00","og_image":[{"width":1024,"height":768,"url":"https:\/\/www.joebike.fr\/wp-content\/uploads\/2025\/10\/Original-le-Court-Gaya-Rose-Poudre.png","type":"image\/png"}],"twitter_card":"summary_large_image","schema":{"@context":"https:\/\/schema.org","@graph":[{"@type":"WebPage","@id":"https:\/\/www.joebike.fr\/produit\/gaya-loriginal-le-court-rose-poudre\/","url":"https:\/\/www.joebike.fr\/produit\/gaya-loriginal-le-court-rose-poudre\/","name":"Joe Bike - Nos v\u00e9los d'occasion : Gaya - L'original Le Court (Rose poudr\u00e9)","isPartOf":{"@id":"https:\/\/www.joebike.fr\/#website"},"primaryImageOfPage":{"@id":"https:\/\/www.joebike.fr\/produit\/gaya-loriginal-le-court-rose-poudre\/#primaryimage"},"image":{"@id":"https:\/\/www.joebike.fr\/produit\/gaya-loriginal-le-court-rose-poudre\/#primaryimage"},"thumbnailUrl":"https:\/\/www.joebike.fr\/wp-content\/uploads\/2025\/10\/Original-le-Court-Gaya-Rose-Poudre.png","datePublished":"2025-10-17T09:54:40+00:00","dateModified":"2025-10-17T10:11:15+00:00","description":"Una bicicleta de carga compacta del tama\u00f1o de una VTC cl\u00e1sica, capaz de transportar hasta 160 kg de carga, incluidos 2 adultos gracias a su pack familiar.","breadcrumb":{"@id":"https:\/\/www.joebike.fr\/produit\/gaya-loriginal-le-court-rose-poudre\/#breadcrumb"},"inLanguage":"es","potentialAction":[{"@type":"ReadAction","target":["https:\/\/www.joebike.fr\/produit\/gaya-loriginal-le-court-rose-poudre\/"]}]},{"@type":"ImageObject","inLanguage":"es","@id":"https:\/\/www.joebike.fr\/produit\/gaya-loriginal-le-court-rose-poudre\/#primaryimage","url":"https:\/\/www.joebike.fr\/wp-content\/uploads\/2025\/10\/Original-le-Court-Gaya-Rose-Poudre.png","contentUrl":"https:\/\/www.joebike.fr\/wp-content\/uploads\/2025\/10\/Original-le-Court-Gaya-Rose-Poudre.png","width":1024,"height":768},{"@type":"BreadcrumbList","@id":"https:\/\/www.joebike.fr\/produit\/gaya-loriginal-le-court-rose-poudre\/#breadcrumb","itemListElement":[{"@type":"ListItem","position":1,"name":"Accueil","item":"https:\/\/www.joebike.fr\/"},{"@type":"ListItem","position":2,"name":"Shop","item":"https:\/\/www.joebike.fr\/bike-shop\/"},{"@type":"ListItem","position":3,"name":"Gaya &#8211; L&rsquo;original Le Court (Rose poudr\u00e9)"}]},{"@type":"WebSite","@id":"https:\/\/www.joebike.fr\/#website","url":"https:\/\/www.joebike.fr\/","name":"Joe Bike","description":"Alquiler de bicicletas en las Landas, el Pa\u00eds Vasco y los Pirineos","publisher":{"@id":"https:\/\/www.joebike.fr\/#organization"},"potentialAction":[{"@type":"SearchAction","target":{"@type":"EntryPoint","urlTemplate":"https:\/\/www.joebike.fr\/?s={search_term_string}"},"query-input":{"@type":"PropertyValueSpecification","valueRequired":true,"valueName":"search_term_string"}}],"inLanguage":"es"},{"@type":"Organization","@id":"https:\/\/www.joebike.fr\/#organization","name":"Joe Bike, especialista en alquiler de bicicletas","url":"https:\/\/www.joebike.fr\/","logo":{"@type":"ImageObject","inLanguage":"es","@id":"https:\/\/www.joebike.fr\/#\/schema\/logo\/image\/","url":"https:\/\/www.joebike.fr\/wp-content\/uploads\/2022\/04\/LOGO-JB-22_PNG.png","contentUrl":"https:\/\/www.joebike.fr\/wp-content\/uploads\/2022\/04\/LOGO-JB-22_PNG.png","width":473,"height":473,"caption":"Joe Bike, sp\u00e9cialiste en location v\u00e9lo"},"image":{"@id":"https:\/\/www.joebike.fr\/#\/schema\/logo\/image\/"},"sameAs":["https:\/\/www.facebook.com\/joebikefrance","https:\/\/www.instagram.com\/joebikefrance"]}]}},"_links":{"self":[{"href":"https:\/\/www.joebike.fr\/es\/wp-json\/wp\/v2\/product\/14267","targetHints":{"allow":["GET"]}}],"collection":[{"href":"https:\/\/www.joebike.fr\/es\/wp-json\/wp\/v2\/product"}],"about":[{"href":"https:\/\/www.joebike.fr\/es\/wp-json\/wp\/v2\/types\/product"}],"version-history":[{"count":0,"href":"https:\/\/www.joebike.fr\/es\/wp-json\/wp\/v2\/product\/14267\/revisions"}],"wp:featuredmedia":[{"embeddable":true,"href":"https:\/\/www.joebike.fr\/es\/wp-json\/wp\/v2\/media\/14156"}],"wp:attachment":[{"href":"https:\/\/www.joebike.fr\/es\/wp-json\/wp\/v2\/media?parent=14267"}],"wp:term":[{"taxonomy":"product_brand","embeddable":true,"href":"https:\/\/www.joebike.fr\/es\/wp-json\/wp\/v2\/product_brand?post=14267"},{"taxonomy":"product_cat","embeddable":true,"href":"https:\/\/www.joebike.fr\/es\/wp-json\/wp\/v2\/product_cat?post=14267"},{"taxonomy":"product_tag","embeddable":true,"href":"https:\/\/www.joebike.fr\/es\/wp-json\/wp\/v2\/product_tag?post=14267"}],"curies":[{"name":"wp","href":"https:\/\/api.w.org\/{rel}","templated":true}]}}