{"id":5399,"date":"2023-08-14T14:00:40","date_gmt":"2023-08-14T12:00:40","guid":{"rendered":"https:\/\/www.joebike.fr\/?post_type=product&#038;p=5399"},"modified":"2025-12-30T11:10:54","modified_gmt":"2025-12-30T10:10:54","slug":"trek-slash-7-deore","status":"publish","type":"product","link":"https:\/\/www.joebike.fr\/es\/producto\/trek-slash-7-deore\/","title":{"rendered":"Trek &#8211; Slash 7 Deore (2023)"},"content":{"rendered":"<table style=\"border-collapse: collapse;width: 100%;border: 1px solid #ddd\" data-mce-style=\"border-collapse: collapse; width: 100%; border: 1px solid #ddd;\" class=\"mce-item-table\">\n<tbody>\n<tr>\n<td style=\"border: 1px solid #ddd;padding: 8px\" data-mce-style=\"border: 1px solid #ddd; padding: 8px;\"><strong>Tallas<\/strong><\/td>\n<td style=\"border: 1px solid #ddd;padding: 8px\" data-mce-style=\"border: 1px solid #ddd; padding: 8px;\">15.5&Prime; \/ 17.5&Prime; \/ 18.5&Prime; \/ 19.5&Prime; \/ 21.5&Prime;<\/td>\n<\/tr>\n<tr>\n<td style=\"border: 1px solid #ddd;padding: 8px\" data-mce-style=\"border: 1px solid #ddd; padding: 8px;\"><strong>Marco<\/strong><\/td>\n<td style=\"border: 1px solid #ddd;padding: 8px\" data-mce-style=\"border: 1px solid #ddd; padding: 8px;\">Alpha Platinum aluminium, espace de rangement interne, douille de direction conique, Knock Block 2.0, acheminement interne Control Freak, protection du tube diagonal, protection pour navette, bo\u00eetier de p\u00e9dalier filet\u00e9, ISCG 05, tube de selle de 34,9 mm<\/td>\n<\/tr>\n<tr>\n<td style=\"border: 1px solid #ddd;padding: 8px\" data-mce-style=\"border: 1px solid #ddd; padding: 8px;\"><strong>Liquidaci\u00f3n<\/strong><\/td>\n<td style=\"border: 1px solid #ddd;padding: 8px\" data-mce-style=\"border: 1px solid #ddd; padding: 8px;\">160 mm<\/td>\n<\/tr>\n<tr>\n<td style=\"border: 1px solid #ddd;padding: 8px\" data-mce-style=\"border: 1px solid #ddd; padding: 8px;\"><strong>Amortiguador<\/strong><\/td>\n<td style=\"border: 1px solid #ddd;padding: 8px\" data-mce-style=\"border: 1px solid #ddd; padding: 8px;\">RockShox Deluxe Select+ RT, 230 mm x 62,5 mm<\/td>\n<\/tr>\n<tr>\n<td style=\"border: 1px solid #ddd;padding: 8px\" data-mce-style=\"border: 1px solid #ddd; padding: 8px;\"><strong>Horquilla<\/strong><\/td>\n<td style=\"border: 1px solid #ddd;padding: 8px\" data-mce-style=\"border: 1px solid #ddd; padding: 8px;\">RockShox Yari RC, ressort DebonAir, amortisseur Motion Control RC, pivot conique, d\u00e9port de 42 mm, Boost110, Maxle Stealth 15 mm, d\u00e9battement de 170 mm<\/td>\n<\/tr>\n<tr>\n<td style=\"border: 1px solid #ddd;padding: 8px\" data-mce-style=\"border: 1px solid #ddd; padding: 8px;\"><strong>Neum\u00e1ticos<\/strong><\/td>\n<td style=\"border: 1px solid #ddd;padding: 8px\" data-mce-style=\"border: 1px solid #ddd; padding: 8px;\">Bontrager XR5 Team Issue, Tubeless Ready, tringle en aramide, 120 tpi, 29&#215;2,5 pouces<\/td>\n<\/tr>\n<tr>\n<td style=\"border: 1px solid #ddd;padding: 8px\" data-mce-style=\"border: 1px solid #ddd; padding: 8px;\"><strong>Cassette<\/strong><\/td>\n<td style=\"border: 1px solid #ddd;padding: 8px\" data-mce-style=\"border: 1px solid #ddd; padding: 8px;\">Shimano Deore M6100, 10-51, 12 vitesses<\/td>\n<\/tr>\n<tr>\n<td style=\"border: 1px solid #ddd;padding: 8px\" data-mce-style=\"border: 1px solid #ddd; padding: 8px;\"><strong>Cambio trasero<\/strong><\/td>\n<td style=\"border: 1px solid #ddd;padding: 8px\" data-mce-style=\"border: 1px solid #ddd; padding: 8px;\">Shimano XT M8100, galets longs<\/td>\n<\/tr>\n<tr>\n<td style=\"border: 1px solid #ddd;padding: 8px\" data-mce-style=\"border: 1px solid #ddd; padding: 8px;\"><strong>Manettes<\/strong><\/td>\n<td style=\"border: 1px solid #ddd;padding: 8px\" data-mce-style=\"border: 1px solid #ddd; padding: 8px;\">Shimano SLX M7100, 12 vitesses<\/td>\n<\/tr>\n<tr>\n<td style=\"border: 1px solid #ddd;padding: 8px\" data-mce-style=\"border: 1px solid #ddd; padding: 8px;\"><strong>Silla de montar<\/strong><\/td>\n<td style=\"border: 1px solid #ddd;padding: 8px\" data-mce-style=\"border: 1px solid #ddd; padding: 8px;\">Bontrager Arvada, rails en chromoly creux, largeur de 138 mm<\/td>\n<\/tr>\n<tr>\n<td style=\"border: 1px solid #ddd;padding: 8px\" data-mce-style=\"border: 1px solid #ddd; padding: 8px;\"><strong>Tija de sill\u00edn<\/strong><\/td>\n<td style=\"border: 1px solid #ddd;padding: 8px\" data-mce-style=\"border: 1px solid #ddd; padding: 8px;\">Taille S : TranzX JD-YSI-22PLQ, d\u00e9battement 100 mm, acheminement interne, 34,9 mm, longueur 346 mm<br \/>Taille M \/ ML : TranzX JD-YSI-22PLQ, d\u00e9battement 150 mm, acheminement interne, 34,9 mm, longueur 454 mm<br \/>Taille L \/ XL : TranzX JD-YSI-22PLQ, d\u00e9battement 170 mm, acheminement interne, 34,9 mm, longueur 498 mm<\/td>\n<\/tr>\n<tr>\n<td style=\"border: 1px solid #ddd;padding: 8px\" data-mce-style=\"border: 1px solid #ddd; padding: 8px;\"><strong>V\u00e1stago<\/strong><\/td>\n<td style=\"border: 1px solid #ddd;padding: 8px\" data-mce-style=\"border: 1px solid #ddd; padding: 8px;\">Bontrager Elite, 35 mm, 0\u00b0, 35 mm de long<\/td>\n<\/tr>\n<tr>\n<td style=\"border: 1px solid #ddd;padding: 8px\" data-mce-style=\"border: 1px solid #ddd; padding: 8px;\"><strong>Percha<\/strong><\/td>\n<td style=\"border: 1px solid #ddd;padding: 8px\" data-mce-style=\"border: 1px solid #ddd; padding: 8px;\">Bontrager Line, alliage, 35 mm, \u00e9l\u00e9vation 27,5 mm, largeur 820 mm<\/td>\n<\/tr>\n<tr>\n<td style=\"border: 1px solid #ddd;padding: 8px\" data-mce-style=\"border: 1px solid #ddd; padding: 8px;\"><strong>Mati\u00e8re du cadre<\/strong><\/td>\n<td style=\"border: 1px solid #ddd;padding: 8px\" data-mce-style=\"border: 1px solid #ddd; padding: 8px;\">Aluminio<\/td>\n<\/tr>\n<tr>\n<td style=\"border: 1px solid #ddd;padding: 8px\" data-mce-style=\"border: 1px solid #ddd; padding: 8px;\"><strong>Geometr\u00eda<\/strong><\/td>\n<td style=\"border: 1px solid #ddd;padding: 8px\" data-mce-style=\"border: 1px solid #ddd; padding: 8px;\">Tout suspendu<\/td>\n<\/tr>\n<tr>\n<td style=\"border: 1px solid #ddd;padding: 8px\" data-mce-style=\"border: 1px solid #ddd; padding: 8px;\"><strong>Ruedas<\/strong><\/td>\n<td style=\"border: 1px solid #ddd;padding: 8px\" data-mce-style=\"border: 1px solid #ddd; padding: 8px;\">29 pouces<\/td>\n<\/tr>\n<\/tbody>\n<\/table>","protected":false},"excerpt":{"rendered":"<p class=\"MsoNormal\" style=\"margin: 0cm 0cm 8pt;line-height: 18.4px;font-size: medium;font-family: Aptos, sans-serif\"><span style=\"font-family: Georgia, serif;background-image: none;background-position: 0% 0%;background-size: auto;background-repeat: repeat;background-attachment: scroll\">Garantie 6 mois pi\u00e8ces et main d\u2019\u0153uvre.<\/span><b><\/b><\/p>\n<p class=\"MsoNormal\" style=\"margin: 0cm 0cm 8pt;line-height: 18.4px;font-size: medium;font-family: Aptos, sans-serif\"><b>Disponible d\u00e8s maintenant !<\/b><span class=\"apple-converted-space\"><span style=\"font-size: 13.5pt;line-height: 20.700001px;font-family: -webkit-standard, serif\">\u00a0<\/span><span style=\"font-size: 13.5pt;line-height: 20.700001px;font-family: -webkit-standard, serif\">\u00a0Pour toute question ou r\u00e9servation, contactez-nous directement par t\u00e9l\u00e9phone au<span class=\"apple-converted-space\">\u00a0<\/span><\/span><\/span><b data-path-to-node=\"2,1\" data-index-in-node=\"114\">06 38 12 38 73<\/b><span style=\"font-size: 13.5pt;line-height: 20.700001px;font-family: -webkit-standard, serif\">.<\/span><\/p>","protected":false},"featured_media":10622,"template":"","meta":{"_acf_changed":false},"product_brand":[229],"product_cat":[134,136,146],"product_tag":[],"class_list":{"0":"post-5399","1":"product","2":"type-product","3":"status-publish","4":"has-post-thumbnail","6":"product_brand-trek","7":"product_cat-velos-occasion","8":"product_cat-velos-musculaires-velos-occasion","9":"product_cat-enduro","11":"first","12":"instock","13":"sale","14":"taxable","15":"shipping-taxable","16":"purchasable","17":"product-type-variable","18":"has-default-attributes"},"acf":[],"yoast_head":"<!-- This site is optimized with the Yoast SEO Premium plugin v26.6 (Yoast SEO v27.4) - https:\/\/yoast.com\/product\/yoast-seo-premium-wordpress\/ -->\n<title>Achat v\u00e9lo d&#039;occasion - Trek Slash 7 Deore<\/title>\n<meta name=\"robots\" content=\"index, follow, max-snippet:-1, max-image-preview:large, max-video-preview:-1\" \/>\n<link rel=\"canonical\" href=\"https:\/\/www.joebike.fr\/es\/producto\/trek-slash-7-deore\/\" \/>\n<meta property=\"og:locale\" content=\"es_ES\" \/>\n<meta property=\"og:type\" content=\"article\" \/>\n<meta property=\"og:title\" content=\"Trek - Slash 7 Deore (2023)\" \/>\n<meta property=\"og:description\" content=\"Garantie 6 mois pi\u00e8ces et main d\u2019\u0153uvre.Disponible d\u00e8s maintenant !\u00a0\u00a0Pour toute question ou r\u00e9servation, contactez-nous directement par t\u00e9l\u00e9phone au\u00a006 38 12 38 73.\" \/>\n<meta property=\"og:url\" content=\"https:\/\/www.joebike.fr\/es\/producto\/trek-slash-7-deore\/\" \/>\n<meta property=\"og:site_name\" content=\"Joe Bike\" \/>\n<meta property=\"article:publisher\" content=\"https:\/\/www.facebook.com\/joebikefrance\" \/>\n<meta property=\"article:modified_time\" content=\"2025-12-30T10:10:54+00:00\" \/>\n<meta property=\"og:image\" content=\"https:\/\/www.joebike.fr\/wp-content\/uploads\/2023\/08\/TREK-SLASH-7-DEORE.png\" \/>\n\t<meta property=\"og:image:width\" content=\"400\" \/>\n\t<meta property=\"og:image:height\" content=\"300\" \/>\n\t<meta property=\"og:image:type\" content=\"image\/png\" \/>\n<meta name=\"twitter:card\" content=\"summary_large_image\" \/>\n<script type=\"application\/ld+json\" class=\"yoast-schema-graph\">{\"@context\":\"https:\\\/\\\/schema.org\",\"@graph\":[{\"@type\":\"WebPage\",\"@id\":\"https:\\\/\\\/www.joebike.fr\\\/produit\\\/trek-slash-7-deore\\\/\",\"url\":\"https:\\\/\\\/www.joebike.fr\\\/produit\\\/trek-slash-7-deore\\\/\",\"name\":\"Achat v\u00e9lo d'occasion - Trek Slash 7 Deore\",\"isPartOf\":{\"@id\":\"https:\\\/\\\/www.joebike.fr\\\/#website\"},\"primaryImageOfPage\":{\"@id\":\"https:\\\/\\\/www.joebike.fr\\\/produit\\\/trek-slash-7-deore\\\/#primaryimage\"},\"image\":{\"@id\":\"https:\\\/\\\/www.joebike.fr\\\/produit\\\/trek-slash-7-deore\\\/#primaryimage\"},\"thumbnailUrl\":\"https:\\\/\\\/www.joebike.fr\\\/wp-content\\\/uploads\\\/2023\\\/08\\\/TREK-SLASH-7-DEORE.png\",\"datePublished\":\"2023-08-14T12:00:40+00:00\",\"dateModified\":\"2025-12-30T10:10:54+00:00\",\"breadcrumb\":{\"@id\":\"https:\\\/\\\/www.joebike.fr\\\/produit\\\/trek-slash-7-deore\\\/#breadcrumb\"},\"inLanguage\":\"es\",\"potentialAction\":[{\"@type\":\"ReadAction\",\"target\":[\"https:\\\/\\\/www.joebike.fr\\\/produit\\\/trek-slash-7-deore\\\/\"]}]},{\"@type\":\"ImageObject\",\"inLanguage\":\"es\",\"@id\":\"https:\\\/\\\/www.joebike.fr\\\/produit\\\/trek-slash-7-deore\\\/#primaryimage\",\"url\":\"https:\\\/\\\/www.joebike.fr\\\/wp-content\\\/uploads\\\/2023\\\/08\\\/TREK-SLASH-7-DEORE.png\",\"contentUrl\":\"https:\\\/\\\/www.joebike.fr\\\/wp-content\\\/uploads\\\/2023\\\/08\\\/TREK-SLASH-7-DEORE.png\",\"width\":400,\"height\":300},{\"@type\":\"BreadcrumbList\",\"@id\":\"https:\\\/\\\/www.joebike.fr\\\/produit\\\/trek-slash-7-deore\\\/#breadcrumb\",\"itemListElement\":[{\"@type\":\"ListItem\",\"position\":1,\"name\":\"Accueil\",\"item\":\"https:\\\/\\\/www.joebike.fr\\\/\"},{\"@type\":\"ListItem\",\"position\":2,\"name\":\"Shop\",\"item\":\"https:\\\/\\\/www.joebike.fr\\\/bike-shop\\\/\"},{\"@type\":\"ListItem\",\"position\":3,\"name\":\"Trek &#8211; Slash 7 Deore (2023)\"}]},{\"@type\":\"WebSite\",\"@id\":\"https:\\\/\\\/www.joebike.fr\\\/#website\",\"url\":\"https:\\\/\\\/www.joebike.fr\\\/\",\"name\":\"Joe Bike\",\"description\":\"Location de v\u00e9lo dans les Landes, le Pays Basque et les Pyr\u00e9n\u00e9es\",\"publisher\":{\"@id\":\"https:\\\/\\\/www.joebike.fr\\\/#organization\"},\"potentialAction\":[{\"@type\":\"SearchAction\",\"target\":{\"@type\":\"EntryPoint\",\"urlTemplate\":\"https:\\\/\\\/www.joebike.fr\\\/?s={search_term_string}\"},\"query-input\":{\"@type\":\"PropertyValueSpecification\",\"valueRequired\":true,\"valueName\":\"search_term_string\"}}],\"inLanguage\":\"es\"},{\"@type\":\"Organization\",\"@id\":\"https:\\\/\\\/www.joebike.fr\\\/#organization\",\"name\":\"Joe Bike, sp\u00e9cialiste en location v\u00e9lo\",\"url\":\"https:\\\/\\\/www.joebike.fr\\\/\",\"logo\":{\"@type\":\"ImageObject\",\"inLanguage\":\"es\",\"@id\":\"https:\\\/\\\/www.joebike.fr\\\/#\\\/schema\\\/logo\\\/image\\\/\",\"url\":\"https:\\\/\\\/www.joebike.fr\\\/wp-content\\\/uploads\\\/2022\\\/04\\\/LOGO-JB-22_PNG.png\",\"contentUrl\":\"https:\\\/\\\/www.joebike.fr\\\/wp-content\\\/uploads\\\/2022\\\/04\\\/LOGO-JB-22_PNG.png\",\"width\":473,\"height\":473,\"caption\":\"Joe Bike, sp\u00e9cialiste en location v\u00e9lo\"},\"image\":{\"@id\":\"https:\\\/\\\/www.joebike.fr\\\/#\\\/schema\\\/logo\\\/image\\\/\"},\"sameAs\":[\"https:\\\/\\\/www.facebook.com\\\/joebikefrance\",\"https:\\\/\\\/www.instagram.com\\\/joebikefrance\"]}]}<\/script>\n<!-- \/ Yoast SEO Premium plugin. -->","yoast_head_json":{"title":"Comprar bicicleta usada - Trek Slash 7 Deore","robots":{"index":"index","follow":"follow","max-snippet":"max-snippet:-1","max-image-preview":"max-image-preview:large","max-video-preview":"max-video-preview:-1"},"canonical":"https:\/\/www.joebike.fr\/es\/producto\/trek-slash-7-deore\/","og_locale":"es_ES","og_type":"article","og_title":"Trek - Slash 7 Deore (2023)","og_description":"Garantie 6 mois pi\u00e8ces et main d\u2019\u0153uvre.Disponible d\u00e8s maintenant !\u00a0\u00a0Pour toute question ou r\u00e9servation, contactez-nous directement par t\u00e9l\u00e9phone au\u00a006 38 12 38 73.","og_url":"https:\/\/www.joebike.fr\/es\/producto\/trek-slash-7-deore\/","og_site_name":"Joe Bike","article_publisher":"https:\/\/www.facebook.com\/joebikefrance","article_modified_time":"2025-12-30T10:10:54+00:00","og_image":[{"width":400,"height":300,"url":"https:\/\/www.joebike.fr\/wp-content\/uploads\/2023\/08\/TREK-SLASH-7-DEORE.png","type":"image\/png"}],"twitter_card":"summary_large_image","schema":{"@context":"https:\/\/schema.org","@graph":[{"@type":"WebPage","@id":"https:\/\/www.joebike.fr\/produit\/trek-slash-7-deore\/","url":"https:\/\/www.joebike.fr\/produit\/trek-slash-7-deore\/","name":"Comprar bicicleta usada - Trek Slash 7 Deore","isPartOf":{"@id":"https:\/\/www.joebike.fr\/#website"},"primaryImageOfPage":{"@id":"https:\/\/www.joebike.fr\/produit\/trek-slash-7-deore\/#primaryimage"},"image":{"@id":"https:\/\/www.joebike.fr\/produit\/trek-slash-7-deore\/#primaryimage"},"thumbnailUrl":"https:\/\/www.joebike.fr\/wp-content\/uploads\/2023\/08\/TREK-SLASH-7-DEORE.png","datePublished":"2023-08-14T12:00:40+00:00","dateModified":"2025-12-30T10:10:54+00:00","breadcrumb":{"@id":"https:\/\/www.joebike.fr\/produit\/trek-slash-7-deore\/#breadcrumb"},"inLanguage":"es","potentialAction":[{"@type":"ReadAction","target":["https:\/\/www.joebike.fr\/produit\/trek-slash-7-deore\/"]}]},{"@type":"ImageObject","inLanguage":"es","@id":"https:\/\/www.joebike.fr\/produit\/trek-slash-7-deore\/#primaryimage","url":"https:\/\/www.joebike.fr\/wp-content\/uploads\/2023\/08\/TREK-SLASH-7-DEORE.png","contentUrl":"https:\/\/www.joebike.fr\/wp-content\/uploads\/2023\/08\/TREK-SLASH-7-DEORE.png","width":400,"height":300},{"@type":"BreadcrumbList","@id":"https:\/\/www.joebike.fr\/produit\/trek-slash-7-deore\/#breadcrumb","itemListElement":[{"@type":"ListItem","position":1,"name":"Accueil","item":"https:\/\/www.joebike.fr\/"},{"@type":"ListItem","position":2,"name":"Shop","item":"https:\/\/www.joebike.fr\/bike-shop\/"},{"@type":"ListItem","position":3,"name":"Trek &#8211; Slash 7 Deore (2023)"}]},{"@type":"WebSite","@id":"https:\/\/www.joebike.fr\/#website","url":"https:\/\/www.joebike.fr\/","name":"Joe Bike","description":"Alquiler de bicicletas en las Landas, el Pa\u00eds Vasco y los Pirineos","publisher":{"@id":"https:\/\/www.joebike.fr\/#organization"},"potentialAction":[{"@type":"SearchAction","target":{"@type":"EntryPoint","urlTemplate":"https:\/\/www.joebike.fr\/?s={search_term_string}"},"query-input":{"@type":"PropertyValueSpecification","valueRequired":true,"valueName":"search_term_string"}}],"inLanguage":"es"},{"@type":"Organization","@id":"https:\/\/www.joebike.fr\/#organization","name":"Joe Bike, especialista en alquiler de bicicletas","url":"https:\/\/www.joebike.fr\/","logo":{"@type":"ImageObject","inLanguage":"es","@id":"https:\/\/www.joebike.fr\/#\/schema\/logo\/image\/","url":"https:\/\/www.joebike.fr\/wp-content\/uploads\/2022\/04\/LOGO-JB-22_PNG.png","contentUrl":"https:\/\/www.joebike.fr\/wp-content\/uploads\/2022\/04\/LOGO-JB-22_PNG.png","width":473,"height":473,"caption":"Joe Bike, sp\u00e9cialiste en location v\u00e9lo"},"image":{"@id":"https:\/\/www.joebike.fr\/#\/schema\/logo\/image\/"},"sameAs":["https:\/\/www.facebook.com\/joebikefrance","https:\/\/www.instagram.com\/joebikefrance"]}]}},"_links":{"self":[{"href":"https:\/\/www.joebike.fr\/es\/wp-json\/wp\/v2\/product\/5399","targetHints":{"allow":["GET"]}}],"collection":[{"href":"https:\/\/www.joebike.fr\/es\/wp-json\/wp\/v2\/product"}],"about":[{"href":"https:\/\/www.joebike.fr\/es\/wp-json\/wp\/v2\/types\/product"}],"version-history":[{"count":0,"href":"https:\/\/www.joebike.fr\/es\/wp-json\/wp\/v2\/product\/5399\/revisions"}],"wp:featuredmedia":[{"embeddable":true,"href":"https:\/\/www.joebike.fr\/es\/wp-json\/wp\/v2\/media\/10622"}],"wp:attachment":[{"href":"https:\/\/www.joebike.fr\/es\/wp-json\/wp\/v2\/media?parent=5399"}],"wp:term":[{"taxonomy":"product_brand","embeddable":true,"href":"https:\/\/www.joebike.fr\/es\/wp-json\/wp\/v2\/product_brand?post=5399"},{"taxonomy":"product_cat","embeddable":true,"href":"https:\/\/www.joebike.fr\/es\/wp-json\/wp\/v2\/product_cat?post=5399"},{"taxonomy":"product_tag","embeddable":true,"href":"https:\/\/www.joebike.fr\/es\/wp-json\/wp\/v2\/product_tag?post=5399"}],"curies":[{"name":"wp","href":"https:\/\/api.w.org\/{rel}","templated":true}]}}