{"id":5407,"date":"2023-08-14T14:00:17","date_gmt":"2023-08-14T12:00:17","guid":{"rendered":"https:\/\/www.joebike.fr\/?post_type=product&#038;p=5407"},"modified":"2025-12-30T11:13:09","modified_gmt":"2025-12-30T10:13:09","slug":"scott-genius-eride-920","status":"publish","type":"product","link":"https:\/\/www.joebike.fr\/es\/producto\/scott-genius-eride-920\/","title":{"rendered":"Scott &#8211; Genius eRide 920 (2022)"},"content":{"rendered":"<table border=\"1\" cellspacing=\"0\" cellpadding=\"8\">\n<tbody>\n<tr>\n<th align=\"left\">MARCO<\/th>\n<td>Alloy Frame \/ Virtual 4 link kinematic VLK<br \/>Compatible con 27,5\u2033 y 29\u2033 \/ geoajuste \/ Boost 148x12mm<br \/>Recorrido 140mm \/ Bosch Gen4 \/ Bater\u00eda Integr. extra\u00edble<br \/>Tubo de direcci\u00f3n c\u00f3nico E2, soporte central de la pata de cabra<br \/>Potenciador de autonom\u00eda listo<\/td>\n<\/tr>\n<tr>\n<th align=\"left\">DEBATE<\/th>\n<td>Front: 140mm \/ Rear: 140mm<\/td>\n<\/tr>\n<tr>\n<th align=\"left\">HORQUILLA<\/th>\n<td>Marzocchi Z2 Air \/ eMTB+<br \/>Rail 3 \/ 3-Modes \/ eje QR 15x110mm \/ direcci\u00f3n c\u00f3nica<br \/>44mm offset \/ Reb. \/ Bloqueo \/ Recorrido 140mm<\/td>\n<\/tr>\n<tr>\n<th align=\"left\">AMORTIGUADOR TRASERO<\/th>\n<td>X-Fusion NUDE Trunnion<br \/>SCOTT custom w. travel \/ geo adj.<br \/>3 modos: Bloqueo-Control de tracci\u00f3n-Descenso<br \/>Reb. Adj.<br \/>Recorrido 140-90-Lockout \/ 185x50mm<\/td>\n<\/tr>\n<tr>\n<th align=\"left\">PALANCA DE CONTROL<\/th>\n<td>SCOTT TwinLoc Suspension System<br \/>3 modos delante y detr\u00e1s \/ integ. Pinza de agarre<\/td>\n<\/tr>\n<tr>\n<th align=\"left\">MOTOR<\/th>\n<td>Bosch Performance CX<br \/>EU: 25kmh \/ INT: 20mph<\/td>\n<\/tr>\n<tr>\n<th align=\"left\">BATER\u00cdA<\/th>\n<td>PowerTube 625Wh<\/td>\n<\/tr>\n<tr>\n<th align=\"left\">PANTALLA<\/th>\n<td>Bosch Purion<\/td>\n<\/tr>\n<tr>\n<th align=\"left\">CARGADOR<\/th>\n<td>4A Charger<\/td>\n<\/tr>\n<tr>\n<th align=\"left\">CAMBIO TRASERO<\/th>\n<td>SRAM NX Eagle \/ 12 Speed<\/td>\n<\/tr>\n<tr>\n<th align=\"left\">PALANCAS DE CAMBIO<\/th>\n<td>SRAM SX Eagle Single Click<\/td>\n<\/tr>\n<tr>\n<th align=\"left\">PEDALES<\/th>\n<td>FSA CK-320 \/ 165mm \/ 34T<\/td>\n<\/tr>\n<tr>\n<th align=\"left\">PLATEAU<\/th>\n<td>SRAM Eagle 34T DM \/ Steel<\/td>\n<\/tr>\n<tr>\n<th align=\"left\">CADENA<\/th>\n<td>SRAM SX Eagle<\/td>\n<\/tr>\n<tr>\n<th align=\"left\">CASSETTE<\/th>\n<td>SRAM PG1210 \/ 11-50 T<\/td>\n<\/tr>\n<tr>\n<th align=\"left\">FRENOS<\/th>\n<td>Shimano BR-MT520 4 Piston<\/td>\n<\/tr>\n<tr>\n<th align=\"left\">DISCO DE FRENO<\/th>\n<td>Front: SM-RT64 CL 203mm \/ Rear: RT-EM600 CL 203mm<\/td>\n<\/tr>\n<tr>\n<th align=\"left\">PERCHAS<\/th>\n<td>Syncros Hixon 2.0 Rise \/ Alloy 6061D.B.<br \/>20 mm de elevaci\u00f3n \/ 8\u00b0 \/ 760 mm<br \/>Pu\u00f1os Syncros Comfort lock-on<\/td>\n<\/tr>\n<tr>\n<th align=\"left\">POTENCIA<\/th>\n<td>Syncros FL2.0 \/ 6061 Alloy<br \/>Espaciador en forma de L y tapa superior \/ 31,8 mm \/ 6\u00b0 \/ 1 1\/8\u2033.<\/td>\n<\/tr>\n<tr>\n<th align=\"left\">SILL\u00cdN<\/th>\n<td>Syncros Duncan Dropper Post 2.5<br \/>31.6mm \/ Talla S 100mm \/ Talla M 125mm \/ Talla L 150mm \/ Talla XL 170mm<\/td>\n<\/tr>\n<tr>\n<th align=\"left\">SILL\u00cdN<\/th>\n<td>Syncros ER2.5<\/td>\n<\/tr>\n<tr>\n<th align=\"left\">AURICULARES<\/th>\n<td>Syncros ER2.0 Press Fit E2 \/ Tapered 1.5&Prime;-1 1\/8&Prime;<br \/>DE 52\/62 mm \/ DI 44\/56 mm<\/td>\n<\/tr>\n<tr>\n<th align=\"left\">BUJE DELANTERO<\/th>\n<td>F\u00f3rmula CL-811 \/ 15x110mm<\/td>\n<\/tr>\n<tr>\n<th align=\"left\">MOYEU ARRI\u00c8RE<\/th>\n<td>Formula CL-148S \/ Boost 148x12mm<\/td>\n<\/tr>\n<tr>\n<th align=\"left\">RAYONS<\/th>\n<td>Stainless Black<\/td>\n<\/tr>\n<tr>\n<th align=\"left\">JANTE<\/th>\n<td>Syncros MD30 \/ 32H \/ 30mm \/ Pin Joint<br \/>Preparado para Tubeless<\/td>\n<\/tr>\n<tr>\n<th align=\"left\">LLANTA DELANTERA<\/th>\n<td>Maxxis Rekon \/ 29&#215;2.6&Prime; \/ 60TPI Wire Bead<br \/>EXO<br \/>Doble<\/td>\n<\/tr>\n<tr>\n<th align=\"left\">NEUM\u00c1TICO TRASERO<\/th>\n<td>Maxxis Rekon \/ 29&#215;2.6&Prime; \/ 60TPI Wire Bead<br \/>EXO<br \/>Doble<\/td>\n<\/tr>\n<tr>\n<th align=\"left\">ILUMINACI\u00d3N<\/th>\n<td>Bosch Light Cable pre-installed F&amp;R<\/td>\n<\/tr>\n<tr>\n<th align=\"left\">PESO TOTAL<\/th>\n<td>128 kg. Le poids total comprend le v\u00e9lo, le pilote, l\u2019\u00e9quipement et les bagages suppl\u00e9mentaires.<\/td>\n<\/tr>\n<\/tbody>\n<\/table>","protected":false},"excerpt":{"rendered":"<p class=\"MsoNormal\" style=\"margin: 0cm 0cm 8pt;line-height: 18.4px;font-size: medium;font-family: Aptos, sans-serif\"><span style=\"font-family: Georgia, serif;background-image: none;background-position: 0% 0%;background-size: auto;background-repeat: repeat;background-attachment: scroll\">Garantie 6 mois pi\u00e8ces et main d\u2019\u0153uvre.<\/span><b><\/b><\/p>\n<p class=\"MsoNormal\" style=\"margin: 0cm 0cm 8pt;line-height: 18.4px;font-size: medium;font-family: Aptos, sans-serif\"><b>Disponible d\u00e8s maintenant !<\/b><span class=\"apple-converted-space\"><span style=\"font-size: 13.5pt;line-height: 20.700001px;font-family: -webkit-standard, serif\">\u00a0<\/span><span style=\"font-size: 13.5pt;line-height: 20.700001px;font-family: -webkit-standard, serif\">\u00a0Pour toute question ou r\u00e9servation, contactez-nous directement par t\u00e9l\u00e9phone au<span class=\"apple-converted-space\">\u00a0<\/span><\/span><\/span><b data-path-to-node=\"2,1\" data-index-in-node=\"114\">06 38 12 38 73<\/b><span style=\"font-size: 13.5pt;line-height: 20.700001px;font-family: -webkit-standard, serif\">.<\/span><\/p>","protected":false},"featured_media":10632,"template":"","meta":{"_acf_changed":false},"product_brand":[230],"product_cat":[134,135,138],"product_tag":[],"class_list":{"0":"post-5407","1":"product","2":"type-product","3":"status-publish","4":"has-post-thumbnail","6":"product_brand-scott","7":"product_cat-velos-occasion","8":"product_cat-velos-electriques-velos-occasion","9":"product_cat-vtt-electrique","11":"first","12":"instock","13":"sale","14":"taxable","15":"shipping-taxable","16":"purchasable","17":"product-type-variable","18":"has-default-attributes"},"acf":[],"yoast_head":"<!-- This site is optimized with the Yoast SEO Premium plugin v26.6 (Yoast SEO v27.3) - https:\/\/yoast.com\/product\/yoast-seo-premium-wordpress\/ -->\n<title>Joe Bike - Nos v\u00e9los d&#039;occasion : Scott - Genius eRide 920 (2022)<\/title>\n<meta name=\"robots\" content=\"index, follow, max-snippet:-1, max-image-preview:large, max-video-preview:-1\" \/>\n<link rel=\"canonical\" href=\"https:\/\/www.joebike.fr\/es\/producto\/scott-genius-eride-920\/\" \/>\n<meta property=\"og:locale\" content=\"es_ES\" \/>\n<meta property=\"og:type\" content=\"article\" \/>\n<meta property=\"og:title\" content=\"Scott - Genius eRide 920 (2022)\" \/>\n<meta property=\"og:description\" content=\"Garantie 6 mois pi\u00e8ces et main d\u2019\u0153uvre.Disponible d\u00e8s maintenant !\u00a0\u00a0Pour toute question ou r\u00e9servation, contactez-nous directement par t\u00e9l\u00e9phone au\u00a006 38 12 38 73.\" \/>\n<meta property=\"og:url\" content=\"https:\/\/www.joebike.fr\/es\/producto\/scott-genius-eride-920\/\" \/>\n<meta property=\"og:site_name\" content=\"Joe Bike\" \/>\n<meta property=\"article:publisher\" content=\"https:\/\/www.facebook.com\/joebikefrance\" \/>\n<meta property=\"article:modified_time\" content=\"2025-12-30T10:13:09+00:00\" \/>\n<meta property=\"og:image\" content=\"https:\/\/www.joebike.fr\/wp-content\/uploads\/2023\/08\/SCOTT-GENIUS-ERIDE-920.png\" \/>\n\t<meta property=\"og:image:width\" content=\"400\" \/>\n\t<meta property=\"og:image:height\" content=\"300\" \/>\n\t<meta property=\"og:image:type\" content=\"image\/png\" \/>\n<meta name=\"twitter:card\" content=\"summary_large_image\" \/>\n<script type=\"application\/ld+json\" class=\"yoast-schema-graph\">{\"@context\":\"https:\\\/\\\/schema.org\",\"@graph\":[{\"@type\":\"WebPage\",\"@id\":\"https:\\\/\\\/www.joebike.fr\\\/produit\\\/scott-genius-eride-920\\\/\",\"url\":\"https:\\\/\\\/www.joebike.fr\\\/produit\\\/scott-genius-eride-920\\\/\",\"name\":\"Joe Bike - Nos v\u00e9los d'occasion : Scott - Genius eRide 920 (2022)\",\"isPartOf\":{\"@id\":\"https:\\\/\\\/www.joebike.fr\\\/#website\"},\"primaryImageOfPage\":{\"@id\":\"https:\\\/\\\/www.joebike.fr\\\/produit\\\/scott-genius-eride-920\\\/#primaryimage\"},\"image\":{\"@id\":\"https:\\\/\\\/www.joebike.fr\\\/produit\\\/scott-genius-eride-920\\\/#primaryimage\"},\"thumbnailUrl\":\"https:\\\/\\\/www.joebike.fr\\\/wp-content\\\/uploads\\\/2023\\\/08\\\/SCOTT-GENIUS-ERIDE-920.png\",\"datePublished\":\"2023-08-14T12:00:17+00:00\",\"dateModified\":\"2025-12-30T10:13:09+00:00\",\"breadcrumb\":{\"@id\":\"https:\\\/\\\/www.joebike.fr\\\/produit\\\/scott-genius-eride-920\\\/#breadcrumb\"},\"inLanguage\":\"es\",\"potentialAction\":[{\"@type\":\"ReadAction\",\"target\":[\"https:\\\/\\\/www.joebike.fr\\\/produit\\\/scott-genius-eride-920\\\/\"]}]},{\"@type\":\"ImageObject\",\"inLanguage\":\"es\",\"@id\":\"https:\\\/\\\/www.joebike.fr\\\/produit\\\/scott-genius-eride-920\\\/#primaryimage\",\"url\":\"https:\\\/\\\/www.joebike.fr\\\/wp-content\\\/uploads\\\/2023\\\/08\\\/SCOTT-GENIUS-ERIDE-920.png\",\"contentUrl\":\"https:\\\/\\\/www.joebike.fr\\\/wp-content\\\/uploads\\\/2023\\\/08\\\/SCOTT-GENIUS-ERIDE-920.png\",\"width\":400,\"height\":300},{\"@type\":\"BreadcrumbList\",\"@id\":\"https:\\\/\\\/www.joebike.fr\\\/produit\\\/scott-genius-eride-920\\\/#breadcrumb\",\"itemListElement\":[{\"@type\":\"ListItem\",\"position\":1,\"name\":\"Accueil\",\"item\":\"https:\\\/\\\/www.joebike.fr\\\/\"},{\"@type\":\"ListItem\",\"position\":2,\"name\":\"Shop\",\"item\":\"https:\\\/\\\/www.joebike.fr\\\/bike-shop\\\/\"},{\"@type\":\"ListItem\",\"position\":3,\"name\":\"Scott &#8211; Genius eRide 920 (2022)\"}]},{\"@type\":\"WebSite\",\"@id\":\"https:\\\/\\\/www.joebike.fr\\\/#website\",\"url\":\"https:\\\/\\\/www.joebike.fr\\\/\",\"name\":\"Joe Bike\",\"description\":\"Location de v\u00e9lo dans les Landes, le Pays Basque et les Pyr\u00e9n\u00e9es\",\"publisher\":{\"@id\":\"https:\\\/\\\/www.joebike.fr\\\/#organization\"},\"potentialAction\":[{\"@type\":\"SearchAction\",\"target\":{\"@type\":\"EntryPoint\",\"urlTemplate\":\"https:\\\/\\\/www.joebike.fr\\\/?s={search_term_string}\"},\"query-input\":{\"@type\":\"PropertyValueSpecification\",\"valueRequired\":true,\"valueName\":\"search_term_string\"}}],\"inLanguage\":\"es\"},{\"@type\":\"Organization\",\"@id\":\"https:\\\/\\\/www.joebike.fr\\\/#organization\",\"name\":\"Joe Bike, sp\u00e9cialiste en location v\u00e9lo\",\"url\":\"https:\\\/\\\/www.joebike.fr\\\/\",\"logo\":{\"@type\":\"ImageObject\",\"inLanguage\":\"es\",\"@id\":\"https:\\\/\\\/www.joebike.fr\\\/#\\\/schema\\\/logo\\\/image\\\/\",\"url\":\"https:\\\/\\\/www.joebike.fr\\\/wp-content\\\/uploads\\\/2022\\\/04\\\/LOGO-JB-22_PNG.png\",\"contentUrl\":\"https:\\\/\\\/www.joebike.fr\\\/wp-content\\\/uploads\\\/2022\\\/04\\\/LOGO-JB-22_PNG.png\",\"width\":473,\"height\":473,\"caption\":\"Joe Bike, sp\u00e9cialiste en location v\u00e9lo\"},\"image\":{\"@id\":\"https:\\\/\\\/www.joebike.fr\\\/#\\\/schema\\\/logo\\\/image\\\/\"},\"sameAs\":[\"https:\\\/\\\/www.facebook.com\\\/joebikefrance\",\"https:\\\/\\\/www.instagram.com\\\/joebikefrance\"]}]}<\/script>\n<!-- \/ Yoast SEO Premium plugin. -->","yoast_head_json":{"title":"Joe Bike - Nos v\u00e9los d'occasion : Scott - Genius eRide 920 (2022)","robots":{"index":"index","follow":"follow","max-snippet":"max-snippet:-1","max-image-preview":"max-image-preview:large","max-video-preview":"max-video-preview:-1"},"canonical":"https:\/\/www.joebike.fr\/es\/producto\/scott-genius-eride-920\/","og_locale":"es_ES","og_type":"article","og_title":"Scott - Genius eRide 920 (2022)","og_description":"Garantie 6 mois pi\u00e8ces et main d\u2019\u0153uvre.Disponible d\u00e8s maintenant !\u00a0\u00a0Pour toute question ou r\u00e9servation, contactez-nous directement par t\u00e9l\u00e9phone au\u00a006 38 12 38 73.","og_url":"https:\/\/www.joebike.fr\/es\/producto\/scott-genius-eride-920\/","og_site_name":"Joe Bike","article_publisher":"https:\/\/www.facebook.com\/joebikefrance","article_modified_time":"2025-12-30T10:13:09+00:00","og_image":[{"width":400,"height":300,"url":"https:\/\/www.joebike.fr\/wp-content\/uploads\/2023\/08\/SCOTT-GENIUS-ERIDE-920.png","type":"image\/png"}],"twitter_card":"summary_large_image","schema":{"@context":"https:\/\/schema.org","@graph":[{"@type":"WebPage","@id":"https:\/\/www.joebike.fr\/produit\/scott-genius-eride-920\/","url":"https:\/\/www.joebike.fr\/produit\/scott-genius-eride-920\/","name":"Joe Bike - Nos v\u00e9los d'occasion : Scott - Genius eRide 920 (2022)","isPartOf":{"@id":"https:\/\/www.joebike.fr\/#website"},"primaryImageOfPage":{"@id":"https:\/\/www.joebike.fr\/produit\/scott-genius-eride-920\/#primaryimage"},"image":{"@id":"https:\/\/www.joebike.fr\/produit\/scott-genius-eride-920\/#primaryimage"},"thumbnailUrl":"https:\/\/www.joebike.fr\/wp-content\/uploads\/2023\/08\/SCOTT-GENIUS-ERIDE-920.png","datePublished":"2023-08-14T12:00:17+00:00","dateModified":"2025-12-30T10:13:09+00:00","breadcrumb":{"@id":"https:\/\/www.joebike.fr\/produit\/scott-genius-eride-920\/#breadcrumb"},"inLanguage":"es","potentialAction":[{"@type":"ReadAction","target":["https:\/\/www.joebike.fr\/produit\/scott-genius-eride-920\/"]}]},{"@type":"ImageObject","inLanguage":"es","@id":"https:\/\/www.joebike.fr\/produit\/scott-genius-eride-920\/#primaryimage","url":"https:\/\/www.joebike.fr\/wp-content\/uploads\/2023\/08\/SCOTT-GENIUS-ERIDE-920.png","contentUrl":"https:\/\/www.joebike.fr\/wp-content\/uploads\/2023\/08\/SCOTT-GENIUS-ERIDE-920.png","width":400,"height":300},{"@type":"BreadcrumbList","@id":"https:\/\/www.joebike.fr\/produit\/scott-genius-eride-920\/#breadcrumb","itemListElement":[{"@type":"ListItem","position":1,"name":"Accueil","item":"https:\/\/www.joebike.fr\/"},{"@type":"ListItem","position":2,"name":"Shop","item":"https:\/\/www.joebike.fr\/bike-shop\/"},{"@type":"ListItem","position":3,"name":"Scott &#8211; Genius eRide 920 (2022)"}]},{"@type":"WebSite","@id":"https:\/\/www.joebike.fr\/#website","url":"https:\/\/www.joebike.fr\/","name":"Joe Bike","description":"Alquiler de bicicletas en las Landas, el Pa\u00eds Vasco y los Pirineos","publisher":{"@id":"https:\/\/www.joebike.fr\/#organization"},"potentialAction":[{"@type":"SearchAction","target":{"@type":"EntryPoint","urlTemplate":"https:\/\/www.joebike.fr\/?s={search_term_string}"},"query-input":{"@type":"PropertyValueSpecification","valueRequired":true,"valueName":"search_term_string"}}],"inLanguage":"es"},{"@type":"Organization","@id":"https:\/\/www.joebike.fr\/#organization","name":"Joe Bike, especialista en alquiler de bicicletas","url":"https:\/\/www.joebike.fr\/","logo":{"@type":"ImageObject","inLanguage":"es","@id":"https:\/\/www.joebike.fr\/#\/schema\/logo\/image\/","url":"https:\/\/www.joebike.fr\/wp-content\/uploads\/2022\/04\/LOGO-JB-22_PNG.png","contentUrl":"https:\/\/www.joebike.fr\/wp-content\/uploads\/2022\/04\/LOGO-JB-22_PNG.png","width":473,"height":473,"caption":"Joe Bike, sp\u00e9cialiste en location v\u00e9lo"},"image":{"@id":"https:\/\/www.joebike.fr\/#\/schema\/logo\/image\/"},"sameAs":["https:\/\/www.facebook.com\/joebikefrance","https:\/\/www.instagram.com\/joebikefrance"]}]}},"_links":{"self":[{"href":"https:\/\/www.joebike.fr\/es\/wp-json\/wp\/v2\/product\/5407","targetHints":{"allow":["GET"]}}],"collection":[{"href":"https:\/\/www.joebike.fr\/es\/wp-json\/wp\/v2\/product"}],"about":[{"href":"https:\/\/www.joebike.fr\/es\/wp-json\/wp\/v2\/types\/product"}],"version-history":[{"count":5,"href":"https:\/\/www.joebike.fr\/es\/wp-json\/wp\/v2\/product\/5407\/revisions"}],"predecessor-version":[{"id":14600,"href":"https:\/\/www.joebike.fr\/es\/wp-json\/wp\/v2\/product\/5407\/revisions\/14600"}],"wp:featuredmedia":[{"embeddable":true,"href":"https:\/\/www.joebike.fr\/es\/wp-json\/wp\/v2\/media\/10632"}],"wp:attachment":[{"href":"https:\/\/www.joebike.fr\/es\/wp-json\/wp\/v2\/media?parent=5407"}],"wp:term":[{"taxonomy":"product_brand","embeddable":true,"href":"https:\/\/www.joebike.fr\/es\/wp-json\/wp\/v2\/product_brand?post=5407"},{"taxonomy":"product_cat","embeddable":true,"href":"https:\/\/www.joebike.fr\/es\/wp-json\/wp\/v2\/product_cat?post=5407"},{"taxonomy":"product_tag","embeddable":true,"href":"https:\/\/www.joebike.fr\/es\/wp-json\/wp\/v2\/product_tag?post=5407"}],"curies":[{"name":"wp","href":"https:\/\/api.w.org\/{rel}","templated":true}]}}