{"id":5466,"date":"2023-08-11T14:47:18","date_gmt":"2023-08-11T12:47:18","guid":{"rendered":"https:\/\/www.joebike.fr\/?post_type=product&#038;p=5466"},"modified":"2025-12-30T11:17:06","modified_gmt":"2025-12-30T10:17:06","slug":"trek-xcaliber-7","status":"publish","type":"product","link":"https:\/\/www.joebike.fr\/es\/producto\/trek-xcaliber-7\/","title":{"rendered":"Trek &#8211; XCaliber 7 (2022)"},"content":{"rendered":"<table class=\"sprocket__table spec mce-item-table\" data-v-fb335bc2=\"\" aria-label=\"Caracter\u00edsticas\">\n<tbody data-v-fb335bc2=\"\">\n<tr data-v-fb335bc2=\"\">\n<th rowspan=\"1\" scope=\"row\" data-v-fb335bc2=\"\">Marco<\/th>\n<td data-v-fb335bc2=\"\">Aluminio Alpha Gold, tubo de direcci\u00f3n c\u00f3nico, cableado interno para desviador y tija telesc\u00f3pica, fijaciones para portaequipajes y guardabarros, Boost141, QR 5 mm<\/td>\n<\/tr>\n<tr data-v-fb335bc2=\"\">\n<th rowspan=\"3\" scope=\"row\" data-v-fb335bc2=\"\">*Tenedor<\/th>\n<td data-v-fb335bc2=\"\"><span data-v-fb335bc2=\"\">Tama\u00f1o:<\/span>\u00a0XS<br data-v-fb335bc2=\"\">RockShox Judy SL, muelle Solo Air, bloqueo TurnKey, pivote c\u00f3nico, 42 mm offset, 100\u00d75 mm QR, 80 mm de recorrido<\/td>\n<\/tr>\n<tr data-v-fb335bc2=\"\">\n<td data-v-fb335bc2=\"\"><span data-v-fb335bc2=\"\">Tama\u00f1o:<\/span>\u00a0S<br data-v-fb335bc2=\"\">RockShox Judy SL, muelle Solo Air, bloqueo TurnKey, pivote c\u00f3nico, desplazamiento 42 mm, QR 100\u00d75 mm, recorrido 100 mm<\/td>\n<\/tr>\n<tr data-v-fb335bc2=\"\">\n<td data-v-fb335bc2=\"\"><span data-v-fb335bc2=\"\">Tama\u00f1o:<\/span>\u00a0M, M\/L, L, XL, XXL<br data-v-fb335bc2=\"\">RockShox Judy SL, muelle Solo Air, bloqueo TurnKey, pivote c\u00f3nico, desplazamiento 46 mm, QR 100\u00d75 mm, recorrido 100 mm<\/td>\n<\/tr>\n<tr data-v-fb335bc2=\"\">\n<th scope=\"row\" data-v-fb335bc2=\"\">Recorrido m\u00e1ximo compatible de la horquilla<\/th>\n<td data-v-fb335bc2=\"\">120 mm, XS: 100 mm<\/td>\n<\/tr>\n<\/tbody>\n<\/table>\n<div id=\"pdl-collapse-item-jts7w\" class=\"pdl-collapse-item is-active\" data-v-5bd42f3c=\"\" data-v-fb335bc2=\"\">\n<div class=\"\" role=\"tab\" data-v-5bd42f3c=\"\" aria-controls=\"pdl-collapse-content-jts7w\" aria-describedby=\"pdl-collapse-content-jts7w\" aria-expanded=\"true\">\n<div class=\"flex items-center flex-grow\" data-v-5bd42f3c=\"\"><\/div>\n<\/div>\n<div id=\"pdl-collapse-content-jts7w\" class=\"pdl-collapse-item__wrap\" role=\"tabpanel\" data-v-5bd42f3c=\"\" aria-labelledby=\"pdl-collapse-head-jts7w\" data-old-padding-top=\"\" data-old-padding-bottom=\"\" data-old-overflow=\"\">\n<div class=\"pdl-collapse-item__content\" data-v-5bd42f3c=\"\">\n<table class=\"sprocket__table spec mce-item-table\" data-v-fb335bc2=\"\" aria-label=\"Caracter\u00edsticas\">\n<tbody data-v-fb335bc2=\"\">\n<tr data-v-fb335bc2=\"\">\n<th rowspan=\"1\" scope=\"row\" data-v-fb335bc2=\"\">Buje delantero<\/th>\n<td data-v-fb335bc2=\"\">F\u00f3rmula DC-20, aleaci\u00f3n, 6 agujeros, ThruSkew 100 mm<\/td>\n<\/tr>\n<tr data-v-fb335bc2=\"\">\n<th rowspan=\"1\" scope=\"row\" data-v-fb335bc2=\"\">Buje trasero<\/th>\n<td data-v-fb335bc2=\"\">Formula DC-2241, aleaci\u00f3n, 6 agujeros, cuerpo rueda libre Shimano 8\/9\/10, Boost141, QR 5 mm<\/td>\n<\/tr>\n<tr data-v-fb335bc2=\"\">\n<th rowspan=\"2\" scope=\"row\" data-v-fb335bc2=\"\">*Rim<\/th>\n<td data-v-fb335bc2=\"\"><span data-v-fb335bc2=\"\">Tama\u00f1o:<\/span>\u00a0XS, S, M, M\/L, L, XL, XXL<br data-v-fb335bc2=\"\">Bontrager Kovee, doble pared, Tubeless Ready, 28 agujeros, 23 mm de ancho, v\u00e1lvula Presta<\/td>\n<\/tr>\n<tr data-v-fb335bc2=\"\">\n<td data-v-fb335bc2=\"\"><span data-v-fb335bc2=\"\">Tama\u00f1o:<\/span>\u00a0M, M\/L, L, XL, XXL<br data-v-fb335bc2=\"\">Bontrager Kovee, doble pared, Tubeless Ready, 32 agujeros, 23 mm de ancho, v\u00e1lvula Presta<\/td>\n<\/tr>\n<tr data-v-fb335bc2=\"\">\n<th rowspan=\"1\" scope=\"row\" data-v-fb335bc2=\"\">Rayos<\/th>\n<td data-v-fb335bc2=\"\">Acero inoxidable de 14 g<\/td>\n<\/tr>\n<tr data-v-fb335bc2=\"\">\n<th rowspan=\"2\" scope=\"row\" data-v-fb335bc2=\"\">*Tyre<\/th>\n<td data-v-fb335bc2=\"\"><span data-v-fb335bc2=\"\">Tama\u00f1o:<\/span>\u00a0XS, S<br data-v-fb335bc2=\"\">Bontrager XR2 Comp, barra r\u00edgida, 30 tpi, 27.5\u00d72.2 pulgadas<\/td>\n<\/tr>\n<tr data-v-fb335bc2=\"\">\n<td data-v-fb335bc2=\"\"><span data-v-fb335bc2=\"\">Tama\u00f1o:<\/span>\u00a0M, M\/L, L, XL, XXL<br data-v-fb335bc2=\"\">Bontrager XR2 Comp, varilla r\u00edgida, 30 tpi, 29\u00d72,2 pulgadas<\/td>\n<\/tr>\n<tr data-v-fb335bc2=\"\">\n<th scope=\"row\" data-v-fb335bc2=\"\">Tama\u00f1o m\u00e1x. del neum\u00e1tico<\/th>\n<td data-v-fb335bc2=\"\">Cuadro: 27,5\u00d72,80 pulgadas o 29\u00d72,40 pulgadas, Horquilla: Ver fabricante<\/td>\n<\/tr>\n<\/tbody>\n<\/table>\n<\/div>\n<\/div>\n<\/div>\n<div id=\"pdl-collapse-item-7txuo\" class=\"pdl-collapse-item is-active\" data-v-5bd42f3c=\"\" data-v-fb335bc2=\"\">\n<div class=\"\" role=\"tab\" data-v-5bd42f3c=\"\" aria-controls=\"pdl-collapse-content-7txuo\" aria-describedby=\"pdl-collapse-content-7txuo\" aria-expanded=\"true\">\n<div class=\"flex items-center flex-grow\" data-v-5bd42f3c=\"\"><\/div>\n<\/div>\n<div id=\"pdl-collapse-content-7txuo\" class=\"pdl-collapse-item__wrap\" role=\"tabpanel\" data-v-5bd42f3c=\"\" aria-labelledby=\"pdl-collapse-head-7txuo\" data-old-padding-top=\"\" data-old-padding-bottom=\"\" data-old-overflow=\"\">\n<div class=\"pdl-collapse-item__content\" data-v-5bd42f3c=\"\">\n<table class=\"sprocket__table spec mce-item-table\" data-v-fb335bc2=\"\" aria-label=\"Caracter\u00edsticas\">\n<tbody data-v-fb335bc2=\"\">\n<tr data-v-fb335bc2=\"\">\n<th rowspan=\"1\" scope=\"row\" data-v-fb335bc2=\"\">Palanca de cambios<\/th>\n<td data-v-fb335bc2=\"\">Shimano Deore M4100, 10 velocidades<\/td>\n<\/tr>\n<tr data-v-fb335bc2=\"\">\n<th rowspan=\"1\" scope=\"row\" data-v-fb335bc2=\"\">Cambio trasero<\/th>\n<td data-v-fb335bc2=\"\">Shimano Deore M5120, horquilla larga<\/td>\n<\/tr>\n<tr data-v-fb335bc2=\"\">\n<th rowspan=\"2\" scope=\"row\" data-v-fb335bc2=\"\">*Crankset<\/th>\n<td data-v-fb335bc2=\"\"><span data-v-fb335bc2=\"\">Tama\u00f1o:<\/span>\u00a0XS, S, M<br data-v-fb335bc2=\"\">Shimano Deore M5100, plato de acero 30 dts, Boost, longitud 170 mm<\/td>\n<\/tr>\n<tr data-v-fb335bc2=\"\">\n<td data-v-fb335bc2=\"\"><span data-v-fb335bc2=\"\">Tama\u00f1o:<\/span>\u00a0M\/L, L, XL, XXL<br data-v-fb335bc2=\"\">Shimano Deore M5100, plato de acero 30 dts, Boost, longitud 175 mm<\/td>\n<\/tr>\n<tr data-v-fb335bc2=\"\">\n<th rowspan=\"1\" scope=\"row\" data-v-fb335bc2=\"\">Cassette<\/th>\n<td data-v-fb335bc2=\"\">Shimano Deore M4100, 11-46, 10 velocidades<\/td>\n<\/tr>\n<tr data-v-fb335bc2=\"\">\n<th rowspan=\"1\" scope=\"row\" data-v-fb335bc2=\"\">Canal<\/th>\n<td data-v-fb335bc2=\"\">KMC X10, 10 velocidades<\/td>\n<\/tr>\n<tr data-v-fb335bc2=\"\">\n<th rowspan=\"1\" scope=\"row\" data-v-fb335bc2=\"\">Pedal<\/th>\n<td data-v-fb335bc2=\"\">VP-536, plataforma, nylon<\/td>\n<\/tr>\n<tr data-v-fb335bc2=\"\">\n<th scope=\"row\" data-v-fb335bc2=\"\">Tama\u00f1o m\u00e1x. de bandeja<\/th>\n<td data-v-fb335bc2=\"\">1x: 32 dts<\/td>\n<\/tr>\n<\/tbody>\n<\/table>\n<\/div>\n<\/div>\n<\/div>\n<div id=\"pdl-collapse-item-0b0wwd\" class=\"pdl-collapse-item is-active\" data-v-5bd42f3c=\"\" data-v-fb335bc2=\"\">\n<div class=\"\" role=\"tab\" data-v-5bd42f3c=\"\" aria-controls=\"pdl-collapse-content-0b0wwd\" aria-describedby=\"pdl-collapse-content-0b0wwd\" aria-expanded=\"true\">\n<div class=\"flex items-center flex-grow\" data-v-5bd42f3c=\"\"><\/div>\n<\/div>\n<div id=\"pdl-collapse-content-0b0wwd\" class=\"pdl-collapse-item__wrap\" role=\"tabpanel\" data-v-5bd42f3c=\"\" aria-labelledby=\"pdl-collapse-head-0b0wwd\" data-old-padding-top=\"\" data-old-padding-bottom=\"\" data-old-overflow=\"\">\n<div class=\"pdl-collapse-item__content\" data-v-5bd42f3c=\"\">\n<table class=\"sprocket__table spec mce-item-table\" data-v-fb335bc2=\"\" aria-label=\"Caracter\u00edsticas\">\n<tbody data-v-fb335bc2=\"\">\n<tr data-v-fb335bc2=\"\">\n<th rowspan=\"1\" scope=\"row\" data-v-fb335bc2=\"\">Silla de montar<\/th>\n<td data-v-fb335bc2=\"\">Bontrager Arvada, ra\u00edles de acero, 138 mm de ancho<\/td>\n<\/tr>\n<tr data-v-fb335bc2=\"\">\n<th rowspan=\"3\" scope=\"row\" data-v-fb335bc2=\"\">*Poste de silla<\/th>\n<td data-v-fb335bc2=\"\"><span data-v-fb335bc2=\"\">Tama\u00f1o:<\/span>\u00a0XS, S<br data-v-fb335bc2=\"\">Aleaci\u00f3n Bontrager, 31,6 mm, 12 mm offset, 330 mm de longitud<\/td>\n<\/tr>\n<tr data-v-fb335bc2=\"\">\n<td data-v-fb335bc2=\"\"><span data-v-fb335bc2=\"\">Tama\u00f1o:<\/span>\u00a0M<br data-v-fb335bc2=\"\">Aleaci\u00f3n Bontrager, 31,6 mm, 12 mm offset, 360 mm de longitud<\/td>\n<\/tr>\n<tr data-v-fb335bc2=\"\">\n<td data-v-fb335bc2=\"\"><span data-v-fb335bc2=\"\">Tama\u00f1o:<\/span>\u00a0M\/L, L, XL, XXL<br data-v-fb335bc2=\"\">Aleaci\u00f3n Bontrager, 31,6 mm, 12 mm offset, 400 mm de longitud<\/td>\n<\/tr>\n<tr data-v-fb335bc2=\"\">\n<th rowspan=\"2\" scope=\"row\" data-v-fb335bc2=\"\">*Percha<\/th>\n<td data-v-fb335bc2=\"\"><span data-v-fb335bc2=\"\">Tama\u00f1o:<\/span>\u00a0XS<br data-v-fb335bc2=\"\">Aleaci\u00f3n Bontrager, 31,8 mm, 5 mm de elevaci\u00f3n, 690 mm de anchura<\/td>\n<\/tr>\n<tr data-v-fb335bc2=\"\">\n<td data-v-fb335bc2=\"\"><span data-v-fb335bc2=\"\">Tama\u00f1o:<\/span>\u00a0S, M, M\/L, L, XL, XXL<br data-v-fb335bc2=\"\">Aleaci\u00f3n Bontrager, 31,8 mm, 5 mm de elevaci\u00f3n, 720 mm de anchura<\/td>\n<\/tr>\n<tr data-v-fb335bc2=\"\">\n<th rowspan=\"1\" scope=\"row\" data-v-fb335bc2=\"\">Asas<\/th>\n<td data-v-fb335bc2=\"\">Bontrager XR Trail Comp, cierre de nailon<\/td>\n<\/tr>\n<tr data-v-fb335bc2=\"\">\n<th rowspan=\"4\" scope=\"row\" data-v-fb335bc2=\"\">*Potencia<\/th>\n<td data-v-fb335bc2=\"\"><span data-v-fb335bc2=\"\">Tama\u00f1o:<\/span>\u00a0XS, S<br data-v-fb335bc2=\"\">Bontrager Elite, 31,8 mm, compatible con Blendr, 7 grados, 60 mm de longitud<\/td>\n<\/tr>\n<tr data-v-fb335bc2=\"\">\n<td data-v-fb335bc2=\"\"><span data-v-fb335bc2=\"\">Tama\u00f1o:<\/span>\u00a0M<br data-v-fb335bc2=\"\">Bontrager Elite, 31,8 mm, compatible con Blendr, 7 grados, 70 mm de longitud<\/td>\n<\/tr>\n<tr data-v-fb335bc2=\"\">\n<td data-v-fb335bc2=\"\"><span data-v-fb335bc2=\"\">Tama\u00f1o:<\/span>\u00a0M\/L, L<br data-v-fb335bc2=\"\">Bontrager Elite, 31,8 mm, compatible con Blendr, 7 grados, 80 mm de longitud<\/td>\n<\/tr>\n<tr data-v-fb335bc2=\"\">\n<td data-v-fb335bc2=\"\"><span data-v-fb335bc2=\"\">Tama\u00f1o:<\/span>\u00a0XL, XXL<br data-v-fb335bc2=\"\">Bontrager Elite, 31,8 mm, compatible con Blendr, 7 grados, 90 mm de longitud<\/td>\n<\/tr>\n<tr data-v-fb335bc2=\"\">\n<th rowspan=\"1\" scope=\"row\" data-v-fb335bc2=\"\">Juego de direcci\u00f3n<\/th>\n<td data-v-fb335bc2=\"\">Semiintegrado, rodamiento de bolas sueltas, 1,125 pulgadas arriba, 1,5 pulgadas abajo<\/td>\n<\/tr>\n<tr data-v-fb335bc2=\"\">\n<th rowspan=\"1\" scope=\"row\" data-v-fb335bc2=\"\">Freno<\/th>\n<td data-v-fb335bc2=\"\">Frenos de disco hidr\u00e1ulicos Shimano MT200<\/td>\n<\/tr>\n<tr data-v-fb335bc2=\"\">\n<th rowspan=\"2\" scope=\"row\" data-v-fb335bc2=\"\">*Disco de freno<\/th>\n<td data-v-fb335bc2=\"\"><span data-v-fb335bc2=\"\">Tama\u00f1o:<\/span>\u00a0XS, S, M, M\/L, L, XL, XXL<br data-v-fb335bc2=\"\">Shimano RT26, 6 agujeros, 160 mm<\/td>\n<\/tr>\n<tr data-v-fb335bc2=\"\">\n<td data-v-fb335bc2=\"\"><span data-v-fb335bc2=\"\">Tama\u00f1o:<\/span>\u00a0L, XL, XXL<br data-v-fb335bc2=\"\">Shimano RT26, 6 agujeros, 180 mm<\/td>\n<\/tr>\n<tr data-v-fb335bc2=\"\">\n<th rowspan=\"1\" scope=\"row\" data-v-fb335bc2=\"\">Juego de frenos<\/th>\n<td data-v-fb335bc2=\"\">Frenos de disco hidr\u00e1ulicos Shimano MT200<\/td>\n<\/tr>\n<\/tbody>\n<\/table>\n<\/div>\n<\/div>\n<\/div>\n<div id=\"pdl-collapse-item-wqt9ab\" class=\"pdl-collapse-item is-active\" data-v-5bd42f3c=\"\" data-v-fb335bc2=\"\">\n<div class=\"\" role=\"tab\" data-v-5bd42f3c=\"\" aria-controls=\"pdl-collapse-content-wqt9ab\" aria-describedby=\"pdl-collapse-content-wqt9ab\" aria-expanded=\"true\">\n<div class=\"flex items-center flex-grow\" data-v-5bd42f3c=\"\"><\/div>\n<\/div>\n<div id=\"pdl-collapse-content-wqt9ab\" class=\"pdl-collapse-item__wrap\" role=\"tabpanel\" data-v-5bd42f3c=\"\" aria-labelledby=\"pdl-collapse-head-wqt9ab\" data-old-padding-top=\"\" data-old-padding-bottom=\"\" data-old-overflow=\"\">\n<div class=\"pdl-collapse-item__content\" data-v-5bd42f3c=\"\">\n<table class=\"sprocket__table spec mce-item-table\" data-v-fb335bc2=\"\" aria-label=\"Caracter\u00edsticas\">\n<tbody data-v-fb335bc2=\"\">\n<tr data-v-fb335bc2=\"\">\n<th scope=\"row\" data-v-fb335bc2=\"\">Peso<\/th>\n<td data-v-fb335bc2=\"\">M - 13,39 kg \/ 29,53 lbs (con c\u00e1maras)<\/td>\n<\/tr>\n<tr data-v-fb335bc2=\"\">\n<th scope=\"row\" data-v-fb335bc2=\"\">Peso m\u00e1ximo<\/th>\n<td data-v-fb335bc2=\"\">Esta moto tiene un l\u00edmite m\u00e1ximo de peso total (incluyendo el peso de la moto, el piloto y el equipaje) de 136 kg (300 lbs).<\/td>\n<\/tr>\n<\/tbody>\n<\/table>\n<\/div>\n<\/div>\n<\/div>","protected":false},"excerpt":{"rendered":"<p class=\"MsoNormal\" style=\"margin: 0cm 0cm 8pt;line-height: 18.4px;font-size: medium;font-family: Aptos, sans-serif\"><span style=\"font-family: Georgia, serif;background-image: none;background-position: 0% 0%;background-size: auto;background-repeat: repeat;background-attachment: scroll\">Garantie 6 mois pi\u00e8ces et main d\u2019\u0153uvre.<\/span><b><\/b><\/p>\n<p class=\"MsoNormal\" style=\"margin: 0cm 0cm 8pt;line-height: 18.4px;font-size: medium;font-family: Aptos, sans-serif\"><b>Disponible d\u00e8s maintenant !<\/b><span class=\"apple-converted-space\"><span style=\"font-size: 13.5pt;line-height: 20.700001px;font-family: -webkit-standard, serif\">\u00a0<\/span><span style=\"font-size: 13.5pt;line-height: 20.700001px;font-family: -webkit-standard, serif\">\u00a0Pour toute question ou r\u00e9servation, contactez-nous directement par t\u00e9l\u00e9phone au<span class=\"apple-converted-space\">\u00a0<\/span><\/span><\/span><b data-path-to-node=\"2,1\" data-index-in-node=\"114\">06 38 12 38 73<\/b><span style=\"font-size: 13.5pt;line-height: 20.700001px;font-family: -webkit-standard, serif\">.<\/span><\/p>","protected":false},"featured_media":6187,"template":"","meta":{"_acf_changed":false},"product_brand":[229],"product_cat":[134,136,145,144],"product_tag":[],"class_list":{"0":"post-5466","1":"product","2":"type-product","3":"status-publish","4":"has-post-thumbnail","6":"product_brand-trek","7":"product_cat-velos-occasion","8":"product_cat-velos-musculaires-velos-occasion","9":"product_cat-cross-country","10":"product_cat-vtt-doccasion","12":"first","13":"instock","14":"sale","15":"taxable","16":"shipping-taxable","17":"purchasable","18":"product-type-variable","19":"has-default-attributes"},"acf":[],"yoast_head":"<!-- This site is optimized with the Yoast SEO Premium plugin v26.6 (Yoast SEO v27.3) - https:\/\/yoast.com\/product\/yoast-seo-premium-wordpress\/ -->\n<title>Achat v\u00e9lo d&#039;occasion - Trek X-Caliber 7<\/title>\n<meta name=\"robots\" content=\"index, follow, max-snippet:-1, max-image-preview:large, max-video-preview:-1\" \/>\n<link rel=\"canonical\" href=\"https:\/\/www.joebike.fr\/es\/producto\/trek-xcaliber-7\/\" \/>\n<meta property=\"og:locale\" content=\"es_ES\" \/>\n<meta property=\"og:type\" content=\"article\" \/>\n<meta property=\"og:title\" content=\"Trek - XCaliber 7 (2022)\" \/>\n<meta property=\"og:description\" content=\"Garantie 6 mois pi\u00e8ces et main d\u2019\u0153uvre.Disponible d\u00e8s maintenant !\u00a0\u00a0Pour toute question ou r\u00e9servation, contactez-nous directement par t\u00e9l\u00e9phone au\u00a006 38 12 38 73.\" \/>\n<meta property=\"og:url\" content=\"https:\/\/www.joebike.fr\/es\/producto\/trek-xcaliber-7\/\" \/>\n<meta property=\"og:site_name\" content=\"Joe Bike\" \/>\n<meta property=\"article:publisher\" content=\"https:\/\/www.facebook.com\/joebikefrance\" \/>\n<meta property=\"article:modified_time\" content=\"2025-12-30T10:17:06+00:00\" \/>\n<meta property=\"og:image\" content=\"https:\/\/www.joebike.fr\/wp-content\/uploads\/2023\/08\/XCaliber7_21_33194_A_Primary.webp\" \/>\n\t<meta property=\"og:image:width\" content=\"1920\" \/>\n\t<meta property=\"og:image:height\" content=\"1440\" \/>\n\t<meta property=\"og:image:type\" content=\"image\/webp\" \/>\n<meta name=\"twitter:card\" content=\"summary_large_image\" \/>\n<script type=\"application\/ld+json\" class=\"yoast-schema-graph\">{\"@context\":\"https:\\\/\\\/schema.org\",\"@graph\":[{\"@type\":\"WebPage\",\"@id\":\"https:\\\/\\\/www.joebike.fr\\\/produit\\\/trek-xcaliber-7\\\/\",\"url\":\"https:\\\/\\\/www.joebike.fr\\\/produit\\\/trek-xcaliber-7\\\/\",\"name\":\"Achat v\u00e9lo d'occasion - Trek X-Caliber 7\",\"isPartOf\":{\"@id\":\"https:\\\/\\\/www.joebike.fr\\\/#website\"},\"primaryImageOfPage\":{\"@id\":\"https:\\\/\\\/www.joebike.fr\\\/produit\\\/trek-xcaliber-7\\\/#primaryimage\"},\"image\":{\"@id\":\"https:\\\/\\\/www.joebike.fr\\\/produit\\\/trek-xcaliber-7\\\/#primaryimage\"},\"thumbnailUrl\":\"https:\\\/\\\/www.joebike.fr\\\/wp-content\\\/uploads\\\/2023\\\/08\\\/XCaliber7_21_33194_A_Primary.webp\",\"datePublished\":\"2023-08-11T12:47:18+00:00\",\"dateModified\":\"2025-12-30T10:17:06+00:00\",\"breadcrumb\":{\"@id\":\"https:\\\/\\\/www.joebike.fr\\\/produit\\\/trek-xcaliber-7\\\/#breadcrumb\"},\"inLanguage\":\"es\",\"potentialAction\":[{\"@type\":\"ReadAction\",\"target\":[\"https:\\\/\\\/www.joebike.fr\\\/produit\\\/trek-xcaliber-7\\\/\"]}]},{\"@type\":\"ImageObject\",\"inLanguage\":\"es\",\"@id\":\"https:\\\/\\\/www.joebike.fr\\\/produit\\\/trek-xcaliber-7\\\/#primaryimage\",\"url\":\"https:\\\/\\\/www.joebike.fr\\\/wp-content\\\/uploads\\\/2023\\\/08\\\/XCaliber7_21_33194_A_Primary.webp\",\"contentUrl\":\"https:\\\/\\\/www.joebike.fr\\\/wp-content\\\/uploads\\\/2023\\\/08\\\/XCaliber7_21_33194_A_Primary.webp\",\"width\":1920,\"height\":1440},{\"@type\":\"BreadcrumbList\",\"@id\":\"https:\\\/\\\/www.joebike.fr\\\/produit\\\/trek-xcaliber-7\\\/#breadcrumb\",\"itemListElement\":[{\"@type\":\"ListItem\",\"position\":1,\"name\":\"Accueil\",\"item\":\"https:\\\/\\\/www.joebike.fr\\\/\"},{\"@type\":\"ListItem\",\"position\":2,\"name\":\"Shop\",\"item\":\"https:\\\/\\\/www.joebike.fr\\\/bike-shop\\\/\"},{\"@type\":\"ListItem\",\"position\":3,\"name\":\"Trek &#8211; XCaliber 7 (2022)\"}]},{\"@type\":\"WebSite\",\"@id\":\"https:\\\/\\\/www.joebike.fr\\\/#website\",\"url\":\"https:\\\/\\\/www.joebike.fr\\\/\",\"name\":\"Joe Bike\",\"description\":\"Location de v\u00e9lo dans les Landes, le Pays Basque et les Pyr\u00e9n\u00e9es\",\"publisher\":{\"@id\":\"https:\\\/\\\/www.joebike.fr\\\/#organization\"},\"potentialAction\":[{\"@type\":\"SearchAction\",\"target\":{\"@type\":\"EntryPoint\",\"urlTemplate\":\"https:\\\/\\\/www.joebike.fr\\\/?s={search_term_string}\"},\"query-input\":{\"@type\":\"PropertyValueSpecification\",\"valueRequired\":true,\"valueName\":\"search_term_string\"}}],\"inLanguage\":\"es\"},{\"@type\":\"Organization\",\"@id\":\"https:\\\/\\\/www.joebike.fr\\\/#organization\",\"name\":\"Joe Bike, sp\u00e9cialiste en location v\u00e9lo\",\"url\":\"https:\\\/\\\/www.joebike.fr\\\/\",\"logo\":{\"@type\":\"ImageObject\",\"inLanguage\":\"es\",\"@id\":\"https:\\\/\\\/www.joebike.fr\\\/#\\\/schema\\\/logo\\\/image\\\/\",\"url\":\"https:\\\/\\\/www.joebike.fr\\\/wp-content\\\/uploads\\\/2022\\\/04\\\/LOGO-JB-22_PNG.png\",\"contentUrl\":\"https:\\\/\\\/www.joebike.fr\\\/wp-content\\\/uploads\\\/2022\\\/04\\\/LOGO-JB-22_PNG.png\",\"width\":473,\"height\":473,\"caption\":\"Joe Bike, sp\u00e9cialiste en location v\u00e9lo\"},\"image\":{\"@id\":\"https:\\\/\\\/www.joebike.fr\\\/#\\\/schema\\\/logo\\\/image\\\/\"},\"sameAs\":[\"https:\\\/\\\/www.facebook.com\\\/joebikefrance\",\"https:\\\/\\\/www.instagram.com\\\/joebikefrance\"]}]}<\/script>\n<!-- \/ Yoast SEO Premium plugin. -->","yoast_head_json":{"title":"Comprar bicicleta usada - Trek X-Caliber 7","robots":{"index":"index","follow":"follow","max-snippet":"max-snippet:-1","max-image-preview":"max-image-preview:large","max-video-preview":"max-video-preview:-1"},"canonical":"https:\/\/www.joebike.fr\/es\/producto\/trek-xcaliber-7\/","og_locale":"es_ES","og_type":"article","og_title":"Trek - XCaliber 7 (2022)","og_description":"Garantie 6 mois pi\u00e8ces et main d\u2019\u0153uvre.Disponible d\u00e8s maintenant !\u00a0\u00a0Pour toute question ou r\u00e9servation, contactez-nous directement par t\u00e9l\u00e9phone au\u00a006 38 12 38 73.","og_url":"https:\/\/www.joebike.fr\/es\/producto\/trek-xcaliber-7\/","og_site_name":"Joe Bike","article_publisher":"https:\/\/www.facebook.com\/joebikefrance","article_modified_time":"2025-12-30T10:17:06+00:00","og_image":[{"width":1920,"height":1440,"url":"https:\/\/www.joebike.fr\/wp-content\/uploads\/2023\/08\/XCaliber7_21_33194_A_Primary.webp","type":"image\/webp"}],"twitter_card":"summary_large_image","schema":{"@context":"https:\/\/schema.org","@graph":[{"@type":"WebPage","@id":"https:\/\/www.joebike.fr\/produit\/trek-xcaliber-7\/","url":"https:\/\/www.joebike.fr\/produit\/trek-xcaliber-7\/","name":"Comprar bicicleta usada - Trek X-Caliber 7","isPartOf":{"@id":"https:\/\/www.joebike.fr\/#website"},"primaryImageOfPage":{"@id":"https:\/\/www.joebike.fr\/produit\/trek-xcaliber-7\/#primaryimage"},"image":{"@id":"https:\/\/www.joebike.fr\/produit\/trek-xcaliber-7\/#primaryimage"},"thumbnailUrl":"https:\/\/www.joebike.fr\/wp-content\/uploads\/2023\/08\/XCaliber7_21_33194_A_Primary.webp","datePublished":"2023-08-11T12:47:18+00:00","dateModified":"2025-12-30T10:17:06+00:00","breadcrumb":{"@id":"https:\/\/www.joebike.fr\/produit\/trek-xcaliber-7\/#breadcrumb"},"inLanguage":"es","potentialAction":[{"@type":"ReadAction","target":["https:\/\/www.joebike.fr\/produit\/trek-xcaliber-7\/"]}]},{"@type":"ImageObject","inLanguage":"es","@id":"https:\/\/www.joebike.fr\/produit\/trek-xcaliber-7\/#primaryimage","url":"https:\/\/www.joebike.fr\/wp-content\/uploads\/2023\/08\/XCaliber7_21_33194_A_Primary.webp","contentUrl":"https:\/\/www.joebike.fr\/wp-content\/uploads\/2023\/08\/XCaliber7_21_33194_A_Primary.webp","width":1920,"height":1440},{"@type":"BreadcrumbList","@id":"https:\/\/www.joebike.fr\/produit\/trek-xcaliber-7\/#breadcrumb","itemListElement":[{"@type":"ListItem","position":1,"name":"Accueil","item":"https:\/\/www.joebike.fr\/"},{"@type":"ListItem","position":2,"name":"Shop","item":"https:\/\/www.joebike.fr\/bike-shop\/"},{"@type":"ListItem","position":3,"name":"Trek &#8211; XCaliber 7 (2022)"}]},{"@type":"WebSite","@id":"https:\/\/www.joebike.fr\/#website","url":"https:\/\/www.joebike.fr\/","name":"Joe Bike","description":"Alquiler de bicicletas en las Landas, el Pa\u00eds Vasco y los Pirineos","publisher":{"@id":"https:\/\/www.joebike.fr\/#organization"},"potentialAction":[{"@type":"SearchAction","target":{"@type":"EntryPoint","urlTemplate":"https:\/\/www.joebike.fr\/?s={search_term_string}"},"query-input":{"@type":"PropertyValueSpecification","valueRequired":true,"valueName":"search_term_string"}}],"inLanguage":"es"},{"@type":"Organization","@id":"https:\/\/www.joebike.fr\/#organization","name":"Joe Bike, especialista en alquiler de bicicletas","url":"https:\/\/www.joebike.fr\/","logo":{"@type":"ImageObject","inLanguage":"es","@id":"https:\/\/www.joebike.fr\/#\/schema\/logo\/image\/","url":"https:\/\/www.joebike.fr\/wp-content\/uploads\/2022\/04\/LOGO-JB-22_PNG.png","contentUrl":"https:\/\/www.joebike.fr\/wp-content\/uploads\/2022\/04\/LOGO-JB-22_PNG.png","width":473,"height":473,"caption":"Joe Bike, sp\u00e9cialiste en location v\u00e9lo"},"image":{"@id":"https:\/\/www.joebike.fr\/#\/schema\/logo\/image\/"},"sameAs":["https:\/\/www.facebook.com\/joebikefrance","https:\/\/www.instagram.com\/joebikefrance"]}]}},"_links":{"self":[{"href":"https:\/\/www.joebike.fr\/es\/wp-json\/wp\/v2\/product\/5466","targetHints":{"allow":["GET"]}}],"collection":[{"href":"https:\/\/www.joebike.fr\/es\/wp-json\/wp\/v2\/product"}],"about":[{"href":"https:\/\/www.joebike.fr\/es\/wp-json\/wp\/v2\/types\/product"}],"version-history":[{"count":4,"href":"https:\/\/www.joebike.fr\/es\/wp-json\/wp\/v2\/product\/5466\/revisions"}],"predecessor-version":[{"id":14608,"href":"https:\/\/www.joebike.fr\/es\/wp-json\/wp\/v2\/product\/5466\/revisions\/14608"}],"wp:featuredmedia":[{"embeddable":true,"href":"https:\/\/www.joebike.fr\/es\/wp-json\/wp\/v2\/media\/6187"}],"wp:attachment":[{"href":"https:\/\/www.joebike.fr\/es\/wp-json\/wp\/v2\/media?parent=5466"}],"wp:term":[{"taxonomy":"product_brand","embeddable":true,"href":"https:\/\/www.joebike.fr\/es\/wp-json\/wp\/v2\/product_brand?post=5466"},{"taxonomy":"product_cat","embeddable":true,"href":"https:\/\/www.joebike.fr\/es\/wp-json\/wp\/v2\/product_cat?post=5466"},{"taxonomy":"product_tag","embeddable":true,"href":"https:\/\/www.joebike.fr\/es\/wp-json\/wp\/v2\/product_tag?post=5466"}],"curies":[{"name":"wp","href":"https:\/\/api.w.org\/{rel}","templated":true}]}}